{"id":162245,"date":"2025-11-21T12:27:37","date_gmt":"2025-11-21T11:27:37","guid":{"rendered":"https:\/\/secureus.se\/solo-371-rokgenerator-for-solo-365\/"},"modified":"2026-03-26T12:26:06","modified_gmt":"2026-03-26T11:26:06","slug":"solo-371-rokgenerator-for-solo-365","status":"publish","type":"product","link":"https:\/\/secureus.se\/fr\/solo-371-rokgenerator-for-solo-365\/","title":{"rendered":"Solo 371 G\u00e9n\u00e9rateur de fum\u00e9e pour Solo 365"},"content":{"rendered":"<h1>Solo 371 G\u00e9n\u00e9rateur de fum\u00e9e pour Solo 365<\/h1>\n<h3 data-start=\"283\" data-end=\"331\">Pi\u00e8ce de rechange pour testeur de d\u00e9tecteur de fum\u00e9e Solo 365<\/h3>\n<p data-start=\"332\" data-end=\"576\">Le g\u00e9n\u00e9rateur de fum\u00e9e Solo 371 est un module de remplacement pour le Solo 365 qui fonctionne avec la cartouche de fum\u00e9e ES3.<\/p>\n<p data-start=\"332\" data-end=\"576\">Le g\u00e9n\u00e9rateur de fum\u00e9e est la partie de l&#039;outil de test o\u00f9 est plac\u00e9e la cartouche de fum\u00e9e et o\u00f9 est cr\u00e9\u00e9e la fum\u00e9e de test pour v\u00e9rifier le fonctionnement du d\u00e9tecteur de fum\u00e9e.<\/p>\n<h3 data-start=\"578\" data-end=\"611\">Des tests efficaces et s\u00fbrs<\/h3>\n<p data-start=\"612\" data-end=\"911\">Lorsque la cartouche de fum\u00e9e ES3 est install\u00e9e dans le Solo 371, la cartouche de fum\u00e9e chauffe et g\u00e9n\u00e8re une fum\u00e9e contr\u00f4l\u00e9e qui active les d\u00e9tecteurs de fum\u00e9e.<\/p>\n<p data-start=\"612\" data-end=\"911\">Cela permet de r\u00e9aliser des tests fonctionnels sans risque d&#039;incendie. Le produit est con\u00e7u pour \u00eatre robuste et fiable, avec un impact minimal sur le d\u00e9tecteur apr\u00e8s le test.<\/p>\n<h3 data-start=\"913\" data-end=\"951\">Installation et entretien faciles<\/h3>\n<p data-start=\"952\" data-end=\"1204\">Le Solo 371 est facilement interchangeable dans le testeur Solo 365, ce qui permet de maintenir facilement l&#039;\u00e9quipement en bon \u00e9tat pour les tests r\u00e9currents sur site.<\/p>\n<p data-start=\"952\" data-end=\"1204\">Disposer d&#039;un g\u00e9n\u00e9rateur de fum\u00e9e fonctionnel garantit que l&#039;outil de test produit des r\u00e9sultats coh\u00e9rents et fiables.<\/p>\n<h3 data-start=\"1206\" data-end=\"1233\">Avantages du Solo 371<\/h3>\n<ul data-start=\"1234\" data-end=\"1402\">\n<li data-start=\"1234\" data-end=\"1276\">\n<p data-start=\"1236\" data-end=\"1276\">Unit\u00e9 de remplacement pour g\u00e9n\u00e9rateur de fum\u00e9e Solo 365<\/p>\n<\/li>\n<li data-start=\"1277\" data-end=\"1319\">\n<p data-start=\"1279\" data-end=\"1319\">Utilis\u00e9 avec la cartouche de fum\u00e9e ES3<\/p>\n<\/li>\n<li data-start=\"1320\" data-end=\"1362\">\n<p data-start=\"1322\" data-end=\"1362\">G\u00e9n\u00e8re de la fum\u00e9e de test contr\u00f4l\u00e9e en toute s\u00e9curit\u00e9<\/p>\n<\/li>\n<li data-start=\"1363\" data-end=\"1402\">\n<p data-start=\"1365\" data-end=\"1402\">Facile \u00e0 installer et \u00e0 entretenir<\/p>\n<\/li>\n<\/ul>\n<p data-start=\"1404\" data-end=\"1431\">SP\u00c9CIFICATIONS TECHNIQUES :<\/p>\n<ul data-start=\"1432\" data-end=\"1626\">\n<li data-start=\"1432\" data-end=\"1472\">\n<p data-start=\"1434\" data-end=\"1472\">Produit : G\u00e9n\u00e9rateur de fum\u00e9e \/ unit\u00e9 de remplacement<\/p>\n<\/li>\n<li data-start=\"1473\" data-end=\"1493\">\n<p data-start=\"1475\" data-end=\"1493\">Mod\u00e8le : Solo 371<\/p>\n<\/li>\n<li data-start=\"1494\" data-end=\"1534\">\n<p data-start=\"1496\" data-end=\"1534\">A utiliser avec : Testeur Solo 365<\/p>\n<\/li>\n<li data-start=\"1535\" data-end=\"1569\">\n<p data-start=\"1537\" data-end=\"1569\">Compatible avec : cartouche de fum\u00e9e ES3<\/p>\n<\/li>\n<li data-start=\"1570\" data-end=\"1626\">\n<p data-start=\"1572\" data-end=\"1626\">Fonction : G\u00e9n\u00e9ration de fum\u00e9e de test pour les essais de d\u00e9tecteurs de fum\u00e9e<\/p>\n<\/li>\n<\/ul>","protected":false},"excerpt":{"rendered":"<p>Le g\u00e9n\u00e9rateur de fum\u00e9e Solo 371 est une unit\u00e9 de remplacement pour le testeur de d\u00e9tecteur de fum\u00e9e Solo 365 o\u00f9 la cassette de fum\u00e9e ES3 est plac\u00e9e pour g\u00e9n\u00e9rer de la fum\u00e9e de test.<\/p>\n<p>Il facilite les tests fonctionnels des d\u00e9tecteurs de fum\u00e9e et les rend plus fiables. Convient aux techniciens de maintenance et aux installateurs.<\/p>","protected":false},"featured_media":162244,"template":"","meta":{"_acf_changed":false},"product_brand":[],"product_cat":[5072,5089],"product_tag":[],"class_list":{"0":"post-162245","1":"product","2":"type-product","3":"status-publish","4":"has-post-thumbnail","6":"product_cat-solo-365","7":"product_cat-solo-365-solo-365","8":"tm-no-options","10":"first","11":"instock","12":"taxable","13":"shipping-taxable","14":"purchasable","15":"product-type-simple"},"acf":[],"_links":{"self":[{"href":"https:\/\/secureus.se\/fr\/wp-json\/wp\/v2\/product\/162245","targetHints":{"allow":["GET"]}}],"collection":[{"href":"https:\/\/secureus.se\/fr\/wp-json\/wp\/v2\/product"}],"about":[{"href":"https:\/\/secureus.se\/fr\/wp-json\/wp\/v2\/types\/product"}],"wp:featuredmedia":[{"embeddable":true,"href":"https:\/\/secureus.se\/fr\/wp-json\/wp\/v2\/media\/162244"}],"wp:attachment":[{"href":"https:\/\/secureus.se\/fr\/wp-json\/wp\/v2\/media?parent=162245"}],"wp:term":[{"taxonomy":"product_brand","embeddable":true,"href":"https:\/\/secureus.se\/fr\/wp-json\/wp\/v2\/product_brand?post=162245"},{"taxonomy":"product_cat","embeddable":true,"href":"https:\/\/secureus.se\/fr\/wp-json\/wp\/v2\/product_cat?post=162245"},{"taxonomy":"product_tag","embeddable":true,"href":"https:\/\/secureus.se\/fr\/wp-json\/wp\/v2\/product_tag?post=162245"}],"curies":[{"name":"wp","href":"https:\/\/api.w.org\/{rel}","templated":true}]}}