{"id":162249,"date":"2025-11-21T12:27:37","date_gmt":"2025-11-21T11:27:37","guid":{"rendered":"https:\/\/secureus.se\/solo-372-asd-samplings-adapter-for-solo-365\/"},"modified":"2026-04-08T16:06:22","modified_gmt":"2026-04-08T14:06:22","slug":"solo-372-asd-samplings-adapter-for-solo-365","status":"publish","type":"product","link":"https:\/\/secureus.se\/fr\/solo-372-asd-samplings-adapter-for-solo-365\/","title":{"rendered":"Solo 372 Adaptateur ASD\/\u00e9chantillonnage pour Solo 365"},"content":{"rendered":"<h1>Solo 372 Adaptateur ASD\/\u00e9chantillonnage pour Solo 365<\/h1>\n<h3 data-start=\"308\" data-end=\"354\">Adaptateur pour syst\u00e8mes d'\u00e9chantillonnage\/aspiration<\/h3>\n<p data-start=\"355\" data-end=\"675\">L'adaptateur Solo 372 ASD\/\u00e9chantillonnage est un adaptateur sp\u00e9cialis\u00e9 pour le testeur de d\u00e9tecteurs de fum\u00e9e Solo 365 qui permet de tester le fonctionnement des syst\u00e8mes de d\u00e9tecteurs de fum\u00e9e \u00e0 \u00e9chantillonnage\/aspiration (ASD\/ASSD).<\/p>\n<p data-start=\"355\" data-end=\"675\">En rempla\u00e7ant la coupelle standard par le Solo 372, vous obtenez le bon raccord et le bon joint pour diriger la fum\u00e9e de test dans le canal d'\u00e9chantillonnage du syst\u00e8me.<\/p>\n<h3 data-start=\"677\" data-end=\"702\">Utilisation avec Solo 365<\/h3>\n<p data-start=\"703\" data-end=\"1026\">Lorsque l'adaptateur est install\u00e9, Solo 365 est utilis\u00e9 en conjonction avec la cassette de fum\u00e9e ES3 et le g\u00e9n\u00e9rateur de fum\u00e9e pour g\u00e9n\u00e9rer une fum\u00e9e de test contr\u00f4l\u00e9e qui est transport\u00e9e dans le syst\u00e8me d'\u00e9chantillonnage.<\/p>\n<p data-start=\"703\" data-end=\"1026\">Cela permet de tester de mani\u00e8re r\u00e9aliste la r\u00e9ponse du d\u00e9tecteur sans risque r\u00e9el d'incendie, ce qui est important pour les contr\u00f4les de s\u00e9curit\u00e9 et l'entretien r\u00e9gulier.<\/p>\n<h3 data-start=\"1028\" data-end=\"1055\">Avantages du Solo 372<\/h3>\n<ul data-start=\"1056\" data-end=\"1270\">\n<li data-start=\"1056\" data-end=\"1116\">\n<p data-start=\"1058\" data-end=\"1116\">Rendre Solo 365 compatible avec les syst\u00e8mes d'\u00e9chantillonnage\/aspiration<\/p>\n<\/li>\n<li data-start=\"1117\" data-end=\"1166\">\n<p data-start=\"1119\" data-end=\"1166\">Facile \u00e0 installer \u00e0 la place de la coupelle standard<\/p>\n<\/li>\n<li data-start=\"1167\" data-end=\"1223\">\n<p data-start=\"1169\" data-end=\"1223\">Assure une bonne \u00e9tanch\u00e9it\u00e9 et une bonne r\u00e9partition des fum\u00e9es pour l'ASD\/ASSD<\/p>\n<\/li>\n<li data-start=\"1224\" data-end=\"1270\">\n<p data-start=\"1226\" data-end=\"1270\">Essais fonctionnels s\u00fbrs sans feu r\u00e9el<\/p>\n<\/li>\n<\/ul>\n<h3 data-start=\"1272\" data-end=\"1296\">Domaines d&#039;utilisation<\/h3>\n<ul data-start=\"1297\" data-end=\"1435\">\n<li data-start=\"1297\" data-end=\"1350\">\n<p data-start=\"1299\" data-end=\"1350\">Essai d'installation des syst\u00e8mes d'\u00e9chantillonnage\/d'aspiration<\/p>\n<\/li>\n<li data-start=\"1351\" data-end=\"1389\">\n<p data-start=\"1353\" data-end=\"1389\">Entretien et maintenance pr\u00e9ventive<\/p>\n<\/li>\n<li data-start=\"1390\" data-end=\"1435\">\n<p data-start=\"1392\" data-end=\"1435\">Autocontr\u00f4le pour les propri\u00e9t\u00e9s atteintes de TSA\/TSA<\/p>\n<\/li>\n<\/ul>\n<p data-start=\"1437\" data-end=\"1464\">SP\u00c9CIFICATIONS TECHNIQUES :<\/p>\n<ul data-start=\"1465\" data-end=\"1714\">\n<li data-start=\"1465\" data-end=\"1499\">\n<p data-start=\"1467\" data-end=\"1499\">Produit : Adaptateur ASD\/\u00e9chantillonnage<\/p>\n<\/li>\n<li data-start=\"1500\" data-end=\"1520\">\n<p data-start=\"1502\" data-end=\"1520\">Mod\u00e8le : Solo 372<\/p>\n<\/li>\n<li data-start=\"1521\" data-end=\"1561\">\n<p data-start=\"1523\" data-end=\"1561\">A utiliser avec : Testeur Solo 365<\/p>\n<\/li>\n<li data-start=\"1562\" data-end=\"1639\">\n<p data-start=\"1564\" data-end=\"1639\">Fonction : adaptateur pour tester les syst\u00e8mes de d\u00e9tection de fum\u00e9e par \u00e9chantillonnage\/aspiration<\/p>\n<\/li>\n<li data-start=\"1640\" data-end=\"1678\">\n<p data-start=\"1642\" data-end=\"1678\">Remplacement : Gobelet standard sur Solo 365<\/p>\n<\/li>\n<li data-start=\"1679\" data-end=\"1714\">\n<p data-start=\"1681\" data-end=\"1714\">Compatibilit\u00e9 : syst\u00e8me ASD\/ASSD<\/p>\n<\/li>\n<\/ul>","protected":false},"excerpt":{"rendered":"<p>L'adaptateur ASD\/\u00e9chantillonnage Solo 372 est un accessoire du Solo 365 qui permet de tester le fonctionnement des syst\u00e8mes de d\u00e9tecteurs de fum\u00e9e \u00e0 \u00e9chantillonnage\/aspiration (ASD\/ASSD).<\/p>\n<p>Il remplace la coupelle standard pour s'adapter \u00e0 ces syst\u00e8mes et facilite les tests.<\/p>\n<p>Convient aux installateurs et au personnel d'entretien.<\/p>","protected":false},"featured_media":162248,"template":"","meta":{"_acf_changed":false},"product_brand":[],"product_cat":[5072,5089],"product_tag":[],"class_list":{"0":"post-162249","1":"product","2":"type-product","3":"status-publish","4":"has-post-thumbnail","6":"product_cat-solo-365","7":"product_cat-solo-365-solo-365","8":"tm-no-options","10":"first","11":"instock","12":"taxable","13":"shipping-taxable","14":"purchasable","15":"product-type-simple"},"acf":[],"_links":{"self":[{"href":"https:\/\/secureus.se\/fr\/wp-json\/wp\/v2\/product\/162249","targetHints":{"allow":["GET"]}}],"collection":[{"href":"https:\/\/secureus.se\/fr\/wp-json\/wp\/v2\/product"}],"about":[{"href":"https:\/\/secureus.se\/fr\/wp-json\/wp\/v2\/types\/product"}],"wp:featuredmedia":[{"embeddable":true,"href":"https:\/\/secureus.se\/fr\/wp-json\/wp\/v2\/media\/162248"}],"wp:attachment":[{"href":"https:\/\/secureus.se\/fr\/wp-json\/wp\/v2\/media?parent=162249"}],"wp:term":[{"taxonomy":"product_brand","embeddable":true,"href":"https:\/\/secureus.se\/fr\/wp-json\/wp\/v2\/product_brand?post=162249"},{"taxonomy":"product_cat","embeddable":true,"href":"https:\/\/secureus.se\/fr\/wp-json\/wp\/v2\/product_cat?post=162249"},{"taxonomy":"product_tag","embeddable":true,"href":"https:\/\/secureus.se\/fr\/wp-json\/wp\/v2\/product_tag?post=162249"}],"curies":[{"name":"wp","href":"https:\/\/api.w.org\/{rel}","templated":true}]}}