{"id":162251,"date":"2025-11-21T12:21:25","date_gmt":"2025-11-21T11:21:25","guid":{"rendered":"https:\/\/secureus.se\/vd-provare-solo-424-natdriven-230-volt\/"},"modified":"2026-05-05T17:38:37","modified_gmt":"2026-05-05T15:38:37","slug":"vd-provare-solo-424-natdriven-230-volt","status":"publish","type":"product","link":"https:\/\/secureus.se\/fr\/vd-provare-solo-424-natdriven-230-volt\/","title":{"rendered":"Testeur de tension Solo 424, aliment\u00e9 par le secteur 230 volts"},"content":{"rendered":"<h1>Testeur de tension Solo 424, aliment\u00e9 par le secteur 230 volts<\/h1>\n<h3 data-start=\"317\" data-end=\"360\">Tests de d\u00e9tecteurs de chaleur aliment\u00e9s par le secteur<\/h3>\n<p data-start=\"361\" data-end=\"634\">Le VD\u2011tester Solo 424 est un outil de test professionnel pour le test fonctionnel des d\u00e9tecteurs de chaleur dans les syst\u00e8mes d&#039;alarme incendie.<\/p>\n<p data-start=\"361\" data-end=\"634\">En se connectant directement au secteur 230 V, on obtient une alimentation en chaleur stable et continue pendant les tests, ce qui \u00e9limine le besoin de batteries et de recharge.<\/p>\n<h3 data-start=\"636\" data-end=\"666\">Tests simples et pr\u00e9cis<\/h3>\n<p data-start=\"667\" data-end=\"1123\">Cet outil est utilis\u00e9 avec les perches d&#039;acc\u00e8s Solo 101, Solo 108 et\/ou Solo 100 pour atteindre les d\u00e9tecteurs jusqu&#039;\u00e0 environ 9,3 m au-dessus de la hauteur du plafond.<\/p>\n<p data-start=\"667\" data-end=\"1123\">Le godet de test transparent est plac\u00e9 sur le d\u00e9tecteur et chauffe de mani\u00e8re contr\u00f4l\u00e9e, ce qui vous permet de voir la LED indicatrice et de v\u00e9rifier que le d\u00e9tecteur r\u00e9agit correctement.<\/p>\n<p data-start=\"667\" data-end=\"1123\">Ceci est important pour garantir le bon fonctionnement de la protection incendie lors de l&#039;installation, de l&#039;entretien et des inspections p\u00e9riodiques.<\/p>\n<h3 data-start=\"1125\" data-end=\"1152\">Avantages du Solo 424<\/h3>\n<ul data-start=\"1153\" data-end=\"1512\">\n<li data-start=\"1153\" data-end=\"1202\">\n<p data-start=\"1155\" data-end=\"1202\">Unit\u00e9 aliment\u00e9e par le secteur capable de fonctionner en continu<\/p>\n<\/li>\n<li data-start=\"1203\" data-end=\"1296\">\n<p data-start=\"1205\" data-end=\"1296\">Tests de d\u00e9tecteurs de temp\u00e9rature fixe, de vitesse de mont\u00e9e en temp\u00e9rature et de chaleur combin\u00e9e jusqu&#039;\u00e0 environ 90 \u00b0C<\/p>\n<\/li>\n<li data-start=\"1297\" data-end=\"1353\">\n<p data-start=\"1299\" data-end=\"1353\">Fourni avec un c\u00e2ble de 5 m (extensible avec le Solo 425)<\/p>\n<\/li>\n<li data-start=\"1354\" data-end=\"1415\">\n<p data-start=\"1356\" data-end=\"1415\">Facile \u00e0 utiliser avec les perches d&#039;acc\u00e8s Solo pour travailler en hauteur<\/p>\n<\/li>\n<li data-start=\"1416\" data-end=\"1512\">\n<p data-start=\"1418\" data-end=\"1512\">R\u00e9sultats de test clairs et s\u00fbrs gr\u00e2ce \u00e0 la visibilit\u00e9 LED dans la tasse<\/p>\n<\/li>\n<\/ul>\n<h3 data-start=\"1514\" data-end=\"1538\">Domaines d&#039;utilisation<\/h3>\n<p data-start=\"1539\" data-end=\"1754\">Le Solo 424 est id\u00e9al pour les techniciens effectuant des tests fonctionnels sur les d\u00e9tecteurs de chaleur lors de l&#039;installation, de la maintenance r\u00e9guli\u00e8re ou des missions de service dans des b\u00e2timents avec des hauteurs de plafond variables.<\/p>\n<p data-start=\"1756\" data-end=\"1783\">SP\u00c9CIFICATIONS TECHNIQUES :<\/p>\n<ul data-start=\"1784\" data-end=\"2219\">\n<li data-start=\"1784\" data-end=\"1827\">\n<p data-start=\"1786\" data-end=\"1827\">Produit : Testeur de d\u00e9tecteur de chaleur aliment\u00e9 par le secteur<\/p>\n<\/li>\n<li data-start=\"1828\" data-end=\"1848\">\n<p data-start=\"1830\" data-end=\"1848\">Mod\u00e8le : Solo 424<\/p>\n<\/li>\n<li data-start=\"1849\" data-end=\"1888\">\n<p data-start=\"1851\" data-end=\"1888\">Alimentation \u00e9lectrique : secteur 230 V CA<\/p>\n<\/li>\n<li data-start=\"1889\" data-end=\"1939\">\n<p data-start=\"1891\" data-end=\"1939\">Fonction : Tests fonctionnels des d\u00e9tecteurs de chaleur<\/p>\n<\/li>\n<li data-start=\"1940\" data-end=\"2018\">\n<p data-start=\"1942\" data-end=\"2018\">Types de d\u00e9tecteurs\u00a0: d\u00e9tecteurs \u00e0 temp\u00e9rature fixe, \u00e0 vitesse de mont\u00e9e en temp\u00e9rature et d\u00e9tecteurs combin\u00e9s<\/p>\n<\/li>\n<li data-start=\"2019\" data-end=\"2060\">\n<p data-start=\"2021\" data-end=\"2060\">Temp\u00e9rature maximale de l&#039;\u00e9chantillon : jusqu&#039;\u00e0 environ 90 \u00b0C<\/p>\n<\/li>\n<li data-start=\"2061\" data-end=\"2122\">\n<p data-start=\"2063\" data-end=\"2122\">C\u00e2ble : 5 m pour le raccordement au secteur (peut \u00eatre rallong\u00e9 avec le Solo 425)<\/p>\n<\/li>\n<li data-start=\"2123\" data-end=\"2219\">\n<p data-start=\"2125\" data-end=\"2219\">Compatible avec les perches d&#039;acc\u00e8s Solo 101, Solo 108 et Solo 100<\/p>\n<\/li>\n<\/ul>","protected":false},"excerpt":{"rendered":"<p>Le VD\u2011tester Solo 424 est une unit\u00e9 de test aliment\u00e9e par le secteur pour les tests fonctionnels des d\u00e9tecteurs de chaleur dans les syst\u00e8mes d&#039;alarme incendie jusqu&#039;\u00e0 une hauteur de plafond d&#039;environ 9 m.<\/p>\n<p>Il se connecte directement \u00e0 une alimentation de 230 V et permet des tests rapides et fiables avec une visualisation claire par LED.<\/p>\n<p>Convient aux installateurs, au personnel de service et de maintenance.<\/p>","protected":false},"featured_media":162250,"template":"","meta":{"_acf_changed":false},"product_brand":[],"product_cat":[2945,5088],"product_tag":[],"class_list":{"0":"post-162251","1":"product","2":"type-product","3":"status-publish","4":"has-post-thumbnail","6":"product_cat-solo","7":"product_cat-solo-solo","8":"tm-no-options","10":"first","11":"instock","12":"sale","13":"taxable","14":"shipping-taxable","15":"purchasable","16":"product-type-simple"},"acf":[],"_links":{"self":[{"href":"https:\/\/secureus.se\/fr\/wp-json\/wp\/v2\/product\/162251","targetHints":{"allow":["GET"]}}],"collection":[{"href":"https:\/\/secureus.se\/fr\/wp-json\/wp\/v2\/product"}],"about":[{"href":"https:\/\/secureus.se\/fr\/wp-json\/wp\/v2\/types\/product"}],"wp:featuredmedia":[{"embeddable":true,"href":"https:\/\/secureus.se\/fr\/wp-json\/wp\/v2\/media\/162250"}],"wp:attachment":[{"href":"https:\/\/secureus.se\/fr\/wp-json\/wp\/v2\/media?parent=162251"}],"wp:term":[{"taxonomy":"product_brand","embeddable":true,"href":"https:\/\/secureus.se\/fr\/wp-json\/wp\/v2\/product_brand?post=162251"},{"taxonomy":"product_cat","embeddable":true,"href":"https:\/\/secureus.se\/fr\/wp-json\/wp\/v2\/product_cat?post=162251"},{"taxonomy":"product_tag","embeddable":true,"href":"https:\/\/secureus.se\/fr\/wp-json\/wp\/v2\/product_tag?post=162251"}],"curies":[{"name":"wp","href":"https:\/\/api.w.org\/{rel}","templated":true}]}}