{"id":162255,"date":"2025-11-21T12:21:21","date_gmt":"2025-11-21T11:21:21","guid":{"rendered":"https:\/\/secureus.se\/detektorprovare-solo-332-rok-co-for-solo-a5-och-solo-c3\/"},"modified":"2026-04-08T16:01:26","modified_gmt":"2026-04-08T14:01:26","slug":"detektorprovare-solo-332-rok-co-for-solo-a5-och-solo-c3","status":"publish","type":"product","link":"https:\/\/secureus.se\/fr\/detektorprovare-solo-332-rok-co-for-solo-a5-och-solo-c3\/","title":{"rendered":"Testeur de d\u00e9tecteurs Solo 332 (fum\u00e9e\/CO) pour Solo A5 et Solo C3"},"content":{"rendered":"<h1>Testeur de d\u00e9tecteurs Solo 332 (fum\u00e9e\/CO) pour Solo A5 et Solo C3<\/h1>\n<h3 data-start=\"375\" data-end=\"426\">Tests fonctionnels professionnels des d\u00e9tecteurs<\/h3>\n<p data-start=\"427\" data-end=\"772\">Le testeur de d\u00e9tecteurs Solo 332 est un outil de test pratique permettant de v\u00e9rifier que les d\u00e9tecteurs de fum\u00e9e et de CO fonctionnent correctement.<\/p>\n<p data-start=\"427\" data-end=\"772\">Il est con\u00e7u pour fournir un \u00e9chantillon de gaz contr\u00f4l\u00e9 directement au capteur du d\u00e9tecteur, ce qui constitue un \u00e9l\u00e9ment important des tests fonctionnels mensuels\/trimestriels ou p\u00e9riodiques conform\u00e9ment aux proc\u00e9dures de s\u00e9curit\u00e9 incendie.<\/p>\n<h3 data-start=\"774\" data-end=\"814\">\u00c0 utiliser avec les Solo A5 et Solo C3<\/h3>\n<p data-start=\"815\" data-end=\"1098\">Le Solo 332 est utilis\u00e9 avec les gaz de test Solo A5 (pour les d\u00e9tecteurs de fum\u00e9e) et Solo C3 (pour les d\u00e9tecteurs de CO).<\/p>\n<p data-start=\"815\" data-end=\"1098\">Lorsque la bonbonne de gaz de test est mont\u00e9e dans le testeur, le gaz est pulv\u00e9ris\u00e9 dans la coupelle de test et autour du d\u00e9tecteur, permettant ainsi un test rapide et fiable.<\/p>\n<h3 data-start=\"1100\" data-end=\"1131\">Tests flexibles en altitude<\/h3>\n<p data-start=\"1132\" data-end=\"1407\">Le testeur peut \u00eatre utilis\u00e9 \u00e0 la main ou mont\u00e9 sur des perches t\u00e9lescopiques Solo (Solo 101, Solo 108 et\/ou Solo 100) pour des tests jusqu&#039;\u00e0 une hauteur de plafond d&#039;environ 9,3 m.<\/p>\n<p data-start=\"1132\" data-end=\"1407\">Le godet transparent offre une bonne visibilit\u00e9 des indicateurs LED du d\u00e9tecteur pendant les tests.<\/p>\n<h3 data-start=\"1409\" data-end=\"1436\">Avantages du Solo 332<\/h3>\n<ul data-start=\"1437\" data-end=\"1838\">\n<li data-start=\"1437\" data-end=\"1543\">\n<p data-start=\"1439\" data-end=\"1543\">Con\u00e7u pour les d\u00e9tecteurs de fum\u00e9e et de CO avec une large compatibilit\u00e9<\/p>\n<\/li>\n<li data-start=\"1544\" data-end=\"1656\">\n<p data-start=\"1546\" data-end=\"1656\">Sa coupelle plus large la rend compatible avec les d\u00e9tecteurs jusqu&#039;\u00e0 environ 133 mm de diam\u00e8tre.<\/p>\n<\/li>\n<li data-start=\"1657\" data-end=\"1751\">\n<p data-start=\"1659\" data-end=\"1751\">Peut \u00eatre mont\u00e9 sur des rallonges pour les tests de hauteur<\/p>\n<\/li>\n<li data-start=\"1752\" data-end=\"1838\">\n<p data-start=\"1754\" data-end=\"1838\">La tasse transparente offre une vue d&#039;ensemble claire pendant le test<\/p>\n<\/li>\n<\/ul>\n<h3 data-start=\"1840\" data-end=\"1864\">Domaines d&#039;utilisation<\/h3>\n<p data-start=\"1865\" data-end=\"2089\">Le Solo 332 est id\u00e9al pour les tests d&#039;installation, l&#039;entretien et la maintenance de routine des syst\u00e8mes d&#039;alarme incendie dans les bureaux, l&#039;industrie, les b\u00e2timents publics et les zones r\u00e9sidentielles o\u00f9 des tests pr\u00e9cis des d\u00e9tecteurs sont n\u00e9cessaires.<\/p>\n<p data-start=\"2091\" data-end=\"2118\">SP\u00c9CIFICATIONS TECHNIQUES :<\/p>\n<ul data-start=\"2119\" data-end=\"2700\">\n<li data-start=\"2119\" data-end=\"2156\">\n<p data-start=\"2121\" data-end=\"2156\">Produit : Testeur de d\u00e9tecteur (fum\u00e9e\/CO)<\/p>\n<\/li>\n<li data-start=\"2157\" data-end=\"2177\">\n<p data-start=\"2159\" data-end=\"2177\">Mod\u00e8le : Solo 332<\/p>\n<\/li>\n<li data-start=\"2178\" data-end=\"2273\">\n<p data-start=\"2180\" data-end=\"2273\">Fonction : Tests fonctionnels des d\u00e9tecteurs de fum\u00e9e et de CO<\/p>\n<\/li>\n<li data-start=\"2274\" data-end=\"2371\">\n<p data-start=\"2276\" data-end=\"2371\">Compatible avec les gaz d&#039;\u00e9chantillon : Solo A5 (fum\u00e9e), Solo C3 (CO)<\/p>\n<\/li>\n<li data-start=\"2372\" data-end=\"2456\">\n<p data-start=\"2374\" data-end=\"2456\">Diam\u00e8tre maximal du d\u00e9tecteur : jusqu&#039;\u00e0 environ 133 mm<\/p>\n<\/li>\n<li data-start=\"2457\" data-end=\"2595\">\n<p data-start=\"2459\" data-end=\"2595\">\u00c0 utiliser avec les perches t\u00e9lescopiques Solo 101, Solo 108 et Solo 100 pour des tests jusqu&#039;\u00e0 environ 9,3 m.<\/p>\n<\/li>\n<li data-start=\"2596\" data-end=\"2700\">\n<p data-start=\"2598\" data-end=\"2700\">Gobelet : Transparent avec suspension pivotante pour des tests sous diff\u00e9rents angles<\/p>\n<\/li>\n<\/ul>","protected":false},"excerpt":{"rendered":"<p>Le testeur de d\u00e9tecteurs Solo 332 est un outil robuste pour les tests fonctionnels des d\u00e9tecteurs de fum\u00e9e et de CO dans les syst\u00e8mes d&#039;alarme incendie.<\/p>\n<p>Il est utilis\u00e9 avec les gaz de test Solo A5 (fum\u00e9e) et Solo C3 (CO) et peut \u00eatre mont\u00e9 sur des poteaux t\u00e9lescopiques pour des tests jusqu&#039;\u00e0 une hauteur de plafond d&#039;environ 9,3 m.<\/p>\n<p>Convient aux installateurs, techniciens et personnel de maintenance.<\/p>","protected":false},"featured_media":162254,"template":"","meta":{"_acf_changed":false},"product_brand":[],"product_cat":[2945,5088],"product_tag":[],"class_list":{"0":"post-162255","1":"product","2":"type-product","3":"status-publish","4":"has-post-thumbnail","6":"product_cat-solo","7":"product_cat-solo-solo","8":"tm-no-options","10":"first","11":"instock","12":"taxable","13":"shipping-taxable","14":"purchasable","15":"product-type-simple"},"acf":[],"_links":{"self":[{"href":"https:\/\/secureus.se\/fr\/wp-json\/wp\/v2\/product\/162255","targetHints":{"allow":["GET"]}}],"collection":[{"href":"https:\/\/secureus.se\/fr\/wp-json\/wp\/v2\/product"}],"about":[{"href":"https:\/\/secureus.se\/fr\/wp-json\/wp\/v2\/types\/product"}],"wp:featuredmedia":[{"embeddable":true,"href":"https:\/\/secureus.se\/fr\/wp-json\/wp\/v2\/media\/162254"}],"wp:attachment":[{"href":"https:\/\/secureus.se\/fr\/wp-json\/wp\/v2\/media?parent=162255"}],"wp:term":[{"taxonomy":"product_brand","embeddable":true,"href":"https:\/\/secureus.se\/fr\/wp-json\/wp\/v2\/product_brand?post=162255"},{"taxonomy":"product_cat","embeddable":true,"href":"https:\/\/secureus.se\/fr\/wp-json\/wp\/v2\/product_cat?post=162255"},{"taxonomy":"product_tag","embeddable":true,"href":"https:\/\/secureus.se\/fr\/wp-json\/wp\/v2\/product_tag?post=162255"}],"curies":[{"name":"wp","href":"https:\/\/api.w.org\/{rel}","templated":true}]}}