{"id":162257,"date":"2025-11-21T12:21:21","date_gmt":"2025-11-21T11:21:21","guid":{"rendered":"https:\/\/secureus.se\/universell-detektornedtagare-solo-200\/"},"modified":"2026-04-08T16:01:30","modified_gmt":"2026-04-08T14:01:30","slug":"universell-detektornedtagare-solo-200","status":"publish","type":"product","link":"https:\/\/secureus.se\/fr\/universell-detektornedtagare-solo-200\/","title":{"rendered":"Enl\u00e8vement universel de d\u00e9tecteur Solo 200"},"content":{"rendered":"<h1>Enl\u00e8vement universel de d\u00e9tecteur Solo 200<\/h1>\n<h3 data-start=\"278\" data-end=\"324\">Retrait facile et s\u00fbr des d\u00e9tecteurs<\/h3>\n<p data-start=\"325\" data-end=\"575\">L&#039;outil universel d&#039;extraction de d\u00e9tecteurs Solo 200 est con\u00e7u pour simplifier et rationaliser le retrait des d\u00e9tecteurs d&#039;alarme incendie en vue de leur entretien, de leur maintenance ou de leur remplacement.<\/p>\n<p data-start=\"325\" data-end=\"575\">Les griffes r\u00e9glables offrent une bonne prise et s&#039;adaptent \u00e0 la plupart des d\u00e9tecteurs courants du march\u00e9.<\/p>\n<h3 data-start=\"577\" data-end=\"610\">Utilisation flexible en hauteur<\/h3>\n<p data-start=\"611\" data-end=\"892\">L&#039;outil fonctionne \u00e0 la main ou mont\u00e9 sur des perches t\u00e9lescopiques telles que Solo 101, Solo 110, Solo 111, Solo 108 et\/ou Solo 100.<\/p>\n<p data-start=\"611\" data-end=\"892\">Cela permet d&#039;atteindre les d\u00e9tecteurs situ\u00e9s dans les plafonds jusqu&#039;\u00e0 environ 9,3 m de hauteur sans utiliser d&#039;\u00e9chelle, am\u00e9liorant ainsi la s\u00e9curit\u00e9 et l&#039;efficacit\u00e9 sur le lieu de travail.<\/p>\n<h3 data-start=\"894\" data-end=\"917\">Conception pour les professionnels<\/h3>\n<p data-start=\"918\" data-end=\"1199\">Gr\u00e2ce \u00e0 sa conception universelle et \u00e0 ses griffes r\u00e9glables, le Solo 200 convient \u00e0 une grande vari\u00e9t\u00e9 de d\u00e9tecteurs et d&#039;installations.<\/p>\n<p data-start=\"918\" data-end=\"1199\">Sa construction robuste r\u00e9siste aux rigueurs d&#039;une utilisation fr\u00e9quente et offre une prise en main s\u00fbre pour d\u00e9tacher les d\u00e9tecteurs sans les endommager ni endommager l&#039;installation.<\/p>\n<h3 data-start=\"1201\" data-end=\"1228\">Avantages du Solo 200<\/h3>\n<ul data-start=\"1229\" data-end=\"1430\">\n<li data-start=\"1229\" data-end=\"1279\">\n<p data-start=\"1231\" data-end=\"1279\">Compatible avec la plupart des types de d\u00e9tecteurs d&#039;incendie<\/p>\n<\/li>\n<li data-start=\"1280\" data-end=\"1316\">\n<p data-start=\"1282\" data-end=\"1316\">Griffes r\u00e9glables pour une prise en main s\u00fbre<\/p>\n<\/li>\n<li data-start=\"1317\" data-end=\"1377\">\n<p data-start=\"1319\" data-end=\"1377\">Peut \u00eatre mont\u00e9 sur plusieurs perches t\u00e9lescopiques pour travailler en hauteur.<\/p>\n<\/li>\n<li data-start=\"1378\" data-end=\"1430\">\n<p data-start=\"1380\" data-end=\"1430\">Am\u00e9liore l&#039;efficacit\u00e9 et la s\u00e9curit\u00e9 pendant le service<\/p>\n<\/li>\n<\/ul>\n<p data-start=\"1432\" data-end=\"1459\">SP\u00c9CIFICATIONS TECHNIQUES :<\/p>\n<ul data-start=\"1460\" data-end=\"1740\">\n<li data-start=\"1460\" data-end=\"1501\">\n<p data-start=\"1462\" data-end=\"1501\">Produit : D\u00e9tecteur universel<\/p>\n<\/li>\n<li data-start=\"1502\" data-end=\"1522\">\n<p data-start=\"1504\" data-end=\"1522\">Mod\u00e8le : Solo 200<\/p>\n<\/li>\n<li data-start=\"1523\" data-end=\"1564\">\n<p data-start=\"1525\" data-end=\"1564\">Fonction : D\u00e9montage des d\u00e9tecteurs d&#039;alarme incendie<\/p>\n<\/li>\n<li data-start=\"1565\" data-end=\"1613\">\n<p data-start=\"1567\" data-end=\"1613\">Griffes : R\u00e9glables pour diff\u00e9rentes tailles de d\u00e9tecteurs<\/p>\n<\/li>\n<li data-start=\"1614\" data-end=\"1682\">\n<p data-start=\"1616\" data-end=\"1682\">Compatible avec : Solo 101, Solo 110, Solo 111, Solo 108, Solo 100<\/p>\n<\/li>\n<li data-start=\"1683\" data-end=\"1740\">\n<p data-start=\"1685\" data-end=\"1740\">Hauteur de travail maximale : jusqu&#039;\u00e0 environ 9,3 m avec des perches t\u00e9lescopiques<\/p>\n<\/li>\n<\/ul>","protected":false},"excerpt":{"rendered":"<p>L&#039;outil de retrait de d\u00e9tecteurs universel Solo 200 est un outil robuste permettant de retirer les d\u00e9tecteurs d&#039;alarme incendie des plafonds gr\u00e2ce \u00e0 ses griffes r\u00e9glables.<\/p>\n<p>Il s&#039;adapte \u00e0 la plupart des types de d\u00e9tecteurs et peut \u00eatre utilis\u00e9 avec des perches d&#039;acc\u00e8s pour des travaux jusqu&#039;\u00e0 environ 9,3 m.<\/p>","protected":false},"featured_media":162256,"template":"","meta":{"_acf_changed":false},"product_brand":[],"product_cat":[2945,5088,2946],"product_tag":[],"class_list":{"0":"post-162257","1":"product","2":"type-product","3":"status-publish","4":"has-post-thumbnail","6":"product_cat-solo","7":"product_cat-solo-solo","8":"product_cat-testifire","9":"tm-no-options","11":"first","12":"instock","13":"taxable","14":"shipping-taxable","15":"purchasable","16":"product-type-simple"},"acf":[],"_links":{"self":[{"href":"https:\/\/secureus.se\/fr\/wp-json\/wp\/v2\/product\/162257","targetHints":{"allow":["GET"]}}],"collection":[{"href":"https:\/\/secureus.se\/fr\/wp-json\/wp\/v2\/product"}],"about":[{"href":"https:\/\/secureus.se\/fr\/wp-json\/wp\/v2\/types\/product"}],"wp:featuredmedia":[{"embeddable":true,"href":"https:\/\/secureus.se\/fr\/wp-json\/wp\/v2\/media\/162256"}],"wp:attachment":[{"href":"https:\/\/secureus.se\/fr\/wp-json\/wp\/v2\/media?parent=162257"}],"wp:term":[{"taxonomy":"product_brand","embeddable":true,"href":"https:\/\/secureus.se\/fr\/wp-json\/wp\/v2\/product_brand?post=162257"},{"taxonomy":"product_cat","embeddable":true,"href":"https:\/\/secureus.se\/fr\/wp-json\/wp\/v2\/product_cat?post=162257"},{"taxonomy":"product_tag","embeddable":true,"href":"https:\/\/secureus.se\/fr\/wp-json\/wp\/v2\/product_tag?post=162257"}],"curies":[{"name":"wp","href":"https:\/\/api.w.org\/{rel}","templated":true}]}}