{"id":162263,"date":"2025-11-21T12:27:41","date_gmt":"2025-11-21T11:27:41","guid":{"rendered":"https:\/\/secureus.se\/membran-for-kopp-till-solo-365-spare-1059-001\/"},"modified":"2026-04-08T16:06:02","modified_gmt":"2026-04-08T14:06:02","slug":"membran-for-kopp-till-solo-365-spare-1059-001","status":"publish","type":"product","link":"https:\/\/secureus.se\/fr\/membran-for-kopp-till-solo-365-spare-1059-001\/","title":{"rendered":"Membrane pour gode Solo 365 \u2013 Pi\u00e8ce de rechange 1059-001"},"content":{"rendered":"<h1>Membrane pour gode Solo 365 \u2013 Pi\u00e8ce de rechange 1059-001<\/h1>\n<h3 data-start=\"262\" data-end=\"298\">Pi\u00e8ce de rechange pour testeur Solo 365<\/h3>\n<p data-start=\"299\" data-end=\"535\">La membrane pour coupelle (pi\u00e8ce de rechange 1059-001) est une pi\u00e8ce de rechange sp\u00e9cifique pour le testeur de d\u00e9tecteur de fum\u00e9e Solo 365.<\/p>\n<p data-start=\"299\" data-end=\"535\">La membrane fonctionne de concert avec le godet et assure que la fum\u00e9e est g\u00e9n\u00e9r\u00e9e de mani\u00e8re contr\u00f4l\u00e9e et dirig\u00e9e correctement vers le d\u00e9tecteur lors des tests de fonctionnement.<\/p>\n<h3 data-start=\"537\" data-end=\"566\">Am\u00e9liore les r\u00e9sultats des tests<\/h3>\n<p data-start=\"567\" data-end=\"840\">Lorsque la membrane est us\u00e9e ou contamin\u00e9e, cela peut affecter la pr\u00e9cision du test.<\/p>\n<p data-start=\"567\" data-end=\"840\">Le remplacement de la membrane permet de r\u00e9tablir la capacit\u00e9 de l&#039;outil de test \u00e0 r\u00e9aliser des tests fiables de d\u00e9tecteurs de fum\u00e9e.<\/p>\n<p data-start=\"567\" data-end=\"840\">Il s&#039;agit d&#039;un \u00e9l\u00e9ment important pour garantir des tests pr\u00e9cis et s\u00fbrs.<\/p>\n<h3 data-start=\"842\" data-end=\"868\">Facile \u00e0 installer<\/h3>\n<p data-start=\"869\" data-end=\"1049\">Cette membrane est facile \u00e0 monter sur le testeur Solo 365 et ne n\u00e9cessite aucun outil sp\u00e9cial.<\/p>\n<p data-start=\"869\" data-end=\"1049\">Cela facilite la maintenance de l&#039;outil et permet de le maintenir en bon \u00e9tat pour les tests continus.<\/p>\n<h3 data-start=\"1051\" data-end=\"1084\">Avantages de la pi\u00e8ce de rechange 1059-001<\/h3>\n<ul data-start=\"1085\" data-end=\"1253\">\n<li data-start=\"1085\" data-end=\"1129\">\n<p data-start=\"1087\" data-end=\"1129\">Pi\u00e8ce de rechange sp\u00e9cifiquement con\u00e7ue pour les testeurs Solo 365<\/p>\n<\/li>\n<li data-start=\"1130\" data-end=\"1182\">\n<p data-start=\"1132\" data-end=\"1182\">Assure une \u00e9tanch\u00e9it\u00e9 et une r\u00e9partition de la fum\u00e9e optimales<\/p>\n<\/li>\n<li data-start=\"1183\" data-end=\"1211\">\n<p data-start=\"1185\" data-end=\"1211\">Facile \u00e0 remplacer si n\u00e9cessaire<\/p>\n<\/li>\n<li data-start=\"1212\" data-end=\"1253\">\n<p data-start=\"1214\" data-end=\"1253\">Am\u00e9liore la pr\u00e9cision du test fonctionnel<\/p>\n<\/li>\n<\/ul>\n<p data-start=\"1255\" data-end=\"1282\">SP\u00c9CIFICATIONS TECHNIQUES :<\/p>\n<ul data-start=\"1283\" data-end=\"1435\">\n<li data-start=\"1283\" data-end=\"1312\">\n<p data-start=\"1285\" data-end=\"1312\">Produit\u00a0: Membrane pour tasse<\/p>\n<\/li>\n<li data-start=\"1313\" data-end=\"1339\">\n<p data-start=\"1315\" data-end=\"1339\">Mod\u00e8le : Pi\u00e8ce de rechange 1059-001<\/p>\n<\/li>\n<li data-start=\"1340\" data-end=\"1380\">\n<p data-start=\"1342\" data-end=\"1380\">A utiliser avec : Testeur Solo 365<\/p>\n<\/li>\n<li data-start=\"1381\" data-end=\"1435\">\n<p data-start=\"1383\" data-end=\"1435\">Fonction : Assurer une \u00e9tanch\u00e9it\u00e9 correcte pendant les tests<\/p>\n<\/li>\n<\/ul>","protected":false},"excerpt":{"rendered":"<p>La membrane pour coupelle pour Solo 365 (pi\u00e8ce de rechange 1059-001) est une pi\u00e8ce de rechange pour le testeur de d\u00e9tecteur de fum\u00e9e Solo 365 qui assure une \u00e9tanch\u00e9it\u00e9 correcte pendant les tests de fonctionnement.<\/p>\n<p>Il est facile \u00e0 remplacer et am\u00e9liore la pr\u00e9cision des tests des d\u00e9tecteurs de fum\u00e9e.<\/p>","protected":false},"featured_media":162262,"template":"","meta":{"_acf_changed":false},"product_brand":[],"product_cat":[5072,5089],"product_tag":[],"class_list":{"0":"post-162263","1":"product","2":"type-product","3":"status-publish","4":"has-post-thumbnail","6":"product_cat-solo-365","7":"product_cat-solo-365-solo-365","8":"tm-no-options","10":"first","11":"instock","12":"taxable","13":"shipping-taxable","14":"purchasable","15":"product-type-simple"},"acf":[],"_links":{"self":[{"href":"https:\/\/secureus.se\/fr\/wp-json\/wp\/v2\/product\/162263","targetHints":{"allow":["GET"]}}],"collection":[{"href":"https:\/\/secureus.se\/fr\/wp-json\/wp\/v2\/product"}],"about":[{"href":"https:\/\/secureus.se\/fr\/wp-json\/wp\/v2\/types\/product"}],"wp:featuredmedia":[{"embeddable":true,"href":"https:\/\/secureus.se\/fr\/wp-json\/wp\/v2\/media\/162262"}],"wp:attachment":[{"href":"https:\/\/secureus.se\/fr\/wp-json\/wp\/v2\/media?parent=162263"}],"wp:term":[{"taxonomy":"product_brand","embeddable":true,"href":"https:\/\/secureus.se\/fr\/wp-json\/wp\/v2\/product_brand?post=162263"},{"taxonomy":"product_cat","embeddable":true,"href":"https:\/\/secureus.se\/fr\/wp-json\/wp\/v2\/product_cat?post=162263"},{"taxonomy":"product_tag","embeddable":true,"href":"https:\/\/secureus.se\/fr\/wp-json\/wp\/v2\/product_tag?post=162263"}],"curies":[{"name":"wp","href":"https:\/\/api.w.org\/{rel}","templated":true}]}}