{"id":162265,"date":"2025-11-21T12:27:42","date_gmt":"2025-11-21T11:27:42","guid":{"rendered":"https:\/\/secureus.se\/genomskinlig-kopp-memban-for-solo-365-spare-1058-001\/"},"modified":"2026-03-26T12:25:46","modified_gmt":"2026-03-26T11:25:46","slug":"genomskinlig-kopp-memban-for-solo-365-spare-1058-001","status":"publish","type":"product","link":"https:\/\/secureus.se\/fr\/genomskinlig-kopp-memban-for-solo-365-spare-1058-001\/","title":{"rendered":"Goupille et membrane transparentes pour Solo 365 \u2013 Pi\u00e8ce de rechange 1058-001"},"content":{"rendered":"<h1>Goupille et membrane transparentes pour Solo 365 \u2013 Pi\u00e8ce de rechange 1058-001<\/h1>\n<h3 data-start=\"282\" data-end=\"329\">Pi\u00e8ce de rechange pour testeur de d\u00e9tecteur de fum\u00e9e Solo 365<\/h3>\n<p data-start=\"330\" data-end=\"584\">La coupelle transparente et la membrane Spare 1058-001 sont une pi\u00e8ce de rechange importante pour le testeur Solo 365.<\/p>\n<p data-start=\"330\" data-end=\"584\">La conception fonctionnelle garantit le bon d\u00e9roulement du test en encapsulant la fum\u00e9e et en cr\u00e9ant le point de contact ad\u00e9quat avec le d\u00e9tecteur de fum\u00e9e pendant les tests fonctionnels.<\/p>\n<h3 data-start=\"586\" data-end=\"627\">Pour des tests plus performants et plus efficaces<\/h3>\n<p data-start=\"628\" data-end=\"952\">Avec une utilisation r\u00e9guli\u00e8re du Solo 365, la coupelle et la membrane peuvent s&#039;user ou se contaminer, ce qui peut affecter la pr\u00e9cision du test.<\/p>\n<p data-start=\"628\" data-end=\"952\">En le rempla\u00e7ant par une coupelle et une membrane transparentes, vous obtenez une visibilit\u00e9 et un fonctionnement optimaux lors de chaque test, ce qui est crucial pour garantir le bon fonctionnement des d\u00e9tecteurs de fum\u00e9e.<\/p>\n<h3 data-start=\"954\" data-end=\"978\">Installation simple<\/h3>\n<p data-start=\"979\" data-end=\"1185\">Cette pi\u00e8ce de rechange est facile \u00e0 installer sur le testeur Solo 365 et ne n\u00e9cessite aucun outil sp\u00e9cial.<\/p>\n<p data-start=\"979\" data-end=\"1185\">Sa conception transparente offre \u00e9galement une bonne visibilit\u00e9 pendant les tests et facilite la r\u00e9alisation de tests coh\u00e9rents.<\/p>\n<h3 data-start=\"1187\" data-end=\"1220\">Avantages de la pi\u00e8ce de rechange 1058-001<\/h3>\n<ul data-start=\"1221\" data-end=\"1399\">\n<li data-start=\"1221\" data-end=\"1256\">\n<p data-start=\"1223\" data-end=\"1256\">Pi\u00e8ce de rechange pour testeur Solo 365<\/p>\n<\/li>\n<li data-start=\"1257\" data-end=\"1306\">\n<p data-start=\"1259\" data-end=\"1306\">Gobelet et membrane transparents pour une meilleure visibilit\u00e9<\/p>\n<\/li>\n<li data-start=\"1307\" data-end=\"1348\">\n<p data-start=\"1309\" data-end=\"1348\">Garantit des tests fonctionnels corrects<\/p>\n<\/li>\n<li data-start=\"1349\" data-end=\"1399\">\n<p data-start=\"1351\" data-end=\"1399\">Facile \u00e0 remplacer en cas d&#039;usure ou de contamination<\/p>\n<\/li>\n<\/ul>\n<p data-start=\"1401\" data-end=\"1428\">SP\u00c9CIFICATIONS TECHNIQUES :<\/p>\n<ul data-start=\"1429\" data-end=\"1621\">\n<li data-start=\"1429\" data-end=\"1456\">\n<p data-start=\"1431\" data-end=\"1456\">Produit : Coupe et diaphragme<\/p>\n<\/li>\n<li data-start=\"1457\" data-end=\"1483\">\n<p data-start=\"1459\" data-end=\"1483\">Mod\u00e8le : Pi\u00e8ce de rechange 1058-001<\/p>\n<\/li>\n<li data-start=\"1484\" data-end=\"1512\">\n<p data-start=\"1486\" data-end=\"1512\">Convient : Solo 365 \u00e0 essayer<\/p>\n<\/li>\n<li data-start=\"1513\" data-end=\"1566\">\n<p data-start=\"1515\" data-end=\"1566\">Mat\u00e9riau : Plastique transparent (gobelet) et membrane<\/p>\n<\/li>\n<li data-start=\"1567\" data-end=\"1621\">\n<p data-start=\"1569\" data-end=\"1621\">Fonction : Assurer une \u00e9tanch\u00e9it\u00e9 correcte pendant les tests<\/p>\n<\/li>\n<\/ul>","protected":false},"excerpt":{"rendered":"<p>Le r\u00e9cipient transparent et la membrane (pi\u00e8ce de rechange 1058-001) sont une pi\u00e8ce de rechange pour le testeur de d\u00e9tecteur de fum\u00e9e Solo 365.<\/p>\n<p>Il sert \u00e0 contenir la fum\u00e9e de test et \u00e0 assurer un contact ad\u00e9quat avec le d\u00e9tecteur pendant les tests.<\/p>\n<p>Convient aux installateurs et au personnel d'entretien.<\/p>","protected":false},"featured_media":162264,"template":"","meta":{"_acf_changed":false},"product_brand":[],"product_cat":[5072,5089],"product_tag":[],"class_list":{"0":"post-162265","1":"product","2":"type-product","3":"status-publish","4":"has-post-thumbnail","6":"product_cat-solo-365","7":"product_cat-solo-365-solo-365","8":"tm-no-options","10":"first","11":"instock","12":"taxable","13":"shipping-taxable","14":"purchasable","15":"product-type-simple"},"acf":[],"_links":{"self":[{"href":"https:\/\/secureus.se\/fr\/wp-json\/wp\/v2\/product\/162265","targetHints":{"allow":["GET"]}}],"collection":[{"href":"https:\/\/secureus.se\/fr\/wp-json\/wp\/v2\/product"}],"about":[{"href":"https:\/\/secureus.se\/fr\/wp-json\/wp\/v2\/types\/product"}],"wp:featuredmedia":[{"embeddable":true,"href":"https:\/\/secureus.se\/fr\/wp-json\/wp\/v2\/media\/162264"}],"wp:attachment":[{"href":"https:\/\/secureus.se\/fr\/wp-json\/wp\/v2\/media?parent=162265"}],"wp:term":[{"taxonomy":"product_brand","embeddable":true,"href":"https:\/\/secureus.se\/fr\/wp-json\/wp\/v2\/product_brand?post=162265"},{"taxonomy":"product_cat","embeddable":true,"href":"https:\/\/secureus.se\/fr\/wp-json\/wp\/v2\/product_cat?post=162265"},{"taxonomy":"product_tag","embeddable":true,"href":"https:\/\/secureus.se\/fr\/wp-json\/wp\/v2\/product_tag?post=162265"}],"curies":[{"name":"wp","href":"https:\/\/api.w.org\/{rel}","templated":true}]}}