{"id":162267,"date":"2025-11-21T12:16:48","date_gmt":"2025-11-21T11:16:48","guid":{"rendered":"https:\/\/secureus.se\/forlangningskabel-5-m-solo-425\/"},"modified":"2026-04-08T16:01:40","modified_gmt":"2026-04-08T14:01:40","slug":"forlangningskabel-5-m-solo-425","status":"publish","type":"product","link":"https:\/\/secureus.se\/fr\/forlangningskabel-5-m-solo-425\/","title":{"rendered":"C\u00e2ble d&#039;extension 5 m Solo 425"},"content":{"rendered":"<h1>C\u00e2ble d&#039;extension 5 m Solo 425<\/h1>\n<h3 data-start=\"277\" data-end=\"313\">C\u00e2ble d&#039;extension pour Solo 424<\/h3>\n<p data-start=\"314\" data-end=\"560\">Le Solo 425 est un c\u00e2ble d&#039;extension de 5 m\u00e8tres destin\u00e9 aux testeurs VD aliment\u00e9s par le secteur Solo 424.<\/p>\n<p data-start=\"314\" data-end=\"560\">Lorsque vous avez besoin d&#039;une plus grande port\u00e9e pour tester des d\u00e9tecteurs de chaleur, ce c\u00e2ble facilite l&#039;acc\u00e8s \u00e0 plusieurs points de test sans avoir \u00e0 d\u00e9placer constamment la connexion d&#039;alimentation.<\/p>\n<h3 data-start=\"562\" data-end=\"596\">Utilisation flexible sur site<\/h3>\n<p data-start=\"597\" data-end=\"826\">La rallonge vous offre une plus grande libert\u00e9 de mouvement lorsque vous travaillez dans de grandes pi\u00e8ces ou des b\u00e2timents comportant peu de prises \u00e9lectriques.<\/p>\n<p data-start=\"597\" data-end=\"826\">Il fonctionne avec le Solo 424 et permet de placer le testeur l\u00e0 o\u00f9 il est n\u00e9cessaire, m\u00eame si la prise murale est \u00e9loign\u00e9e.<\/p>\n<h3 data-start=\"828\" data-end=\"855\">Avantages du Solo 425<\/h3>\n<ul data-start=\"856\" data-end=\"999\">\n<li data-start=\"856\" data-end=\"893\">\n<p data-start=\"858\" data-end=\"893\">C\u00e2ble suppl\u00e9mentaire de 5 m pour une port\u00e9e accrue<\/p>\n<\/li>\n<li data-start=\"894\" data-end=\"924\">\n<p data-start=\"896\" data-end=\"924\">Convient au testeur Solo 424 VD<\/p>\n<\/li>\n<li data-start=\"925\" data-end=\"958\">\n<p data-start=\"927\" data-end=\"958\">Facile \u00e0 utiliser et \u00e0 connecter<\/p>\n<\/li>\n<li data-start=\"959\" data-end=\"999\">\n<p data-start=\"961\" data-end=\"999\">Am\u00e9liore l&#039;efficacit\u00e9 des tests<\/p>\n<\/li>\n<\/ul>\n<p data-start=\"1001\" data-end=\"1028\"><strong>SP\u00c9CIFICATIONS TECHNIQUES :<\/strong><\/p>\n<ul data-start=\"1029\" data-end=\"1178\">\n<li data-start=\"1029\" data-end=\"1059\">\n<p data-start=\"1031\" data-end=\"1059\">Produit : C\u00e2ble d&#039;extension<\/p>\n<\/li>\n<li data-start=\"1060\" data-end=\"1080\">\n<p data-start=\"1062\" data-end=\"1080\">Mod\u00e8le : Solo 425<\/p>\n<\/li>\n<li data-start=\"1081\" data-end=\"1095\">\n<p data-start=\"1083\" data-end=\"1095\">Longueur : 5 m<\/p>\n<\/li>\n<li data-start=\"1096\" data-end=\"1132\">\n<p data-start=\"1098\" data-end=\"1132\">Utilis\u00e9 avec : testeur de tension Solo 424<\/p>\n<\/li>\n<li data-start=\"1133\" data-end=\"1178\">\n<p data-start=\"1135\" data-end=\"1178\">Fonction : Augmente la port\u00e9e de la connexion r\u00e9seau<\/p>\n<\/li>\n<\/ul>","protected":false},"excerpt":{"rendered":"<p>Le c\u00e2ble d&#039;extension Solo 425 est un c\u00e2ble secteur de 5 m de long destin\u00e9 \u00e0 augmenter la port\u00e9e du testeur VD Solo 424 lors du test de la fonction des d\u00e9tecteurs de chaleur.<\/p>\n<p>Il offre une plus grande flexibilit\u00e9 pour les travaux sur de grandes surfaces. Convient aux installateurs et au personnel de maintenance.<\/p>","protected":false},"featured_media":162266,"template":"","meta":{"_acf_changed":false},"product_brand":[],"product_cat":[2945,5088,5074],"product_tag":[],"class_list":{"0":"post-162267","1":"product","2":"type-product","3":"status-publish","4":"has-post-thumbnail","6":"product_cat-solo","7":"product_cat-solo-solo","8":"product_cat-stromforsorjning-professionella-verktyg-for-prov-och-underhall","9":"tm-no-options","11":"first","12":"instock","13":"taxable","14":"shipping-taxable","15":"purchasable","16":"product-type-simple"},"acf":[],"_links":{"self":[{"href":"https:\/\/secureus.se\/fr\/wp-json\/wp\/v2\/product\/162267","targetHints":{"allow":["GET"]}}],"collection":[{"href":"https:\/\/secureus.se\/fr\/wp-json\/wp\/v2\/product"}],"about":[{"href":"https:\/\/secureus.se\/fr\/wp-json\/wp\/v2\/types\/product"}],"wp:featuredmedia":[{"embeddable":true,"href":"https:\/\/secureus.se\/fr\/wp-json\/wp\/v2\/media\/162266"}],"wp:attachment":[{"href":"https:\/\/secureus.se\/fr\/wp-json\/wp\/v2\/media?parent=162267"}],"wp:term":[{"taxonomy":"product_brand","embeddable":true,"href":"https:\/\/secureus.se\/fr\/wp-json\/wp\/v2\/product_brand?post=162267"},{"taxonomy":"product_cat","embeddable":true,"href":"https:\/\/secureus.se\/fr\/wp-json\/wp\/v2\/product_cat?post=162267"},{"taxonomy":"product_tag","embeddable":true,"href":"https:\/\/secureus.se\/fr\/wp-json\/wp\/v2\/product_tag?post=162267"}],"curies":[{"name":"wp","href":"https:\/\/api.w.org\/{rel}","templated":true}]}}