{"id":162269,"date":"2025-11-21T12:16:48","date_gmt":"2025-11-21T11:16:48","guid":{"rendered":"https:\/\/secureus.se\/snabbladdare-solo-727-for-batteri-solo-770\/"},"modified":"2026-03-26T12:27:16","modified_gmt":"2026-03-26T11:27:16","slug":"snabbladdare-solo-727-for-batteri-solo-770","status":"publish","type":"product","link":"https:\/\/secureus.se\/fr\/snabbladdare-solo-727-for-batteri-solo-770\/","title":{"rendered":"Chargeur rapide Solo 727 pour batterie Solo 770"},"content":{"rendered":"<h1>Chargeur rapide Solo 727 pour batterie Solo 770<\/h1>\n<h3 data-start=\"360\" data-end=\"403\">Chargeur rapide pour baguette de batterie Solo 770<\/h3>\n<p data-start=\"404\" data-end=\"802\">Le Solo 727 est un chargeur rapide sp\u00e9cialement con\u00e7u pour les baguettes \u00e0 batterie rechargeable Solo 770.<\/p>\n<p data-start=\"404\" data-end=\"802\">Ces batteries sont utilis\u00e9es dans les testeurs de d\u00e9tecteurs portables tels que le Solo 461 (testeur de d\u00e9tecteurs de chaleur) et dans les testeurs multicrit\u00e8res. <strong data-start=\"610\" data-end=\"633\">Testifire 1000\/1001<\/strong> et <strong data-start=\"638\" data-end=\"661\">Essai de feu 2000\/2001<\/strong>, faisant du Solo 727 un accessoire essentiel pour maintenir votre \u00e9quipement de test pr\u00eat \u00e0 l&#039;emploi.<\/p>\n<h3 data-start=\"804\" data-end=\"837\">Recharge rapide et flexible<\/h3>\n<p data-start=\"838\" data-end=\"1183\">Le chargeur peut \u00eatre branch\u00e9 directement sur une prise murale standard de 230 V ou sur une prise de v\u00e9hicule de 12 V, offrant ainsi une grande flexibilit\u00e9 sur le lieu de travail.<\/p>\n<p data-start=\"838\" data-end=\"1183\">Il est con\u00e7u pour assurer une charge rapide et s\u00fbre de la Solo 770, et le marquage rouge sur le c\u00e2ble permet d&#039;identifier facilement la connexion correcte pour la batterie.<\/p>\n<h3 data-start=\"1185\" data-end=\"1237\">Alimentation facile \u00e0 utiliser et fiable<\/h3>\n<p data-start=\"1238\" data-end=\"1525\">Avec le Solo 727, vous b\u00e9n\u00e9ficiez d&#039;une solution de charge stable qui minimise les temps d&#039;arr\u00eat et garantit que vos batteries sont pr\u00eates lorsque vous en avez besoin.<\/p>\n<p data-start=\"1238\" data-end=\"1525\">Cela facilite le test des d\u00e9tecteurs de fum\u00e9e, de chaleur et de CO lors de l&#039;installation, de l&#039;entretien ou de la maintenance.<\/p>\n<p data-start=\"1527\" data-end=\"1554\">SP\u00c9CIFICATIONS TECHNIQUES :<\/p>\n<ul data-start=\"1555\" data-end=\"1946\">\n<li data-start=\"1555\" data-end=\"1596\">\n<p data-start=\"1557\" data-end=\"1596\">Produit : Chargeur de batterie\/chargeur rapide<\/p>\n<\/li>\n<li data-start=\"1597\" data-end=\"1621\">\n<p data-start=\"1599\" data-end=\"1621\">Mod\u00e8le : Solo 727\u2011001<\/p>\n<\/li>\n<li data-start=\"1622\" data-end=\"1686\">\n<p data-start=\"1624\" data-end=\"1686\">Le pack comprend : un chargeur rapide Solo 727 pour Solo 770<\/p>\n<\/li>\n<li data-start=\"1687\" data-end=\"1727\">\n<p data-start=\"1689\" data-end=\"1727\">Compatibilit\u00e9 : Batterie Solo 770<\/p>\n<\/li>\n<li data-start=\"1728\" data-end=\"1792\">\n<p data-start=\"1730\" data-end=\"1792\">Alimentation\u00a0: prise murale 230\u00a0V et prise v\u00e9hicule 12\u00a0V<\/p>\n<\/li>\n<li data-start=\"1793\" data-end=\"1859\">\n<p data-start=\"1795\" data-end=\"1859\">Fonction : Chargement de la batterie Solo 770 pour l&#039;\u00e9quipement de test<\/p>\n<\/li>\n<li data-start=\"1860\" data-end=\"1946\">\n<p data-start=\"1862\" data-end=\"1946\">Utilisation : Recharge uniquement la batterie Solo 770<\/p>\n<\/li>\n<\/ul>","protected":false},"excerpt":{"rendered":"<p data-start=\"0\" data-end=\"338\">Le chargeur rapide Solo 727 est un chargeur de batterie con\u00e7u pour la baguette de batterie Solo 770 utilis\u00e9e dans des \u00e9quipements de test tels que les s\u00e9ries Solo 461 et Testifire.<\/p>\n<p data-start=\"0\" data-end=\"338\">Il recharge rapidement la batterie \u00e0 partir de 230 V ou de 12 V.<\/p>\n<p data-start=\"0\" data-end=\"338\">Id\u00e9al pour les techniciens et le personnel de maintenance qui ont besoin d&#039;une alimentation \u00e9lectrique rapide et fiable.<\/p>\n<p data-start=\"340\" data-end=\"359\">","protected":false},"featured_media":162268,"template":"","meta":{"_acf_changed":false},"product_brand":[],"product_cat":[2945,5088,5074,2946],"product_tag":[],"class_list":{"0":"post-162269","1":"product","2":"type-product","3":"status-publish","4":"has-post-thumbnail","6":"product_cat-solo","7":"product_cat-solo-solo","8":"product_cat-stromforsorjning-professionella-verktyg-for-prov-och-underhall","9":"product_cat-testifire","10":"tm-no-options","12":"first","13":"instock","14":"taxable","15":"shipping-taxable","16":"purchasable","17":"product-type-simple"},"acf":[],"_links":{"self":[{"href":"https:\/\/secureus.se\/fr\/wp-json\/wp\/v2\/product\/162269","targetHints":{"allow":["GET"]}}],"collection":[{"href":"https:\/\/secureus.se\/fr\/wp-json\/wp\/v2\/product"}],"about":[{"href":"https:\/\/secureus.se\/fr\/wp-json\/wp\/v2\/types\/product"}],"wp:featuredmedia":[{"embeddable":true,"href":"https:\/\/secureus.se\/fr\/wp-json\/wp\/v2\/media\/162268"}],"wp:attachment":[{"href":"https:\/\/secureus.se\/fr\/wp-json\/wp\/v2\/media?parent=162269"}],"wp:term":[{"taxonomy":"product_brand","embeddable":true,"href":"https:\/\/secureus.se\/fr\/wp-json\/wp\/v2\/product_brand?post=162269"},{"taxonomy":"product_cat","embeddable":true,"href":"https:\/\/secureus.se\/fr\/wp-json\/wp\/v2\/product_cat?post=162269"},{"taxonomy":"product_tag","embeddable":true,"href":"https:\/\/secureus.se\/fr\/wp-json\/wp\/v2\/product_tag?post=162269"}],"curies":[{"name":"wp","href":"https:\/\/api.w.org\/{rel}","templated":true}]}}