{"id":162271,"date":"2025-11-21T12:10:22","date_gmt":"2025-11-21T11:10:22","guid":{"rendered":"https:\/\/secureus.se\/teleskopstang-4-segment-175-m-roka-webbutik\/"},"modified":"2026-04-08T16:01:51","modified_gmt":"2026-04-08T14:01:51","slug":"teleskopstang-4-segment-175-m-roka-webbutik","status":"publish","type":"product","link":"https:\/\/secureus.se\/fr\/teleskopstang-4-segment-175-m-roka-webbutik\/","title":{"rendered":"Perche t\u00e9lescopique 4 segments, 1,75 m"},"content":{"rendered":"<h1>Perche t\u00e9lescopique 4 segments, 1,75 m | Boutique en ligne Roka<\/h1>\n<h3 data-start=\"257\" data-end=\"301\">Tige t\u00e9lescopique facile \u00e0 utiliser pour les tests<\/h3>\n<p data-start=\"302\" data-end=\"551\">La perche t\u00e9lescopique Solo 110 est un outil pratique et l\u00e9ger permettant d&#039;atteindre les d\u00e9tecteurs au plafond sans avoir besoin d&#039;une \u00e9chelle.<\/p>\n<p data-start=\"302\" data-end=\"551\">Il est con\u00e7u pour \u00eatre test\u00e9 avec l&#039;\u00e9quipement Solo et facilite le test des d\u00e9tecteurs de fum\u00e9e, de chaleur et de CO \u00e0 des hauteurs de plafond normales.<\/p>\n<h3 data-start=\"553\" data-end=\"591\">construction flexible et robuste<\/h3>\n<p data-start=\"592\" data-end=\"828\">La perche t\u00e9lescopique comporte quatre segments r\u00e9glables qui peuvent \u00eatre facilement d\u00e9ploy\u00e9s et verrouill\u00e9s dans la position souhait\u00e9e.<\/p>\n<p data-start=\"592\" data-end=\"828\">En position r\u00e9duite, la perche est compacte et facile \u00e0 manipuler, tout en offrant une port\u00e9e suffisante pour la plupart des environnements d&#039;installation.<\/p>\n<h3 data-start=\"830\" data-end=\"861\">Combinez-vous pour une plus grande hauteur<\/h3>\n<p data-start=\"862\" data-end=\"1048\">Le Solo 110 offre une port\u00e9e jusqu&#039;\u00e0 une hauteur de plafond d&#039;environ 3,25 m lors des tests.<\/p>\n<p data-start=\"862\" data-end=\"1048\">Si vous avez besoin d&#039;atteindre une hauteur encore plus \u00e9lev\u00e9e, vous pouvez l&#039;utiliser avec une barre fixe comme <strong data-start=\"1006\" data-end=\"1018\">Solo 111<\/strong> pour atteindre jusqu&#039;\u00e0 environ 4,7 m.<\/p>\n<h3 data-start=\"1050\" data-end=\"1077\">Avantages du Solo 110<\/h3>\n<ul data-start=\"1078\" data-end=\"1259\">\n<li data-start=\"1078\" data-end=\"1125\">\n<p data-start=\"1080\" data-end=\"1125\">Perche t\u00e9lescopique l\u00e9g\u00e8re et flexible \u00e0 4 segments<\/p>\n<\/li>\n<li data-start=\"1126\" data-end=\"1165\">\n<p data-start=\"1128\" data-end=\"1165\">Port\u00e9e jusqu&#039;\u00e0 environ 3,25 m de hauteur sous plafond<\/p>\n<\/li>\n<li data-start=\"1166\" data-end=\"1211\">\n<p data-start=\"1168\" data-end=\"1211\">Facile \u00e0 r\u00e9gler et \u00e0 verrouiller \u00e0 la longueur souhait\u00e9e<\/p>\n<\/li>\n<li data-start=\"1212\" data-end=\"1259\">\n<p data-start=\"1214\" data-end=\"1259\">Outil de test pour d\u00e9tecteur Solo<\/p>\n<\/li>\n<\/ul>\n<p data-start=\"1261\" data-end=\"1288\">SP\u00c9CIFICATIONS TECHNIQUES :<\/p>\n<ul data-start=\"1289\" data-end=\"1459\">\n<li data-start=\"1289\" data-end=\"1315\">\n<p data-start=\"1291\" data-end=\"1315\">Produit : M\u00e2t t\u00e9lescopique<\/p>\n<\/li>\n<li data-start=\"1316\" data-end=\"1336\">\n<p data-start=\"1318\" data-end=\"1336\">Mod\u00e8le : Solo 110<\/p>\n<\/li>\n<li data-start=\"1337\" data-end=\"1359\">\n<p data-start=\"1339\" data-end=\"1359\">Segments : 4 pi\u00e8ces<\/p>\n<\/li>\n<li data-start=\"1360\" data-end=\"1404\">\n<p data-start=\"1362\" data-end=\"1404\">Port\u00e9e maximale\u00a0: jusqu\u2019\u00e0 environ 3,25\u00a0m de hauteur sous plafond<\/p>\n<\/li>\n<li data-start=\"1405\" data-end=\"1459\">\n<p data-start=\"1407\" data-end=\"1459\">Convient pour : Outil de test Solo (fum\u00e9e, chaleur, CO)<\/p>\n<\/li>\n<\/ul>","protected":false},"excerpt":{"rendered":"<p>La perche t\u00e9lescopique Solo 110 est une perche t\u00e9lescopique courte, l\u00e9g\u00e8re et \u00e0 4 segments qui permet d'atteindre une hauteur de plafond d'environ 3,25 m lors des tests.<\/p>\n<p>Il est facile \u00e0 utiliser et convient aux outils de test des d\u00e9tecteurs d'incendie.<\/p>","protected":false},"featured_media":162270,"template":"","meta":{"_acf_changed":false},"product_brand":[],"product_cat":[2945,5070,5088,5072,5089,2946],"product_tag":[],"class_list":{"0":"post-162271","1":"product","2":"type-product","3":"status-publish","4":"has-post-thumbnail","6":"product_cat-solo","7":"product_cat-provstanger","8":"product_cat-solo-solo","9":"product_cat-solo-365","10":"product_cat-solo-365-solo-365","11":"product_cat-testifire","12":"tm-no-options","14":"first","15":"onbackorder","16":"taxable","17":"shipping-taxable","18":"purchasable","19":"product-type-simple"},"acf":[],"_links":{"self":[{"href":"https:\/\/secureus.se\/fr\/wp-json\/wp\/v2\/product\/162271","targetHints":{"allow":["GET"]}}],"collection":[{"href":"https:\/\/secureus.se\/fr\/wp-json\/wp\/v2\/product"}],"about":[{"href":"https:\/\/secureus.se\/fr\/wp-json\/wp\/v2\/types\/product"}],"wp:featuredmedia":[{"embeddable":true,"href":"https:\/\/secureus.se\/fr\/wp-json\/wp\/v2\/media\/162270"}],"wp:attachment":[{"href":"https:\/\/secureus.se\/fr\/wp-json\/wp\/v2\/media?parent=162271"}],"wp:term":[{"taxonomy":"product_brand","embeddable":true,"href":"https:\/\/secureus.se\/fr\/wp-json\/wp\/v2\/product_brand?post=162271"},{"taxonomy":"product_cat","embeddable":true,"href":"https:\/\/secureus.se\/fr\/wp-json\/wp\/v2\/product_cat?post=162271"},{"taxonomy":"product_tag","embeddable":true,"href":"https:\/\/secureus.se\/fr\/wp-json\/wp\/v2\/product_tag?post=162271"}],"curies":[{"name":"wp","href":"https:\/\/api.w.org\/{rel}","templated":true}]}}