{"id":162275,"date":"2025-11-21T12:10:19","date_gmt":"2025-11-21T11:10:19","guid":{"rendered":"https:\/\/secureus.se\/teleskopstang-25-m-solo-108\/"},"modified":"2026-03-26T12:23:27","modified_gmt":"2026-03-26T11:23:27","slug":"teleskopstang-25-m-solo-108","status":"publish","type":"product","link":"https:\/\/secureus.se\/fr\/teleskopstang-25-m-solo-108\/","title":{"rendered":"Perche t\u00e9lescopique 2,5 m - Solo 108"},"content":{"rendered":"<h1>Perche t\u00e9lescopique 2,5 m - Solo 108<\/h1>\n<h3 data-start=\"270\" data-end=\"321\">Tige t\u00e9lescopique r\u00e9glable pour des tests efficaces<\/h3>\n<p data-start=\"322\" data-end=\"568\">La perche t\u00e9lescopique Solo 108 est con\u00e7ue pour tester facilement et en toute s\u00e9curit\u00e9 les d\u00e9tecteurs de fum\u00e9e, de chaleur et de CO \u00e0 des hauteurs moyennes.<\/p>\n<p data-start=\"322\" data-end=\"568\">Sa conception en deux parties permet un r\u00e9glage rapide et une manipulation ais\u00e9e, facilitant ainsi l&#039;entretien et l&#039;installation sur le chantier.<\/p>\n<h3 data-start=\"570\" data-end=\"611\">Longueur flexible et utilisation facile<\/h3>\n<p data-start=\"612\" data-end=\"869\">Avec la Solo 108, vous pouvez ajuster la longueur de la perche de 1,27 m \u00e0 2,5 m. Elle est compacte pour le transport et le rangement, tout en offrant une port\u00e9e suffisante pour les tests sans avoir besoin d&#039;une \u00e9chelle.<\/p>\n<p data-start=\"612\" data-end=\"869\">La tige est compatible avec les outils de test Solo et Testifire.<\/p>\n<h3 data-start=\"871\" data-end=\"898\">Avantages du Solo 108<\/h3>\n<ul data-start=\"899\" data-end=\"1059\">\n<li data-start=\"899\" data-end=\"945\">\n<p data-start=\"901\" data-end=\"945\">Deux segments pour une longueur ajustable de 1,27 \u00e0 2,5 m<\/p>\n<\/li>\n<li data-start=\"946\" data-end=\"972\">\n<p data-start=\"948\" data-end=\"972\">Conception l\u00e9g\u00e8re et agile<\/p>\n<\/li>\n<li data-start=\"973\" data-end=\"1011\">\n<p data-start=\"975\" data-end=\"1011\">Compatible avec les testeurs Solo et Testifire<\/p>\n<\/li>\n<li data-start=\"1012\" data-end=\"1059\">\n<p data-start=\"1014\" data-end=\"1059\">Augmente la s\u00e9curit\u00e9 et l&#039;efficacit\u00e9 lors des tests<\/p>\n<\/li>\n<\/ul>\n<p data-start=\"1061\" data-end=\"1088\">SP\u00c9CIFICATIONS TECHNIQUES :<\/p>\n<ul data-start=\"1089\" data-end=\"1303\">\n<li data-start=\"1089\" data-end=\"1115\">\n<p data-start=\"1091\" data-end=\"1115\">Produit : M\u00e2t t\u00e9lescopique<\/p>\n<\/li>\n<li data-start=\"1116\" data-end=\"1136\">\n<p data-start=\"1118\" data-end=\"1136\">Mod\u00e8le : Solo 108<\/p>\n<\/li>\n<li data-start=\"1137\" data-end=\"1159\">\n<p data-start=\"1139\" data-end=\"1159\">Segments : 2 pi\u00e8ces<\/p>\n<\/li>\n<li data-start=\"1160\" data-end=\"1191\">\n<p data-start=\"1162\" data-end=\"1191\">Longueur r\u00e9glable : 1,27\u20132,5 m<\/p>\n<\/li>\n<li data-start=\"1192\" data-end=\"1247\">\n<p data-start=\"1194\" data-end=\"1247\">Compatible avec les outils de test Solo et Testifire<\/p>\n<\/li>\n<li data-start=\"1248\" data-end=\"1303\">\n<p data-start=\"1250\" data-end=\"1303\">Utilisation : Pour tester les d\u00e9tecteurs \u00e0 moyenne altitude<\/p>\n<\/li>\n<\/ul>","protected":false},"excerpt":{"rendered":"<p>La perche t\u00e9lescopique Solo 108 est une perche compacte avec 2 segments qui peuvent \u00eatre r\u00e9gl\u00e9s de 1,27 m \u00e0 2,5 m.<\/p>\n<p>Il est utilis\u00e9 avec les testeurs Solo et Testifire pour atteindre les d\u00e9tecteurs \u00e0 mi-hauteur sans \u00e9chelle.<\/p>\n<p>Convient aux techniciens et au personnel de service.<\/p>","protected":false},"featured_media":162274,"template":"","meta":{"_acf_changed":false},"product_brand":[],"product_cat":[2945,5070,5088,5089,5072,2946],"product_tag":[],"class_list":{"0":"post-162275","1":"product","2":"type-product","3":"status-publish","4":"has-post-thumbnail","6":"product_cat-solo","7":"product_cat-provstanger","8":"product_cat-solo-solo","9":"product_cat-solo-365-solo-365","10":"product_cat-solo-365","11":"product_cat-testifire","12":"tm-no-options","14":"first","15":"instock","16":"taxable","17":"shipping-taxable","18":"purchasable","19":"product-type-simple"},"acf":[],"_links":{"self":[{"href":"https:\/\/secureus.se\/fr\/wp-json\/wp\/v2\/product\/162275","targetHints":{"allow":["GET"]}}],"collection":[{"href":"https:\/\/secureus.se\/fr\/wp-json\/wp\/v2\/product"}],"about":[{"href":"https:\/\/secureus.se\/fr\/wp-json\/wp\/v2\/types\/product"}],"wp:featuredmedia":[{"embeddable":true,"href":"https:\/\/secureus.se\/fr\/wp-json\/wp\/v2\/media\/162274"}],"wp:attachment":[{"href":"https:\/\/secureus.se\/fr\/wp-json\/wp\/v2\/media?parent=162275"}],"wp:term":[{"taxonomy":"product_brand","embeddable":true,"href":"https:\/\/secureus.se\/fr\/wp-json\/wp\/v2\/product_brand?post=162275"},{"taxonomy":"product_cat","embeddable":true,"href":"https:\/\/secureus.se\/fr\/wp-json\/wp\/v2\/product_cat?post=162275"},{"taxonomy":"product_tag","embeddable":true,"href":"https:\/\/secureus.se\/fr\/wp-json\/wp\/v2\/product_tag?post=162275"}],"curies":[{"name":"wp","href":"https:\/\/api.w.org\/{rel}","templated":true}]}}