{"id":162406,"date":"2026-02-16T12:44:28","date_gmt":"2026-02-16T11:44:28","guid":{"rendered":"https:\/\/secureus.se\/?post_type=product&#038;p=162406"},"modified":"2026-04-23T12:59:15","modified_gmt":"2026-04-23T10:59:15","slug":"smd-976-powerg-plus-tradlos-rok-varmedetektor","status":"publish","type":"product","link":"https:\/\/secureus.se\/fr\/smd-976-powerg-plus-tradlos-rok-varmedetektor\/","title":{"rendered":"D\u00e9tecteur de fum\u00e9e et de chaleur Visonic SMD-976 PG2+ PowerG sans fil \u2013 remplace le SMD-429"},"content":{"rendered":"<h2>D\u00e9tecteur de fum\u00e9e et de chaleur Visonic SMD-976 PGP \u2013 PowerG<\/h2>\n<p><strong>Visonic SMD-976 PGP<\/strong> est un d\u00e9tecteur d&#039;incendie sans fil pour les syst\u00e8mes Visonic PowerMaster qui combine plusieurs types de capteurs pour d\u00e9tecter un incendie le plus t\u00f4t possible. Il contient \u00e0 la fois <strong>Capteur de fum\u00e9e optique, capteur de temp\u00e9rature fixe et d\u00e9tection d&#039;\u00e9l\u00e9vation rapide de temp\u00e9rature<\/strong>.<\/p>\n<p>Le d\u00e9tecteur utilise <strong>Technologie sans fil PowerG<\/strong> qui assure une communication stable et s\u00e9curis\u00e9e avec le syst\u00e8me d&#039;alarme.<\/p>\n<hr \/>\n<h2>Remplace les mod\u00e8les pr\u00e9c\u00e9dents<\/h2>\n<p>Le SMD-976 PGP est la nouvelle g\u00e9n\u00e9ration de d\u00e9tecteurs d&#039;incendie PowerG et peut remplacer les mod\u00e8les pr\u00e9c\u00e9dents dans de nombreuses installations telles que\u00a0: <strong>Visonic SMD-429<\/strong>.<\/p>\n<p>Le nouveau mod\u00e8le offre des diagnostics am\u00e9lior\u00e9s, une autonomie de batterie prolong\u00e9e et une communication PowerG moderne.<\/p>\n<hr \/>\n<h2>Diagnostic avanc\u00e9<\/h2>\n<p>Le d\u00e9tecteur offre plusieurs fonctionnalit\u00e9s qui simplifient l&#039;entretien et la maintenance\u00a0:<\/p>\n<ul>\n<li>affichage en temps r\u00e9el du niveau de batterie via le panneau d&#039;alarme<\/li>\n<li>surveillance des poussi\u00e8res dans la chambre de fum\u00e9e (avec panneaux PowerG+ compatibles)<\/li>\n<li>acc\u00e8s facile \u00e0 la chambre de fum\u00e9e pour le nettoyage<\/li>\n<\/ul>\n<p>Ces fonctionnalit\u00e9s contribuent \u00e0 maintenir des performances optimales dans le temps.<\/p>\n<hr \/>\n<h2>Technologie PowerG<\/h2>\n<p>PowerG est la technologie sans fil avanc\u00e9e de Visonics pour les produits de s\u00e9curit\u00e9 et offre\u00a0:<\/p>\n<ul>\n<li>haute fiabilit\u00e9 op\u00e9rationnelle<\/li>\n<li>communication stable<\/li>\n<li>longue port\u00e9e<\/li>\n<li>Communication bidirectionnelle entre le capteur et le centre<\/li>\n<\/ul>\n<hr \/>\n<h2>Compatibilit\u00e9<\/h2>\n<p>Le SMD-976 PGP est compatible avec <strong>Les panneaux Visonic PowerMaster \u00e0 partir de la version de firmware 20.xxx et ult\u00e9rieures<\/strong>.<\/p>\n<p>Il semblerait que certains panneaux PowerMaster plus anciens, dot\u00e9s d&#039;un micrologiciel obsol\u00e8te, rencontrent des difficult\u00e9s de connexion avec ce mod\u00e8le. Une version mise \u00e0 jour du produit est disponible, selon le fabricant. <strong>Johnson Controls (JCI)<\/strong> En cours de d\u00e9veloppement pour une meilleure compatibilit\u00e9 avec les syst\u00e8mes plus anciens.<\/p>\n<p>Si vous n&#039;\u00eates pas certain du firmware utilis\u00e9 par votre panneau de commande, nous vous recommandons de nous contacter avant tout achat.<\/p>\n<hr \/>\n<h2>Installation<\/h2>\n<p>Le d\u00e9tecteur est g\u00e9n\u00e9ralement fix\u00e9 au plafond et aliment\u00e9 par batterie. La sir\u00e8ne pi\u00e9zo\u00e9lectrique int\u00e9gr\u00e9e assure une alarme locale en cas d&#039;incendie.<\/p>\n<hr \/>\n<h2>Principales caract\u00e9ristiques<\/h2>\n<ul>\n<li>D\u00e9tecteur de fum\u00e9e et de chaleur sans fil<\/li>\n<li>d\u00e9tecteur de fum\u00e9e optique<\/li>\n<li>D\u00e9tection de temp\u00e9rature fixe<\/li>\n<li>D\u00e9tection d&#039;une augmentation rapide de la temp\u00e9rature<\/li>\n<li>Technologie sans fil PowerG<\/li>\n<li>Sir\u00e8ne int\u00e9gr\u00e9e<\/li>\n<li>Rapport en temps r\u00e9el du niveau de batterie<\/li>\n<li>Surveillance des poussi\u00e8res dans la chambre \u00e0 fum\u00e9e<\/li>\n<li>Remplace le mod\u00e8le pr\u00e9c\u00e9dent SMD-429<\/li>\n<\/ul>\n<hr \/>\n<h2>Ajout du d\u00e9tecteur au PowerMaster<\/h2>\n<ol>\n<li>Acc\u00e9dez au menu d&#039;installation du panneau de commande PowerMaster.<\/li>\n<li>Choisir <strong>Inscrire un appareil \/ Ajouter un appareil<\/strong>.<\/li>\n<li>Activez le d\u00e9tecteur en ins\u00e9rant la pile ou en retirant la languette de la pile.<\/li>\n<li>Le panneau de commande d\u00e9tectera automatiquement l&#039;appareil et vous pourrez l&#039;enregistrer.<\/li>\n<\/ol>","protected":false},"excerpt":{"rendered":"<p><strong>Visonic SMD-976 PGP<\/strong> est sans fil <strong>D\u00e9tecteur de fum\u00e9e et de chaleur PowerG<\/strong> Pour les syst\u00e8mes Visonic PowerMaster. Il d\u00e9tecte la fum\u00e9e, les temp\u00e9ratures fixes et les hausses rapides de temp\u00e9rature et dispose d&#039;une sir\u00e8ne int\u00e9gr\u00e9e pour l&#039;alarme locale.<\/p>\n<p>Le d\u00e9tecteur est compatible avec <strong>QI et<\/strong>\u00a0<strong>Panneaux PowerMaster \u00e0 partir de la version de firmware 20.xxx<\/strong> et plus tard. Il peut \u00eatre utilis\u00e9 en remplacement de mod\u00e8les ant\u00e9rieurs tels que <strong>SMD-429<\/strong>.<\/p>","protected":false},"featured_media":162405,"template":"","meta":{"_acf_changed":false},"product_brand":[],"product_cat":[3383],"product_tag":[],"class_list":{"0":"post-162406","1":"product","2":"type-product","3":"status-publish","4":"has-post-thumbnail","6":"product_cat-visonic-brandvarnare-vattendetektor-temperatur","7":"pa_brands-5visonic","8":"tm-no-options","10":"first","11":"instock","12":"sale","13":"taxable","14":"shipping-taxable","15":"purchasable","16":"product-type-simple"},"acf":[],"_links":{"self":[{"href":"https:\/\/secureus.se\/fr\/wp-json\/wp\/v2\/product\/162406","targetHints":{"allow":["GET"]}}],"collection":[{"href":"https:\/\/secureus.se\/fr\/wp-json\/wp\/v2\/product"}],"about":[{"href":"https:\/\/secureus.se\/fr\/wp-json\/wp\/v2\/types\/product"}],"wp:featuredmedia":[{"embeddable":true,"href":"https:\/\/secureus.se\/fr\/wp-json\/wp\/v2\/media\/162405"}],"wp:attachment":[{"href":"https:\/\/secureus.se\/fr\/wp-json\/wp\/v2\/media?parent=162406"}],"wp:term":[{"taxonomy":"product_brand","embeddable":true,"href":"https:\/\/secureus.se\/fr\/wp-json\/wp\/v2\/product_brand?post=162406"},{"taxonomy":"product_cat","embeddable":true,"href":"https:\/\/secureus.se\/fr\/wp-json\/wp\/v2\/product_cat?post=162406"},{"taxonomy":"product_tag","embeddable":true,"href":"https:\/\/secureus.se\/fr\/wp-json\/wp\/v2\/product_tag?post=162406"}],"curies":[{"name":"wp","href":"https:\/\/api.w.org\/{rel}","templated":true}]}}