{"id":162487,"date":"2026-02-19T16:01:28","date_gmt":"2026-02-19T15:01:28","guid":{"rendered":"https:\/\/secureus.se\/ajax-curtain-outdoor-jeweller-vit\/"},"modified":"2026-03-09T20:38:10","modified_gmt":"2026-03-09T19:38:10","slug":"ajax-curtain-outdoor-jeweller-vit","status":"publish","type":"product","link":"https:\/\/secureus.se\/fr\/ajax-curtain-outdoor-jeweller-vit\/","title":{"rendered":"Rideau d&#039;ext\u00e9rieur blanc Ajax"},"content":{"rendered":"<h1>Rideau Ajax blanc pour bijoutier d&#039;ext\u00e9rieur<\/h1>\n<p data-start=\"256\" data-end=\"584\">Ajax Curtain Outdoor Jeweller est un d\u00e9tecteur de mouvement sans fil professionnel pour rideaux, con\u00e7u pour une surveillance p\u00e9rim\u00e9trique pr\u00e9cise aussi bien \u00e0 l&#039;ext\u00e9rieur qu&#039;\u00e0 l&#039;int\u00e9rieur.<\/p>\n<p data-start=\"256\" data-end=\"584\">Il est con\u00e7u pour prot\u00e9ger les zones les plus vuln\u00e9rables de la propri\u00e9t\u00e9 \u2013 fen\u00eatres, portes, portails, cl\u00f4tures, passages et autres ouvertures \u2013 o\u00f9 la d\u00e9tection pr\u00e9coce d&#039;une intrusion est cruciale.<\/p>\n<p data-start=\"586\" data-end=\"964\">Contrairement aux d\u00e9tecteurs de mouvement traditionnels, Curtain Outdoor Jeweller fonctionne avec une zone de d\u00e9tection \u00e9troite et directionnelle, ce qui permet de cr\u00e9er une protection efficace le long du p\u00e9rim\u00e8tre du b\u00e2timent sans restreindre les mouvements \u00e0 l&#039;int\u00e9rieur de la zone.<\/p>\n<p data-start=\"586\" data-end=\"964\">Cela en fait la solution id\u00e9ale pour les maisons, les propri\u00e9t\u00e9s commerciales, les entrep\u00f4ts, les bureaux et autres environnements critiques en mati\u00e8re de s\u00e9curit\u00e9 o\u00f9 des alarmes p\u00e9rim\u00e9triques sont n\u00e9cessaires.<\/p>\n<h3 data-section-id=\"wllvvg\" data-start=\"971\" data-end=\"1015\">D\u00e9tection pr\u00e9cise des rideaux pour alarme p\u00e9rim\u00e9trique<\/h3>\n<p data-start=\"1016\" data-end=\"1323\">Curtain Outdoor Jeweller utilise un angle de d\u00e9tection \u00e9troit d&#039;environ 8\u00b0 seulement, cr\u00e9ant une zone de surveillance pr\u00e9cise et contr\u00f4l\u00e9e le long des murs, des fen\u00eatres ou des passages.<\/p>\n<p data-start=\"1016\" data-end=\"1323\">Cela permet de d\u00e9tecter les intrusions avant m\u00eame qu&#039;une personne n&#039;entre dans le b\u00e2timent, assurant ainsi une protection efficace des biens.<\/p>\n<p data-start=\"1325\" data-end=\"1567\">La d\u00e9tection de mouvement peut se faire jusqu&#039;\u00e0 12 m\u00e8tres de distance, selon la hauteur d&#039;installation et les param\u00e8tres.<\/p>\n<p data-start=\"1325\" data-end=\"1567\">Le capteur peut \u00eatre r\u00e9gl\u00e9 pour diff\u00e9rentes port\u00e9es et environnements, offrant une grande flexibilit\u00e9 lors de l&#039;installation.<\/p>\n<p data-start=\"1569\" data-end=\"1602\">Cela le rend particuli\u00e8rement adapt\u00e9 \u00e0 :<\/p>\n<ul data-start=\"1604\" data-end=\"1752\">\n<li data-section-id=\"1xft39\" data-start=\"1604\" data-end=\"1631\">\n<p data-start=\"1606\" data-end=\"1631\">Fa\u00e7ades et murs ext\u00e9rieurs<\/p>\n<\/li>\n<li data-section-id=\"1cgn0ty\" data-start=\"1632\" data-end=\"1657\">\n<p data-start=\"1634\" data-end=\"1657\">Entr\u00e9es et portes arri\u00e8re<\/p>\n<\/li>\n<li data-section-id=\"1o408z9\" data-start=\"1658\" data-end=\"1674\">\n<p data-start=\"1660\" data-end=\"1674\">portes de garage<\/p>\n<\/li>\n<li data-section-id=\"1g65czz\" data-start=\"1675\" data-end=\"1693\">\n<p data-start=\"1677\" data-end=\"1693\">sections de fen\u00eatre<\/p>\n<\/li>\n<li data-section-id=\"9ybatx\" data-start=\"1694\" data-end=\"1716\">\n<p data-start=\"1696\" data-end=\"1716\">Portails et cl\u00f4tures<\/p>\n<\/li>\n<li data-section-id=\"w2qid0\" data-start=\"1717\" data-end=\"1752\">\n<p data-start=\"1719\" data-end=\"1752\">Passages pi\u00e9tonniers et espaces \u00e9troits<\/p>\n<\/li>\n<\/ul>\n<h3 data-start=\"1719\" data-end=\"1752\">Double technologie pour une fiabilit\u00e9 maximale<\/h3>\n<p data-start=\"1803\" data-end=\"2042\">Pour garantir une fiabilit\u00e9 op\u00e9rationnelle optimale, Ajax Curtain Outdoor Jeweller utilise une double d\u00e9tection de mouvement avanc\u00e9e.<\/p>\n<p data-start=\"1803\" data-end=\"2042\">L&#039;appareil combine deux capteurs PIR et un capteur micro-ondes en bande K qui fonctionnent ensemble pour analyser le mouvement.<\/p>\n<p data-start=\"2044\" data-end=\"2225\">Lorsque les capteurs PIR enregistrent des variations de temp\u00e9rature, le signal est ensuite analys\u00e9 par le capteur micro-ondes.<\/p>\n<p data-start=\"2044\" data-end=\"2225\">Cela permet au syst\u00e8me de distinguer les intrusions r\u00e9elles des impacts environnementaux tels que\u00a0:<\/p>\n<ul data-start=\"2227\" data-end=\"2364\">\n<li data-section-id=\"1g0hmau\" data-start=\"2227\" data-end=\"2243\">\n<p data-start=\"2229\" data-end=\"2243\">mouvements du vent<\/p>\n<\/li>\n<li data-section-id=\"7d6fv2\" data-start=\"2244\" data-end=\"2284\">\n<p data-start=\"2246\" data-end=\"2284\">Flux d&#039;air provenant de la ventilation ou de la climatisation<\/p>\n<\/li>\n<li data-section-id=\"1gm22ep\" data-start=\"2285\" data-end=\"2318\">\n<p data-start=\"2287\" data-end=\"2318\">Changements rapides de temp\u00e9rature<\/p>\n<\/li>\n<li data-section-id=\"nr5uo0\" data-start=\"2319\" data-end=\"2342\">\n<p data-start=\"2321\" data-end=\"2342\">Reflets de la lumi\u00e8re du soleil<\/p>\n<\/li>\n<li data-section-id=\"uf3obh\" data-start=\"2343\" data-end=\"2364\">\n<p data-start=\"2345\" data-end=\"2364\">parties mobiles de l&#039;usine<\/p>\n<\/li>\n<\/ul>\n<p data-start=\"2366\" data-end=\"2634\">L&#039;algorithme int\u00e9gr\u00e9 SmartDetect analyse \u00e9galement la signature thermique, la taille de l&#039;objet et les sch\u00e9mas de mouvement avant de d\u00e9clencher une alarme.<\/p>\n<p data-start=\"2366\" data-end=\"2634\">Le r\u00e9sultat est une pr\u00e9cision tr\u00e8s \u00e9lev\u00e9e et un minimum de fausses alarmes, m\u00eame dans des environnements ext\u00e9rieurs difficiles.<\/p>\n<h3 data-section-id=\"sjcg9y\" data-start=\"2641\" data-end=\"2679\">Filtrage intelligent des fausses alarmes<\/h3>\n<p data-start=\"2680\" data-end=\"2938\">Curtain Outdoor Jeweller utilise l&#039;analyse de corr\u00e9lation entre les capteurs pour confirmer les mouvements avant de d\u00e9clencher une alarme.<\/p>\n<p data-start=\"2680\" data-end=\"2938\">Le syst\u00e8me active le capteur micro-ondes uniquement lorsque les capteurs PIR enregistrent des signaux correspondants, ce qui am\u00e9liore encore la pr\u00e9cision.<\/p>\n<p data-start=\"2940\" data-end=\"3149\">De plus, une compensation de temp\u00e9rature assure un fonctionnement correct m\u00eame lorsque la temp\u00e9rature ambiante est proche de la temp\u00e9rature corporelle, par exemple lors des chaudes journ\u00e9es d&#039;\u00e9t\u00e9.<\/p>\n<h3 data-section-id=\"cv1b6d\" data-start=\"3156\" data-end=\"3193\">Immunit\u00e9 des animaux de compagnie pour une vie quotidienne en toute s\u00e9curit\u00e9<\/h3>\n<p data-start=\"3194\" data-end=\"3410\">Une fois install\u00e9 et configur\u00e9 correctement, le d\u00e9tecteur ne r\u00e9agira pas aux animaux domestiques jusqu&#039;\u00e0 une hauteur d&#039;environ 1 m\u00e8tre.<\/p>\n<p data-start=\"3194\" data-end=\"3410\">Cela en fait une solution id\u00e9ale pour les maisons et les propri\u00e9t\u00e9s o\u00f9 les animaux circulent librement \u00e0 proximit\u00e9 de zones prot\u00e9g\u00e9es.<\/p>\n<p data-start=\"3412\" data-end=\"3615\">En ajustant la hauteur d&#039;installation et la position de d\u00e9tection, le capteur peut \u00eatre optimis\u00e9 pour ignorer les petits animaux tout en conservant une sensibilit\u00e9 \u00e9lev\u00e9e aux humains.<\/p>","protected":false},"excerpt":{"rendered":"<p>Ajax Curtain Outdoor Jeweller est un d\u00e9tecteur de mouvement sans fil avanc\u00e9 pour rideaux, con\u00e7u pour une utilisation aussi bien en ext\u00e9rieur qu&#039;en int\u00e9rieur.<\/p>\n<p>Il est con\u00e7u pour prot\u00e9ger les fen\u00eatres, les portes, les portails et autres passages gr\u00e2ce \u00e0 une surveillance p\u00e9rim\u00e9trique pr\u00e9cise.<\/p>\n<p>Gr\u00e2ce \u00e0 sa double technologie de d\u00e9tection, sa port\u00e9e jusqu&#039;\u00e0 12 m\u00e8tres et son filtrage intelligent des fausses alarmes, il assure une s\u00e9curit\u00e9 fiable dans tous les environnements.<\/p>\n<p>Cet appareil est r\u00e9sistant aux intemp\u00e9ries, immunis\u00e9 contre les animaux domestiques et dispose d&#039;une autonomie allant jusqu&#039;\u00e0 3 ans, ce qui le rend id\u00e9al pour les installations d&#039;alarmes professionnelles.<\/p>","protected":false},"featured_media":162485,"template":"","meta":{"_acf_changed":false},"product_brand":[],"product_cat":[3156,3157],"product_tag":[],"class_list":{"0":"post-162487","1":"product","2":"type-product","3":"status-publish","4":"has-post-thumbnail","6":"product_cat-rorelse-och-kamera","7":"product_cat-utomhussakerhet","8":"pa_brands-ajax-systems","9":"pa_farg-vit","10":"tm-no-options","12":"first","13":"instock","14":"taxable","15":"shipping-taxable","16":"purchasable","17":"product-type-simple"},"acf":[],"_links":{"self":[{"href":"https:\/\/secureus.se\/fr\/wp-json\/wp\/v2\/product\/162487","targetHints":{"allow":["GET"]}}],"collection":[{"href":"https:\/\/secureus.se\/fr\/wp-json\/wp\/v2\/product"}],"about":[{"href":"https:\/\/secureus.se\/fr\/wp-json\/wp\/v2\/types\/product"}],"wp:featuredmedia":[{"embeddable":true,"href":"https:\/\/secureus.se\/fr\/wp-json\/wp\/v2\/media\/162485"}],"wp:attachment":[{"href":"https:\/\/secureus.se\/fr\/wp-json\/wp\/v2\/media?parent=162487"}],"wp:term":[{"taxonomy":"product_brand","embeddable":true,"href":"https:\/\/secureus.se\/fr\/wp-json\/wp\/v2\/product_brand?post=162487"},{"taxonomy":"product_cat","embeddable":true,"href":"https:\/\/secureus.se\/fr\/wp-json\/wp\/v2\/product_cat?post=162487"},{"taxonomy":"product_tag","embeddable":true,"href":"https:\/\/secureus.se\/fr\/wp-json\/wp\/v2\/product_tag?post=162487"}],"curies":[{"name":"wp","href":"https:\/\/api.w.org\/{rel}","templated":true}]}}