{"id":162542,"date":"2026-02-12T12:10:09","date_gmt":"2026-02-12T11:10:09","guid":{"rendered":"https:\/\/secureus.se\/?post_type=product&#038;p=162542"},"modified":"2026-04-09T15:33:43","modified_gmt":"2026-04-09T13:33:43","slug":"magnetfasta-for-motion-eye-pro-och-andra-tillampningar","status":"publish","type":"product","link":"https:\/\/secureus.se\/fr\/magnetfasta-for-motion-eye-pro-och-andra-tillampningar\/","title":{"rendered":"Support magn\u00e9tique pour Motion Eye Pro et autres applications"},"content":{"rendered":"<h2 data-start=\"148\" data-end=\"208\">Support mural magn\u00e9tique \u2013 pour MotionEye Pro et autres appareils<\/h2>\n<p data-start=\"210\" data-end=\"452\">Support magn\u00e9tique pratique et stable qui permet de fixer et de positionner facilement votre appareil exactement o\u00f9 vous le souhaitez. Accessoire id\u00e9al pour <strong data-start=\"350\" data-end=\"375\">SecureX MotionEye Pro<\/strong>mais cela fonctionne tout aussi bien pour de nombreux autres produits \u00e0 la maison ou au bureau.<\/p>\n<hr data-start=\"454\" data-end=\"457\" \/>\n<h2 data-start=\"459\" data-end=\"492\">Technologie \u00e0 double aimant ultra-puissante<\/h2>\n<p data-start=\"494\" data-end=\"675\">Le support utilise de puissants aimants N52 \u00e0 contact magn\u00e9tique direct pour une adh\u00e9rence maximale.<br data-start=\"578\" data-end=\"581\" \/>Un seul aimant peut supporter jusqu&#039;\u00e0 250 grammes \u2013 et la solution \u00e0 double aimant offre une stabilit\u00e9 encore plus grande.<\/p>\n<p data-start=\"677\" data-end=\"787\">Le r\u00e9sultat est un support s\u00fbr et fiable qui maintient fermement l&#039;appareil en place sans glisser ni se desserrer.<\/p>\n<hr data-start=\"789\" data-end=\"792\" \/>\n<h2 data-start=\"794\" data-end=\"835\">Silicone protecteur pour une utilisation en toute s\u00e9curit\u00e9<\/h2>\n<p data-start=\"837\" data-end=\"892\">Les aimants sont d\u00e9licatement int\u00e9gr\u00e9s dans du silicone durable qui\u00a0:<\/p>\n<ul data-start=\"894\" data-end=\"1017\">\n<li data-start=\"894\" data-end=\"935\">\n<p data-start=\"896\" data-end=\"935\">Prot\u00e8ge les murs et les appareils des rayures<\/p>\n<\/li>\n<li data-start=\"936\" data-end=\"974\">\n<p data-start=\"938\" data-end=\"974\">Offre une prise en main stable et douce<\/p>\n<\/li>\n<li data-start=\"975\" data-end=\"1017\">\n<p data-start=\"977\" data-end=\"1017\">Emp\u00eache l&#039;appareil de tomber accidentellement<\/p>\n<\/li>\n<\/ul>\n<p data-start=\"1019\" data-end=\"1098\">Sa conception intelligente permet de maintenir tout en place m\u00eame lors d&#039;une utilisation quotidienne.<\/p>\n<hr data-start=\"1100\" data-end=\"1103\" \/>\n<h2 data-start=\"1105\" data-end=\"1147\">Installation rapide \u2013 aucun per\u00e7age requis<\/h2>\n<p data-start=\"1149\" data-end=\"1189\">S&#039;assemble en quelques secondes sans outils.<\/p>\n<ol data-start=\"1191\" data-end=\"1262\">\n<li data-start=\"1191\" data-end=\"1216\">\n<p data-start=\"1194\" data-end=\"1216\">Retirez le film protecteur<\/p>\n<\/li>\n<li data-start=\"1217\" data-end=\"1251\">\n<p data-start=\"1220\" data-end=\"1251\">Placez le support sur une surface lisse.<\/p>\n<\/li>\n<li data-start=\"1252\" data-end=\"1262\">\n<p data-start=\"1255\" data-end=\"1262\">Clair<\/p>\n<\/li>\n<\/ol>\n<p data-start=\"1264\" data-end=\"1367\">L&#039;adh\u00e9sif acrylique puissant offre une tr\u00e8s bonne adh\u00e9rence tout en \u00e9tant amovible sans laisser de traces.<\/p>\n<hr data-start=\"1369\" data-end=\"1372\" \/>\n<h2 data-start=\"1374\" data-end=\"1397\">Utilisation polyvalente<\/h2>\n<p data-start=\"1399\" data-end=\"1490\">Ce support peut \u00eatre utilis\u00e9 sur la plupart des surfaces lisses et convient \u00e0 bien plus que de simples capteurs.<\/p>\n<p data-start=\"1492\" data-end=\"1514\">Exemple d&#039;utilisation\u00a0:<\/p>\n<ul data-start=\"1515\" data-end=\"1703\">\n<li data-start=\"1515\" data-end=\"1549\">\n<p data-start=\"1517\" data-end=\"1549\">D\u00e9tecteurs de mouvement et capteurs<\/p>\n<\/li>\n<li data-start=\"1550\" data-end=\"1569\">\n<p data-start=\"1552\" data-end=\"1569\">t\u00e9l\u00e9commandes<\/p>\n<\/li>\n<li data-start=\"1570\" data-end=\"1592\">\n<p data-start=\"1572\" data-end=\"1592\">appareils pour maison intelligente<\/p>\n<\/li>\n<li data-start=\"1593\" data-end=\"1617\">\n<p data-start=\"1595\" data-end=\"1617\">Chargeurs et adaptateurs<\/p>\n<\/li>\n<li data-start=\"1618\" data-end=\"1649\">\n<p data-start=\"1620\" data-end=\"1649\">Cl\u00e9s ou petits accessoires<\/p>\n<\/li>\n<li data-start=\"1650\" data-end=\"1703\">\n<p data-start=\"1652\" data-end=\"1703\">Autres appareils l\u00e9gers n\u00e9cessitant un emplacement fixe<\/p>\n<\/li>\n<\/ul>\n<hr data-start=\"1705\" data-end=\"1708\" \/>\n<h2 data-start=\"1710\" data-end=\"1751\">Installation facile \u2013 utilisation flexible<\/h2>\n<p data-start=\"1753\" data-end=\"1918\">Une solution simple pour monter, d\u00e9placer ou ajuster des appareils sans vis ni interventions permanentes. Id\u00e9al pour une installation propre et une flexibilit\u00e9 maximale.<\/p>","protected":false},"excerpt":{"rendered":"<p><strong>Support mural magn\u00e9tique dot\u00e9 d&#039;une technologie \u00e0 double aimant puissante pour une fixation s\u00fbre et flexible. <\/strong><\/p>\n<p><strong>Parfait comme accessoire pour SecureX MotionEye Pro, mais peut \u00e9galement \u00eatre utilis\u00e9 pour d&#039;autres capteurs, t\u00e9l\u00e9commandes ou petits appareils. <\/strong><\/p>\n<p><strong>Installation rapide sans per\u00e7age gr\u00e2ce \u00e0 sa surface auto-adh\u00e9sive puissante.<\/strong><\/p>","protected":false},"featured_media":162541,"template":"","meta":{"_acf_changed":false},"product_brand":[],"product_cat":[5065],"product_tag":[],"class_list":{"0":"post-162542","1":"product","2":"type-product","3":"status-publish","4":"has-post-thumbnail","6":"product_cat-securex-tillbehor","7":"pa_brands-securex","8":"tm-no-options","10":"first","11":"instock","12":"sale","13":"taxable","14":"shipping-taxable","15":"purchasable","16":"product-type-simple"},"acf":[],"_links":{"self":[{"href":"https:\/\/secureus.se\/fr\/wp-json\/wp\/v2\/product\/162542","targetHints":{"allow":["GET"]}}],"collection":[{"href":"https:\/\/secureus.se\/fr\/wp-json\/wp\/v2\/product"}],"about":[{"href":"https:\/\/secureus.se\/fr\/wp-json\/wp\/v2\/types\/product"}],"wp:featuredmedia":[{"embeddable":true,"href":"https:\/\/secureus.se\/fr\/wp-json\/wp\/v2\/media\/162541"}],"wp:attachment":[{"href":"https:\/\/secureus.se\/fr\/wp-json\/wp\/v2\/media?parent=162542"}],"wp:term":[{"taxonomy":"product_brand","embeddable":true,"href":"https:\/\/secureus.se\/fr\/wp-json\/wp\/v2\/product_brand?post=162542"},{"taxonomy":"product_cat","embeddable":true,"href":"https:\/\/secureus.se\/fr\/wp-json\/wp\/v2\/product_cat?post=162542"},{"taxonomy":"product_tag","embeddable":true,"href":"https:\/\/secureus.se\/fr\/wp-json\/wp\/v2\/product_tag?post=162542"}],"curies":[{"name":"wp","href":"https:\/\/api.w.org\/{rel}","templated":true}]}}