{"id":162548,"date":"2025-10-02T12:23:02","date_gmt":"2025-10-02T10:23:02","guid":{"rendered":"https:\/\/secureus.se\/?post_type=product&#038;p=162548"},"modified":"2026-04-09T15:43:14","modified_gmt":"2026-04-09T13:43:14","slug":"solpanel-for-sirenguard-pro","status":"publish","type":"product","link":"https:\/\/secureus.se\/fr\/solpanel-for-sirenguard-pro\/","title":{"rendered":"Panneau solaire \u2013 pour les produits SirenGuard Pro et Smart"},"content":{"rendered":"<h2 data-start=\"42\" data-end=\"110\">Panneau solaire \u2013 pour SirenGuard Pro et autres produits intelligents<\/h2>\n<p data-start=\"112\" data-end=\"404\">Celui-ci <strong data-start=\"118\" data-end=\"143\">panneau solaire \u00e0 haut rendement<\/strong> est une source d&#039;\u00e9nergie fiable pour <strong data-start=\"174\" data-end=\"215\"><span class=\"hover:entity-accent entity-underline inline cursor-pointer align-baseline\"><span class=\"whitespace-normal\">SecureX SirenGuard Pro<\/span><\/span><\/strong> et d&#039;autres produits intelligents compatibles. Le panneau est con\u00e7u pour <strong data-start=\"280\" data-end=\"309\">fonctionnement continu en ext\u00e9rieur<\/strong> et r\u00e9duit la fr\u00e9quence des changements de piles, de sorte que votre syst\u00e8me de s\u00e9curit\u00e9 est toujours actif \u2013 toute l&#039;ann\u00e9e.<\/p>\n<p data-start=\"406\" data-end=\"639\">Avec <strong data-start=\"410\" data-end=\"440\">cellules solaires monocristallines<\/strong> et <strong data-start=\"445\" data-end=\"463\">Lamination PET<\/strong> Le panneau offre un rendement \u00e9lev\u00e9 m\u00eame en cas d&#039;ombrage partiel. <strong data-start=\"531\" data-end=\"564\">Bo\u00eetier ABS+PC r\u00e9sistant aux intemp\u00e9ries<\/strong> r\u00e9siste aux climats rigoureux, et il <strong data-start=\"591\" data-end=\"615\">c\u00e2ble de 3 m\u00e8tres de long<\/strong> offre un placement flexible.<\/p>\n<hr data-start=\"641\" data-end=\"644\" \/>\n<h3 data-start=\"646\" data-end=\"665\">Fonctions principales<\/h3>\n<ul data-start=\"666\" data-end=\"1017\">\n<li data-start=\"666\" data-end=\"750\">\n<p data-start=\"668\" data-end=\"750\"><strong data-start=\"668\" data-end=\"686\">Fonctionnement autonome :<\/strong> Recharge directement les sir\u00e8nes ext\u00e9rieures et les appareils intelligents gr\u00e2ce \u00e0 l&#039;\u00e9nergie solaire<\/p>\n<\/li>\n<li data-start=\"751\" data-end=\"815\">\n<p data-start=\"753\" data-end=\"815\"><strong data-start=\"753\" data-end=\"774\">Haute efficacit\u00e9 :<\/strong> Lamination de silicium monocristallin + PET<\/p>\n<\/li>\n<li data-start=\"816\" data-end=\"873\">\n<p data-start=\"818\" data-end=\"873\"><strong data-start=\"818\" data-end=\"842\">Construction robuste :<\/strong> Bo\u00eetier r\u00e9sistant aux intemp\u00e9ries en ABS+PC<\/p>\n<\/li>\n<li data-start=\"874\" data-end=\"949\">\n<p data-start=\"876\" data-end=\"949\"><strong data-start=\"876\" data-end=\"902\">Installation flexible\u00a0:<\/strong> Kit de support et de vis pour fixation murale, au plafond ou au sol<\/p>\n<\/li>\n<li data-start=\"950\" data-end=\"1017\">\n<p data-start=\"952\" data-end=\"1017\"><strong data-start=\"952\" data-end=\"972\">Longueur du c\u00e2ble :<\/strong> 3 m pour un placement facile en position ensoleill\u00e9e optimale<\/p>\n<\/li>\n<\/ul>\n<hr data-start=\"1019\" data-end=\"1022\" \/>\n<h3 data-start=\"1024\" data-end=\"1042\">Compatibilit\u00e9<\/h3>\n<ul data-start=\"1043\" data-end=\"1232\">\n<li data-start=\"1043\" data-end=\"1086\">\n<p data-start=\"1045\" data-end=\"1086\"><strong data-start=\"1045\" data-end=\"1071\">SecureX SirenGuard Pro<\/strong> sir\u00e8ne ext\u00e9rieure<\/p>\n<\/li>\n<li data-start=\"1087\" data-end=\"1156\">\n<p data-start=\"1089\" data-end=\"1156\">Autres produits pour la maison connect\u00e9e avec <strong data-start=\"1120\" data-end=\"1154\">Interface de charge 5V (type U)<\/strong><\/p>\n<\/li>\n<li data-start=\"1157\" data-end=\"1232\">\n<p data-start=\"1159\" data-end=\"1232\">Parfait pour <strong data-start=\"1171\" data-end=\"1207\">chalets d&#039;\u00e9t\u00e9, garages, jardins<\/strong> et les endroits sans \u00e9lectricit\u00e9 fixe<\/p>\n<\/li>\n<\/ul>\n<hr data-start=\"1234\" data-end=\"1237\" \/>\n<h3 data-start=\"1239\" data-end=\"1251\">Avantages<\/h3>\n<ul data-start=\"1252\" data-end=\"1500\">\n<li data-start=\"1252\" data-end=\"1313\">\n<p data-start=\"1254\" data-end=\"1313\"><strong data-start=\"1254\" data-end=\"1270\">Respectueux de l&#039;environnement :<\/strong> \u00c9nergie renouvelable \u00e0 impact climatique r\u00e9duit<\/p>\n<\/li>\n<li data-start=\"1314\" data-end=\"1383\">\n<p data-start=\"1316\" data-end=\"1383\"><strong data-start=\"1316\" data-end=\"1337\">Rentable\u00a0:<\/strong> Aucuns frais de fonctionnement en \u00e9lectricit\u00e9 pour les unit\u00e9s ext\u00e9rieures<\/p>\n<\/li>\n<li data-start=\"1384\" data-end=\"1442\">\n<p data-start=\"1386\" data-end=\"1442\"><strong data-start=\"1386\" data-end=\"1399\">Fiable:<\/strong> Fonctionne m\u00eame \u00e0 l&#039;ombre partielle<\/p>\n<\/li>\n<li data-start=\"1443\" data-end=\"1500\">\n<p data-start=\"1445\" data-end=\"1500\"><strong data-start=\"1445\" data-end=\"1463\">Sans entretien :<\/strong> Sans pi\u00e8ces mobiles, longue dur\u00e9e de vie<\/p>\n<\/li>\n<\/ul>\n<hr data-start=\"1502\" data-end=\"1505\" \/>\n<h2 data-start=\"1507\" data-end=\"1531\">Sp\u00e9cifications techniques du panneau solaire \u2013 pour SirenGuard Pro.<\/h2>\n<ul data-start=\"1532\" data-end=\"1829\">\n<li data-start=\"1532\" data-end=\"1578\">\n<p data-start=\"1534\" data-end=\"1578\"><strong data-start=\"1534\" data-end=\"1554\">Mat\u00e9riau des cellules solaires :<\/strong> Silicium monocristallin<\/p>\n<\/li>\n<li data-start=\"1579\" data-end=\"1609\">\n<p data-start=\"1581\" data-end=\"1609\"><strong data-start=\"1581\" data-end=\"1597\">Effet de panneau\u00a0:<\/strong> 4W \/ 6V<\/p>\n<\/li>\n<li data-start=\"1610\" data-end=\"1637\">\n<p data-start=\"1612\" data-end=\"1637\"><strong data-start=\"1612\" data-end=\"1631\">Tension de fonctionnement :<\/strong> 5V<\/p>\n<\/li>\n<li data-start=\"1638\" data-end=\"1665\">\n<p data-start=\"1640\" data-end=\"1665\"><strong data-start=\"1640\" data-end=\"1656\">Courant de sortie maximal\u00a0:<\/strong> 580 mA<\/p>\n<\/li>\n<li data-start=\"1666\" data-end=\"1707\">\n<p data-start=\"1668\" data-end=\"1707\"><strong data-start=\"1668\" data-end=\"1690\">Technologie de production :<\/strong> Lamination PET<\/p>\n<\/li>\n<li data-start=\"1708\" data-end=\"1731\">\n<p data-start=\"1710\" data-end=\"1731\"><strong data-start=\"1710\" data-end=\"1720\">Couverture:<\/strong> ABS + PC<\/p>\n<\/li>\n<li data-start=\"1732\" data-end=\"1766\">\n<p data-start=\"1734\" data-end=\"1766\"><strong data-start=\"1734\" data-end=\"1758\">Interface de chargement :<\/strong> Type U<\/p>\n<\/li>\n<li data-start=\"1767\" data-end=\"1790\">\n<p data-start=\"1769\" data-end=\"1790\"><strong data-start=\"1769\" data-end=\"1784\">Longueur du c\u00e2ble\u00a0:<\/strong> 3 m<\/p>\n<\/li>\n<li data-start=\"1791\" data-end=\"1829\">\n<p data-start=\"1793\" data-end=\"1829\"><strong data-start=\"1793\" data-end=\"1809\">Dimensions du produit\u00a0:<\/strong> 175 \u00d7 120 \u00d7 15 mm<\/p>\n<\/li>\n<\/ul>\n<hr data-start=\"1831\" data-end=\"1834\" \/>\n<h2 data-start=\"1836\" data-end=\"1868\">Contenu de la livraison (Liste des pi\u00e8ces)<\/h2>\n<ul data-start=\"1869\" data-end=\"1934\">\n<li data-start=\"1869\" data-end=\"1891\">\n<p data-start=\"1871\" data-end=\"1891\">Panneau solaire : <strong data-start=\"1881\" data-end=\"1889\">1 pi\u00e8ce<\/strong><\/p>\n<\/li>\n<li data-start=\"1892\" data-end=\"1912\">\n<p data-start=\"1894\" data-end=\"1912\">Rester: <strong data-start=\"1902\" data-end=\"1910\">1 pi\u00e8ce<\/strong><\/p>\n<\/li>\n<li data-start=\"1913\" data-end=\"1934\">\n<p data-start=\"1915\" data-end=\"1934\">Kit de vis : <strong data-start=\"1925\" data-end=\"1934\">1 ensemble<\/strong><\/p>\n<\/li>\n<\/ul>\n<p data-start=\"1936\" data-end=\"1975\"><strong data-start=\"1936\" data-end=\"1957\">Dimensions de l&#039;emballage\u00a0:<\/strong> 198 \u00d7 128 \u00d7 62 mm<\/p>","protected":false},"excerpt":{"rendered":"<p>Panneau solaire haute efficacit\u00e9 pour SecureX SirenGuard Pro et autres appareils 5V.<\/p>\n<p>Cellule monocristalline, conception r\u00e9sistante aux intemp\u00e9ries et montage flexible.<\/p>\n<p>C\u00e2ble de 3 m inclus.<\/p>","protected":false},"featured_media":162543,"template":"","meta":{"_acf_changed":false},"product_brand":[],"product_cat":[5064,5065],"product_tag":[],"class_list":{"0":"post-162548","1":"product","2":"type-product","3":"status-publish","4":"has-post-thumbnail","6":"product_cat-securex-sirener","7":"product_cat-securex-tillbehor","8":"pa_brands-securex","9":"tm-no-options","11":"first","12":"instock","13":"sale","14":"taxable","15":"shipping-taxable","16":"purchasable","17":"product-type-simple"},"acf":[],"_links":{"self":[{"href":"https:\/\/secureus.se\/fr\/wp-json\/wp\/v2\/product\/162548","targetHints":{"allow":["GET"]}}],"collection":[{"href":"https:\/\/secureus.se\/fr\/wp-json\/wp\/v2\/product"}],"about":[{"href":"https:\/\/secureus.se\/fr\/wp-json\/wp\/v2\/types\/product"}],"wp:featuredmedia":[{"embeddable":true,"href":"https:\/\/secureus.se\/fr\/wp-json\/wp\/v2\/media\/162543"}],"wp:attachment":[{"href":"https:\/\/secureus.se\/fr\/wp-json\/wp\/v2\/media?parent=162548"}],"wp:term":[{"taxonomy":"product_brand","embeddable":true,"href":"https:\/\/secureus.se\/fr\/wp-json\/wp\/v2\/product_brand?post=162548"},{"taxonomy":"product_cat","embeddable":true,"href":"https:\/\/secureus.se\/fr\/wp-json\/wp\/v2\/product_cat?post=162548"},{"taxonomy":"product_tag","embeddable":true,"href":"https:\/\/secureus.se\/fr\/wp-json\/wp\/v2\/product_tag?post=162548"}],"curies":[{"name":"wp","href":"https:\/\/api.w.org\/{rel}","templated":true}]}}