{"id":162564,"date":"2025-09-15T11:16:44","date_gmt":"2025-09-15T09:16:44","guid":{"rendered":"https:\/\/secureus.se\/?post_type=product&#038;p=162564"},"modified":"2026-04-16T10:55:56","modified_gmt":"2026-04-16T08:55:56","slug":"securex-smokeguard-insektskydd-och-led-larm","status":"publish","type":"product","link":"https:\/\/secureus.se\/fr\/securex-smokeguard-insektskydd-och-led-larm\/","title":{"rendered":"D\u00e9tecteur de fum\u00e9e SecureX SmokeGuard \u2013 EN14604 \u2013 Pile d&#039;une dur\u00e9e de vie de 10 ans"},"content":{"rendered":"<h2 data-start=\"230\" data-end=\"291\">D\u00e9tecteur de fum\u00e9e SecureX SmokeGuard \u2013 EN14604 avec une dur\u00e9e de vie de 10 ans<\/h2>\n<p data-start=\"293\" data-end=\"592\">SecureX SmokeGuard est un <strong data-start=\"318\" data-end=\"353\">D\u00e9tecteur de fum\u00e9e certifi\u00e9 EN14604<\/strong> Con\u00e7u pour assurer une protection incendie fiable et coordonn\u00e9e dans les habitations et les b\u00e2timents, il r\u00e9agit rapidement \u00e0 la fum\u00e9e et est destin\u00e9 aux zones o\u00f9 une alerte pr\u00e9coce est cruciale, telles que les chambres, les salons, les couloirs et les espaces communs.<\/p>\n<p data-start=\"594\" data-end=\"763\">Lorsque de la fum\u00e9e est d\u00e9tect\u00e9e, un <strong data-start=\"626\" data-end=\"667\">sir\u00e8ne puissante de \u226585 dB (\u00e0 3 m\u00e8tres)<\/strong> avec un indicateur LED clair, pour que le danger soit imm\u00e9diatement rep\u00e9r\u00e9 \u2013 m\u00eame la nuit.<\/p>\n<p data-start=\"765\" data-end=\"913\">La batterie au lithium int\u00e9gr\u00e9e a une dur\u00e9e de vie allant jusqu&#039;\u00e0 <strong data-start=\"823\" data-end=\"832\">10 ans<\/strong>ce qui rend SmokeGuard pratiquement sans entretien pendant toute sa dur\u00e9e de vie.<\/p>\n<hr data-start=\"915\" data-end=\"918\" \/>\n<h2 data-start=\"920\" data-end=\"979\">Protection incendie interconnect\u00e9e \u2013 toutes les unit\u00e9s d\u00e9clenchent simultan\u00e9ment l&#039;alarme incendie<\/h2>\n<p data-start=\"981\" data-end=\"1117\">SecureX SmokeGuard fait partie de <strong data-start=\"1013\" data-end=\"1036\">Syst\u00e8me anti-incendie SecureX<\/strong> et est utilis\u00e9 conjointement avec <strong data-start=\"1065\" data-end=\"1083\">Centre de s\u00e9curit\u00e9 X<\/strong>, qui est l&#039;unit\u00e9 centrale du syst\u00e8me.<\/p>\n<p data-start=\"1119\" data-end=\"1175\">Quand <strong data-start=\"1123\" data-end=\"1129\">un<\/strong> Le d\u00e9tecteur de fum\u00e9e ou de chaleur du syst\u00e8me d\u00e9clenche\u00a0:<\/p>\n<ul data-start=\"1176\" data-end=\"1312\">\n<li data-start=\"1176\" data-end=\"1228\">\n<p data-start=\"1178\" data-end=\"1228\"><strong data-start=\"1178\" data-end=\"1228\">Tous les d\u00e9tecteurs de fum\u00e9e et de chaleur se d\u00e9clenchent simultan\u00e9ment.<\/strong><\/p>\n<\/li>\n<li data-start=\"1229\" data-end=\"1267\">\n<p data-start=\"1231\" data-end=\"1267\">Des sir\u00e8nes sont activ\u00e9es sur l&#039;ensemble de la propri\u00e9t\u00e9<\/p>\n<\/li>\n<li data-start=\"1268\" data-end=\"1312\">\n<p data-start=\"1270\" data-end=\"1312\">Des notifications push sont envoy\u00e9es en temps r\u00e9el sur votre t\u00e9l\u00e9phone portable.<\/p>\n<\/li>\n<\/ul>\n<p data-start=\"1314\" data-end=\"1392\">L&#039;alarme <strong data-start=\"1321\" data-end=\"1391\">peut \u00eatre d\u00e9sactiv\u00e9 via le hub SecureX ou directement dans l&#039;application Stonehouse Smart<\/strong>.<\/p>\n<p class=\"ds-markdown-paragraph\"><strong>Est-il possible de connecter plusieurs d\u00e9tecteurs sans concentrateur ?<\/strong><br \/>\nAbsolument. Vous pouvez cr\u00e9er votre propre r\u00e9seau RF sans fil o\u00f9 tous les d\u00e9tecteurs sont interconnect\u00e9s.<\/p>\n<p class=\"ds-markdown-paragraph\">Si une alarme se d\u00e9clenche, tout le monde sonne \u2013 sans Wi-Fi ni internet. Id\u00e9al pour ceux qui recherchent un syst\u00e8me simple et fiable.<\/p>\n<p class=\"ds-markdown-paragraph\"><strong>Qu&#039;est-ce que j&#039;obtiens si je me connecte \u00e0 SecureX Connect Pro\u00a0?<\/strong><br \/>\nAvec le hub SecureX, vous b\u00e9n\u00e9ficiez de fonctionnalit\u00e9s \u00e9tendues\u00a0:<\/p>\n<ul>\n<li>\n<p class=\"ds-markdown-paragraph\">Tous les d\u00e9tecteurs se d\u00e9clenchent simultan\u00e9ment.<\/p>\n<\/li>\n<li>\n<p class=\"ds-markdown-paragraph\">Des notifications push sont envoy\u00e9es \u00e0 votre t\u00e9l\u00e9phone portable en cas d&#039;alarme.<\/p>\n<\/li>\n<li>\n<p class=\"ds-markdown-paragraph\">Vous pouvez consulter le statut et l&#039;historique dans l&#039;application Stonehouse Smart.<\/p>\n<\/li>\n<li>\n<p class=\"ds-markdown-paragraph\">Vous pouvez d\u00e9sactiver les alarmes via l&#039;application ou le hub<\/p>\n<\/li>\n<li>\n<p class=\"ds-markdown-paragraph\">Le syst\u00e8me devient un \u00e9l\u00e9ment de votre maison intelligente<\/p>\n<\/li>\n<\/ul>\n<p class=\"ds-markdown-paragraph\"><strong>Dois-je choisir entre une version autonome et une version connect\u00e9e\u00a0?<\/strong><br \/>\nNon. Vous pouvez commencer par un r\u00e9seau interconnect\u00e9 autonome et le connecter ult\u00e9rieurement \u00e0 SecureX Connect Pro lorsque vous souhaiterez contr\u00f4ler les applications et recevoir des notifications.<\/p>\n<p class=\"ds-markdown-paragraph\"><strong>Cela fonctionne-t-il m\u00eame en cas de panne d&#039;internet\u00a0?<\/strong><br \/>\nOui. La fonction d&#039;alarme et le r\u00e9seau interconnect\u00e9 fonctionnent en local, m\u00eame sans connexion internet. Internet est uniquement n\u00e9cessaire pour les notifications mobiles et le contr\u00f4le \u00e0 distance via l&#039;application.<\/p>\n<hr data-start=\"1494\" data-end=\"1497\" \/>\n<h2 data-start=\"1499\" data-end=\"1530\">Contr\u00f4le et compatibilit\u00e9 de l&#039;application<\/h2>\n<p data-start=\"1532\" data-end=\"1594\">Tous les \u00e9v\u00e9nements sont affich\u00e9s dans <strong data-start=\"1555\" data-end=\"1581\">L&#039;application Stonehouse Smart<\/strong>, o\u00f9 vous pouvez :<\/p>\n<ul data-start=\"1595\" data-end=\"1698\">\n<li data-start=\"1595\" data-end=\"1628\">\n<p data-start=\"1597\" data-end=\"1628\">V\u00e9rifiez quelle alarme a \u00e9t\u00e9 activ\u00e9e.<\/p>\n<\/li>\n<li data-start=\"1629\" data-end=\"1662\">\n<p data-start=\"1631\" data-end=\"1662\">Recevez des notifications push en temps r\u00e9el<\/p>\n<\/li>\n<li data-start=\"1663\" data-end=\"1698\">\n<p data-start=\"1665\" data-end=\"1698\">\u00c9teindre et r\u00e9initialiser l&#039;alarme<\/p>\n<\/li>\n<\/ul>\n<p data-start=\"1700\" data-end=\"1712\"><strong data-start=\"1700\" data-end=\"1712\">Important :<\/strong><\/p>\n<ul data-start=\"1713\" data-end=\"1902\">\n<li data-start=\"1713\" data-end=\"1755\">\n<p data-start=\"1715\" data-end=\"1755\">SmokeGuard se connecte au hub SecureX<\/p>\n<\/li>\n<li data-start=\"1756\" data-end=\"1819\">\n<p data-start=\"1758\" data-end=\"1819\">C&#039;est le hub qui est compatible avec <strong data-start=\"1794\" data-end=\"1817\">Tuya et Smart Life<\/strong><\/p>\n<\/li>\n<li data-start=\"1820\" data-end=\"1902\">\n<p data-start=\"1822\" data-end=\"1902\">Le d\u00e9tecteur de fum\u00e9e est <strong data-start=\"1838\" data-end=\"1864\">non directement compatible<\/strong> avec Tuya ou Smart Life sans hub<\/p>\n<\/li>\n<\/ul>\n<hr data-start=\"1904\" data-end=\"1907\" \/>\n<h2 data-start=\"1909\" data-end=\"1953\">Installation facile et communication stable<\/h2>\n<p data-start=\"1955\" data-end=\"2172\">SmokeGuard communique sans fil via <strong data-start=\"1992\" data-end=\"2003\">433 MHz<\/strong> Elle offre une port\u00e9e stable dans toute la maison ou la propri\u00e9t\u00e9. Facile \u00e0 installer au plafond, sa tr\u00e8s faible consommation en veille contribue \u00e0 la longue dur\u00e9e de vie de la batterie.<\/p>\n<p data-start=\"2174\" data-end=\"2257\">Gr\u00e2ce \u00e0 sa conception discr\u00e8te, le d\u00e9tecteur de fum\u00e9e se fond dans le d\u00e9cor sans perturber la tranquillit\u00e9 des lieux.<\/p>\n<hr data-start=\"2259\" data-end=\"2262\" \/>\n<h2 data-start=\"2264\" data-end=\"2288\">Avantages et fonctionnalit\u00e9s<\/h2>\n<ul data-start=\"2290\" data-end=\"2775\">\n<li data-start=\"2290\" data-end=\"2325\">\n<p data-start=\"2292\" data-end=\"2325\">D\u00e9tecteur de fum\u00e9e certifi\u00e9 EN14604<\/p>\n<\/li>\n<li data-start=\"2326\" data-end=\"2370\">\n<p data-start=\"2328\" data-end=\"2370\">Int\u00e9gr\u00e9 <strong data-start=\"2336\" data-end=\"2353\">Batterie d&#039;une dur\u00e9e de vie de 10 ans<\/strong> \u2013 1 pi\u00e8ce <span data-teams=\"true\">CR123A<\/span><\/p>\n<\/li>\n<li data-start=\"2371\" data-end=\"2415\">\n<p data-start=\"2373\" data-end=\"2415\">Sir\u00e8ne puissante \u226585 dB et indicateur LED<\/p>\n<\/li>\n<li data-start=\"2416\" data-end=\"2466\">\n<p data-start=\"2418\" data-end=\"2466\">Tous les d\u00e9tecteurs de fum\u00e9e et de chaleur se d\u00e9clenchent simultan\u00e9ment.<\/p>\n<\/li>\n<li data-start=\"2467\" data-end=\"2518\">\n<p data-start=\"2469\" data-end=\"2518\">L&#039;alarme est d\u00e9sactiv\u00e9e via <strong data-start=\"2488\" data-end=\"2516\">hub ou application SecureX<\/strong><\/p>\n<\/li>\n<li data-start=\"2519\" data-end=\"2580\">\n<p data-start=\"2521\" data-end=\"2580\">Fr\u00e9quence sans fil : <strong data-start=\"2539\" data-end=\"2559\">433 MHz (EV1527)<\/strong>, encod\u00e9 pour SecureX<\/p>\n<\/li>\n<li data-start=\"2581\" data-end=\"2643\">\n<p data-start=\"2583\" data-end=\"2643\">Connexion jusqu&#039;\u00e0 <strong data-start=\"2610\" data-end=\"2641\">40 d\u00e9tecteurs de fum\u00e9e et de chaleur<\/strong><\/p>\n<\/li>\n<li data-start=\"2644\" data-end=\"2692\">\n<p data-start=\"2646\" data-end=\"2692\">Notifications en temps r\u00e9el dans <strong data-start=\"2664\" data-end=\"2690\">L&#039;application Stonehouse Smart<\/strong><\/p>\n<\/li>\n<li data-start=\"2693\" data-end=\"2740\">\n<p data-start=\"2695\" data-end=\"2740\">Communication sans fil stable au sein de votre propre r\u00e9seau<\/p>\n<\/li>\n<li data-start=\"2741\" data-end=\"2775\">\n<p data-start=\"2743\" data-end=\"2775\">Montage au plafond simple et discret<\/p>\n<\/li>\n<li data-start=\"2741\" data-end=\"2775\">Dimensions : 93 x 35 mm<\/li>\n<\/ul>\n<hr data-start=\"2777\" data-end=\"2780\" \/>\n<h2 data-start=\"2782\" data-end=\"2803\">Domaines d&#039;utilisation<\/h2>\n<ul data-start=\"2805\" data-end=\"2937\">\n<li data-start=\"2805\" data-end=\"2830\">\n<p data-start=\"2807\" data-end=\"2830\">Chambre et salon<\/p>\n<\/li>\n<li data-start=\"2831\" data-end=\"2865\">\n<p data-start=\"2833\" data-end=\"2865\">Halls et espaces communs<\/p>\n<\/li>\n<li data-start=\"2866\" data-end=\"2903\">\n<p data-start=\"2868\" data-end=\"2903\">Villas, appartements et maisons de vacances<\/p>\n<\/li>\n<li data-start=\"2904\" data-end=\"2937\">\n<p data-start=\"2906\" data-end=\"2937\">Bureaux et propri\u00e9t\u00e9s plus importantes<\/p>\n<\/li>\n<\/ul>\n<hr data-start=\"2939\" data-end=\"2942\" \/>\n<h2 data-start=\"2944\" data-end=\"2963\">Contenu de la livraison<\/h2>\n<ul data-start=\"2965\" data-end=\"3082\">\n<li data-start=\"2965\" data-end=\"3005\">\n<p data-start=\"2967\" data-end=\"3005\">D\u00e9tecteur de fum\u00e9e SecureX SmokeGuard : 1 pi\u00e8ce<\/p>\n<\/li>\n<li data-start=\"3006\" data-end=\"3031\">\n<p data-start=\"3008\" data-end=\"3031\">Support de montage : 1 pi\u00e8ce<\/p>\n<\/li>\n<li data-start=\"3032\" data-end=\"3049\">\n<p data-start=\"3034\" data-end=\"3049\">Vis : 3 pi\u00e8ces<\/p>\n<\/li>\n<li data-start=\"3050\" data-end=\"3065\">\n<p data-start=\"3052\" data-end=\"3065\">Prise : 3 pi\u00e8ces<\/p>\n<\/li>\n<li data-start=\"3066\" data-end=\"3082\">\n<p data-start=\"3068\" data-end=\"3082\">Manuel : 1 pi\u00e8ce<\/p>\n<\/li>\n<li data-start=\"3066\" data-end=\"3082\">Batterie pr\u00e9install\u00e9e \u2013 <span data-teams=\"true\">CR123A<\/span><\/li>\n<\/ul>","protected":false},"excerpt":{"rendered":"<p data-start=\"2463\" data-end=\"2616\">D\u00e9tecteur de fum\u00e9e certifi\u00e9 EN14604 avec batterie int\u00e9gr\u00e9e d&#039;une dur\u00e9e de vie de 10 ans.<\/p>\n<p data-start=\"2463\" data-end=\"2616\">Se connecte via le hub SecureX pour les alarmes partag\u00e9es et les notifications push dans l&#039;application Stonehouse Smart.<\/p>","protected":false},"featured_media":163789,"template":"","meta":{"_acf_changed":false},"product_brand":[],"product_cat":[5062],"product_tag":[],"class_list":{"0":"post-162564","1":"product","2":"type-product","3":"status-publish","4":"has-post-thumbnail","6":"product_cat-securex-brand-gassensorer","7":"pa_brands-securex-connect-pro","8":"pa_brands-stonehouse-smart","9":"tm-no-options","11":"first","12":"instock","13":"sale","14":"taxable","15":"shipping-taxable","16":"purchasable","17":"product-type-simple"},"acf":[],"_links":{"self":[{"href":"https:\/\/secureus.se\/fr\/wp-json\/wp\/v2\/product\/162564","targetHints":{"allow":["GET"]}}],"collection":[{"href":"https:\/\/secureus.se\/fr\/wp-json\/wp\/v2\/product"}],"about":[{"href":"https:\/\/secureus.se\/fr\/wp-json\/wp\/v2\/types\/product"}],"wp:featuredmedia":[{"embeddable":true,"href":"https:\/\/secureus.se\/fr\/wp-json\/wp\/v2\/media\/163789"}],"wp:attachment":[{"href":"https:\/\/secureus.se\/fr\/wp-json\/wp\/v2\/media?parent=162564"}],"wp:term":[{"taxonomy":"product_brand","embeddable":true,"href":"https:\/\/secureus.se\/fr\/wp-json\/wp\/v2\/product_brand?post=162564"},{"taxonomy":"product_cat","embeddable":true,"href":"https:\/\/secureus.se\/fr\/wp-json\/wp\/v2\/product_cat?post=162564"},{"taxonomy":"product_tag","embeddable":true,"href":"https:\/\/secureus.se\/fr\/wp-json\/wp\/v2\/product_tag?post=162564"}],"curies":[{"name":"wp","href":"https:\/\/api.w.org\/{rel}","templated":true}]}}