{"id":162575,"date":"2025-09-15T11:16:44","date_gmt":"2025-09-15T09:16:44","guid":{"rendered":"https:\/\/secureus.se\/?post_type=product&#038;p=162575"},"modified":"2026-04-09T15:42:43","modified_gmt":"2026-04-09T13:42:43","slug":"securex-doorsense-garage-larm","status":"publish","type":"product","link":"https:\/\/secureus.se\/fr\/securex-doorsense-garage-larm\/","title":{"rendered":"SecureX DoorSense Garage \u2013 Syst\u00e8me sans fil pour portes sectionnelles et portes industrielles"},"content":{"rendered":"<h2 data-start=\"238\" data-end=\"323\">SecureX DoorSense Garage \u2013 capteur sans fil pour portes de garage et portes industrielles<\/h2>\n<p data-start=\"325\" data-end=\"653\">SecureX DoorSense Garage est un <strong data-start=\"356\" data-end=\"396\">capteur sans fil robuste et fiable<\/strong> Con\u00e7u pour surveiller les portes de garage, les volets roulants, les portes industrielles et les portails, ce capteur d\u00e9tecte imm\u00e9diatement toute ouverture ou tentative d&#039;effraction et envoie une alarme directement au syst\u00e8me. <strong data-start=\"593\" data-end=\"611\">Centre de s\u00e9curit\u00e9 X<\/strong>, qui g\u00e8re l&#039;alarme de mani\u00e8re centralis\u00e9e dans le syst\u00e8me.<\/p>\n<p data-start=\"655\" data-end=\"811\">Via <strong data-start=\"659\" data-end=\"685\">L&#039;application Stonehouse Smart<\/strong> Vous recevrez des notifications push en temps r\u00e9el et un aper\u00e7u complet de l&#039;\u00e9tat des ports, que vous soyez sur site ou \u00e0 distance.<\/p>\n<hr data-start=\"813\" data-end=\"816\" \/>\n<h3 data-start=\"818\" data-end=\"858\">Protection fiable pour les environnements exigeants<\/h3>\n<p data-start=\"859\" data-end=\"1110\">DoorSense Garage est con\u00e7u pour fonctionner aussi bien dans les environnements priv\u00e9s qu&#039;industriels. Il r\u00e9siste \u00e0 une forte humidit\u00e9 (jusqu&#039;\u00e0 95 % HR sans condensation) et est con\u00e7u pour un fonctionnement stable m\u00eame dans les garages, les entrep\u00f4ts et les ateliers o\u00f9 la temp\u00e9rature et l&#039;environnement peuvent varier.<\/p>\n<p data-start=\"1112\" data-end=\"1251\">Gr\u00e2ce \u00e0 sa conception compacte et discr\u00e8te, le capteur est facile \u00e0 installer m\u00eame sur les portails et les portes de grande taille, sans perturber son fonctionnement ni son apparence.<\/p>\n<hr data-start=\"1253\" data-end=\"1256\" \/>\n<h3 data-start=\"1258\" data-end=\"1300\">Communication stable et longue autonomie de la batterie<\/h3>\n<p data-start=\"1301\" data-end=\"1541\">Le capteur communique sans fil via <strong data-start=\"1335\" data-end=\"1355\">433 MHz (EV1527)<\/strong> Avec le hub SecureX et cod\u00e9 pour le syst\u00e8me SecureX afin d&#039;assurer une transmission s\u00e9curis\u00e9e et stable, DoorSense Garage est aliment\u00e9 par un <strong data-start=\"1472\" data-end=\"1491\">Batterie 23A 12V<\/strong>, ce qui garantit une longue dur\u00e9e de fonctionnement et un entretien minimal.<\/p>\n<hr data-start=\"1543\" data-end=\"1546\" \/>\n<h3 data-start=\"1548\" data-end=\"1578\">Faisant partie du syst\u00e8me SecureX<\/h3>\n<p data-start=\"1579\" data-end=\"1679\">SecureX DoorSense Garage est un capteur pour SecureX et est toujours utilis\u00e9 avec le hub SecureX.<\/p>\n<ul data-start=\"1681\" data-end=\"1862\">\n<li data-start=\"1681\" data-end=\"1720\">\n<p data-start=\"1683\" data-end=\"1720\">Le capteur se connecte au hub SecureX.<\/p>\n<\/li>\n<li data-start=\"1721\" data-end=\"1758\">\n<p data-start=\"1723\" data-end=\"1758\">La gestion des alarmes s&#039;effectue via le hub.<\/p>\n<\/li>\n<li data-start=\"1759\" data-end=\"1821\">\n<p data-start=\"1761\" data-end=\"1821\">Compatibilit\u00e9 avec <strong data-start=\"1780\" data-end=\"1819\">Tuya et Smart Life fonctionnent via le hub.<\/strong><\/p>\n<\/li>\n<li data-start=\"1822\" data-end=\"1862\">\n<p data-start=\"1824\" data-end=\"1862\">Le capteur ne peut pas \u00eatre utilis\u00e9 seul.<\/p>\n<\/li>\n<\/ul>\n<p data-start=\"1864\" data-end=\"1921\">Ceci s&#039;applique \u00e0 ce produit et \u00e0 tous les capteurs SecureX.<\/p>\n<hr data-start=\"1923\" data-end=\"1926\" \/>\n<h3 data-start=\"1928\" data-end=\"1950\">Avantages en bref<\/h3>\n<ul data-start=\"1951\" data-end=\"2283\">\n<li data-start=\"1951\" data-end=\"2016\">\n<p data-start=\"1953\" data-end=\"2016\">Convient aux portes de garage, aux volets roulants et aux portes industrielles<\/p>\n<\/li>\n<li data-start=\"2017\" data-end=\"2056\">\n<p data-start=\"2019\" data-end=\"2056\">Alarme d\u00e9clench\u00e9e en cas d&#039;ouverture ou de manipulation<\/p>\n<\/li>\n<li data-start=\"2057\" data-end=\"2096\">\n<p data-start=\"2059\" data-end=\"2096\">Int\u00e9gration compl\u00e8te avec le hub SecureX<\/p>\n<\/li>\n<li data-start=\"2097\" data-end=\"2137\">\n<p data-start=\"2099\" data-end=\"2137\">Notifications push dans l&#039;application Stonehouse Smart<\/p>\n<\/li>\n<li data-start=\"2138\" data-end=\"2180\">\n<p data-start=\"2140\" data-end=\"2180\">Communication sans fil stable (433 MHz)<\/p>\n<\/li>\n<li data-start=\"2181\" data-end=\"2224\">\n<p data-start=\"2183\" data-end=\"2224\">Construction durable pour environnements exigeants<\/p>\n<\/li>\n<li data-start=\"2225\" data-end=\"2260\">\n<p data-start=\"2227\" data-end=\"2260\">Fonctionnement sur batterie pour une longue dur\u00e9e de vie<\/p>\n<\/li>\n<li data-start=\"2261\" data-end=\"2283\">\n<p data-start=\"2263\" data-end=\"2283\">Installation simple<\/p>\n<\/li>\n<\/ul>\n<hr data-start=\"2285\" data-end=\"2288\" \/>\n<h3 data-start=\"2290\" data-end=\"2320\">Utilisations typiques<\/h3>\n<ul data-start=\"2321\" data-end=\"2456\">\n<li data-start=\"2321\" data-end=\"2365\">\n<p data-start=\"2323\" data-end=\"2365\">Portes de garage dans les villas et les immeubles d&#039;appartements<\/p>\n<\/li>\n<li data-start=\"2366\" data-end=\"2405\">\n<p data-start=\"2368\" data-end=\"2405\">Portes industrielles et volets roulants<\/p>\n<\/li>\n<li data-start=\"2406\" data-end=\"2423\">\n<p data-start=\"2408\" data-end=\"2423\">Espaces de stockage<\/p>\n<\/li>\n<li data-start=\"2424\" data-end=\"2456\">\n<p data-start=\"2426\" data-end=\"2456\">Ateliers et locaux commerciaux<\/p>\n<\/li>\n<\/ul>\n<hr data-start=\"2458\" data-end=\"2461\" \/>\n<h3 data-start=\"2463\" data-end=\"2488\">Sp\u00e9cification technique<\/h3>\n<ul data-start=\"2489\" data-end=\"2704\">\n<li data-start=\"2489\" data-end=\"2506\">\n<p data-start=\"2491\" data-end=\"2506\">Mod\u00e8le : SS010<\/p>\n<\/li>\n<li data-start=\"2507\" data-end=\"2544\">\n<p data-start=\"2509\" data-end=\"2544\">Alimentation : batterie 23A 12V<\/p>\n<\/li>\n<li data-start=\"2545\" data-end=\"2599\">\n<p data-start=\"2547\" data-end=\"2599\">Communication : 433 MHz (EV1527), encod\u00e9e pour SecureX<\/p>\n<\/li>\n<li data-start=\"2600\" data-end=\"2647\">\n<p data-start=\"2602\" data-end=\"2647\">Humidit\u00e9 relative : &lt;95 % (sans condensation)<\/p>\n<\/li>\n<li data-start=\"2648\" data-end=\"2668\">\n<p data-start=\"2650\" data-end=\"2668\">Poids : environ 0,05 kg<\/p>\n<\/li>\n<li data-start=\"2669\" data-end=\"2704\">\n<p data-start=\"2671\" data-end=\"2704\">Dimensions de l&#039;emballage : 10 \u00d7 8 \u00d7 6 cm<\/p>\n<\/li>\n<\/ul>\n<hr data-start=\"2706\" data-end=\"2709\" \/>\n<h3 data-start=\"2711\" data-end=\"2731\">Contenu de la livraison<\/h3>\n<ul data-start=\"2732\" data-end=\"2818\">\n<li data-start=\"2732\" data-end=\"2773\">\n<p data-start=\"2734\" data-end=\"2773\">Capteur de porte de garage SecureX DoorSense\u00a0: 1 pi\u00e8ce<\/p>\n<\/li>\n<li data-start=\"2774\" data-end=\"2801\">\n<p data-start=\"2776\" data-end=\"2801\">Vis de fixation : 4 pi\u00e8ces<\/p>\n<\/li>\n<li data-start=\"2802\" data-end=\"2818\">\n<p data-start=\"2804\" data-end=\"2818\">Manuel : 1 pi\u00e8ce<\/p>\n<\/li>\n<\/ul>","protected":false},"excerpt":{"rendered":"<p>SecureX DoorSense pour volets roulants et portes industrielles est un contact magn\u00e9tique sans fil qui assure une surveillance fiable via WiFi et 433 MHz.<\/p>\n<p>Enti\u00e8rement int\u00e9gr\u00e9 au hub SecureX, adapt\u00e9 \u00e0 l&#039;application Stonehouse Smart et compatible avec Tuya\/Smart Life.<\/p>\n<p>Installation facile et longue dur\u00e9e de vie gr\u00e2ce \u00e0 la batterie 23A 12V.<\/p>","protected":false},"featured_media":162571,"template":"","meta":{"_acf_changed":false},"product_brand":[],"product_cat":[5061],"product_tag":[],"class_list":{"0":"post-162575","1":"product","2":"type-product","3":"status-publish","4":"has-post-thumbnail","6":"product_cat-securex-larmsensorer","7":"pa_brands-securex-connect-pro","8":"pa_brands-stonehouse-smart","9":"tm-no-options","11":"first","12":"instock","13":"sale","14":"taxable","15":"shipping-taxable","16":"purchasable","17":"product-type-simple"},"acf":[],"_links":{"self":[{"href":"https:\/\/secureus.se\/fr\/wp-json\/wp\/v2\/product\/162575","targetHints":{"allow":["GET"]}}],"collection":[{"href":"https:\/\/secureus.se\/fr\/wp-json\/wp\/v2\/product"}],"about":[{"href":"https:\/\/secureus.se\/fr\/wp-json\/wp\/v2\/types\/product"}],"wp:featuredmedia":[{"embeddable":true,"href":"https:\/\/secureus.se\/fr\/wp-json\/wp\/v2\/media\/162571"}],"wp:attachment":[{"href":"https:\/\/secureus.se\/fr\/wp-json\/wp\/v2\/media?parent=162575"}],"wp:term":[{"taxonomy":"product_brand","embeddable":true,"href":"https:\/\/secureus.se\/fr\/wp-json\/wp\/v2\/product_brand?post=162575"},{"taxonomy":"product_cat","embeddable":true,"href":"https:\/\/secureus.se\/fr\/wp-json\/wp\/v2\/product_cat?post=162575"},{"taxonomy":"product_tag","embeddable":true,"href":"https:\/\/secureus.se\/fr\/wp-json\/wp\/v2\/product_tag?post=162575"}],"curies":[{"name":"wp","href":"https:\/\/api.w.org\/{rel}","templated":true}]}}