{"id":162581,"date":"2025-09-15T11:16:44","date_gmt":"2025-09-15T09:16:44","guid":{"rendered":"https:\/\/secureus.se\/?post_type=product&#038;p=162581"},"modified":"2026-04-09T15:44:05","modified_gmt":"2026-04-09T13:44:05","slug":"securex-gasshield-for-naturgas-och-lpg","status":"publish","type":"product","link":"https:\/\/secureus.se\/fr\/securex-gasshield-for-naturgas-och-lpg\/","title":{"rendered":"SecureX GasShield \u2013 Pour le gaz naturel et le GPL"},"content":{"rendered":"<h2 data-start=\"203\" data-end=\"263\">SecureX GasShield \u2013 d\u00e9tecteur de gaz intelligent pour le m\u00e9thane et le GPL<\/h2>\n<p data-start=\"265\" data-end=\"544\">SecureX GasShield est un <strong data-start=\"289\" data-end=\"323\">d\u00e9tecteur de gaz rapide et fiable<\/strong> qui prot\u00e8ge les habitations, les r\u00e9sidences secondaires et les entreprises contre les fuites de gaz dangereuses. Il est con\u00e7u pour la d\u00e9tection pr\u00e9coce des deux. <strong data-start=\"442\" data-end=\"467\">gaz naturel (m\u00e9thane, CH\u2084)<\/strong> et <strong data-start=\"472\" data-end=\"487\">GPL (essence)<\/strong> et avertit clairement avant que le gaz n&#039;atteigne des niveaux dangereux.<\/p>\n<p data-start=\"546\" data-end=\"747\">Lorsqu&#039;un gaz est d\u00e9tect\u00e9, un <strong data-start=\"577\" data-end=\"608\">Son d&#039;alarme puissant de \u226580 dB<\/strong> ainsi qu&#039;un indicateur LED clair. Simultan\u00e9ment, l&#039;alarme est transmise \u00e0 <strong data-start=\"687\" data-end=\"705\">Centre de s\u00e9curit\u00e9 X<\/strong>, qui g\u00e8re l&#039;alarme de mani\u00e8re centralis\u00e9e dans le syst\u00e8me.<\/p>\n<p data-start=\"749\" data-end=\"878\">Tous les \u00e9v\u00e9nements et notifications sont affich\u00e9s dans <strong data-start=\"784\" data-end=\"810\">L&#039;application Stonehouse Smart<\/strong>, o\u00f9 vous b\u00e9n\u00e9ficiez d&#039;un contr\u00f4le total et d&#039;informations en temps r\u00e9el directement sur votre t\u00e9l\u00e9phone portable.<\/p>\n<hr data-start=\"880\" data-end=\"883\" \/>\n<h3 data-start=\"885\" data-end=\"930\">R\u00e9ponse rapide gr\u00e2ce \u00e0 une technologie de capteurs avanc\u00e9e<\/h3>\n<p data-start=\"931\" data-end=\"1191\">GasShield utilise <strong data-start=\"950\" data-end=\"980\">technologie de diffusion avanc\u00e9e<\/strong> Ce capteur permet de r\u00e9agir rapidement \u00e0 une fuite de gaz, avant que celui-ci n&#039;ait le temps de s&#039;accumuler et de provoquer un incendie ou une explosion. Il est donc particuli\u00e8rement adapt\u00e9 aux environnements o\u00f9 le gaz est utilis\u00e9 quotidiennement ou lorsque la surveillance n&#039;est pas syst\u00e9matique.<\/p>\n<hr data-start=\"1193\" data-end=\"1196\" \/>\n<h3 data-start=\"1198\" data-end=\"1255\">Int\u00e9gration avec SecureX \u2013 bien plus qu&#039;une simple alarme locale<\/h3>\n<p data-start=\"1256\" data-end=\"1385\">Le d\u00e9tecteur de gaz SecureX GasShield peut \u00eatre utilis\u00e9 de mani\u00e8re autonome comme d\u00e9tecteur de gaz local, mais ses fonctionnalit\u00e9s sont optimales lorsqu&#039;il est connect\u00e9 \u00e0 un r\u00e9seau. <strong data-start=\"1366\" data-end=\"1384\">Centre de s\u00e9curit\u00e9 X<\/strong>.<\/p>\n<p data-start=\"1387\" data-end=\"1405\">Par le biais de la plateforme, vous obtenez\u00a0:<\/p>\n<ul data-start=\"1406\" data-end=\"1584\">\n<li data-start=\"1406\" data-end=\"1431\">\n<p data-start=\"1408\" data-end=\"1431\">gestion centralis\u00e9e des alarmes<\/p>\n<\/li>\n<li data-start=\"1432\" data-end=\"1484\">\n<p data-start=\"1434\" data-end=\"1484\">notifications push en temps r\u00e9el via l&#039;application Stonehouse Smart<\/p>\n<\/li>\n<li data-start=\"1485\" data-end=\"1546\">\n<p data-start=\"1487\" data-end=\"1546\">possibilit\u00e9 de combiner les d\u00e9tecteurs de gaz avec d&#039;autres appareils SecureX<\/p>\n<\/li>\n<li data-start=\"1547\" data-end=\"1584\">\n<p data-start=\"1549\" data-end=\"1584\">soutien pour des actions compl\u00e9mentaires en cas d&#039;alarme<\/p>\n<\/li>\n<\/ul>\n<p data-start=\"1586\" data-end=\"1676\">Pour plus de flexibilit\u00e9, compatibilit\u00e9 avec <strong data-start=\"1633\" data-end=\"1675\">Tuya et Smart Life via le hub SecureX<\/strong>.<\/p>\n<hr data-start=\"1678\" data-end=\"1681\" \/>\n<h3 data-start=\"1683\" data-end=\"1730\">Sortie relais pour la commande de s\u00e9curit\u00e9 automatique<\/h3>\n<p data-start=\"1731\" data-end=\"1840\">GasShield est \u00e9quip\u00e9 de <strong data-start=\"1757\" data-end=\"1786\">sortie relais (12V \/ 300 mA)<\/strong> ce qui permet de contr\u00f4ler automatiquement, par exemple\u00a0:<\/p>\n<ul data-start=\"1841\" data-end=\"1923\">\n<li data-start=\"1841\" data-end=\"1876\">\n<p data-start=\"1843\" data-end=\"1876\">\u00e9lectrovanne pour la coupure du gaz<\/p>\n<\/li>\n<li data-start=\"1877\" data-end=\"1893\">\n<p data-start=\"1879\" data-end=\"1893\">sir\u00e8ne ext\u00e9rieure<\/p>\n<\/li>\n<li data-start=\"1894\" data-end=\"1923\">\n<p data-start=\"1896\" data-end=\"1923\">autres \u00e9quipements de s\u00e9curit\u00e9<\/p>\n<\/li>\n<\/ul>\n<p data-start=\"1925\" data-end=\"2000\">Cela offre une protection active capable de r\u00e9duire les dommages m\u00eame en cas de d\u00e9tection pr\u00e9coce.<\/p>\n<hr data-start=\"2002\" data-end=\"2005\" \/>\n<h3 data-start=\"2007\" data-end=\"2042\">Fonctionnement stable et longue dur\u00e9e de vie<\/h3>\n<p data-start=\"2043\" data-end=\"2248\">GasShield est aliment\u00e9 par <strong data-start=\"2063\" data-end=\"2089\">Micro USB (DC 5V \/ 1A)<\/strong> pour un fonctionnement stable et continu. Le capteur a une faible consommation d&#039;\u00e9nergie et un <strong data-start=\"2165\" data-end=\"2201\">dur\u00e9e de vie du capteur jusqu&#039;\u00e0 5 ans<\/strong>, qui assure un fonctionnement durable et fiable.<\/p>\n<hr data-start=\"2250\" data-end=\"2253\" \/>\n<h3 data-start=\"2255\" data-end=\"2277\">Avantages en bref<\/h3>\n<ul data-start=\"2278\" data-end=\"2670\">\n<li data-start=\"2278\" data-end=\"2324\">\n<p data-start=\"2280\" data-end=\"2324\">D\u00e9tecte le gaz naturel (m\u00e9thane) et le GPL (gaz de p\u00e9trole liqu\u00e9fi\u00e9).<\/p>\n<\/li>\n<li data-start=\"2325\" data-end=\"2380\">\n<p data-start=\"2327\" data-end=\"2380\">R\u00e9action rapide gr\u00e2ce \u00e0 une technologie de diffusion avanc\u00e9e<\/p>\n<\/li>\n<li data-start=\"2381\" data-end=\"2425\">\n<p data-start=\"2383\" data-end=\"2425\">Alarme sonore puissante \u2265 80 dB + indicateur LED<\/p>\n<\/li>\n<li data-start=\"2426\" data-end=\"2460\">\n<p data-start=\"2428\" data-end=\"2460\">Int\u00e9gration avec le hub SecureX<\/p>\n<\/li>\n<li data-start=\"2461\" data-end=\"2507\">\n<p data-start=\"2463\" data-end=\"2507\">Notifications en temps r\u00e9el via l&#039;application Stonehouse Smart<\/p>\n<\/li>\n<li data-start=\"2508\" data-end=\"2557\">\n<p data-start=\"2510\" data-end=\"2557\">Sortie relais pour commande de vanne ou de s\u00e9curit\u00e9<\/p>\n<\/li>\n<li data-start=\"2558\" data-end=\"2598\">\n<p data-start=\"2560\" data-end=\"2598\">Fonctionnement USB stable et faible consommation<\/p>\n<\/li>\n<li data-start=\"2599\" data-end=\"2639\">\n<p data-start=\"2601\" data-end=\"2639\">Longue dur\u00e9e de vie du capteur \u2013 jusqu&#039;\u00e0 5 ans<\/p>\n<\/li>\n<li data-start=\"2640\" data-end=\"2670\">\n<p data-start=\"2642\" data-end=\"2670\">Design compact et discret<\/p>\n<\/li>\n<\/ul>\n<hr data-start=\"2672\" data-end=\"2675\" \/>\n<h3 data-start=\"2677\" data-end=\"2707\">Utilisations typiques<\/h3>\n<ul data-start=\"2708\" data-end=\"2837\">\n<li data-start=\"2708\" data-end=\"2733\">\n<p data-start=\"2710\" data-end=\"2733\">Villas et appartements<\/p>\n<\/li>\n<li data-start=\"2734\" data-end=\"2767\">\n<p data-start=\"2736\" data-end=\"2767\">Cuisines, restaurants et chaufferies<\/p>\n<\/li>\n<li data-start=\"2768\" data-end=\"2801\">\n<p data-start=\"2770\" data-end=\"2801\">Garage, sous-sol et local technique<\/p>\n<\/li>\n<li data-start=\"2802\" data-end=\"2837\">\n<p data-start=\"2804\" data-end=\"2837\">Caravanes, maisons de vacances et bateaux<\/p>\n<\/li>\n<\/ul>\n<hr data-start=\"2839\" data-end=\"2842\" \/>\n<h3 data-start=\"2844\" data-end=\"2869\">Sp\u00e9cification technique<\/h3>\n<ul data-start=\"2870\" data-end=\"3337\">\n<li data-start=\"2870\" data-end=\"2914\">\n<p data-start=\"2872\" data-end=\"2914\">Alimentation : CC 5 V\/1 A (Micro USB)<\/p>\n<\/li>\n<li data-start=\"2915\" data-end=\"2939\">\n<p data-start=\"2917\" data-end=\"2939\">Consommation : &lt;170 mA<\/p>\n<\/li>\n<li data-start=\"2940\" data-end=\"2985\">\n<p data-start=\"2942\" data-end=\"2985\">D\u00e9tection de gaz\u00a0: Gaz naturel (CH\u2084), GPL (gaz)<\/p>\n<\/li>\n<li data-start=\"2986\" data-end=\"3012\">\n<p data-start=\"2988\" data-end=\"3012\">Niveau d&#039;alarme : \u2265 80 dB + LED<\/p>\n<\/li>\n<li data-start=\"3013\" data-end=\"3041\">\n<p data-start=\"3015\" data-end=\"3041\">Temps de r\u00e9ponse : \u2264 30 secondes<\/p>\n<\/li>\n<li data-start=\"3042\" data-end=\"3084\">\n<p data-start=\"3044\" data-end=\"3084\">Sortie relais : 12 V \/ 300 mA (15 secondes)<\/p>\n<\/li>\n<li data-start=\"3085\" data-end=\"3139\">\n<p data-start=\"3087\" data-end=\"3139\">Communication : 433 MHz (EV1527), encod\u00e9e pour SecureX<\/p>\n<\/li>\n<li data-start=\"3140\" data-end=\"3180\">\n<p data-start=\"3142\" data-end=\"3180\">Temp\u00e9rature de fonctionnement : \u221210 \u00b0C \u00e0 +55 \u00b0C<\/p>\n<\/li>\n<li data-start=\"3181\" data-end=\"3237\">\n<p data-start=\"3183\" data-end=\"3237\">Humidit\u00e9 relative : &lt;95 % HR (sans condensation)<\/p>\n<\/li>\n<li data-start=\"3238\" data-end=\"3274\">\n<p data-start=\"3240\" data-end=\"3274\">Temps d&#039;\u00e9chauffement\u00a0: environ 180 secondes<\/p>\n<\/li>\n<li data-start=\"3275\" data-end=\"3309\">\n<p data-start=\"3277\" data-end=\"3309\">Dur\u00e9e de vie du capteur : jusqu&#039;\u00e0 5 ans<\/p>\n<\/li>\n<li data-start=\"3310\" data-end=\"3337\">\n<p data-start=\"3312\" data-end=\"3337\">Dimensions : 86 \u00d7 86 \u00d7 24,5 mm<\/p>\n<\/li>\n<\/ul>","protected":false},"excerpt":{"rendered":"<p>D\u00e9tecteur de gaz intelligent qui alerte en cas de <strong data-start=\"2215\" data-end=\"2237\">gaz naturel et GPL<\/strong> avec un son \u226580 dB et une LED.<\/p>\n<p>Se connecte au hub SecureX et \u00e0 l&#039;application Stonehouse Smart pour les notifications mobiles.<\/p>","protected":false},"featured_media":162576,"template":"","meta":{"_acf_changed":false},"product_brand":[],"product_cat":[5062],"product_tag":[],"class_list":{"0":"post-162581","1":"product","2":"type-product","3":"status-publish","4":"has-post-thumbnail","6":"product_cat-securex-brand-gassensorer","7":"pa_brands-securex","8":"tm-no-options","10":"first","11":"instock","12":"sale","13":"taxable","14":"shipping-taxable","15":"purchasable","16":"product-type-simple"},"acf":[],"_links":{"self":[{"href":"https:\/\/secureus.se\/fr\/wp-json\/wp\/v2\/product\/162581","targetHints":{"allow":["GET"]}}],"collection":[{"href":"https:\/\/secureus.se\/fr\/wp-json\/wp\/v2\/product"}],"about":[{"href":"https:\/\/secureus.se\/fr\/wp-json\/wp\/v2\/types\/product"}],"wp:featuredmedia":[{"embeddable":true,"href":"https:\/\/secureus.se\/fr\/wp-json\/wp\/v2\/media\/162576"}],"wp:attachment":[{"href":"https:\/\/secureus.se\/fr\/wp-json\/wp\/v2\/media?parent=162581"}],"wp:term":[{"taxonomy":"product_brand","embeddable":true,"href":"https:\/\/secureus.se\/fr\/wp-json\/wp\/v2\/product_brand?post=162581"},{"taxonomy":"product_cat","embeddable":true,"href":"https:\/\/secureus.se\/fr\/wp-json\/wp\/v2\/product_cat?post=162581"},{"taxonomy":"product_tag","embeddable":true,"href":"https:\/\/secureus.se\/fr\/wp-json\/wp\/v2\/product_tag?post=162581"}],"curies":[{"name":"wp","href":"https:\/\/api.w.org\/{rel}","templated":true}]}}