{"id":162589,"date":"2025-09-15T11:16:44","date_gmt":"2025-09-15T09:16:44","guid":{"rendered":"https:\/\/secureus.se\/?post_type=product&#038;p=162589"},"modified":"2026-04-09T15:44:21","modified_gmt":"2026-04-09T13:44:21","slug":"securex-heatsense-10-arsbatteri","status":"publish","type":"product","link":"https:\/\/secureus.se\/fr\/securex-heatsense-10-arsbatteri\/","title":{"rendered":"D\u00e9tecteur de chaleur SecureX HeatSense \u2013 Certificat de batterie de 10 ans BS446-2"},"content":{"rendered":"<h2 data-start=\"335\" data-end=\"400\">SecureX HeatSense \u2013 d\u00e9tecteur de chaleur avec batterie d&#039;une dur\u00e9e de vie de 10 ans (BS5446-2)<\/h2>\n<p data-start=\"402\" data-end=\"690\">SecureX HeatSense est un <strong data-start=\"426\" data-end=\"471\">D\u00e9tecteur de chaleur certifi\u00e9 conforme \u00e0 la norme BS5446-2<\/strong>, Con\u00e7u pour d\u00e9tecter les hausses de temp\u00e9rature anormales pouvant indiquer un incendie, ce d\u00e9tecteur est particuli\u00e8rement adapt\u00e9 aux environnements o\u00f9 les d\u00e9tecteurs de fum\u00e9e risquent de d\u00e9clencher de fausses alarmes, comme les cuisines, les garages, les ateliers et les espaces poussi\u00e9reux.<\/p>\n<p data-start=\"692\" data-end=\"851\">En cas de hausse dangereuse de la temp\u00e9rature, un <strong data-start=\"733\" data-end=\"774\">sir\u00e8ne puissante de \u226585 dB (\u00e0 3 m\u00e8tres)<\/strong> ainsi qu&#039;un indicateur LED clair, pour que l&#039;alarme soit imm\u00e9diatement d\u00e9tect\u00e9e.<\/p>\n<p data-start=\"853\" data-end=\"964\">La batterie int\u00e9gr\u00e9e a une dur\u00e9e de vie allant jusqu&#039;\u00e0 <strong data-start=\"905\" data-end=\"914\">10 ans<\/strong>, ce qui rend HeatSense pratiquement sans entretien.<\/p>\n<hr data-start=\"966\" data-end=\"969\" \/>\n<h2 data-start=\"971\" data-end=\"1030\">Protection incendie interconnect\u00e9e \u2013 toutes les unit\u00e9s d\u00e9clenchent simultan\u00e9ment l&#039;alarme incendie<\/h2>\n<p data-start=\"1032\" data-end=\"1167\">SecureX HeatSense fait partie de <strong data-start=\"1063\" data-end=\"1086\">Syst\u00e8me anti-incendie SecureX<\/strong> et est utilis\u00e9 conjointement avec <strong data-start=\"1115\" data-end=\"1133\">Centre de s\u00e9curit\u00e9 X<\/strong>, qui est l&#039;unit\u00e9 centrale du syst\u00e8me.<\/p>\n<p data-start=\"1169\" data-end=\"1225\">Quand <strong data-start=\"1173\" data-end=\"1179\">un<\/strong> Le d\u00e9tecteur de fum\u00e9e ou de chaleur du syst\u00e8me d\u00e9clenche\u00a0:<\/p>\n<ul data-start=\"1226\" data-end=\"1362\">\n<li data-start=\"1226\" data-end=\"1278\">\n<p data-start=\"1228\" data-end=\"1278\"><strong data-start=\"1228\" data-end=\"1278\">Tous les d\u00e9tecteurs de fum\u00e9e et de chaleur se d\u00e9clenchent simultan\u00e9ment.<\/strong><\/p>\n<\/li>\n<li data-start=\"1279\" data-end=\"1317\">\n<p data-start=\"1281\" data-end=\"1317\">Des sir\u00e8nes sont activ\u00e9es sur l&#039;ensemble de la propri\u00e9t\u00e9<\/p>\n<\/li>\n<li data-start=\"1318\" data-end=\"1362\">\n<p data-start=\"1320\" data-end=\"1362\">Des notifications push sont envoy\u00e9es en temps r\u00e9el sur votre t\u00e9l\u00e9phone portable.<\/p>\n<\/li>\n<\/ul>\n<p data-start=\"1364\" data-end=\"1442\">L&#039;alarme <strong data-start=\"1371\" data-end=\"1441\">peut \u00eatre d\u00e9sactiv\u00e9 via le hub SecureX ou directement dans l&#039;application Stonehouse Smart<\/strong>.<\/p>\n<p class=\"ds-markdown-paragraph\"><strong>Est-il possible de connecter plusieurs d\u00e9tecteurs sans concentrateur ?<\/strong><br \/>\nAbsolument. Vous pouvez cr\u00e9er votre propre r\u00e9seau radiofr\u00e9quence sans fil auquel tous les d\u00e9tecteurs sont connect\u00e9s. Si l&#039;un d&#039;eux se d\u00e9clenche, tous les autres sonnent, sans Wi-Fi ni internet.<\/p>\n<p class=\"ds-markdown-paragraph\">Id\u00e9al pour ceux qui recherchent un syst\u00e8me simple et robuste.<\/p>\n<p class=\"ds-markdown-paragraph\"><strong>Qu&#039;est-ce que j&#039;obtiens si je me connecte \u00e0 SecureX Connect Pro\u00a0?<\/strong><br \/>\nAvec le hub SecureX, vous b\u00e9n\u00e9ficiez de fonctionnalit\u00e9s \u00e9tendues\u00a0:<\/p>\n<ul>\n<li>\n<p class=\"ds-markdown-paragraph\">Tous les d\u00e9tecteurs se d\u00e9clenchent simultan\u00e9ment.<\/p>\n<\/li>\n<li>\n<p class=\"ds-markdown-paragraph\">Des notifications push sont envoy\u00e9es \u00e0 votre t\u00e9l\u00e9phone portable en cas d&#039;alarme.<\/p>\n<\/li>\n<li>\n<p class=\"ds-markdown-paragraph\">Vous pouvez consulter le statut et l&#039;historique dans l&#039;application Stonehouse Smart.<\/p>\n<\/li>\n<li>\n<p class=\"ds-markdown-paragraph\">Vous pouvez d\u00e9sactiver les alarmes via l&#039;application ou le hub<\/p>\n<\/li>\n<li>\n<p class=\"ds-markdown-paragraph\">Le syst\u00e8me devient un \u00e9l\u00e9ment de votre maison intelligente<\/p>\n<\/li>\n<\/ul>\n<p class=\"ds-markdown-paragraph\"><strong>Dois-je choisir entre une version autonome et une version connect\u00e9e\u00a0?<\/strong><br \/>\nNon. Vous pouvez commencer par un r\u00e9seau interconnect\u00e9 autonome et le connecter ult\u00e9rieurement \u00e0 SecureX Connect Pro lorsque vous souhaiterez contr\u00f4ler les applications et recevoir des notifications.<\/p>\n<p class=\"ds-markdown-paragraph\"><strong>Cela fonctionne-t-il m\u00eame en cas de panne d&#039;internet\u00a0?<\/strong><br \/>\nOui. La fonction d&#039;alarme et le r\u00e9seau interconnect\u00e9 fonctionnent localement, m\u00eame sans connexion internet.<\/p>\n<p class=\"ds-markdown-paragraph\">Internet est uniquement n\u00e9cessaire pour les notifications mobiles et le contr\u00f4le \u00e0 distance via l&#039;application.<\/p>\n<hr data-start=\"1538\" data-end=\"1541\" \/>\n<h2 data-start=\"1543\" data-end=\"1574\">Contr\u00f4le et compatibilit\u00e9 de l&#039;application<\/h2>\n<p data-start=\"1576\" data-end=\"1638\">Tous les \u00e9v\u00e9nements sont affich\u00e9s dans <strong data-start=\"1599\" data-end=\"1625\">L&#039;application Stonehouse Smart<\/strong>, o\u00f9 vous pouvez :<\/p>\n<ul data-start=\"1639\" data-end=\"1742\">\n<li data-start=\"1639\" data-end=\"1672\">\n<p data-start=\"1641\" data-end=\"1672\">V\u00e9rifiez quelle alarme a \u00e9t\u00e9 activ\u00e9e.<\/p>\n<\/li>\n<li data-start=\"1673\" data-end=\"1706\">\n<p data-start=\"1675\" data-end=\"1706\">Recevez des notifications push en temps r\u00e9el<\/p>\n<\/li>\n<li data-start=\"1707\" data-end=\"1742\">\n<p data-start=\"1709\" data-end=\"1742\">\u00c9teindre et r\u00e9initialiser l&#039;alarme<\/p>\n<\/li>\n<\/ul>\n<p data-start=\"1744\" data-end=\"1756\"><strong data-start=\"1744\" data-end=\"1756\">Important :<\/strong><\/p>\n<ul data-start=\"1757\" data-end=\"1940\">\n<li data-start=\"1757\" data-end=\"1798\">\n<p data-start=\"1759\" data-end=\"1798\">HeatSense se connecte au hub SecureX<\/p>\n<\/li>\n<li data-start=\"1799\" data-end=\"1862\">\n<p data-start=\"1801\" data-end=\"1862\">C&#039;est le hub qui est compatible avec <strong data-start=\"1837\" data-end=\"1860\">Tuya et Smart Life<\/strong><\/p>\n<\/li>\n<li data-start=\"1863\" data-end=\"1940\">\n<p data-start=\"1865\" data-end=\"1940\">Le capteur est <strong data-start=\"1876\" data-end=\"1902\">non directement compatible<\/strong> avec Tuya ou Smart Life sans hub<\/p>\n<\/li>\n<\/ul>\n<hr data-start=\"1942\" data-end=\"1945\" \/>\n<h2 data-start=\"1947\" data-end=\"1991\">Installation facile et communication stable<\/h2>\n<p data-start=\"1993\" data-end=\"2208\">HeatSense communique sans fil via <strong data-start=\"2029\" data-end=\"2040\">433 MHz<\/strong> et a une port\u00e9e allant jusqu&#039;\u00e0 <strong data-start=\"2073\" data-end=\"2097\">100 m\u00e8tres de visibilit\u00e9 d\u00e9gag\u00e9e<\/strong>. Il se fixe facilement au plafond et sa consommation en veille est tr\u00e8s faible, ce qui contribue \u00e0 la longue dur\u00e9e de vie de la batterie.<\/p>\n<p data-start=\"2210\" data-end=\"2306\">Gr\u00e2ce \u00e0 sa conception discr\u00e8te, le d\u00e9tecteur s&#039;int\u00e8gre parfaitement aux environnements r\u00e9sidentiels et commerciaux.<\/p>\n<hr data-start=\"2308\" data-end=\"2311\" \/>\n<h2 data-start=\"2313\" data-end=\"2337\">Avantages et fonctionnalit\u00e9s<\/h2>\n<ul data-start=\"2339\" data-end=\"2796\">\n<li data-start=\"2339\" data-end=\"2372\">\n<p data-start=\"2341\" data-end=\"2372\">Certifi\u00e9 selon <strong data-start=\"2360\" data-end=\"2372\">BS5446-2<\/strong><\/p>\n<\/li>\n<li data-start=\"2373\" data-end=\"2412\">\n<p data-start=\"2375\" data-end=\"2412\">Int\u00e9gr\u00e9 <strong data-start=\"2383\" data-end=\"2400\">Batterie d&#039;une dur\u00e9e de vie de 10 ans<\/strong> (non rempla\u00e7able)<\/p>\n<\/li>\n<li data-start=\"2413\" data-end=\"2455\">\n<p data-start=\"2415\" data-end=\"2455\">Sir\u00e8ne puissante \u226585 dB et indicateur LED<\/p>\n<\/li>\n<li data-start=\"2456\" data-end=\"2504\">\n<p data-start=\"2458\" data-end=\"2504\">Tous les d\u00e9tecteurs de fum\u00e9e et de chaleur se d\u00e9clenchent simultan\u00e9ment.<\/p>\n<\/li>\n<li data-start=\"2505\" data-end=\"2554\">\n<p data-start=\"2507\" data-end=\"2554\">L&#039;alarme est d\u00e9sactiv\u00e9e via <strong data-start=\"2526\" data-end=\"2554\">hub ou application SecureX<\/strong><\/p>\n<\/li>\n<li data-start=\"2555\" data-end=\"2614\">\n<p data-start=\"2557\" data-end=\"2614\">Fr\u00e9quence sans fil : <strong data-start=\"2575\" data-end=\"2595\">433 MHz (EV1527)<\/strong>, encod\u00e9 pour SecureX<\/p>\n<\/li>\n<li data-start=\"2615\" data-end=\"2675\">\n<p data-start=\"2617\" data-end=\"2675\">Connexion jusqu&#039;\u00e0 <strong data-start=\"2644\" data-end=\"2675\">40 d\u00e9tecteurs de fum\u00e9e et de chaleur<\/strong><\/p>\n<\/li>\n<li data-start=\"2676\" data-end=\"2722\">\n<p data-start=\"2678\" data-end=\"2722\">Notifications en temps r\u00e9el dans <strong data-start=\"2696\" data-end=\"2722\">L&#039;application Stonehouse Smart<\/strong><\/p>\n<\/li>\n<li data-start=\"2723\" data-end=\"2763\">\n<p data-start=\"2725\" data-end=\"2763\">Port\u00e9e jusqu&#039;\u00e0 <strong data-start=\"2743\" data-end=\"2752\">100 m<\/strong> (vue d\u00e9gag\u00e9e)<\/p>\n<\/li>\n<li data-start=\"2764\" data-end=\"2796\">\n<p data-start=\"2766\" data-end=\"2796\">Montage au plafond simple et discret<\/p>\n<\/li>\n<li data-start=\"2764\" data-end=\"2796\">Dimensions : 116 x 46 mm<\/li>\n<\/ul>\n<hr data-start=\"2798\" data-end=\"2801\" \/>\n<h2 data-start=\"2803\" data-end=\"2824\">Domaines d&#039;utilisation<\/h2>\n<ul data-start=\"2826\" data-end=\"2942\">\n<li data-start=\"2826\" data-end=\"2864\">\n<p data-start=\"2828\" data-end=\"2864\">Cuisine (minimise les fausses alarmes dues aux fum\u00e9es de cuisson)<\/p>\n<\/li>\n<li data-start=\"2865\" data-end=\"2888\">\n<p data-start=\"2867\" data-end=\"2888\">Garages et ateliers<\/p>\n<\/li>\n<li data-start=\"2889\" data-end=\"2909\">\n<p data-start=\"2891\" data-end=\"2909\">Sous-sol et d\u00e9barras<\/p>\n<\/li>\n<li data-start=\"2910\" data-end=\"2942\">\n<p data-start=\"2912\" data-end=\"2942\">Magasins et espaces publics<\/p>\n<\/li>\n<\/ul>\n<hr data-start=\"2944\" data-end=\"2947\" \/>\n<h2 data-start=\"2949\" data-end=\"2968\">Contenu de la livraison<\/h2>\n<ul data-start=\"2970\" data-end=\"3062\">\n<li data-start=\"2970\" data-end=\"3011\">\n<p data-start=\"2972\" data-end=\"3011\">D\u00e9tecteur de chaleur SecureX HeatSense\u00a0: 1 pi\u00e8ce<\/p>\n<\/li>\n<li data-start=\"3012\" data-end=\"3029\">\n<p data-start=\"3014\" data-end=\"3029\">Vis : 2 pi\u00e8ces<\/p>\n<\/li>\n<li data-start=\"3030\" data-end=\"3045\">\n<p data-start=\"3032\" data-end=\"3045\">Prise : 2 pi\u00e8ces<\/p>\n<\/li>\n<li data-start=\"3046\" data-end=\"3062\">\n<p data-start=\"3048\" data-end=\"3062\">Manuel : 1 pi\u00e8ce<\/p>\n<\/li>\n<li data-start=\"3046\" data-end=\"3062\">Batterie int\u00e9gr\u00e9e \u2013 dur\u00e9e de vie estim\u00e9e \u00e0 10 ans<\/li>\n<\/ul>","protected":false},"excerpt":{"rendered":"<p>D\u00e9tecteur de chaleur certifi\u00e9 BS5446-2 avec batterie d&#039;une dur\u00e9e de vie de 10 ans. Id\u00e9al pour les cuisines et les garages.<\/p>\n<p>Se connecte via le hub SecureX et envoie des alarmes \u00e0 votre t\u00e9l\u00e9phone portable via l&#039;application Stonehouse Smart.<\/p>","protected":false},"featured_media":163793,"template":"","meta":{"_acf_changed":false},"product_brand":[],"product_cat":[5062],"product_tag":[],"class_list":{"0":"post-162589","1":"product","2":"type-product","3":"status-publish","4":"has-post-thumbnail","6":"product_cat-securex-brand-gassensorer","7":"pa_brands-securex-connect-pro","8":"pa_brands-stonehouse-smart","9":"tm-no-options","11":"first","12":"instock","13":"sale","14":"taxable","15":"shipping-taxable","16":"purchasable","17":"product-type-simple"},"acf":[],"_links":{"self":[{"href":"https:\/\/secureus.se\/fr\/wp-json\/wp\/v2\/product\/162589","targetHints":{"allow":["GET"]}}],"collection":[{"href":"https:\/\/secureus.se\/fr\/wp-json\/wp\/v2\/product"}],"about":[{"href":"https:\/\/secureus.se\/fr\/wp-json\/wp\/v2\/types\/product"}],"wp:featuredmedia":[{"embeddable":true,"href":"https:\/\/secureus.se\/fr\/wp-json\/wp\/v2\/media\/163793"}],"wp:attachment":[{"href":"https:\/\/secureus.se\/fr\/wp-json\/wp\/v2\/media?parent=162589"}],"wp:term":[{"taxonomy":"product_brand","embeddable":true,"href":"https:\/\/secureus.se\/fr\/wp-json\/wp\/v2\/product_brand?post=162589"},{"taxonomy":"product_cat","embeddable":true,"href":"https:\/\/secureus.se\/fr\/wp-json\/wp\/v2\/product_cat?post=162589"},{"taxonomy":"product_tag","embeddable":true,"href":"https:\/\/secureus.se\/fr\/wp-json\/wp\/v2\/product_tag?post=162589"}],"curies":[{"name":"wp","href":"https:\/\/api.w.org\/{rel}","templated":true}]}}