{"id":162628,"date":"2025-09-15T11:16:42","date_gmt":"2025-09-15T09:16:42","guid":{"rendered":"https:\/\/secureus.se\/?post_type=product&#038;p=162628"},"modified":"2026-04-20T10:13:43","modified_gmt":"2026-04-20T08:13:43","slug":"securex-motioneye-pro-500-meter","status":"publish","type":"product","link":"https:\/\/secureus.se\/fr\/securex-motioneye-pro-500-meter\/","title":{"rendered":"SecureX MotionEye Pro \u2013 D\u00e9tecteur de mouvement, dur\u00e9e de vie de 5 ans et port\u00e9e de 500 m\u00e8tres"},"content":{"rendered":"<h2>SecureX MotionEye Pro \u2013 d\u00e9tecteur de mouvement (PIR) avec LoRa et batterie ultra-performante<\/h2>\n<p>SecureX MotionEye Pro est un d\u00e9tecteur de mouvement PIR avanc\u00e9 qui assure une surveillance fiable aussi bien \u00e0 domicile que dans les environnements professionnels. <strong>LoRa 868 MHz<\/strong> vous b\u00e9n\u00e9ficiez d&#039;une communication sans fil stable jusqu&#039;\u00e0 <strong>Port\u00e9e de 500 m\u00e8tres en champ libre<\/strong> \u2013 Id\u00e9al l\u00e0 o\u00f9 le Wi-Fi ou les r\u00e9seaux maill\u00e9s classiques ne suffisent pas.<\/p>\n<p>Le capteur est aliment\u00e9 par une source d&#039;\u00e9nergie extra-puissante. <strong>Batteries Li-Fe<\/strong> ce qui donne <strong>2 \u00e0 4 fois plus d&#039;\u00e9nergie<\/strong> que les piles AA classiques. Cela se traduit par une autonomie prolong\u00e9e et une grande fiabilit\u00e9, m\u00eame dans des environnements froids ou exigeants.<\/p>\n<p>Lorsqu&#039;un mouvement est d\u00e9tect\u00e9, l&#039;\u00e9v\u00e9nement est envoy\u00e9 directement via <strong>Centre de s\u00e9curit\u00e9 X<\/strong> et vous obtenez <strong>notifications push en temps r\u00e9el<\/strong> dans <strong>L&#039;application Stonehouse Smart<\/strong> (iOS\/Android). Compatibilit\u00e9 avec <strong>Tuya<\/strong> et <strong>Vie intelligente<\/strong> se d\u00e9roule via le hub.<\/p>\n<hr \/>\n<h3>D\u00e9tection pr\u00e9cise et conception discr\u00e8te<\/h3>\n<p>MotionEye Pro poss\u00e8de <strong>angle de d\u00e9tection de 110\u00b0<\/strong> et jusqu&#039;\u00e0 <strong>port\u00e9e de 7 m\u00e8tres<\/strong>, qui assure une d\u00e9tection de mouvement pr\u00e9cise et rapide. Son design \u00e9l\u00e9gant s&#039;int\u00e8gre parfaitement aux maisons, aux bureaux et aux magasins et se fixe facilement sur <strong>hauteur de 2 \u00e0 2,5 m\u00e8tres<\/strong> avec support mural inclus.<\/p>\n<hr \/>\n<h3>Important \u2013 syst\u00e8me et compatibilit\u00e9<\/h3>\n<ul>\n<li>Le capteur est utilis\u00e9 conjointement avec <strong>Centre de s\u00e9curit\u00e9 X<\/strong><\/li>\n<li>Les notifications et les param\u00e8tres sont g\u00e9r\u00e9s dans <strong>L&#039;application Stonehouse Smart<\/strong><\/li>\n<li><strong>Tuya et Smart Life<\/strong> soutenu <strong>via le hub<\/strong><\/li>\n<li>Le capteur est <strong>non ind\u00e9pendant<\/strong><\/li>\n<\/ul>\n<hr \/>\n<h3>Avantages et fonctionnalit\u00e9s<\/h3>\n<ul>\n<li><strong>LoRa 868 MHz<\/strong> (Chiffrement SecureX) jusqu&#039;\u00e0 <strong>500 m<\/strong> port\u00e9e (ligne de vis\u00e9e)<\/li>\n<li><strong>Batteries Li-Fe extra puissantes<\/strong> \u2013 2 \u00e0 4 fois plus d&#039;\u00e9nergie que les AA standard<\/li>\n<li>Int\u00e9gration compl\u00e8te via <strong>Centre de s\u00e9curit\u00e9 X<\/strong><\/li>\n<li>Notifications en temps r\u00e9el dans <strong>L&#039;application Stonehouse Smart<\/strong><\/li>\n<li>Compatibilit\u00e9 via hub avec <strong>Tuya et Smart Life<\/strong><\/li>\n<li><strong>110\u00b0<\/strong> d\u00e9tection, jusqu&#039;\u00e0 <strong>7 m<\/strong> port\u00e9e<\/li>\n<li>Design discret et fixation murale facile<\/li>\n<li>Longue dur\u00e9e de fonctionnement gr\u00e2ce \u00e0 une faible consommation<\/li>\n<\/ul>\n<hr \/>\n<h3>Domaines d&#039;utilisation<\/h3>\n<ul>\n<li>Villas et chalets d&#039;\u00e9t\u00e9<\/li>\n<li>Sous-sol, d\u00e9barras et garage<\/li>\n<li>locaux de bureaux et de vente au d\u00e9tail<\/li>\n<li>Endroits sans Wi-Fi ou avec de longues distances<\/li>\n<\/ul>\n<hr \/>\n<h3>Sp\u00e9cification technique<\/h3>\n<ul>\n<li><strong>Protocole:<\/strong> LoRa 868 MHz encod\u00e9 pour SecureX<\/li>\n<li><strong>Batterie:<\/strong> 2 piles AA Li-Fe 3400 mAh (incluses)<\/li>\n<li><strong>Port\u00e9e:<\/strong> jusqu&#039;\u00e0 500 m (en visibilit\u00e9 directe)<\/li>\n<li><strong>Plage de d\u00e9tection\u00a0:<\/strong> jusqu&#039;\u00e0 7 m, 110\u00b0<\/li>\n<li><strong>Hauteur de montage :<\/strong> 2\u20132,5 m<\/li>\n<li><strong>Temp\u00e9rature de fonctionnement\u00a0:<\/strong> \u221210\u00b0C \u00e0 +50\u00b0C<\/li>\n<li><strong>Humidit\u00e9 relative :<\/strong> &lt;95 % (sans condensation)<\/li>\n<li><strong>Mesure:<\/strong> 50 \u00d7 92 mm<\/li>\n<li><strong>Assistance pour l&#039;application\u00a0:<\/strong> Stonehouse Smart (iOS\/Android), Tuya et Smart Life via hub<\/li>\n<\/ul>\n<hr \/>\n<h3>Contenu de la livraison<\/h3>\n<ul>\n<li>Capteur de mouvement SecureX MotionEye Pro\u00a0: 1 pi\u00e8ce<\/li>\n<li>Piles AA Li-Fe 3400 mAh : 2 unit\u00e9s (incluses)<\/li>\n<li>Support mural : 1 pi\u00e8ce<\/li>\n<li>Vis et bouchons inclus<\/li>\n<li>Manuel : 1 pi\u00e8ce<\/li>\n<\/ul>","protected":false},"excerpt":{"rendered":"<p class=\"\" data-start=\"413\" data-end=\"570\">D\u00e9tecteur de mouvement avec LoRa et une port\u00e9e jusqu&#039;\u00e0 500 m.<\/p>\n<p class=\"\" data-start=\"413\" data-end=\"570\">Piles Li-Fe ultra-puissantes (3 \u00e0 4 fois plus d&#039;\u00e9nergie que les piles AA standard), d\u00e9tection pr\u00e9cise et notifications push via le hub SecureX.<\/p>","protected":false},"featured_media":162621,"template":"","meta":{"_acf_changed":false},"product_brand":[],"product_cat":[5061],"product_tag":[],"class_list":{"0":"post-162628","1":"product","2":"type-product","3":"status-publish","4":"has-post-thumbnail","6":"product_cat-securex-larmsensorer","7":"pa_brands-securex-connect-pro","8":"pa_brands-stonehouse-smart","9":"tm-no-options","11":"first","12":"instock","13":"sale","14":"taxable","15":"shipping-taxable","16":"purchasable","17":"product-type-simple"},"acf":[],"_links":{"self":[{"href":"https:\/\/secureus.se\/fr\/wp-json\/wp\/v2\/product\/162628","targetHints":{"allow":["GET"]}}],"collection":[{"href":"https:\/\/secureus.se\/fr\/wp-json\/wp\/v2\/product"}],"about":[{"href":"https:\/\/secureus.se\/fr\/wp-json\/wp\/v2\/types\/product"}],"wp:featuredmedia":[{"embeddable":true,"href":"https:\/\/secureus.se\/fr\/wp-json\/wp\/v2\/media\/162621"}],"wp:attachment":[{"href":"https:\/\/secureus.se\/fr\/wp-json\/wp\/v2\/media?parent=162628"}],"wp:term":[{"taxonomy":"product_brand","embeddable":true,"href":"https:\/\/secureus.se\/fr\/wp-json\/wp\/v2\/product_brand?post=162628"},{"taxonomy":"product_cat","embeddable":true,"href":"https:\/\/secureus.se\/fr\/wp-json\/wp\/v2\/product_cat?post=162628"},{"taxonomy":"product_tag","embeddable":true,"href":"https:\/\/secureus.se\/fr\/wp-json\/wp\/v2\/product_tag?post=162628"}],"curies":[{"name":"wp","href":"https:\/\/api.w.org\/{rel}","templated":true}]}}