{"id":162654,"date":"2025-09-15T11:16:40","date_gmt":"2025-09-15T09:16:40","guid":{"rendered":"https:\/\/secureus.se\/?post_type=product&#038;p=162654"},"modified":"2026-04-09T15:49:42","modified_gmt":"2026-04-09T13:49:42","slug":"securex-multiknapp-dorrklocka","status":"publish","type":"product","link":"https:\/\/secureus.se\/fr\/securex-multiknapp-dorrklocka\/","title":{"rendered":"Sonnette multiboutons SecureX \u2013 Compatible avec SecureX"},"content":{"rendered":"<h2>Sonnette SecureX \u00e0 plusieurs boutons<\/h2>\n<p>Le bouton multi-boutons SecureX \u2013 sonnette est un bouton rectangulaire sans fil qui offre une fonction de sonnette pratique pour votre syst\u00e8me SecureX. Une simple pression suffit pour envoyer un signal \u00e0 <strong>Centre de s\u00e9curit\u00e9 X<\/strong>, ce qui active la sonnette et envoie <strong>notifications push en temps r\u00e9el<\/strong> sur votre mobile.<\/p>\n<p>Tous les \u00e9v\u00e9nements sont affich\u00e9s dans <strong>L&#039;application Stonehouse Smart<\/strong> (iOS\/Android). Pour plus de flexibilit\u00e9, compatibilit\u00e9 avec <strong>Tuya<\/strong> et <strong>Vie intelligente<\/strong> via le hub.<\/p>\n<p>Le bouton multifonction peut \u00e9galement \u00eatre programm\u00e9 comme \u00e9metteur\/d\u00e9tecteur d&#039;alarme, permettant ainsi de cr\u00e9er des alarmes silencieuses ou sonores. L&#039;ajout d&#039;un texte optionnel est possible pour pr\u00e9ciser sa fonction ou son emplacement dans votre propri\u00e9t\u00e9.<\/p>\n<hr \/>\n<h3>Assemblage simple \u2013 design discret<\/h3>\n<p>Le bouton multiple est compact et discret (<strong>48 \u00d7 76 \u00d7 11 mm<\/strong>) et s&#039;assemble rapidement avec <strong>ruban adh\u00e9sif double face<\/strong> (inclus). Pour une installation plus permanente, il existe <strong>deux trous de fixation<\/strong> pour vis (vis non incluse).<\/p>\n<p>Il est aliment\u00e9 par <strong>1 batterie 23A 12V<\/strong> et sa faible consommation d&#039;\u00e9nergie assure une longue autonomie de la batterie.<\/p>\n<hr \/>\n<h3>Communication sans fil stable<\/h3>\n<p>Le bouton utilise <strong>433 MHz (eV1527)<\/strong> et est cod\u00e9 pour SecureX, ce qui garantit un fonctionnement stable dans les environnements r\u00e9sidentiels et commerciaux.<\/p>\n<hr \/>\n<h3>Important \u2013 syst\u00e8me et compatibilit\u00e9<\/h3>\n<ul>\n<li>Le bouton multiple est utilis\u00e9 conjointement avec <strong>Centre de s\u00e9curit\u00e9 X<\/strong><\/li>\n<li>Les notifications et les fonctions sont g\u00e9r\u00e9es dans <strong>L&#039;application Stonehouse Smart<\/strong><\/li>\n<li><strong>Tuya et Smart Life<\/strong> soutenu <strong>via le hub<\/strong><\/li>\n<li>Le bouton est <strong>non ind\u00e9pendant<\/strong><\/li>\n<\/ul>\n<hr \/>\n<h3>Avantages et fonctionnalit\u00e9s<\/h3>\n<ul>\n<li>Bouton de sonnette sans fil (rectangulaire)<\/li>\n<li>Int\u00e9gration compl\u00e8te via le hub SecureX<\/li>\n<li>Notifications en temps r\u00e9el dans l&#039;application Stonehouse Smart<\/li>\n<li>Tuya et Smart Life via hub<\/li>\n<li>Assemblage facile avec du ruban adh\u00e9sif ou des vis<\/li>\n<li>Autonomie prolong\u00e9e gr\u00e2ce \u00e0 une faible consommation<\/li>\n<li>Design compact et discret<\/li>\n<\/ul>\n<hr \/>\n<h3>Domaines d&#039;utilisation<\/h3>\n<ul>\n<li>Sonnette pour villas et appartements<\/li>\n<li>Entr\u00e9es des magasins et des bureaux<\/li>\n<li>maisons de vacances et maisons d&#039;h\u00f4tes<\/li>\n<li>Sonnette suppl\u00e9mentaire aux portes lat\u00e9rales ou arri\u00e8re<\/li>\n<\/ul>\n<hr \/>\n<h3>Sp\u00e9cification technique<\/h3>\n<ul>\n<li><strong>Batterie:<\/strong> 23A 12V \u00d7 1<\/li>\n<li><strong>Puissance en veille :<\/strong> 0mA<\/li>\n<li><strong>Courant de fonctionnement :<\/strong> &lt;40 mA<\/li>\n<li><strong>Fr\u00e9quence sans fil :<\/strong> 433 MHz (eV1527) encod\u00e9 pour SecureX<\/li>\n<li><strong>Mesure:<\/strong> 48 \u00d7 76 \u00d7 11 mm<\/li>\n<li><strong>Temp\u00e9rature de fonctionnement\u00a0:<\/strong> \u221210\u00b0C \u00e0 +50\u00b0C<\/li>\n<li><strong>Humidit\u00e9 relative:<\/strong> &lt;95 % (sans condensation)<\/li>\n<li><strong>Montage:<\/strong> Ruban adh\u00e9sif double face (inclus) ou vis via 2 trous de vis (vis non incluses)<\/li>\n<\/ul>\n<hr \/>\n<h3>Contenu de la livraison<\/h3>\n<ul>\n<li>Sonnette multi-boutons SecureX\u00a0: 1 pi\u00e8ce<\/li>\n<li>Ruban adh\u00e9sif double face<\/li>\n<li>Manuel<\/li>\n<\/ul>","protected":false},"excerpt":{"rendered":"<p>Le bouton multi-boutons SecureX \u2013 Sonnette est un bouton sans fil qui fonctionne comme une sonnette dans votre syst\u00e8me d&#039;alarme.<\/p>\n<p>Enti\u00e8rement int\u00e9gr\u00e9 au hub SecureX et \u00e0 l&#039;application Stonehouse Smart, compatible avec Tuya et Smart Life.<\/p>\n<p>Vous pouvez \u00e9galement programmer le bouton multifonction comme capteur d&#039;alarme avec des fonctions s\u00e9lectionn\u00e9es.<\/p>\n<p>Assemblage facile avec du ruban adh\u00e9sif double face ou des vis.<\/p>","protected":false},"featured_media":162650,"template":"","meta":{"_acf_changed":false},"product_brand":[],"product_cat":[5063],"product_tag":[],"class_list":{"0":"post-162654","1":"product","2":"type-product","3":"status-publish","4":"has-post-thumbnail","6":"product_cat-securex-knappar-nod","7":"pa_brands-securex","8":"tm-no-options","10":"first","11":"instock","12":"sale","13":"taxable","14":"shipping-taxable","15":"purchasable","16":"product-type-simple"},"acf":[],"_links":{"self":[{"href":"https:\/\/secureus.se\/fr\/wp-json\/wp\/v2\/product\/162654","targetHints":{"allow":["GET"]}}],"collection":[{"href":"https:\/\/secureus.se\/fr\/wp-json\/wp\/v2\/product"}],"about":[{"href":"https:\/\/secureus.se\/fr\/wp-json\/wp\/v2\/types\/product"}],"wp:featuredmedia":[{"embeddable":true,"href":"https:\/\/secureus.se\/fr\/wp-json\/wp\/v2\/media\/162650"}],"wp:attachment":[{"href":"https:\/\/secureus.se\/fr\/wp-json\/wp\/v2\/media?parent=162654"}],"wp:term":[{"taxonomy":"product_brand","embeddable":true,"href":"https:\/\/secureus.se\/fr\/wp-json\/wp\/v2\/product_brand?post=162654"},{"taxonomy":"product_cat","embeddable":true,"href":"https:\/\/secureus.se\/fr\/wp-json\/wp\/v2\/product_cat?post=162654"},{"taxonomy":"product_tag","embeddable":true,"href":"https:\/\/secureus.se\/fr\/wp-json\/wp\/v2\/product_tag?post=162654"}],"curies":[{"name":"wp","href":"https:\/\/api.w.org\/{rel}","templated":true}]}}