{"id":162717,"date":"2026-02-16T10:35:17","date_gmt":"2026-02-16T09:35:17","guid":{"rendered":"https:\/\/secureus.se\/securex-rfid-tagg-for-larmstyrning\/"},"modified":"2026-04-02T13:03:28","modified_gmt":"2026-04-02T11:03:28","slug":"securex-rfid-tagg-for-larmstyrning","status":"publish","type":"product","link":"https:\/\/secureus.se\/fr\/securex-rfid-tagg-for-larmstyrning\/","title":{"rendered":"\u00c9tiquette RFID SecureX pour la commande d&#039;alarme"},"content":{"rendered":"<p data-start=\"286\" data-end=\"532\">Les \u00e9tiquettes RFID SecureX constituent une solution simple et s\u00e9curis\u00e9e pour l&#039;identification et le contr\u00f4le d&#039;acc\u00e8s au sein du syst\u00e8me SecureX. D&#039;un simple contact avec le lecteur, les utilisateurs peuvent d\u00e9sactiver l&#039;alarme, acc\u00e9der au syst\u00e8me ou s&#039;identifier, sans code ni application.<\/p>\n<p data-start=\"534\" data-end=\"765\">Con\u00e7ues pour un usage quotidien, ces \u00e9tiquettes robustes r\u00e9sistent \u00e0 l&#039;usure du temps. Elles sont id\u00e9ales pour les entreprises, les propri\u00e9t\u00e9s, le personnel, les visiteurs et tout autre environnement o\u00f9 un acc\u00e8s fluide et contr\u00f4l\u00e9 est essentiel.<\/p>\n<p data-start=\"767\" data-end=\"978\">En tant que produit exclusif de SecureX, les \u00e9tiquettes RFID peuvent \u00e9galement \u00eatre personnalis\u00e9es avec votre propre texte\/logo.<\/p>\n<p data-start=\"767\" data-end=\"978\">Cela donne une impression uniforme et professionnelle tout en rendant les \u00e9tiquettes faciles \u00e0 reconna\u00eetre et \u00e0 associer \u00e0 votre entreprise.<\/p>\n<p data-start=\"980\" data-end=\"993\"><strong data-start=\"980\" data-end=\"993\">Avantages :<\/strong><\/p>\n<ul data-start=\"994\" data-end=\"1195\">\n<li data-start=\"994\" data-end=\"1027\">\n<p data-start=\"996\" data-end=\"1027\">Identification rapide et facile<\/p>\n<\/li>\n<li data-start=\"1028\" data-end=\"1070\">\n<p data-start=\"1030\" data-end=\"1070\">Facile \u00e0 utiliser sans code ni t\u00e9l\u00e9phone portable<\/p>\n<\/li>\n<li data-start=\"1071\" data-end=\"1111\">\n<p data-start=\"1073\" data-end=\"1111\">Haute fiabilit\u00e9 op\u00e9rationnelle et longue dur\u00e9e de vie<\/p>\n<\/li>\n<li data-start=\"1112\" data-end=\"1150\">\n<p data-start=\"1114\" data-end=\"1150\">Personnalisation possible avec votre propre logo<\/p>\n<\/li>\n<li data-start=\"1151\" data-end=\"1195\">\n<p data-start=\"1153\" data-end=\"1195\">Compatibilit\u00e9 totale avec le syst\u00e8me SecureX<\/p>\n<\/li>\n<\/ul>\n<p data-start=\"1197\" data-end=\"1262\" data-is-last-node=\"\" data-is-only-node=\"\">Une solution pratique et professionnelle pour le contr\u00f4le d&#039;acc\u00e8s moderne.<\/p>","protected":false},"excerpt":{"rendered":"<p>Les \u00e9tiquettes RFID SecureX permettent un acc\u00e8s rapide et facile \u00e0 votre syst\u00e8me SecureX. Il suffit de pr\u00e9senter l&#039;\u00e9tiquette devant le lecteur pour d\u00e9sarmer ou g\u00e9rer les autorisations.<\/p>\n<p>Ces \u00e9tiquettes sont durables, fiables et peuvent \u00eatre livr\u00e9es avec votre propre logo\/num\u00e9ro pour une solution \u00e0 la fois professionnelle et personnalis\u00e9e.<\/p>","protected":false},"featured_media":162716,"template":"","meta":{"_acf_changed":false},"product_brand":[],"product_cat":[5067,5065],"product_tag":[],"class_list":{"0":"post-162717","1":"product","2":"type-product","3":"status-publish","4":"has-post-thumbnail","6":"product_cat-securex-knappsatser","7":"product_cat-securex-tillbehor","8":"tm-no-options","10":"first","11":"instock","12":"sale","13":"taxable","14":"shipping-taxable","15":"purchasable","16":"product-type-simple"},"acf":[],"_links":{"self":[{"href":"https:\/\/secureus.se\/fr\/wp-json\/wp\/v2\/product\/162717","targetHints":{"allow":["GET"]}}],"collection":[{"href":"https:\/\/secureus.se\/fr\/wp-json\/wp\/v2\/product"}],"about":[{"href":"https:\/\/secureus.se\/fr\/wp-json\/wp\/v2\/types\/product"}],"wp:featuredmedia":[{"embeddable":true,"href":"https:\/\/secureus.se\/fr\/wp-json\/wp\/v2\/media\/162716"}],"wp:attachment":[{"href":"https:\/\/secureus.se\/fr\/wp-json\/wp\/v2\/media?parent=162717"}],"wp:term":[{"taxonomy":"product_brand","embeddable":true,"href":"https:\/\/secureus.se\/fr\/wp-json\/wp\/v2\/product_brand?post=162717"},{"taxonomy":"product_cat","embeddable":true,"href":"https:\/\/secureus.se\/fr\/wp-json\/wp\/v2\/product_cat?post=162717"},{"taxonomy":"product_tag","embeddable":true,"href":"https:\/\/secureus.se\/fr\/wp-json\/wp\/v2\/product_tag?post=162717"}],"curies":[{"name":"wp","href":"https:\/\/api.w.org\/{rel}","templated":true}]}}