{"id":162887,"date":"2026-03-02T10:20:23","date_gmt":"2026-03-02T09:20:23","guid":{"rendered":"https:\/\/secureus.se\/?post_type=product&#038;p=162887"},"modified":"2026-04-15T11:18:04","modified_gmt":"2026-04-15T09:18:04","slug":"temperatur-luftfuktighetssensor-med-2-st-c-nc-no-relautgangar-rs485-modbus","status":"publish","type":"product","link":"https:\/\/secureus.se\/fr\/temperatur-luftfuktighetssensor-med-2-st-c-nc-no-relautgangar-rs485-modbus\/","title":{"rendered":"Capteur de temp\u00e9rature et d&#039;humidit\u00e9 avec 2 sorties relais C\/NC\/NO \u2013 RS485 Modbus"},"content":{"rendered":"<section class=\"product-detail__top-container\">\n<div class=\"product-detail__top-content\">\n<div class=\"wrap-text admin-perex\">\n<h2 data-start=\"168\" data-end=\"239\">Capteur de temp\u00e9rature et d&#039;humidit\u00e9 avec 2 sorties relais \u2013 RS485 Modbus<\/h2>\n<p data-start=\"241\" data-end=\"454\">Ce capteur de temp\u00e9rature et d&#039;humidit\u00e9 est con\u00e7u pour \u00eatre install\u00e9 dans <strong data-start=\"316\" data-end=\"384\">syst\u00e8mes d&#039;alarme, d&#039;automatisation des b\u00e2timents et de surveillance technique<\/strong> l\u00e0 o\u00f9 les changements climatiques devraient pouvoir d\u00e9clencher des alarmes ou un contr\u00f4le via un relais.<\/p>\n<p data-start=\"456\" data-end=\"557\">Le capteur est \u00e9galement \u00e9quip\u00e9 de <strong data-start=\"480\" data-end=\"509\">deux sorties relais s\u00e9par\u00e9es<\/strong> qui peuvent \u00eatre utilis\u00e9s pour diff\u00e9rents types d&#039;alarmes climatiques\u00a0:<\/p>\n<ul data-start=\"559\" data-end=\"704\">\n<li data-start=\"559\" data-end=\"631\">\n<p data-start=\"561\" data-end=\"631\"><strong data-start=\"561\" data-end=\"585\">Relais 1 \u2013 Temp\u00e9rature :<\/strong> activ\u00e9 \u00e0 la valeur limite de temp\u00e9rature d\u00e9finie<\/p>\n<\/li>\n<li data-start=\"632\" data-end=\"704\">\n<p data-start=\"634\" data-end=\"704\"><strong data-start=\"634\" data-end=\"661\">Relais 2 \u2013 Humidit\u00e9 :<\/strong> activ\u00e9 \u00e0 la valeur d&#039;humidit\u00e9 d\u00e9finie<\/p>\n<\/li>\n<\/ul>\n<p data-start=\"706\" data-end=\"831\">Cela rend ce capteur particuli\u00e8rement adapt\u00e9 aux installations o\u00f9 la temp\u00e9rature ou l&#039;humidit\u00e9 peuvent affecter le fonctionnement, l&#039;\u00e9quipement ou la s\u00e9curit\u00e9.<\/p>\n<p data-start=\"833\" data-end=\"960\">Les relais peuvent \u00eatre connect\u00e9s directement, par exemple, \u00e0, <strong data-start=\"877\" data-end=\"959\">entr\u00e9es d&#039;alarme sur les unit\u00e9s centrales, les syst\u00e8mes de contr\u00f4le, les syst\u00e8mes de ventilation ou les alarmes op\u00e9rationnelles<\/strong>.<\/p>\n<p data-start=\"962\" data-end=\"1119\">Les relais ont une capacit\u00e9 de charge allant jusqu&#039;\u00e0 <strong data-start=\"1008\" data-end=\"1024\"><span data-olk-copy-source=\"MessageBody\">24 V\/2 A ou 0,5 A \u00e0 220 V<\/span><\/strong>\u00a0ce qui permet de contr\u00f4ler des appareils externes ou d&#039;envoyer des signaux d&#039;alarme \u00e0 d&#039;autres syst\u00e8mes.<\/p>\n<p data-start=\"962\" data-end=\"1119\">Veuillez noter que si vous avez des charges plus importantes, vous ne devez pas les contr\u00f4ler directement via les relais int\u00e9gr\u00e9s de l&#039;unit\u00e9, mais plut\u00f4t via un contacteur ou un relais interm\u00e9diaire.<\/p>\n<p data-start=\"962\" data-end=\"1119\"><strong>Tension de fonctionnement\u00a0:<\/strong> 12~36V CC ou 24V CA (\u00b120%)<\/p>\n<p data-start=\"962\" data-end=\"1119\"><strong>Temp\u00e9rature de fonctionnement de l&#039;appareil\u00a0:<\/strong>\u00a0 \u00a0-20 \u2013 +70 degr\u00e9s Celsius.<\/p>\n<h2 data-start=\"1253\" data-end=\"1287\">Adapt\u00e9 aux installations d&#039;alarme<\/h2>\n<p data-start=\"1289\" data-end=\"1515\">Ce capteur constitue un compl\u00e9ment pratique aux syst\u00e8mes de s\u00e9curit\u00e9 et de surveillance n\u00e9cessitant le contr\u00f4le des conditions environnementales. Gr\u00e2ce \u00e0 ses deux sorties relais, il permet de g\u00e9n\u00e9rer des alarmes distinctes pour la temp\u00e9rature et l&#039;humidit\u00e9.<\/p>\n<p data-start=\"1517\" data-end=\"1557\">Fonctions typiques des installations d&#039;alarme\u00a0:<\/p>\n<ul data-start=\"1559\" data-end=\"1774\">\n<li data-start=\"1559\" data-end=\"1598\">\n<p data-start=\"1561\" data-end=\"1598\">surveillance de la temp\u00e9rature dans <strong data-start=\"1585\" data-end=\"1598\">salle des serveurs<\/strong><\/p>\n<\/li>\n<li data-start=\"1599\" data-end=\"1639\">\n<p data-start=\"1601\" data-end=\"1639\">alarme d&#039;humidit\u00e9 <strong data-start=\"1612\" data-end=\"1639\">local technique ou sous-sol<\/strong><\/p>\n<\/li>\n<li data-start=\"1640\" data-end=\"1674\">\n<p data-start=\"1642\" data-end=\"1674\">surveillance climatique dans <strong data-start=\"1662\" data-end=\"1674\">armoire d&#039;alarme<\/strong><\/p>\n<\/li>\n<li data-start=\"1675\" data-end=\"1724\">\n<p data-start=\"1677\" data-end=\"1724\">alarme op\u00e9rationnelle pour <strong data-start=\"1691\" data-end=\"1724\">syst\u00e8me de refroidissement ou de ventilation<\/strong><\/p>\n<\/li>\n<li data-start=\"1725\" data-end=\"1774\">\n<p data-start=\"1727\" data-end=\"1774\">surveillance environnementale dans <strong data-start=\"1746\" data-end=\"1774\">immobilier et industrie<\/strong><\/p>\n<\/li>\n<\/ul>\n<hr data-start=\"1776\" data-end=\"1779\" \/>\n<h2 data-start=\"1781\" data-end=\"1812\">RS485 Modbus pour l&#039;int\u00e9gration<\/h2>\n<p data-start=\"1814\" data-end=\"2000\">En plus des sorties relais, le capteur poss\u00e8de <strong data-start=\"1848\" data-end=\"1886\">Communication RS485 avec Modbus RTU<\/strong>, ce qui permet de l&#039;int\u00e9grer dans les syst\u00e8mes d&#039;automatisation des b\u00e2timents, les syst\u00e8mes PLC ou d&#039;autres plateformes de surveillance.<\/p>\n<p data-start=\"2002\" data-end=\"2109\">La temp\u00e9rature et l&#039;humidit\u00e9 peuvent alors \u00eatre lues de mani\u00e8re centralis\u00e9e, tandis que les sorties relais sont utilis\u00e9es pour les alarmes locales.<\/p>\n<hr data-start=\"2111\" data-end=\"2114\" \/>\n<h2 data-start=\"2116\" data-end=\"2146\">Affichage pour la lecture locale<\/h2>\n<p data-start=\"2148\" data-end=\"2372\">L&#039;\u00e9cran LCD int\u00e9gr\u00e9 affiche la temp\u00e9rature et l&#039;humidit\u00e9 actuelles directement sur le capteur. Cela simplifie l&#039;installation, le contr\u00f4le et la maintenance, car les valeurs peuvent \u00eatre v\u00e9rifi\u00e9es localement sans connexion \u00e0 un syst\u00e8me de niveau sup\u00e9rieur.<\/p>\n<hr data-start=\"2374\" data-end=\"2377\" \/>\n<h2 data-start=\"2379\" data-end=\"2415\">Mesure stable en environnements techniques<\/h2>\n<p data-start=\"2417\" data-end=\"2617\">Ce capteur est con\u00e7u pour un fonctionnement stable dans les installations techniques et mesure la temp\u00e9rature et l&#039;humidit\u00e9 relative avec une grande pr\u00e9cision.<\/p>\n<p data-start=\"2417\" data-end=\"2617\">Le capteur externe permet une r\u00e9ponse rapide aux changements climatiques.<\/p>\n<p data-start=\"2796\" data-end=\"2825\">\n<\/div>\n<\/div>\n<\/section>","protected":false},"excerpt":{"rendered":"<p data-start=\"353\" data-end=\"615\">Surveillez la temp\u00e9rature et l&#039;humidit\u00e9 en temps r\u00e9el gr\u00e2ce \u00e0 ce capteur professionnel pour l&#039;automatisation des b\u00e2timents, la climatisation et les environnements industriels.<\/p>\n<p data-start=\"962\" data-end=\"1119\"><strong>Tension de fonctionnement\u00a0:<\/strong> 12~36V CC ou 24V CA (\u00b120%)<\/p>\n<p data-start=\"962\" data-end=\"1119\"><strong>Temp\u00e9rature de fonctionnement de l&#039;appareil\u00a0:<\/strong>\u00a0 \u00a0-20 \u2013 +70 degr\u00e9s Celsius.<\/p>\n<p data-start=\"353\" data-end=\"615\">La programmation s&#039;effectue directement sur l&#039;\u00e9cran et les alarmes via des valeurs min\/max sur des relais s\u00e9par\u00e9s C\/NC\/NO vers d&#039;autres syst\u00e8mes tels que les alarmes.<\/p>\n<p data-start=\"353\" data-end=\"615\">Le capteur utilise <strong data-start=\"515\" data-end=\"549\">Communication RS485 Modbus-RTU<\/strong> et a <strong data-start=\"558\" data-end=\"577\">\u00e9cran int\u00e9gr\u00e9<\/strong> pour une lecture claire directement sur le site.<\/p>\n<p data-start=\"617\" data-end=\"799\">Sa construction robuste et son capteur externe en font un produit id\u00e9al pour <strong data-start=\"689\" data-end=\"760\">salles de serveurs, entrep\u00f4ts, industrie, immobilier et installations techniques<\/strong> o\u00f9 une surveillance environnementale stable est importante.<\/p>","protected":false},"featured_media":144999,"template":"","meta":{"_acf_changed":false},"product_brand":[],"product_cat":[1308,1309],"product_tag":[],"class_list":{"0":"post-162887","1":"product","2":"type-product","3":"status-publish","4":"has-post-thumbnail","6":"product_cat-driftlarm-kyla-vatten-temp","7":"product_cat-temperaturdetektor-vattendetektor","8":"product_shipping_class-tunga-paket","9":"pa_brands-stonehouse-security","10":"tm-no-options","12":"first","13":"instock","14":"sale","15":"featured","16":"taxable","17":"shipping-taxable","18":"purchasable","19":"product-type-simple"},"acf":[],"_links":{"self":[{"href":"https:\/\/secureus.se\/fr\/wp-json\/wp\/v2\/product\/162887","targetHints":{"allow":["GET"]}}],"collection":[{"href":"https:\/\/secureus.se\/fr\/wp-json\/wp\/v2\/product"}],"about":[{"href":"https:\/\/secureus.se\/fr\/wp-json\/wp\/v2\/types\/product"}],"wp:featuredmedia":[{"embeddable":true,"href":"https:\/\/secureus.se\/fr\/wp-json\/wp\/v2\/media\/144999"}],"wp:attachment":[{"href":"https:\/\/secureus.se\/fr\/wp-json\/wp\/v2\/media?parent=162887"}],"wp:term":[{"taxonomy":"product_brand","embeddable":true,"href":"https:\/\/secureus.se\/fr\/wp-json\/wp\/v2\/product_brand?post=162887"},{"taxonomy":"product_cat","embeddable":true,"href":"https:\/\/secureus.se\/fr\/wp-json\/wp\/v2\/product_cat?post=162887"},{"taxonomy":"product_tag","embeddable":true,"href":"https:\/\/secureus.se\/fr\/wp-json\/wp\/v2\/product_tag?post=162887"}],"curies":[{"name":"wp","href":"https:\/\/api.w.org\/{rel}","templated":true}]}}