{"id":162900,"date":"2026-03-04T16:07:02","date_gmt":"2026-03-04T15:07:02","guid":{"rendered":"https:\/\/secureus.se\/jojo-nyckelhallare-heavy-duty-60-cm-stalwire\/"},"modified":"2026-03-30T12:10:18","modified_gmt":"2026-03-30T10:10:18","slug":"jojo-nyckelhallare-heavy-duty-60-cm-stalwire","status":"publish","type":"product","link":"https:\/\/secureus.se\/fr\/jojo-nyckelhallare-heavy-duty-60-cm-stalwire\/","title":{"rendered":"Porte-cl\u00e9s JOJO robuste \u2013 Fil d&#039;acier de 60 cm \u2013 Enrouleur de cl\u00e9s r\u00e9tractable (noir)"},"content":{"rendered":"<h1 data-start=\"616\" data-end=\"671\">Porte-cl\u00e9s JOJO robuste \u2013 Fil d&#039;acier de 60 cm \u2013 Enrouleur de cl\u00e9s r\u00e9tractable (noir)<\/h1>\n<p data-start=\"673\" data-end=\"966\">Celui-ci <strong data-start=\"679\" data-end=\"712\">Porte-cl\u00e9s JOJO ultra-r\u00e9sistant<\/strong> est con\u00e7u pour les utilisateurs professionnels qui ont besoin d&#039;une solution fiable pour leurs cl\u00e9s et cartes d&#039;acc\u00e8s.<\/p>\n<p data-start=\"673\" data-end=\"966\">L&#039;extensible <strong data-start=\"830\" data-end=\"858\">fil d&#039;acier d&#039;environ 60 cm<\/strong> permet d&#039;utiliser facilement des cl\u00e9s ou des cartes RFID sans avoir \u00e0 les d\u00e9tacher de votre ceinture ou de vos v\u00eatements de travail.<\/p>\n<p data-start=\"968\" data-end=\"1083\">Sa construction robuste en plastique et en m\u00e9tal rend ce mod\u00e8le adapt\u00e9 \u00e0 une utilisation quotidienne dans des environnements exigeants tels que\u00a0:<\/p>\n<ul data-start=\"1085\" data-end=\"1201\">\n<li data-start=\"1085\" data-end=\"1104\">\n<p data-start=\"1087\" data-end=\"1104\">Gestion immobili\u00e8re<\/p>\n<\/li>\n<li data-start=\"1105\" data-end=\"1126\">\n<p data-start=\"1107\" data-end=\"1126\">Chantiers de construction<\/p>\n<\/li>\n<li data-start=\"1127\" data-end=\"1149\">\n<p data-start=\"1129\" data-end=\"1149\">Industrie et entrep\u00f4t<\/p>\n<\/li>\n<li data-start=\"1150\" data-end=\"1174\">\n<p data-start=\"1152\" data-end=\"1174\">Service et techniciens<\/p>\n<\/li>\n<li data-start=\"1175\" data-end=\"1201\">\n<p data-start=\"1177\" data-end=\"1201\">S\u00e9curit\u00e9 et surveillance<\/p>\n<\/li>\n<\/ul>\n<p data-start=\"1203\" data-end=\"1386\">Le JOJO vous permet de garder vos cl\u00e9s en s\u00e9curit\u00e9 tout en les ayant toujours \u00e0 port\u00e9e de main. Id\u00e9al pour le personnel manipulant des syst\u00e8mes de contr\u00f4le d&#039;acc\u00e8s, du mat\u00e9riel technique ou plusieurs cl\u00e9s au cours de sa journ\u00e9e de travail.<\/p>\n<hr data-start=\"1388\" data-end=\"1391\" \/>\n<h2 data-start=\"1393\" data-end=\"1407\">Parfait pour<\/h2>\n<ul data-start=\"1409\" data-end=\"1505\">\n<li data-start=\"1409\" data-end=\"1426\">\n<p data-start=\"1411\" data-end=\"1426\">Porte-cl\u00e9s<\/p>\n<\/li>\n<li data-start=\"1427\" data-end=\"1441\">\n<p data-start=\"1429\" data-end=\"1441\">Carte d&#039;acc\u00e8s<\/p>\n<\/li>\n<li data-start=\"1442\" data-end=\"1457\">\n<p data-start=\"1444\" data-end=\"1457\">\u00c9tiquettes RFID<\/p>\n<\/li>\n<li data-start=\"1458\" data-end=\"1472\">\n<p data-start=\"1460\" data-end=\"1472\">badges d&#039;identification<\/p>\n<\/li>\n<li data-start=\"1473\" data-end=\"1505\">\n<p data-start=\"1475\" data-end=\"1505\">Personnel de service et techniciens<\/p>\n<\/li>\n<\/ul>\n<hr data-start=\"1507\" data-end=\"1510\" \/>\n<h2 data-start=\"1512\" data-end=\"1523\">Avantages<\/h2>\n<ul data-start=\"1525\" data-end=\"1752\">\n<li data-start=\"1525\" data-end=\"1581\">\n<p data-start=\"1527\" data-end=\"1581\">Construction robuste pour usage professionnel<\/p>\n<\/li>\n<li data-start=\"1582\" data-end=\"1617\">\n<p data-start=\"1584\" data-end=\"1617\">Extensible <strong data-start=\"1594\" data-end=\"1615\">fil d&#039;acier d&#039;environ 60 cm<\/strong><\/p>\n<\/li>\n<li data-start=\"1618\" data-end=\"1654\">\n<p data-start=\"1620\" data-end=\"1654\">Conception robuste en plastique et en m\u00e9tal<\/p>\n<\/li>\n<li data-start=\"1655\" data-end=\"1706\">\n<p data-start=\"1657\" data-end=\"1706\">Convient aux cl\u00e9s, aux cartes d&#039;acc\u00e8s et aux \u00e9tiquettes RFID<\/p>\n<\/li>\n<li data-start=\"1707\" data-end=\"1752\">\n<p data-start=\"1709\" data-end=\"1752\">Id\u00e9al pour la s\u00e9curit\u00e9, les biens et les services<\/p>\n<\/li>\n<\/ul>\n<hr data-start=\"1754\" data-end=\"1757\" \/>\n<h2 data-start=\"1759\" data-end=\"1783\">Sp\u00e9cification technique<\/h2>\n<p data-start=\"1785\" data-end=\"1812\">Mat\u00e9riel<br data-start=\"1793\" data-end=\"1796\" \/>Plastique \/ M\u00e9tal<\/p>\n<p data-start=\"1814\" data-end=\"1828\">Peinture<br data-start=\"1818\" data-end=\"1821\" \/>Noir<\/p>\n<p data-start=\"1830\" data-end=\"1846\">Poids<br data-start=\"1834\" data-end=\"1837\" \/>environ 36 g<\/p>\n<p data-start=\"1848\" data-end=\"1879\">Longueur du fil<br data-start=\"1857\" data-end=\"1860\" \/>environ 60 cm (fil d&#039;acier)<\/p>","protected":false},"excerpt":{"rendered":"<p data-start=\"388\" data-end=\"644\">Puissant <strong data-start=\"396\" data-end=\"447\">Porte-cl\u00e9s JOJO avec c\u00e2ble en acier extensible de 60 cm<\/strong>, con\u00e7u pour la construction, l&#039;industrie et d&#039;autres environnements de travail exigeants.<\/p>\n<p data-start=\"388\" data-end=\"644\">Sa construction robuste le rend id\u00e9al pour les cl\u00e9s, les cartes d&#039;acc\u00e8s et les badges d&#039;identification qui doivent \u00eatre facilement accessibles pendant la journ\u00e9e de travail.<\/p>\n<p data-start=\"646\" data-end=\"747\">Conception robuste adapt\u00e9e \u00e0 une utilisation quotidienne dans des secteurs tels que la construction, l&#039;immobilier, les services et la s\u00e9curit\u00e9.<\/p>","protected":false},"featured_media":162896,"template":"","meta":{"_acf_changed":false},"product_brand":[],"product_cat":[1676,2901],"product_tag":[2958],"class_list":{"0":"post-162900","1":"product","2":"type-product","3":"status-publish","4":"has-post-thumbnail","6":"product_cat-jojos-och-nyckelringar","7":"product_cat-jojo-yoyo-alltid-i-lager","8":"product_tag-stonehouse-produkt","9":"product_shipping_class-postnord-varubrev","10":"pa_brands-stonehouse-security","11":"pa_farg-svart","12":"pa_rfid-tillbehor-jojo","13":"tm-no-options","15":"first","16":"instock","17":"sale","18":"featured","19":"taxable","20":"shipping-taxable","21":"purchasable","22":"product-type-simple"},"acf":[],"_links":{"self":[{"href":"https:\/\/secureus.se\/fr\/wp-json\/wp\/v2\/product\/162900","targetHints":{"allow":["GET"]}}],"collection":[{"href":"https:\/\/secureus.se\/fr\/wp-json\/wp\/v2\/product"}],"about":[{"href":"https:\/\/secureus.se\/fr\/wp-json\/wp\/v2\/types\/product"}],"wp:featuredmedia":[{"embeddable":true,"href":"https:\/\/secureus.se\/fr\/wp-json\/wp\/v2\/media\/162896"}],"wp:attachment":[{"href":"https:\/\/secureus.se\/fr\/wp-json\/wp\/v2\/media?parent=162900"}],"wp:term":[{"taxonomy":"product_brand","embeddable":true,"href":"https:\/\/secureus.se\/fr\/wp-json\/wp\/v2\/product_brand?post=162900"},{"taxonomy":"product_cat","embeddable":true,"href":"https:\/\/secureus.se\/fr\/wp-json\/wp\/v2\/product_cat?post=162900"},{"taxonomy":"product_tag","embeddable":true,"href":"https:\/\/secureus.se\/fr\/wp-json\/wp\/v2\/product_tag?post=162900"}],"curies":[{"name":"wp","href":"https:\/\/api.w.org\/{rel}","templated":true}]}}