{"id":163103,"date":"2026-03-11T12:34:17","date_gmt":"2026-03-11T11:34:17","guid":{"rendered":"https:\/\/secureus.se\/visonic-mc-303-powerg-tradlos-infalld-magnetkontakt-0-104065\/"},"modified":"2026-04-01T12:53:03","modified_gmt":"2026-04-01T10:53:03","slug":"visonic-mc-303-powerg-tradlos-infalld-magnetkontakt-0-104065","status":"publish","type":"product","link":"https:\/\/secureus.se\/fr\/visonic-mc-303-powerg-tradlos-infalld-magnetkontakt-0-104065\/","title":{"rendered":"Interrupteur magn\u00e9tique encastr\u00e9 sans fil Visonic MC-303 PowerG (0-104065)"},"content":{"rendered":"<h2>Visonic MC-303 PowerG \u2013 interrupteur magn\u00e9tique encastr\u00e9 sans fil<\/h2>\n<p><strong>Visonic MC-303 PowerG (0-104065)<\/strong> remplace le mod\u00e8le pr\u00e9c\u00e9dent de <strong>MC303<\/strong>. La nouvelle version est dot\u00e9e d&#039;une nouvelle r\u00e9f\u00e9rence, mais remplit la m\u00eame fonction que la pr\u00e9c\u00e9dente MC303 dans les installations Visonic.<\/p>\n<p>Pour les installateurs, cela signifie que le produit peut \u00eatre utilis\u00e9 comme une mise \u00e0 niveau ou un remplacement direct dans les syst\u00e8mes PowerMaster existants.<\/p>\n<p>Gr\u00e2ce \u00e0 sa conception discr\u00e8te, ce capteur est id\u00e9al pour les installations o\u00f9 le design et l&#039;esth\u00e9tique sont importants, comme dans les maisons, les bureaux ou les propri\u00e9t\u00e9s modernes.<\/p>\n<hr \/>\n<h2>Installation encastr\u00e9e discr\u00e8te<\/h2>\n<p>Le MC-303 se monte directement dans le cadre et le vantail de la porte ou le cadre de la fen\u00eatre. Contrairement aux contacts magn\u00e9tiques en saillie, il est invisible en utilisation normale, ce qui permet une installation beaucoup plus discr\u00e8te.<\/p>\n<p>Cela le rend particuli\u00e8rement adapt\u00e9 aux environnements o\u00f9 l&#039;on souhaite minimiser les composants visibles sans compromettre la s\u00e9curit\u00e9.<\/p>\n<hr \/>\n<h2>Technologie PowerG<\/h2>\n<p>Le contact magn\u00e9tique utilise <strong>Technologie sans fil PowerG<\/strong>, PowerG assure une communication stable et s\u00e9curis\u00e9e avec le syst\u00e8me d&#039;alarme. Con\u00e7u pour les syst\u00e8mes de s\u00e9curit\u00e9 professionnels, il offre une fiabilit\u00e9 op\u00e9rationnelle \u00e9lev\u00e9e, m\u00eame dans les grands b\u00e2timents.<\/p>\n<p>L&#039;appareil est compatible avec <strong>Panneaux Visonic PowerMaster<\/strong> et s&#039;int\u00e8gre facilement aux installations PowerG existantes.<\/p>\n<hr \/>\n<h2>Installation facile et longue dur\u00e9e de fonctionnement<\/h2>\n<p>Gr\u00e2ce \u00e0 sa conception sans fil, l&#039;installation est rapide et facile puisqu&#039;aucun c\u00e2ble n&#039;est \u00e0 passer. Son design encastr\u00e9 prot\u00e8ge \u00e9galement le capteur et contribue \u00e0 un r\u00e9sultat final discret.<\/p>\n<p>Le MC-303 est donc un choix pratique aussi bien pour les nouvelles installations que pour l&#039;extension des alarmes existantes.<\/p>\n<hr \/>\n<h2>Principales caract\u00e9ristiques<\/h2>\n<ul>\n<li>Interrupteur magn\u00e9tique encastr\u00e9 sans fil<\/li>\n<li>Installation discr\u00e8te dans une porte ou une fen\u00eatre<\/li>\n<li>Technologie sans fil PowerG<\/li>\n<li>Compatible avec les syst\u00e8mes Visonic PowerMaster<\/li>\n<li>Convient aux installations r\u00e9sidentielles et commerciales<\/li>\n<li>Installation rapide et facile<\/li>\n<li>design moderne et discret<\/li>\n<\/ul>\n<hr \/>\n<h2>R\u00e9sum\u00e9<\/h2>\n<p><strong>Visonic MC-303 PowerG<\/strong> Il s&#039;agit d&#039;un contact magn\u00e9tique discret et fiable pour portes et fen\u00eatres des syst\u00e8mes PowerMaster. Son design encastr\u00e9 le rend quasiment invisible, tandis que la technologie PowerG assure une communication sans fil stable et s\u00e9curis\u00e9e.<\/p>","protected":false},"excerpt":{"rendered":"<p><strong>Visonic MC-303 PowerG (0-104065)<\/strong> Il s&#039;agit d&#039;un contact magn\u00e9tique encastr\u00e9 sans fil pour portes et fen\u00eatres. Il est discr\u00e8tement install\u00e9 dans le cadre et devient pratiquement invisible lorsque la porte ou la fen\u00eatre est ferm\u00e9e.<\/p>\n<p>Le contact magn\u00e9tique utilise <strong>Technologie sans fil PowerG<\/strong> et est compatible avec <strong>Syst\u00e8me Visioncton PowerMaster<\/strong>, ce qui en fait un choix populaire aussi bien pour les nouvelles installations que pour la mise \u00e0 niveau des syst\u00e8mes d&#039;alarme existants.<\/p>","protected":false},"featured_media":163102,"template":"","meta":{"_acf_changed":false},"product_brand":[],"product_cat":[3381],"product_tag":[],"class_list":{"0":"post-163103","1":"product","2":"type-product","3":"status-publish","4":"has-post-thumbnail","6":"product_cat-visonic-magnetkontakter","7":"pa_brands-5visonic","8":"tm-no-options","10":"first","11":"instock","12":"sale","13":"taxable","14":"shipping-taxable","15":"purchasable","16":"product-type-simple"},"acf":[],"_links":{"self":[{"href":"https:\/\/secureus.se\/fr\/wp-json\/wp\/v2\/product\/163103","targetHints":{"allow":["GET"]}}],"collection":[{"href":"https:\/\/secureus.se\/fr\/wp-json\/wp\/v2\/product"}],"about":[{"href":"https:\/\/secureus.se\/fr\/wp-json\/wp\/v2\/types\/product"}],"wp:featuredmedia":[{"embeddable":true,"href":"https:\/\/secureus.se\/fr\/wp-json\/wp\/v2\/media\/163102"}],"wp:attachment":[{"href":"https:\/\/secureus.se\/fr\/wp-json\/wp\/v2\/media?parent=163103"}],"wp:term":[{"taxonomy":"product_brand","embeddable":true,"href":"https:\/\/secureus.se\/fr\/wp-json\/wp\/v2\/product_brand?post=163103"},{"taxonomy":"product_cat","embeddable":true,"href":"https:\/\/secureus.se\/fr\/wp-json\/wp\/v2\/product_cat?post=163103"},{"taxonomy":"product_tag","embeddable":true,"href":"https:\/\/secureus.se\/fr\/wp-json\/wp\/v2\/product_tag?post=163103"}],"curies":[{"name":"wp","href":"https:\/\/api.w.org\/{rel}","templated":true}]}}