{"id":163105,"date":"2026-03-11T12:34:50","date_gmt":"2026-03-11T11:34:50","guid":{"rendered":"https:\/\/secureus.se\/visonic-next-cam-pg2-pircam-hd-tradlos-pir-detektor-med-kamera-0-104094\/"},"modified":"2026-04-23T12:59:14","modified_gmt":"2026-04-23T10:59:14","slug":"visonic-next-cam-pg2-pircam-hd-tradlos-pir-detektor-med-kamera-0-104094","status":"publish","type":"product","link":"https:\/\/secureus.se\/fr\/visonic-next-cam-pg2-pircam-hd-tradlos-pir-detektor-med-kamera-0-104094\/","title":{"rendered":"D\u00e9tecteur PIR sans fil Visonic Next CAM PG2 avec cam\u00e9ra (HD) \u2013 (0-104094)"},"content":{"rendered":"<h2>Visonic PIRCam HD \u2013 D\u00e9tecteur PIR avec cam\u00e9ra pour la v\u00e9rification visuelle des alarmes<\/h2>\n<p><strong>Visonic Next CAM PG2 PIRCam HD (0-104094)<\/strong> est un d\u00e9tecteur de mouvement sans fil avanc\u00e9 avec cam\u00e9ra int\u00e9gr\u00e9e qui permet <strong>v\u00e9rification visuelle des alarmes<\/strong>. Lorsqu&#039;un mouvement est d\u00e9tect\u00e9, le capteur prend automatiquement une s\u00e9rie d&#039;images qui sont envoy\u00e9es au syst\u00e8me d&#039;alarme.<\/p>\n<p>Cela permet de d\u00e9terminer rapidement si l&#039;alarme est r\u00e9elle ou si elle est caus\u00e9e par autre chose, r\u00e9duisant ainsi les fausses alarmes et permettant d&#039;agir plus rapidement.<\/p>\n<hr \/>\n<h2>v\u00e9rification d&#039;alarme visuelle<\/h2>\n<p>Dans de nombreux pays et r\u00e9gions, les services de police et d&#039;urgence exigent la v\u00e9rification d&#039;une alarme avant toute intervention. PIRCam HD a \u00e9t\u00e9 d\u00e9velopp\u00e9 sp\u00e9cifiquement pour r\u00e9pondre \u00e0 ce besoin.<\/p>\n<p>Lorsque le syst\u00e8me est arm\u00e9 et qu&#039;un mouvement est d\u00e9tect\u00e9, la cam\u00e9ra s&#039;active automatiquement. Les images sont transmises au syst\u00e8me d&#039;alarme et peuvent \u00eatre envoy\u00e9es au centre de t\u00e9l\u00e9surveillance ou \u00e0 l&#039;utilisateur pour une prise en charge rapide de la situation.<\/p>\n<hr \/>\n<h2>Surveille toute la pi\u00e8ce<\/h2>\n<p>Le d\u00e9tecteur est con\u00e7u pour surveiller de grandes zones telles que\u00a0:<\/p>\n<ul>\n<li>chambre<\/li>\n<li>couloirs<\/li>\n<li>escaliers<\/li>\n<li>entr\u00e9es<\/li>\n<\/ul>\n<p>Avec une port\u00e9e de d\u00e9tection allant jusqu&#039;\u00e0 <strong>12 m\u00e8tres<\/strong> et un angle de vision d&#039;environ <strong>90\u00b0<\/strong> L&#039;appareil peut couvrir de grandes surfaces d&#039;une pi\u00e8ce.<\/p>\n<hr \/>\n<h2>Technologie PowerG<\/h2>\n<p>PIRCam HD utilise <strong>Technologie sans fil PowerG<\/strong>, PowerG assure une communication stable et s\u00e9curis\u00e9e avec le syst\u00e8me d&#039;alarme. Con\u00e7u pour les syst\u00e8mes de s\u00e9curit\u00e9 professionnels, il offre une fiabilit\u00e9 \u00e9lev\u00e9e, m\u00eame dans les grands b\u00e2timents.<\/p>\n<p>Le d\u00e9tecteur est compatible avec <strong>Syst\u00e8me Visioncton PowerMaster<\/strong> ainsi que plusieurs autres plateformes de s\u00e9curit\u00e9 compatibles.<\/p>\n<hr \/>\n<h2>Installation simple<\/h2>\n<p>Gr\u00e2ce \u00e0 sa conception sans fil, l&#039;installation est rapide et facile puisqu&#039;aucun c\u00e2ble n&#039;est \u00e0 passer. L&#039;appareil fonctionne sur batterie et peut \u00eatre fix\u00e9 au mur, dans un angle ou au plafond selon vos besoins.<\/p>\n<hr \/>\n<h2>Principales caract\u00e9ristiques<\/h2>\n<ul>\n<li>D\u00e9tecteur de mouvement PIR avec cam\u00e9ra int\u00e9gr\u00e9e<\/li>\n<li>V\u00e9rification visuelle des alarmes par s\u00e9quences d&#039;images<\/li>\n<li>Communication sans fil PowerG<\/li>\n<li>Port\u00e9e de d\u00e9tection jusqu&#039;\u00e0 12 m\u00e8tres<\/li>\n<li>Angle de vision d&#039;environ 90\u00b0<\/li>\n<li>Installation sans fil avec fonctionnement sur batterie<\/li>\n<li>Convient aux chambres, aux couloirs et aux entr\u00e9es<\/li>\n<li>Compatible avec les syst\u00e8mes Visonic PowerMaster<\/li>\n<\/ul>\n<hr \/>\n<h2>R\u00e9sum\u00e9<\/h2>\n<p><strong>Cam\u00e9ra PIRCam HD Visonic<\/strong> Ce syst\u00e8me intelligent, combinant d\u00e9tecteur de mouvement et cam\u00e9ra, permet de v\u00e9rifier rapidement les alarmes. L&#039;envoi d&#039;images en cas d&#039;alarme r\u00e9duit les fausses alertes et acc\u00e9l\u00e8re la prise de mesures appropri\u00e9es.<\/p>","protected":false},"excerpt":{"rendered":"<p><strong>Visonic Next CAM PG2 PIRCam HD (0-104094)<\/strong> est sans fil <strong>D\u00e9tecteur de mouvement PIR avec cam\u00e9ra int\u00e9gr\u00e9e<\/strong> pour les syst\u00e8mes PowerMaster. Lorsqu&#039;un mouvement est d\u00e9tect\u00e9, des images sont automatiquement prises et envoy\u00e9es au syst\u00e8me d&#039;alarme pour <strong>v\u00e9rification d&#039;alarme visuelle<\/strong>.<\/p>\n<p>Cela permet de d\u00e9terminer rapidement si l&#039;alarme est r\u00e9elle ou fausse \u2013 une caract\u00e9ristique importante tant pour les centres de t\u00e9l\u00e9surveillance que pour les utilisateurs.<\/p>","protected":false},"featured_media":163104,"template":"","meta":{"_acf_changed":false},"product_brand":[],"product_cat":[3382],"product_tag":[],"class_list":{"0":"post-163105","1":"product","2":"type-product","3":"status-publish","4":"has-post-thumbnail","6":"product_cat-rorelse-och-kamera-visonic-larmenheter","7":"pa_brands-5visonic","8":"tm-no-options","10":"first","11":"instock","12":"sale","13":"taxable","14":"shipping-taxable","15":"purchasable","16":"product-type-simple"},"acf":[],"_links":{"self":[{"href":"https:\/\/secureus.se\/fr\/wp-json\/wp\/v2\/product\/163105","targetHints":{"allow":["GET"]}}],"collection":[{"href":"https:\/\/secureus.se\/fr\/wp-json\/wp\/v2\/product"}],"about":[{"href":"https:\/\/secureus.se\/fr\/wp-json\/wp\/v2\/types\/product"}],"wp:featuredmedia":[{"embeddable":true,"href":"https:\/\/secureus.se\/fr\/wp-json\/wp\/v2\/media\/163104"}],"wp:attachment":[{"href":"https:\/\/secureus.se\/fr\/wp-json\/wp\/v2\/media?parent=163105"}],"wp:term":[{"taxonomy":"product_brand","embeddable":true,"href":"https:\/\/secureus.se\/fr\/wp-json\/wp\/v2\/product_brand?post=163105"},{"taxonomy":"product_cat","embeddable":true,"href":"https:\/\/secureus.se\/fr\/wp-json\/wp\/v2\/product_cat?post=163105"},{"taxonomy":"product_tag","embeddable":true,"href":"https:\/\/secureus.se\/fr\/wp-json\/wp\/v2\/product_tag?post=163105"}],"curies":[{"name":"wp","href":"https:\/\/api.w.org\/{rel}","templated":true}]}}