{"id":163107,"date":"2026-03-11T12:35:09","date_gmt":"2026-03-11T11:35:09","guid":{"rendered":"https:\/\/secureus.se\/visonic-powerg-vattenlarm-med-fryssensor-0-104230-for-powermaster-fd-tmd-560\/"},"modified":"2026-04-23T12:58:57","modified_gmt":"2026-04-23T10:58:57","slug":"visonic-powerg-vattenlarm-med-fryssensor-0-104230-for-powermaster-fd-tmd-560","status":"publish","type":"product","link":"https:\/\/secureus.se\/fr\/visonic-powerg-vattenlarm-med-fryssensor-0-104230-for-powermaster-fd-tmd-560\/","title":{"rendered":"Alarme d&#039;eau Visonic PowerG avec capteur de gel (0-104230) \u2013 pour PowerMaster (anciennement TMD-560)"},"content":{"rendered":"<h2>Alarme d&#039;eau Visonic PowerG avec capteur de gel<\/h2>\n<p><strong>Visonic 0-104230<\/strong> est un capteur PowerG sans fil qui combine <strong>D\u00e9tection des fuites d&#039;eau et protection contre le gel<\/strong> dans la m\u00eame unit\u00e9. Le capteur est utilis\u00e9 conjointement avec <strong>Syst\u00e8me Visioncton PowerMaster<\/strong> et d\u00e9clenche des alarmes en cas de d\u00e9tection d&#039;eau ou lorsque la temp\u00e9rature atteint des niveaux critiques.<\/p>\n<p>Cela permet de d\u00e9tecter les probl\u00e8mes au plus t\u00f4t et d&#039;\u00e9viter des dommages importants aux b\u00e2timents et aux installations.<\/p>\n<hr \/>\n<h2>Protection contre les fuites d&#039;eau et les d\u00e9g\u00e2ts du gel<\/h2>\n<p>Le capteur r\u00e9agit instantan\u00e9ment d\u00e8s que l&#039;eau atteint ses contacts et d\u00e9clenche une alarme. La surveillance int\u00e9gr\u00e9e de la temp\u00e9rature permet \u00e9galement de d\u00e9tecter les temp\u00e9ratures dangereusement basses avant que les canalisations ne g\u00e8lent ou n&#039;\u00e9clatent.<\/p>\n<p>Cela rend le capteur particuli\u00e8rement utile, par exemple, dans les cas suivants\u00a0:<\/p>\n<ul>\n<li>cave<\/li>\n<li>buanderies<\/li>\n<li>chaufferie<\/li>\n<li>salle technique<\/li>\n<li>chalets d&#039;\u00e9t\u00e9<\/li>\n<li>garage<\/li>\n<\/ul>\n<hr \/>\n<h2>Remplace les anciens capteurs de temp\u00e9rature<\/h2>\n<p>Ce mod\u00e8le peut \u00eatre utilis\u00e9 dans de nombreuses installations comme un remplacement moderne des anciens capteurs de temp\u00e9rature tels que\u00a0: <strong>Visonic TMD-560 PG2<\/strong>.<\/p>\n<p>Le TMD-560 PG2 ne surveillait que la temp\u00e9rature, tandis que ce capteur peut d\u00e9tecter \u00e0 la fois la temp\u00e9rature ambiante et la temp\u00e9rature ambiante. <strong>Fuites d&#039;eau et risque de gel<\/strong>, ce qui offre une protection plus compl\u00e8te.<\/p>\n<hr \/>\n<h2>Technologie PowerG<\/h2>\n<p>Le capteur utilise <strong>PowerG<\/strong>, PowerG est la technologie sans fil avanc\u00e9e de Visonics pour les produits de s\u00e9curit\u00e9. Elle offre une communication stable, une longue port\u00e9e et une grande fiabilit\u00e9.<\/p>\n<p>L&#039;appareil est compatible avec <strong>Panneaux Visonic PowerMaster<\/strong> et s&#039;int\u00e8gre facilement aux installations PowerG existantes.<\/p>\n<hr \/>\n<h2>Installation simple<\/h2>\n<p>Gr\u00e2ce \u00e0 sa conception sans fil, l&#039;installation est simplifi\u00e9e puisqu&#039;aucun c\u00e2ble n&#039;est \u00e0 passer. Le capteur est aliment\u00e9 par batterie et peut \u00eatre plac\u00e9 directement sur le sol ou \u00e0 proximit\u00e9 des zones susceptibles de pr\u00e9senter des fuites d&#039;eau.<\/p>\n<hr \/>\n<h2>Principales caract\u00e9ristiques<\/h2>\n<ul>\n<li>d\u00e9tecteur de fuite d&#039;eau sans fil<\/li>\n<li>Capteur de cong\u00e9lation int\u00e9gr\u00e9 \/ surveillance de la temp\u00e9rature<\/li>\n<li>Communication sans fil PowerG<\/li>\n<li>Compatible avec les syst\u00e8mes Visonic PowerMaster<\/li>\n<li>Aliment\u00e9 par batterie<\/li>\n<li>Installation rapide sans c\u00e2blage<\/li>\n<li>Peut remplacer les capteurs de temp\u00e9rature pr\u00e9c\u00e9dents tels que le TMD-560 PG2<\/li>\n<\/ul>\n<hr \/>\n<h2>Ajout du capteur au PowerMaster<\/h2>\n<p>Pour ajouter le capteur au syst\u00e8me d&#039;alarme\u00a0:<\/p>\n<ol>\n<li>Acc\u00e9dez au menu d&#039;installation du panneau de commande PowerMaster.<\/li>\n<li>Choisir <strong>Inscrire un appareil \/ Ajouter un appareil<\/strong>.<\/li>\n<li>Activez le capteur en ins\u00e9rant la pile.<\/li>\n<li>Le panneau de commande d\u00e9tectera automatiquement l&#039;appareil et vous pourrez l&#039;enregistrer.<\/li>\n<\/ol>","protected":false},"excerpt":{"rendered":"<p><strong>Alarme d&#039;eau Visonic PowerG avec d\u00e9tection de gel (0-104230)<\/strong> est un capteur sans fil qui d\u00e9tecte \u00e0 la fois <strong>Fuites d&#039;eau et risque de gel<\/strong>Le capteur est compatible avec <strong>Syst\u00e8me Visioncton PowerMaster<\/strong> et d\u00e9clenche imm\u00e9diatement des alarmes en cas de d\u00e9tection d&#039;eau ou de temp\u00e9ratures dangereusement basses.<\/p>\n<p>Il est id\u00e9al pour une installation dans des espaces tels que les sous-sols, les chaufferies, les buanderies ou autres lieux o\u00f9 des fuites d&#039;eau ou un risque de gel peuvent survenir.<\/p>","protected":false},"featured_media":163106,"template":"","meta":{"_acf_changed":false},"product_brand":[],"product_cat":[3383],"product_tag":[],"class_list":{"0":"post-163107","1":"product","2":"type-product","3":"status-publish","4":"has-post-thumbnail","6":"product_cat-visonic-brandvarnare-vattendetektor-temperatur","7":"pa_brands-5visonic","8":"tm-no-options","10":"first","11":"instock","12":"sale","13":"taxable","14":"shipping-taxable","15":"purchasable","16":"product-type-simple"},"acf":[],"_links":{"self":[{"href":"https:\/\/secureus.se\/fr\/wp-json\/wp\/v2\/product\/163107","targetHints":{"allow":["GET"]}}],"collection":[{"href":"https:\/\/secureus.se\/fr\/wp-json\/wp\/v2\/product"}],"about":[{"href":"https:\/\/secureus.se\/fr\/wp-json\/wp\/v2\/types\/product"}],"wp:featuredmedia":[{"embeddable":true,"href":"https:\/\/secureus.se\/fr\/wp-json\/wp\/v2\/media\/163106"}],"wp:attachment":[{"href":"https:\/\/secureus.se\/fr\/wp-json\/wp\/v2\/media?parent=163107"}],"wp:term":[{"taxonomy":"product_brand","embeddable":true,"href":"https:\/\/secureus.se\/fr\/wp-json\/wp\/v2\/product_brand?post=163107"},{"taxonomy":"product_cat","embeddable":true,"href":"https:\/\/secureus.se\/fr\/wp-json\/wp\/v2\/product_cat?post=163107"},{"taxonomy":"product_tag","embeddable":true,"href":"https:\/\/secureus.se\/fr\/wp-json\/wp\/v2\/product_tag?post=163107"}],"curies":[{"name":"wp","href":"https:\/\/api.w.org\/{rel}","templated":true}]}}