{"id":163289,"date":"2026-03-17T16:22:13","date_gmt":"2026-03-17T15:22:13","guid":{"rendered":"https:\/\/secureus.se\/tfx-traskruv-45-x-30-mm-10-pack\/"},"modified":"2026-03-17T16:25:19","modified_gmt":"2026-03-17T15:25:19","slug":"tfx-traskruv-45-x-30-mm-10-pack","status":"publish","type":"product","link":"https:\/\/secureus.se\/fr\/tfx-traskruv-45-x-30-mm-10-pack\/","title":{"rendered":"Vis \u00e0 bois TFX 4,5 x 30 mm - Lot de 10"},"content":{"rendered":"<h2 data-section-id=\"1wtu8ha\" data-start=\"158\" data-end=\"212\">Vis \u00e0 bois TFX 4,5 x 30 mm \u2013 Frais\u00e9e \u2013 FZB \u2013 Lot de 10<\/h2>\n<p data-start=\"214\" data-end=\"421\">La vis \u00e0 bois TFX 4,5 x 30 mm est une vis d&#039;assemblage de haute qualit\u00e9 pour la fixation dans le bois. Dot\u00e9e d&#039;une empreinte cruciforme Pozidriv et d&#039;un filetage dentel\u00e9, elle assure une installation rapide et s\u00fbre, avec une excellente adh\u00e9rence dans le mat\u00e9riau.<\/p>\n<p data-start=\"423\" data-end=\"620\">La vis est c\u00e9ment\u00e9e, zingu\u00e9e et trait\u00e9e avec un lubrifiant pour r\u00e9duire la friction lors du montage. Elle est parfaitement adapt\u00e9e \u00e0 l&#039;assemblage de ferrures, de but\u00e9es de porte, de ferrures de fen\u00eatre et autres fixations pour le bois.<\/p>\n<hr data-start=\"622\" data-end=\"625\" \/>\n<h2 data-section-id=\"fnvs8i\" data-start=\"627\" data-end=\"640\">Caract\u00e9ristiques<\/h2>\n<p data-start=\"642\" data-end=\"917\">\u2022 Dimensions : <strong data-start=\"655\" data-end=\"670\">4,5 x 30 mm<\/strong><br data-start=\"670\" data-end=\"673\" \/>\u2022 Taper: <strong data-start=\"680\" data-end=\"696\">Vis \u00e0 bois TFX<\/strong><br data-start=\"696\" data-end=\"699\" \/>\u2022 T\u00eate: <strong data-start=\"708\" data-end=\"720\">Encastr\u00e9<\/strong><br data-start=\"720\" data-end=\"723\" \/>\u2022 Pistes\u00a0: <strong data-start=\"731\" data-end=\"749\">Pozidrive (PZ)<\/strong><br data-start=\"749\" data-end=\"752\" \/>\u2022 Filetage dentel\u00e9 pour une fixation rapide<br data-start=\"794\" data-end=\"797\" \/>\u2022 C\u00e9ment\u00e9 pour une r\u00e9sistance \u00e9lev\u00e9e<br data-start=\"829\" data-end=\"832\" \/>\u2022 Rev\u00eatement en zinc (FZB) pour la protection contre la corrosion<br data-start=\"869\" data-end=\"872\" \/>\u2022 Lubrifi\u00e9 pour faciliter l&#039;assemblage<\/p>\n<hr data-start=\"919\" data-end=\"922\" \/>\n<h2 data-section-id=\"xck9dh\" data-start=\"924\" data-end=\"945\">Domaines d&#039;utilisation<\/h2>\n<p data-start=\"947\" data-end=\"983\">Convient pour le montage de :<\/p>\n<p data-start=\"985\" data-end=\"1071\">\u2022 freins de porte<br data-start=\"998\" data-end=\"1001\" \/>\u2022 freins de fen\u00eatre<br data-start=\"1017\" data-end=\"1020\" \/>\u2022 raccords<br data-start=\"1028\" data-end=\"1031\" \/>\u2022 charni\u00e8re<br data-start=\"1041\" data-end=\"1044\" \/>\u2022 autres structures en bois<\/p>\n<hr data-start=\"1073\" data-end=\"1076\" \/>\n<h2 data-section-id=\"1bw2nlc\" data-start=\"1078\" data-end=\"1092\">Conditionnement<\/h2>\n<p data-start=\"1094\" data-end=\"1127\"><strong data-start=\"1094\" data-end=\"1127\">10 vis par paquet<\/strong><\/p>","protected":false},"excerpt":{"rendered":"<p>Vis \u00e0 bois TFX 4,5 x 30 mm \u00e0 t\u00eate frais\u00e9e et empreinte Pozidriv. Vis d&#039;assemblage zingu\u00e9e, id\u00e9ale pour la fixation de ferrures, but\u00e9es de porte et autres \u00e9l\u00e9ments de menuiserie. Vendue par lot de 10.<\/p>","protected":false},"featured_media":163288,"template":"","meta":{"_acf_changed":false},"product_brand":[],"product_cat":[3370],"product_tag":[],"class_list":{"0":"post-163289","1":"product","2":"type-product","3":"status-publish","4":"has-post-thumbnail","6":"product_cat-dorrbroms-dorrbromsar","7":"tm-no-options","9":"first","10":"instock","11":"taxable","12":"shipping-taxable","13":"purchasable","14":"product-type-simple"},"acf":[],"_links":{"self":[{"href":"https:\/\/secureus.se\/fr\/wp-json\/wp\/v2\/product\/163289","targetHints":{"allow":["GET"]}}],"collection":[{"href":"https:\/\/secureus.se\/fr\/wp-json\/wp\/v2\/product"}],"about":[{"href":"https:\/\/secureus.se\/fr\/wp-json\/wp\/v2\/types\/product"}],"wp:featuredmedia":[{"embeddable":true,"href":"https:\/\/secureus.se\/fr\/wp-json\/wp\/v2\/media\/163288"}],"wp:attachment":[{"href":"https:\/\/secureus.se\/fr\/wp-json\/wp\/v2\/media?parent=163289"}],"wp:term":[{"taxonomy":"product_brand","embeddable":true,"href":"https:\/\/secureus.se\/fr\/wp-json\/wp\/v2\/product_brand?post=163289"},{"taxonomy":"product_cat","embeddable":true,"href":"https:\/\/secureus.se\/fr\/wp-json\/wp\/v2\/product_cat?post=163289"},{"taxonomy":"product_tag","embeddable":true,"href":"https:\/\/secureus.se\/fr\/wp-json\/wp\/v2\/product_tag?post=163289"}],"curies":[{"name":"wp","href":"https:\/\/api.w.org\/{rel}","templated":true}]}}