{"id":163393,"date":"2026-03-20T11:40:56","date_gmt":"2026-03-20T10:40:56","guid":{"rendered":"https:\/\/secureus.se\/?post_type=product&#038;p=163393"},"modified":"2026-04-15T14:46:25","modified_gmt":"2026-04-15T12:46:25","slug":"ajax-keypad-outdoor-ip66-grafit","status":"publish","type":"product","link":"https:\/\/secureus.se\/fr\/ajax-keypad-outdoor-ip66-grafit\/","title":{"rendered":"Clavier ext\u00e9rieur Ajax IP66 - Graphite"},"content":{"rendered":"<p data-start=\"272\" data-end=\"623\">Le panneau de commande ext\u00e9rieur Ajax KeyPad Outdoor Jeweller est un panneau sans fil dot\u00e9 de boutons m\u00e9caniques clairs pour une utilisation fluide et s\u00e9curis\u00e9e du syst\u00e8me Ajax, aussi bien \u00e0 l&#039;int\u00e9rieur qu&#039;\u00e0 l&#039;ext\u00e9rieur. Il est con\u00e7u pour offrir un acc\u00e8s facile au contr\u00f4le de l&#039;alarme, au contr\u00f4le d&#039;acc\u00e8s et \u00e0 certaines fonctions d&#039;automatisation via une interface unique.<\/p>\n<p data-start=\"625\" data-end=\"949\">Le panneau de commande est dot\u00e9 de <strong data-start=\"652\" data-end=\"670\">Lecteur DESFire<\/strong> pour Ajax Pass et Tag, ainsi que la prise en charge de <strong data-start=\"708\" data-end=\"738\">Bluetooth Low Energy (BLE)<\/strong>. Cela signifie que l&#039;utilisateur peut s&#039;identifier au moyen d&#039;un badge, d&#039;une carte, d&#039;un code ou de son t\u00e9l\u00e9phone mobile. L&#039;appareil est \u00e9galement compatible avec les smartphones via Bluetooth Low Energy (BLE), ce qui permet d&#039;utiliser le t\u00e9l\u00e9phone mobile comme carte d&#039;acc\u00e8s.<\/p>\n<p data-start=\"951\" data-end=\"1284\">Le buzzer int\u00e9gr\u00e9 peut \u00e9mettre des signaux sonores pour les alarmes, les entr\u00e9es et sorties, et une sonnerie, entre autres. Le KeyPad Outdoor Jeweller permet \u00e9galement de contr\u00f4ler directement les appareils domotiques depuis le panneau de commande, ce qui en fait une solution flexible m\u00eame pour les installations combinant gestion d&#039;alarme et domotique.<\/p>\n<p data-start=\"1286\" data-end=\"1580\">Les gros boutons m\u00e9caniques sont con\u00e7us pour une utilisation claire et fiable, m\u00eame dans des environnements expos\u00e9s. Gr\u00e2ce \u00e0 leur classe de protection, ils offrent un fonctionnement optimal. <strong data-start=\"1417\" data-end=\"1425\">IP66<\/strong> et r\u00e9sistance aux chocs <strong data-start=\"1443\" data-end=\"1451\">IK08<\/strong> Ce mod\u00e8le est parfaitement adapt\u00e9 \u00e0 une installation, par exemple, dans les entr\u00e9es, les portails, les locaux commerciaux et autres environnements o\u00f9 une grande durabilit\u00e9 est requise.<\/p>\n<p data-start=\"1582\" data-end=\"1618\"><strong data-start=\"1582\" data-end=\"1600\">Compatibilit\u00e9<\/strong><br data-start=\"1600\" data-end=\"1603\" \/>Compatible avec :<\/p>\n<ul data-start=\"1619\" data-end=\"1699\">\n<li data-section-id=\"10wrjv5\" data-start=\"1619\" data-end=\"1631\">Concentrateur 2 (2G)<\/li>\n<li data-section-id=\"10wrbvb\" data-start=\"1632\" data-end=\"1644\">Concentrateur 2 (4G)<\/li>\n<li data-section-id=\"10w8o2n\" data-start=\"1645\" data-end=\"1657\">Moyeu 2 Plus<\/li>\n<li data-section-id=\"1n2ssn9\" data-start=\"1658\" data-end=\"1666\">Hub BP<\/li>\n<li data-section-id=\"kgd6px\" data-start=\"1667\" data-end=\"1685\">Fibre hybride Hub<\/li>\n<li data-section-id=\"1o4sx3\" data-start=\"1686\" data-end=\"1691\">ReX<\/li>\n<li data-section-id=\"179hg8l\" data-start=\"1692\" data-end=\"1699\">ReX 2<\/li>\n<\/ul>\n<p data-start=\"1701\" data-end=\"1724\"><strong data-start=\"1701\" data-end=\"1724\">Informations techniques<\/strong><\/p>\n<ul data-start=\"1725\" data-end=\"2207\">\n<li data-section-id=\"1xn1d3q\" data-start=\"1725\" data-end=\"1780\"><strong data-start=\"1727\" data-end=\"1748\">Port\u00e9e sans fil\u00a0:<\/strong> jusqu&#039;\u00e0 1700 mi en terrain d\u00e9gag\u00e9<\/li>\n<li data-section-id=\"z1c1r7\" data-start=\"1781\" data-end=\"1818\"><strong data-start=\"1783\" data-end=\"1798\">Type de batterie\u00a0:<\/strong> 2 x CR123A, incluses<\/li>\n<li data-section-id=\"i70wrq\" data-start=\"1819\" data-end=\"1858\"><strong data-start=\"1821\" data-end=\"1842\">Autonomie de la batterie\u00a0:<\/strong> jusqu&#039;\u00e0 3 ans<\/li>\n<li data-section-id=\"1bdcz5s\" data-start=\"1859\" data-end=\"1908\"><strong data-start=\"1861\" data-end=\"1889\">Alimentation externe :<\/strong> 10,5-14 V CC, 1 A<\/li>\n<li data-section-id=\"1vune04\" data-start=\"1909\" data-end=\"1980\"><strong data-start=\"1911\" data-end=\"1941\">Alimentation de secours avec alimentation externe\u00a0:<\/strong> les batteries servent de source d&#039;\u00e9nergie de secours<\/li>\n<li data-section-id=\"9mfiut\" data-start=\"1981\" data-end=\"2025\"><strong data-start=\"1983\" data-end=\"2004\">Plage de temp\u00e9rature\u00a0:<\/strong> -25\u00b0C \u00e0 +60\u00b0C<\/li>\n<li data-section-id=\"3o971j\" data-start=\"2026\" data-end=\"2062\"><strong data-start=\"2028\" data-end=\"2046\">Humidit\u00e9:<\/strong> jusqu&#039;\u00e0 80 %<\/li>\n<li data-section-id=\"11gxegg\" data-start=\"2063\" data-end=\"2121\"><strong data-start=\"2065\" data-end=\"2078\">Type de lecteur\u00a0:<\/strong> DESFire\u00ae EV1, EV2 ISO14443-A (13,56 MHz)<\/li>\n<li data-section-id=\"euscg8\" data-start=\"2122\" data-end=\"2158\"><strong data-start=\"2124\" data-end=\"2144\">Nombre d&#039;utilisateurs\u00a0:<\/strong> jusqu&#039;\u00e0 50<\/li>\n<li data-section-id=\"3zmijv\" data-start=\"2159\" data-end=\"2185\"><strong data-start=\"2161\" data-end=\"2178\">R\u00e9sistance aux chocs :<\/strong> IK08<\/li>\n<li data-section-id=\"jbg9ix\" data-start=\"2186\" data-end=\"2207\"><strong data-start=\"2188\" data-end=\"2201\">Classe IP\u00a0:<\/strong> IP66<\/li>\n<\/ul>","protected":false},"excerpt":{"rendered":"<ul>\n<li data-section-id=\"1j3w74h\" data-start=\"158\" data-end=\"164\">IP66<\/li>\n<li data-section-id=\"fy49ne\" data-start=\"165\" data-end=\"189\">Lecteur DESFire int\u00e9gr\u00e9<\/li>\n<li data-section-id=\"1v0sags\" data-start=\"190\" data-end=\"212\">Fonction BLE int\u00e9gr\u00e9e<\/li>\n<li data-section-id=\"1vmmd7l\" data-start=\"213\" data-end=\"229\">Buzzer int\u00e9gr\u00e9<\/li>\n<li data-section-id=\"180l11s\" data-start=\"230\" data-end=\"270\">Possibilit\u00e9 d&#039;alimentation externe<\/li>\n<\/ul>","protected":false},"featured_media":163771,"template":"","meta":{"_acf_changed":false},"product_brand":[],"product_cat":[3164,3157],"product_tag":[],"class_list":{"0":"post-163393","1":"product","2":"type-product","3":"status-publish","4":"has-post-thumbnail","6":"product_cat-larmstyrning","7":"product_cat-utomhussakerhet","8":"pa_brands-ajax-systems","9":"tm-no-options","11":"first","12":"outofstock","13":"taxable","14":"shipping-taxable","15":"purchasable","16":"product-type-simple"},"acf":[],"_links":{"self":[{"href":"https:\/\/secureus.se\/fr\/wp-json\/wp\/v2\/product\/163393","targetHints":{"allow":["GET"]}}],"collection":[{"href":"https:\/\/secureus.se\/fr\/wp-json\/wp\/v2\/product"}],"about":[{"href":"https:\/\/secureus.se\/fr\/wp-json\/wp\/v2\/types\/product"}],"wp:featuredmedia":[{"embeddable":true,"href":"https:\/\/secureus.se\/fr\/wp-json\/wp\/v2\/media\/163771"}],"wp:attachment":[{"href":"https:\/\/secureus.se\/fr\/wp-json\/wp\/v2\/media?parent=163393"}],"wp:term":[{"taxonomy":"product_brand","embeddable":true,"href":"https:\/\/secureus.se\/fr\/wp-json\/wp\/v2\/product_brand?post=163393"},{"taxonomy":"product_cat","embeddable":true,"href":"https:\/\/secureus.se\/fr\/wp-json\/wp\/v2\/product_cat?post=163393"},{"taxonomy":"product_tag","embeddable":true,"href":"https:\/\/secureus.se\/fr\/wp-json\/wp\/v2\/product_tag?post=163393"}],"curies":[{"name":"wp","href":"https:\/\/api.w.org\/{rel}","templated":true}]}}