{"id":163769,"date":"2026-02-25T11:39:43","date_gmt":"2026-02-25T10:39:43","guid":{"rendered":"https:\/\/secureus.se\/securex-vision-5mp-bc9-solkamera\/"},"modified":"2026-04-28T19:58:14","modified_gmt":"2026-04-28T17:58:14","slug":"securex-vision-5mp-bc9-solkamera","status":"publish","type":"product","link":"https:\/\/secureus.se\/fr\/securex-vision-5mp-bc9-solkamera\/","title":{"rendered":"Cam\u00e9ra de surveillance ext\u00e9rieure sans fil WiFi \u00e0 batterie, aliment\u00e9e par cellule solaire, 5 MP, IP66 \u2013 SecureX BC9"},"content":{"rendered":"<h1 data-section-id=\"9cxhyq\" data-start=\"717\" data-end=\"770\">Cam\u00e9ra solaire SecureX Vision 5MP BC9 avec Wi-Fi aliment\u00e9 par batterie<\/h1>\n<p data-start=\"771\" data-end=\"816\">Syst\u00e8me de surveillance ext\u00e9rieure sans fil, sans c\u00e2blage<\/p>\n<p data-start=\"818\" data-end=\"1048\">La SecureX Vision BC9 5MP est une cam\u00e9ra de surveillance sans fil, con\u00e7ue pour une installation facile et sans c\u00e2blage. Elle est id\u00e9ale pour les maisons, garages, entr\u00e9es, remises ou r\u00e9sidences secondaires o\u00f9 l&#039;acc\u00e8s \u00e0 l&#039;alimentation \u00e9lectrique est difficile.<\/p>\n<p data-start=\"1050\" data-end=\"1236\">La batterie rechargeable peut \u00eatre charg\u00e9e via le panneau solaire inclus ou via USB-C, ce qui fait de l&#039;appareil photo une solution flexible pour les endroits o\u00f9 les appareils photo traditionnels ne fonctionnent pas.<\/p>\n<p data-start=\"1050\" data-end=\"1236\">Connectez-vous et regardez vos vid\u00e9os o\u00f9 que vous soyez, quand vous le souhaitez. Directement sur votre mobile.<\/p>\n<hr data-start=\"1238\" data-end=\"1241\" \/>\n<h1 data-section-id=\"1i11u88\" data-start=\"1243\" data-end=\"1274\">Image nette avec une r\u00e9solution de 5 MP<\/h1>\n<p data-start=\"1276\" data-end=\"1438\">Gr\u00e2ce \u00e0 sa r\u00e9solution de 5 m\u00e9gapixels, vous obtenez des images vid\u00e9o nettes et d\u00e9taill\u00e9es. La cam\u00e9ra offre une bonne vue d&#039;ensemble des entr\u00e9es, des all\u00e9es et des autres zones autour de la propri\u00e9t\u00e9.<\/p>\n<p data-start=\"1440\" data-end=\"1513\">L&#039;objectif grand angle de 2,8 mm permet de surveiller une zone plus \u00e9tendue.<\/p>\n<hr data-start=\"1515\" data-end=\"1518\" \/>\n<h1 data-section-id=\"1jaup3x\" data-start=\"1520\" data-end=\"1558\">Connexion Wi-Fi stable gr\u00e2ce \u00e0 la double bande<\/h1>\n<p data-start=\"1560\" data-end=\"1691\">L&#039;appareil photo prend en charge les deux <strong data-start=\"1581\" data-end=\"1607\">Wi-Fi 2,4 GHz et 5 GHz<\/strong>, ce qui offre une meilleure flexibilit\u00e9 et une connexion plus stable en fonction de l&#039;environnement r\u00e9seau.<\/p>\n<p data-start=\"1693\" data-end=\"1754\">L&#039;installation est simple et se fait directement via l&#039;application mobile\u00a0:<\/p>\n<p data-start=\"1756\" data-end=\"1805\">\u2022 Code QR<br data-start=\"1764\" data-end=\"1767\" \/>\u2022 Appairage automatique via Bluetooth<\/p>\n<hr data-start=\"1807\" data-end=\"1810\" \/>\n<h1 data-section-id=\"9q2dkx\" data-start=\"1812\" data-end=\"1848\">D\u00e9tection de mouvement intelligente avec sir\u00e8ne<\/h1>\n<p data-start=\"1850\" data-end=\"1950\">Le capteur PIR int\u00e9gr\u00e9 d\u00e9tecte les mouvements jusqu&#039;\u00e0 environ 8 m\u00e8tres. Lorsqu&#039;un mouvement est d\u00e9tect\u00e9, la cam\u00e9ra peut\u00a0:<\/p>\n<p data-start=\"1952\" data-end=\"2037\">\u2022 Envoyer des notifications push sur votre t\u00e9l\u00e9phone mobile<br data-start=\"1983\" data-end=\"1986\" \/>\u2022 D\u00e9marrer l&#039;enregistrement vid\u00e9o<br data-start=\"2010\" data-end=\"2013\" \/>\u2022 activer la sir\u00e8ne int\u00e9gr\u00e9e<\/p>\n<p data-start=\"2039\" data-end=\"2112\">Les notifications sont normalement envoy\u00e9es dans un d\u00e9lai de <strong data-start=\"2068\" data-end=\"2084\">1 \u00e0 2 secondes<\/strong> apr\u00e8s la d\u00e9tection d&#039;un mouvement.<\/p>\n<hr data-start=\"2114\" data-end=\"2117\" \/>\n<h1 data-section-id=\"xrok0k\" data-start=\"2119\" data-end=\"2148\">Vision nocturne adaptative<\/h1>\n<p data-start=\"2150\" data-end=\"2232\">La SecureX Vision BC9 dispose de plusieurs modes nuit qui permettent \u00e0 la cam\u00e9ra de fonctionner m\u00eame dans l&#039;obscurit\u00e9.<\/p>\n<p data-start=\"2234\" data-end=\"2254\">Vous pouvez choisir entre\u00a0:<\/p>\n<p data-start=\"2256\" data-end=\"2345\">\u2022 Vision nocturne en couleur avec LED blanche<br data-start=\"2289\" data-end=\"2292\" \/>\u2022 Vision nocturne infrarouge<br data-start=\"2307\" data-end=\"2310\" \/>\u2022 Mode intelligent \u00e0 commutation automatique<\/p>\n<p data-start=\"2347\" data-end=\"2407\">Cela permet \u00e0 la cam\u00e9ra de fournir des images nettes de jour comme de nuit.<\/p>\n<hr data-start=\"2409\" data-end=\"2412\" \/>\n<h1 data-section-id=\"1nyxf94\" data-start=\"2414\" data-end=\"2446\">Audio bidirectionnel avec r\u00e9duction du bruit<\/h1>\n<p data-start=\"2448\" data-end=\"2524\">Gr\u00e2ce \u00e0 son microphone et son haut-parleur int\u00e9gr\u00e9s, vous pouvez communiquer directement via l&#039;application mobile.<\/p>\n<p data-start=\"2526\" data-end=\"2596\">Le syst\u00e8me audio bidirectionnel est dot\u00e9 d&#039;une r\u00e9duction du bruit, ce qui permet d&#039;obtenir un son plus clair pendant les appels.<\/p>\n<hr data-start=\"2598\" data-end=\"2601\" \/>\n<h1 data-section-id=\"nvf6ex\" data-start=\"2603\" data-end=\"2627\">Enregistrement et stockage<\/h1>\n<p data-start=\"2629\" data-end=\"2686\">La cam\u00e9ra enregistre automatiquement la vid\u00e9o lorsqu&#039;un mouvement est d\u00e9tect\u00e9.<\/p>\n<p data-start=\"2688\" data-end=\"2713\">Le mat\u00e9riel peut \u00eatre stock\u00e9 \u00e0 :<\/p>\n<p data-start=\"2715\" data-end=\"2776\">\u2022 Carte microSD\/TF jusqu&#039;\u00e0 128 Go<br data-start=\"2750\" data-end=\"2753\" \/>\u2022 Stockage dans le nuage (facultatif)<\/p>\n<p data-start=\"2778\" data-end=\"2826\">Les clips vid\u00e9o peuvent \u00eatre facilement lus directement dans l&#039;application.<\/p>\n<p data-start=\"422\" data-end=\"710\"><img decoding=\"async\" class=\"alignnone wp-image-163832\" src=\"https:\/\/secureus.se\/wp-content\/uploads\/2026\/02\/monlagring-7-dagar-ingar.png\" alt=\"\" width=\"401\" height=\"173\" srcset=\"https:\/\/secureus.se\/wp-content\/uploads\/2026\/02\/monlagring-7-dagar-ingar.png 602w, https:\/\/secureus.se\/wp-content\/uploads\/2026\/02\/monlagring-7-dagar-ingar-18x8.png 18w, https:\/\/secureus.se\/wp-content\/uploads\/2026\/02\/monlagring-7-dagar-ingar-350x151.png 350w, https:\/\/secureus.se\/wp-content\/uploads\/2026\/02\/monlagring-7-dagar-ingar-64x28.png 64w\" sizes=\"(max-width: 401px) 100vw, 401px\" \/><\/p>\n<p data-start=\"422\" data-end=\"710\"><strong data-start=\"73\" data-end=\"127\">Essayez gratuitement le stockage cloud pendant 7 jours directement dans l&#039;application.<\/strong><br data-start=\"127\" data-end=\"130\" \/>Les cam\u00e9ras SecureX compatibles incluent un essai gratuit de stockage cloud, id\u00e9al si vous souhaitez tester le stockage vid\u00e9o dans le cloud comme alternative aux cartes m\u00e9moire ou comme sauvegarde s\u00e9curis\u00e9e suppl\u00e9mentaire.<\/p>\n<hr data-start=\"2828\" data-end=\"2831\" \/>\n<h1 data-section-id=\"1jp7kdw\" data-start=\"2833\" data-end=\"2860\">Fonctionnement sur batterie et panneau solaire<\/h1>\n<p data-start=\"2862\" data-end=\"2942\">Le SecureX Vision BC9 utilise un syst\u00e8me \u00e9co\u00e9nerg\u00e9tique \u00e0 faible consommation.<\/p>\n<p data-start=\"2944\" data-end=\"3042\">Batterie allum\u00e9e <strong data-start=\"2957\" data-end=\"2969\">6000 mAh<\/strong> peut supporter jusqu&#039;\u00e0 environ. <strong data-start=\"2995\" data-end=\"3018\">3 mois en r\u00e9serve<\/strong> selon l&#039;utilisation.<\/p>\n<p data-start=\"3044\" data-end=\"3118\">Le panneau solaire permet de recharger la cam\u00e9ra en continu pour une dur\u00e9e de fonctionnement encore plus longue.<\/p>\n<hr data-start=\"3120\" data-end=\"3123\" \/>\n<h1 data-section-id=\"nb9asf\" data-start=\"3125\" data-end=\"3152\">Con\u00e7u pour le climat nordique<\/h1>\n<p data-start=\"3154\" data-end=\"3249\">L&#039;appareil photo est r\u00e9sistant aux intemp\u00e9ries. <strong data-start=\"3180\" data-end=\"3198\">Indice de protection IP66<\/strong>, ce qui le rend adapt\u00e9 \u00e0 une utilisation en ext\u00e9rieur toute l&#039;ann\u00e9e.<\/p>\n<p data-start=\"3251\" data-end=\"3300\">Il peut r\u00e9sister \u00e0 la pluie, \u00e0 la neige et aux variations de temp\u00e9rature.<\/p>\n<hr data-start=\"3302\" data-end=\"3305\" \/>\n<h1 data-section-id=\"1qbrq6b\" data-start=\"3307\" data-end=\"3332\">Avantages et fonctionnalit\u00e9s<\/h1>\n<p data-start=\"3334\" data-end=\"3719\">\u2022 R\u00e9solution de 5 MP pour des images nettes<br data-start=\"3365\" data-end=\"3368\" \/>\u2022 Appareil photo aliment\u00e9 par batterie avec panneau solaire<br data-start=\"3403\" data-end=\"3406\" \/>\u2022 Wi-Fi 2,4 GHz et 5 GHz<br data-start=\"3430\" data-end=\"3433\" \/>\u2022 D\u00e9tection de mouvement PIR jusqu&#039;\u00e0 8 m\u00e8tres<br data-start=\"3474\" data-end=\"3477\" \/>\u2022 Sir\u00e8ne int\u00e9gr\u00e9e et notifications push<br data-start=\"3508\" data-end=\"3511\" \/>\u2022 Vision nocturne en couleur, infrarouge et mode nuit intelligent<br data-start=\"3555\" data-end=\"3558\" \/>\u2022 Audio bidirectionnel avec r\u00e9duction du bruit<br data-start=\"3590\" data-end=\"3593\" \/>\u2022 Appairage via code QR ou Bluetooth<br data-start=\"3633\" data-end=\"3636\" \/>\u2022 Carte microSD jusqu&#039;\u00e0 128 Go<br data-start=\"3661\" data-end=\"3664\" \/>\u2022 Prise en charge du stockage cloud<br data-start=\"3686\" data-end=\"3689\" \/>\u2022 Construction r\u00e9sistante aux intemp\u00e9ries IP66<\/p>\n<hr data-start=\"3721\" data-end=\"3724\" \/>\n<h1 data-section-id=\"1shnnjv\" data-start=\"3726\" data-end=\"3775\">Sp\u00e9cifications techniques SecureX Vision 5MP BC9<\/h1>\n<p data-start=\"3777\" data-end=\"3825\"><strong>Vid\u00e9o<\/strong><br data-start=\"3782\" data-end=\"3785\" \/>R\u00e9solution\u00a0: 5\u00a0MP<br data-start=\"3800\" data-end=\"3803\" \/>Objectif : grand angle de 2,8 mm<\/p>\n<p data-start=\"3827\" data-end=\"3913\"><strong>R\u00e9seau<\/strong><br data-start=\"3834\" data-end=\"3837\" \/>Wi-Fi\u00a0: 2,4 GHz et 5 GHz (802.11 b\/g\/n)<br data-start=\"3875\" data-end=\"3878\" \/>Appairage\u00a0: code QR ou Bluetooth<\/p>\n<p data-start=\"3915\" data-end=\"3980\"><strong>Vision nocturne<\/strong><br data-start=\"3925\" data-end=\"3928\" \/>vision nocturne en couleur<br data-start=\"3947\" data-end=\"3950\" \/>vision nocturne infrarouge<br data-start=\"3963\" data-end=\"3966\" \/>Mode nuit intelligent<\/p>\n<p data-start=\"3982\" data-end=\"4048\"><strong>Son<\/strong><br data-start=\"3986\" data-end=\"3989\" \/>Audio bidirectionnel avec r\u00e9duction du bruit<br data-start=\"4019\" data-end=\"4022\" \/>1 microphone et 1 haut-parleur<\/p>\n<p data-start=\"4050\" data-end=\"4119\"><strong>D\u00e9tection de mouvement<\/strong><br data-start=\"4068\" data-end=\"4071\" \/>Capteur PIR\u00a0: port\u00e9e de 0 \u00e0 8 m\u00e8tres<br data-start=\"4097\" data-end=\"4100\" \/>Alarme : Sir\u00e8ne int\u00e9gr\u00e9e<\/p>\n<p data-start=\"4121\" data-end=\"4188\"><strong>Enregistrement<\/strong><br data-start=\"4131\" data-end=\"4134\" \/>Enregistrement par d\u00e9tection de mouvement (PIR)<br data-start=\"4163\" data-end=\"4166\" \/>Lecture dans l&#039;application mobile<\/p>\n<p data-start=\"4190\" data-end=\"4256\"><strong>Stockage<\/strong><br data-start=\"4197\" data-end=\"4200\" \/>Carte microSD\/TF jusqu&#039;\u00e0 128 Go<br data-start=\"4233\" data-end=\"4236\" \/>Prise en charge du stockage cloud<\/p>\n<p data-start=\"4258\" data-end=\"4345\"><strong>Actuel<\/strong><br data-start=\"4263\" data-end=\"4266\" \/>Batterie : 6000 mAh rechargeable<br data-start=\"4300\" data-end=\"4303\" \/>Panneau solaire : 1,4 W<br data-start=\"4318\" data-end=\"4321\" \/>Chargement\u00a0: USB-C CC 5\u00a0V 1\u00a0A<\/p>\n<p data-start=\"4347\" data-end=\"4375\"><strong>Environnement<\/strong><br data-start=\"4352\" data-end=\"4355\" \/>Classe de protection du bo\u00eetier : IP66<\/p>\n<p data-start=\"4377\" data-end=\"4482\"><strong>Application<\/strong><br data-start=\"4380\" data-end=\"4383\" \/>Application\u00a0: <strong>Maison en pierre intelligente<\/strong> \/ Tuya \/ Smart Life\u00a0<br data-start=\"4424\" data-end=\"4427\" \/>Notifications push\u00a0: environ 1 \u00e0 2 secondes<br data-start=\"4455\" data-end=\"4458\" \/>Temps de r\u00e9veil : moins de 600 ms<\/p>","protected":false},"excerpt":{"rendered":"<p data-start=\"422\" data-end=\"710\">La SecureX Vision BC9 est une cam\u00e9ra de surveillance 5MP aliment\u00e9e par batterie et dot\u00e9e d&#039;un panneau solaire pour une installation facile sans c\u00e2blage.<\/p>\n<p data-start=\"422\" data-end=\"710\">Wi-Fi 2,4 GHz et 5 GHz avec d\u00e9tection de mouvement PIR, vision nocturne en couleur, audio bidirectionnel et enregistrement d&#039;\u00e9v\u00e9nements.<\/p>\n<p data-start=\"422\" data-end=\"710\"><strong>Aucun abonnement n&#039;est requis et vous \u00eates op\u00e9rationnel en 2 secondes.<\/strong> Contr\u00f4lable gratuitement via l&#039;application Stonehouse Smart (ou Tuya \/ SmartLife).<\/p>\n<p data-start=\"422\" data-end=\"710\">","protected":false},"featured_media":163776,"template":"","meta":{"_acf_changed":false},"product_brand":[],"product_cat":[5125,5124,5126,5127],"product_tag":[],"class_list":{"0":"post-163769","1":"product","2":"type-product","3":"status-publish","4":"has-post-thumbnail","6":"product_cat-overvakningskameror-inomhus","7":"product_cat-batteridrivna-overvakningskameror","8":"product_cat-natverkskameror","9":"product_cat-overvakningskameror-utomhus","10":"pa_brands-securex-vision","11":"pa_brands-stonehouse-smart","12":"tm-no-options","14":"first","15":"instock","16":"taxable","17":"shipping-taxable","18":"purchasable","19":"product-type-simple"},"acf":[],"_links":{"self":[{"href":"https:\/\/secureus.se\/fr\/wp-json\/wp\/v2\/product\/163769","targetHints":{"allow":["GET"]}}],"collection":[{"href":"https:\/\/secureus.se\/fr\/wp-json\/wp\/v2\/product"}],"about":[{"href":"https:\/\/secureus.se\/fr\/wp-json\/wp\/v2\/types\/product"}],"wp:featuredmedia":[{"embeddable":true,"href":"https:\/\/secureus.se\/fr\/wp-json\/wp\/v2\/media\/163776"}],"wp:attachment":[{"href":"https:\/\/secureus.se\/fr\/wp-json\/wp\/v2\/media?parent=163769"}],"wp:term":[{"taxonomy":"product_brand","embeddable":true,"href":"https:\/\/secureus.se\/fr\/wp-json\/wp\/v2\/product_brand?post=163769"},{"taxonomy":"product_cat","embeddable":true,"href":"https:\/\/secureus.se\/fr\/wp-json\/wp\/v2\/product_cat?post=163769"},{"taxonomy":"product_tag","embeddable":true,"href":"https:\/\/secureus.se\/fr\/wp-json\/wp\/v2\/product_tag?post=163769"}],"curies":[{"name":"wp","href":"https:\/\/api.w.org\/{rel}","templated":true}]}}