{"id":163803,"date":"2026-04-09T15:34:57","date_gmt":"2026-04-09T13:34:57","guid":{"rendered":"https:\/\/secureus.se\/?post_type=product&#038;p=163803"},"modified":"2026-04-09T16:08:51","modified_gmt":"2026-04-09T14:08:51","slug":"securex-connect-pro-larmpaket-villa-stor-svensk-version","status":"publish","type":"product","link":"https:\/\/secureus.se\/fr\/securex-connect-pro-larmpaket-villa-stor-svensk-version\/","title":{"rendered":"Pack d&#039;alarme SecureX Connect Pro Villa Large \u2013 Version su\u00e9doise"},"content":{"rendered":"<h2>SecureX Connect Pro Kit \u2013 Svensk version (Komplett villapaket stor)<\/h2>\n<p>Larm utan abbonemang med 3 \u00e5rs garanti och full support via svenska Stonehouse Security AB till<strong> extra l\u00e5gt pris!<\/strong><\/p>\n<p>SecureX Connect Pro est le c\u0153ur du syst\u00e8me SecureX \u2013 un puissant concentrateur d&#039;alarme avec <strong>\u00e9cran tactile de 7 pouces<\/strong> qui r\u00e9unit tous les appareils SecureX au sein d&#039;un seul syst\u00e8me.<\/p>\n<p>Gr\u00e2ce au menu de d\u00e9marrage simple, chacun peut configurer l&#039;alarme en une trentaine de minutes\u00a0; le menu indique en su\u00e9dois comment proc\u00e9der., <span style=\"text-decoration: underline;\"><strong>Le menu s&#039;adapte toujours \u00e0 la langue que vous avez choisie.<\/strong><\/span> \u00e0 avoir en standard.<\/p>\n<p>En cas d&#039;alarme, les sir\u00e8nes se d\u00e9clencheront et vous recevrez une notification sur votre t\u00e9l\u00e9phone portable via l&#039;application. Si vous avez s\u00e9lectionn\u00e9 et configur\u00e9 une carte SIM 4G, un SMS et un message vocal vous seront envoy\u00e9s.<\/p>\n<p>La voix annonce dans votre langue la section qui a \u00e9t\u00e9 d\u00e9clench\u00e9e et vous pouvez \u00e9galement \u00e9couter ce qui se passe dans votre propri\u00e9t\u00e9. Si vous avez par exemple une alarme SOS silencieuse, la personne peut vous parler et vous pouvez communiquer avec elle via le microphone int\u00e9gr\u00e9 du hub.<\/p>\n<p>L&#039;alarme SecureX <strong>panneau (avec affichage et texte brut), messages vocaux et application Stonehouse Smart<\/strong> disponible \u00e0\u00a0:<\/p>\n<p><em><strong><span style=\"text-decoration: underline;\">Su\u00e9dois, anglais, allemand, finnois, fran\u00e7ais, n\u00e9erlandais, polonais, espagnol, norv\u00e9gien et danois.<\/span><\/strong><\/em><\/p>\n<hr \/>\n<ul>\n<li>\u00c9cran tactile 7 pouces avec longue port\u00e9e\/LoRa<\/li>\n<li>Jusqu&#039;\u00e0 <strong>200 appareils sans fil<\/strong><\/li>\n<li><strong>Wi-Fi, 2G et 4G<\/strong> pour la connexion<\/li>\n<li>Sir\u00e8ne int\u00e9gr\u00e9e (jusqu&#039;\u00e0 120 dB) + <strong>batterie de secours 5000 mAh<\/strong><\/li>\n<li>Contr\u00f4le \u00e0 distance et notifications via l&#039;application<\/li>\n<li>Facile \u00e0 agrandir si n\u00e9cessaire<\/li>\n<\/ul>\n<hr \/>\n<h3>Caract\u00e9ristiques et avantages<\/h3>\n<ul>\n<li><strong>\u00c9cran tactile IPS 7 pouces (1024\u00d7600)<\/strong> \u2013 clair et facile \u00e0 utiliser<\/li>\n<li>Protocoles int\u00e9gr\u00e9s\u00a0: <strong>433 MHz (EV1527)<\/strong> et <strong>868 MHz<\/strong> avec chiffrement SecureX<\/li>\n<li><strong>Longue port\u00e9e<\/strong> \u2013 jusqu&#039;\u00e0 environ <strong>500 m<\/strong> port\u00e9e (ligne de vis\u00e9e)<\/li>\n<li>Prise en charge hybride\u00a0: <strong>200 appareils sans fil + 8 zones c\u00e2bl\u00e9es<\/strong><\/li>\n<li>Sir\u00e8ne int\u00e9gr\u00e9e + <strong>alarme de sabotage<\/strong><\/li>\n<li><strong>Batterie de secours 5000 mAh<\/strong> \u2013 fonctionnement m\u00eame en cas de panne de courant<\/li>\n<li>Communication bidirectionnelle et plusieurs num\u00e9ros d&#039;urgence<\/li>\n<li><strong>Mises \u00e0 jour OTA gratuites<\/strong> via l&#039;application Stonehouse Smart<\/li>\n<li><strong>10 langues + informations vocales :<\/strong> Su\u00e9dois, norv\u00e9gien, danois, finnois, anglais, allemand, polonais, fran\u00e7ais, espagnol, n\u00e9erlandais<\/li>\n<li>Installation facile via <strong>USB-C ou 12 V<\/strong><\/li>\n<\/ul>\n<hr \/>\n<h3>Int\u00e9grations d&#039;applications et intelligentes<\/h3>\n<ul>\n<li>Contr\u00f4le total via <strong>L&#039;application Stonehouse Smart<\/strong><\/li>\n<li><strong>Tuya et Smart Life<\/strong> pris en charge (via le hub)<\/li>\n<li>Possibilit\u00e9 de cr\u00e9er des sc\u00e9narios\/automatisations (par exemple, \u00e9clairage en cas d&#039;alarme)<\/li>\n<li>Soutien pour <strong>Assistant Google<\/strong><\/li>\n<\/ul>\n<hr \/>\n<h3>Certifications et qualit\u00e9<\/h3>\n<ul>\n<li>CE<\/li>\n<li>RoHS<\/li>\n<li>ATTEINDRE<\/li>\n<li>Identifiant FCC (H700)<\/li>\n<li>UKCA (H700)<\/li>\n<li>ERP \u2013 conception \u00e9co\u00e9nerg\u00e9tique<\/li>\n<\/ul>\n<hr \/>\n<h3>Detta ing\u00e5r i SecureX Connect Pro Villa Kit<\/h3>\n<ul>\n<li><strong>1 pi\u00e8ce<\/strong> Panneau SecureX Connect Pro \u2013 Panneau LoRa 7 pouces avec \u00e9cran tactile<\/li>\n<li><strong>2 pi\u00e8ces<\/strong> T\u00e9l\u00e9commandes SecureX QuickControl<\/li>\n<li><strong>4 st<\/strong> D\u00e9tecteur de mouvement PIR SecureX MotionEye Pro<\/li>\n<li><strong>4 st<\/strong> SecureX DoorSense Pro \u2013 contact magn\u00e9tique pour porte\/fen\u00eatre<\/li>\n<li><strong>3 pi\u00e8ces<\/strong> SecureX SmokeGuard &#8211; Interconnected r\u00f6kdetetektor med 10 \u00e5rs livsl\u00e4ngd<\/li>\n<li><strong>3 pi\u00e8ces<\/strong> \u00c9tiquettes autocollantes en aluminium pour alarme, format A8 (52 x 74 mm).<\/li>\n<li>Support de panneau pour montage<\/li>\n<li>Vis et chevilles pour le montage sur panneau<\/li>\n<\/ul>\n<p>&nbsp;<\/p>","protected":false},"excerpt":{"rendered":"<div class=\"flex flex-col text-sm pb-25\">\n<section class=\"text-token-text-primary w-full focus:outline-none [--shadow-height:45px] has-data-writing-block:pointer-events-none has-data-writing-block:-mt-(--shadow-height) has-data-writing-block:pt-(--shadow-height) [&amp;:has([data-writing-block])&gt;*]:pointer-events-auto scroll-mt-[calc(var(--header-height)+min(200px,max(70px,20svh)))]\" dir=\"auto\" data-turn-id=\"request-WEB:49b43856-904b-4adc-a395-8f9ed8638279-13\" data-testid=\"conversation-turn-28\" data-scroll-anchor=\"true\" data-turn=\"assistant\">\n<div class=\"text-base my-auto mx-auto pb-10 [--thread-content-margin:var(--thread-content-margin-xs,calc(var(--spacing)*4))] @w-sm\/main:[--thread-content-margin:var(--thread-content-margin-sm,calc(var(--spacing)*6))] @w-lg\/main:[--thread-content-margin:var(--thread-content-margin-lg,calc(var(--spacing)*16))] px-(--thread-content-margin)\">\n<div class=\"[--thread-content-max-width:40rem] @w-lg\/main:[--thread-content-max-width:48rem] mx-auto max-w-(--thread-content-max-width) flex-1 group\/turn-messages focus-visible:outline-hidden relative flex w-full min-w-0 flex-col agent-turn\">\n<div class=\"flex max-w-full flex-col gap-4 grow\">\n<div class=\"min-h-8 text-message relative flex w-full flex-col items-end gap-2 text-start break-words whitespace-normal outline-none keyboard-focused:focus-ring [.text-message+&amp;]:mt-1\" dir=\"auto\" tabindex=\"0\" data-message-author-role=\"assistant\" data-message-id=\"1d784d06-f863-40b2-9537-d62fccac1cf5\" data-message-model-slug=\"gpt-5-4-thinking\" data-turn-start-message=\"true\">\n<div class=\"flex w-full flex-col gap-1 empty:hidden\">\n<div class=\"markdown prose dark:prose-invert w-full wrap-break-word light markdown-new-styling\">\n<p data-start=\"69\" data-end=\"187\"><strong data-start=\"69\" data-end=\"102\">SecureX Connect Pro Villa paket stor<\/strong>\u00a0\u00e4r ett komplett och ut\u00f6kat larmpaket f\u00f6r villa med skydd mot b\u00e5de inbrott och brand.<\/p>\n<p data-start=\"734\" data-end=\"904\">Den <strong data-start=\"738\" data-end=\"762\">enkla uppstartsmenyn<\/strong> guidar dig steg f\u00f6r steg vid installationen, vilket g\u00f6r systemet smidigt att komma ig\u00e5ng med \u00e4ven f\u00f6r dig som inte installerat larm tidigare.<\/p>\n<p data-start=\"1073\" data-end=\"1209\"><strong data-start=\"1073\" data-end=\"1116\">Panel, app och r\u00f6stmeddelanden finns p\u00e5<\/strong> svenska, engelska, tyska, finska, franska, nederl\u00e4ndska, polska, spanska, norska och danska.<\/p>\n<p data-start=\"1211\" data-end=\"1276\"><strong data-start=\"1211\" data-end=\"1230\">Certifieringar:<\/strong> CE, RoHS, REACH, FCC ID (H700), UKCA och ERP.<\/p>\n<p data-start=\"1278\" data-end=\"1394\" data-is-last-node=\"\" data-is-only-node=\"\">Larmet \u00e4r <strong data-start=\"1288\" data-end=\"1307\">utan abonnemang<\/strong>, levereras med <strong data-start=\"1323\" data-end=\"1340\">3 \u00e5rs garanti<\/strong> och support.<\/p>\n<\/div>\n<\/div>\n<\/div>\n<\/div>\n<\/div>\n<\/div>\n<\/section>\n<\/div>\n<div class=\"pointer-events-none h-px w-px absolute bottom-0\" aria-hidden=\"true\" data-edge=\"true\"><\/div>\n","protected":false},"featured_media":164317,"template":"","meta":{"_acf_changed":false},"product_brand":[],"product_cat":[5060,5059],"product_tag":[],"class_list":{"0":"post-163803","1":"product","2":"type-product","3":"status-publish","4":"has-post-thumbnail","6":"product_cat-securex-kit-hub","7":"product_cat-smart-larm-securex","8":"pa_brands-securex-connect-pro","9":"pa_brands-stonehouse-smart","10":"tm-no-options","12":"first","13":"instock","14":"sale","15":"taxable","16":"shipping-taxable","17":"purchasable","18":"product-type-woosb"},"acf":[],"_links":{"self":[{"href":"https:\/\/secureus.se\/fr\/wp-json\/wp\/v2\/product\/163803","targetHints":{"allow":["GET"]}}],"collection":[{"href":"https:\/\/secureus.se\/fr\/wp-json\/wp\/v2\/product"}],"about":[{"href":"https:\/\/secureus.se\/fr\/wp-json\/wp\/v2\/types\/product"}],"wp:featuredmedia":[{"embeddable":true,"href":"https:\/\/secureus.se\/fr\/wp-json\/wp\/v2\/media\/164317"}],"wp:attachment":[{"href":"https:\/\/secureus.se\/fr\/wp-json\/wp\/v2\/media?parent=163803"}],"wp:term":[{"taxonomy":"product_brand","embeddable":true,"href":"https:\/\/secureus.se\/fr\/wp-json\/wp\/v2\/product_brand?post=163803"},{"taxonomy":"product_cat","embeddable":true,"href":"https:\/\/secureus.se\/fr\/wp-json\/wp\/v2\/product_cat?post=163803"},{"taxonomy":"product_tag","embeddable":true,"href":"https:\/\/secureus.se\/fr\/wp-json\/wp\/v2\/product_tag?post=163803"}],"curies":[{"name":"wp","href":"https:\/\/api.w.org\/{rel}","templated":true}]}}