{"id":163805,"date":"2026-03-30T16:41:09","date_gmt":"2026-03-30T14:41:09","guid":{"rendered":"https:\/\/secureus.se\/?post_type=product&#038;p=163805"},"modified":"2026-04-16T16:22:37","modified_gmt":"2026-04-16T14:22:37","slug":"skylt-kameraovervakning-vinyl-10x15cm-a6","status":"publish","type":"product","link":"https:\/\/secureus.se\/fr\/skylt-kameraovervakning-vinyl-10x15cm-a6\/","title":{"rendered":"Autocollant de surveillance par cam\u00e9ra \u2013 PVC (simple face)"},"content":{"rendered":"<h2>Autocollant de surveillance par cam\u00e9ra \u2013 PVC (simple face)<\/h2>\n<p>Cet autocollant en PVC pour cam\u00e9ra de surveillance est une solution simple et efficace pour d\u00e9limiter clairement les zones surveill\u00e9es. Fabriqu\u00e9 dans un mat\u00e9riau durable, il convient parfaitement \u00e0 une utilisation int\u00e9rieure et ext\u00e9rieure, que ce soit pour une maison, un commerce, un magasin ou une propri\u00e9t\u00e9.<\/p>\n<p>L&#039;autocollant est disponible en plusieurs tailles et mod\u00e8les, notamment pour la surveillance par cam\u00e9ra classique et la vid\u00e9osurveillance. Vous pouvez facilement choisir le mod\u00e8le qui vous convient parmi ceux pr\u00e9sent\u00e9s ci-dessus, en fonction de vos besoins et de votre emplacement.<\/p>\n<p><!--more--><\/p>\n<h2>\u00c9tiquetage clair et dissuasif<\/h2>\n<p>Un autocollant de surveillance vid\u00e9o bien visible constitue un moyen de dissuasion efficace contre les cambriolages, le vandalisme et les intrusions. Sa conception claire permet une lecture rapide, m\u00eame de loin ou en faible luminosit\u00e9.<\/p>\n<h2>Installation flexible et facile<\/h2>\n<p>Cet autocollant se pose facilement et rapidement sur des surfaces lisses comme le verre, les portes, les murs ou les panneaux. Id\u00e9al pour une pose pratique sans per\u00e7age ni vis.<\/p>\n<h2>Adapt\u00e9 \u00e0 de nombreux environnements diff\u00e9rents<\/h2>\n<p>Nos autocollants en PVC sont un choix populaire pour les environnements priv\u00e9s et commerciaux\u00a0:<\/p>\n<ul>\n<li><strong>Maison<\/strong> \u2013 entr\u00e9e, fen\u00eatres, garage et limite de la parcelle<\/li>\n<li><strong>Entreprise<\/strong> \u2013 bureaux, entrep\u00f4ts et propri\u00e9t\u00e9s<\/li>\n<li><strong>Magasins<\/strong> \u2013 entr\u00e9es, zones de caisse et vitrines<\/li>\n<li><strong>Immobilier<\/strong> \u2013 espaces communs et parkings<\/li>\n<\/ul>\n<h2>Avantages du produit<\/h2>\n<ul>\n<li>Solution \u00e9conomique pour un marquage clair<\/li>\n<li>Mat\u00e9riau PVC durable<\/li>\n<li>Installation facile gr\u00e2ce \u00e0 son support auto-adh\u00e9sif<\/li>\n<li>Convient \u00e0 une utilisation int\u00e9rieure et ext\u00e9rieure<\/li>\n<li>Disponible en plusieurs tailles et mod\u00e8les<\/li>\n<\/ul>\n<h2>Caract\u00e9ristiques<\/h2>\n<ul>\n<li>Mat\u00e9riau : PVC (vinyle)<\/li>\n<li>Conception\u00a0: Autocollant recto simple<\/li>\n<li>Montage : Auto-adh\u00e9sif<\/li>\n<li>Utilisation : Int\u00e9rieur et ext\u00e9rieur<\/li>\n<li>Tailles\u00a0: Plusieurs options disponibles (voir les choix ci-dessus)<\/li>\n<\/ul>\n<h2>Une mesure de s\u00e9curit\u00e9 simple, mais \u00e0 fort impact.<\/h2>\n<p>Le marquage des cam\u00e9ras de surveillance est un moyen simple d&#039;am\u00e9liorer la s\u00e9curit\u00e9 et de r\u00e9duire les risques d&#039;incidents. Cet autocollant en PVC offre une solution flexible et abordable qui fait toute la diff\u00e9rence.<\/p>","protected":false},"excerpt":{"rendered":"<p><strong>Choisissez la taille et le mod\u00e8le.<\/strong> Nous recommandons au moins 2 \u00e0 4 autocollants selon l&#039;emplacement du b\u00e2timent \u2013 par exemple \u00e0 l&#039;entr\u00e9e, sur les fen\u00eatres et \u00e0 l&#039;arri\u00e8re. Veuillez noter que certains mod\u00e8les ne sont disponibles que dans certaines tailles, mais peuvent \u00eatre propos\u00e9s dans d&#039;autres mat\u00e9riaux.<\/p>","protected":false},"featured_media":156678,"template":"","meta":{"_acf_changed":false},"product_brand":[],"product_cat":[3227,1793],"product_tag":[],"class_list":{"0":"post-163805","1":"product","2":"type-product","3":"status-publish","4":"has-post-thumbnail","6":"product_cat-kameraovervakning-skylt","7":"product_cat-kameraskyltar","8":"product_shipping_class-postnord-varubrev","9":"pa_brands-secureus","10":"tm-no-options","12":"first","13":"instock","14":"taxable","15":"shipping-taxable","16":"purchasable","17":"product-type-variable"},"acf":[],"_links":{"self":[{"href":"https:\/\/secureus.se\/fr\/wp-json\/wp\/v2\/product\/163805","targetHints":{"allow":["GET"]}}],"collection":[{"href":"https:\/\/secureus.se\/fr\/wp-json\/wp\/v2\/product"}],"about":[{"href":"https:\/\/secureus.se\/fr\/wp-json\/wp\/v2\/types\/product"}],"wp:featuredmedia":[{"embeddable":true,"href":"https:\/\/secureus.se\/fr\/wp-json\/wp\/v2\/media\/156678"}],"wp:attachment":[{"href":"https:\/\/secureus.se\/fr\/wp-json\/wp\/v2\/media?parent=163805"}],"wp:term":[{"taxonomy":"product_brand","embeddable":true,"href":"https:\/\/secureus.se\/fr\/wp-json\/wp\/v2\/product_brand?post=163805"},{"taxonomy":"product_cat","embeddable":true,"href":"https:\/\/secureus.se\/fr\/wp-json\/wp\/v2\/product_cat?post=163805"},{"taxonomy":"product_tag","embeddable":true,"href":"https:\/\/secureus.se\/fr\/wp-json\/wp\/v2\/product_tag?post=163805"}],"curies":[{"name":"wp","href":"https:\/\/api.w.org\/{rel}","templated":true}]}}