{"id":163928,"date":"2026-04-01T15:47:33","date_gmt":"2026-04-01T13:47:33","guid":{"rendered":"https:\/\/secureus.se\/?post_type=product&#038;p=163928"},"modified":"2026-04-09T11:17:47","modified_gmt":"2026-04-09T09:17:47","slug":"axis-q1785-explosionsskyddad-serie-wdr-ip68-2mp-43-137-mm-varifokallins-32-x-optisk-zoom-ip-bullet-camera","status":"publish","type":"product","link":"https:\/\/secureus.se\/fr\/axis-q1785-explosionsskyddad-serie-wdr-ip68-2mp-43-137-mm-varifokallins-32-x-optisk-zoom-ip-bullet-camera\/","title":{"rendered":"Cam\u00e9ra IP Bullet AXIS Q1785 S\u00e9rie antid\u00e9flagrante, WDR IP68, 2 MP, objectif varifocal 4,3-137 mm, zoom optique 32x"},"content":{"rendered":"","protected":false},"excerpt":{"rendered":"<p>Cam\u00e9ra IP Bullet AXIS Q1785, s\u00e9rie antid\u00e9flagrante, WDR IP68, objectif varifocal 4,3-137 mm, zoom optique 32x, 2 MP, IP68, 2 MP, WDR, IP68<\/p>","protected":false},"featured_media":163927,"template":"","meta":{"_acf_changed":false},"product_brand":[],"product_cat":[4949],"product_tag":[],"class_list":{"0":"post-163928","1":"product","2":"type-product","3":"status-publish","4":"has-post-thumbnail","6":"product_cat-axis-bulletkameror","7":"pa_farg-silver","8":"tm-no-options","10":"first","11":"onbackorder","12":"sale","13":"taxable","14":"shipping-taxable","15":"purchasable","16":"product-type-simple"},"acf":[],"_links":{"self":[{"href":"https:\/\/secureus.se\/fr\/wp-json\/wp\/v2\/product\/163928","targetHints":{"allow":["GET"]}}],"collection":[{"href":"https:\/\/secureus.se\/fr\/wp-json\/wp\/v2\/product"}],"about":[{"href":"https:\/\/secureus.se\/fr\/wp-json\/wp\/v2\/types\/product"}],"wp:featuredmedia":[{"embeddable":true,"href":"https:\/\/secureus.se\/fr\/wp-json\/wp\/v2\/media\/163927"}],"wp:attachment":[{"href":"https:\/\/secureus.se\/fr\/wp-json\/wp\/v2\/media?parent=163928"}],"wp:term":[{"taxonomy":"product_brand","embeddable":true,"href":"https:\/\/secureus.se\/fr\/wp-json\/wp\/v2\/product_brand?post=163928"},{"taxonomy":"product_cat","embeddable":true,"href":"https:\/\/secureus.se\/fr\/wp-json\/wp\/v2\/product_cat?post=163928"},{"taxonomy":"product_tag","embeddable":true,"href":"https:\/\/secureus.se\/fr\/wp-json\/wp\/v2\/product_tag?post=163928"}],"curies":[{"name":"wp","href":"https:\/\/api.w.org\/{rel}","templated":true}]}}