{"id":163958,"date":"2026-04-01T15:47:35","date_gmt":"2026-04-01T13:47:35","guid":{"rendered":"https:\/\/secureus.se\/?post_type=product&#038;p=163958"},"modified":"2026-04-01T15:50:51","modified_gmt":"2026-04-01T13:50:51","slug":"axis-q3538-slve-q35-serien-8mp-zipstream-ip-dome-kamera-med-deep-learning-62-129-mm-varifokalt-objektiv-ir-40m-ip66-ersatter-q3517-slve","status":"publish","type":"product","link":"https:\/\/secureus.se\/fr\/axis-q3538-slve-q35-serien-8mp-zipstream-ip-dome-kamera-med-deep-learning-62-129-mm-varifokalt-objektiv-ir-40m-ip66-ersatter-q3517-slve\/","title":{"rendered":"Cam\u00e9ra d\u00f4me IP Zipstream 8 MP s\u00e9rie Q35 AXIS Q3538-SLVE avec apprentissage profond, objectif varifocal 6,2-12,9 mm, IR 40 m, IP66 (remplace Q3517-SLVE)"},"content":{"rendered":"","protected":false},"excerpt":{"rendered":"<p>Cam\u00e9ra d\u00f4me IP Zipstream 8 MP s\u00e9rie Q35 AXIS Q3538-SLVE avec apprentissage profond, objectif varifocal 6,2-12,9 mm, IR 40 m, IP66 (remplace Q3517-SLVE)<\/p>","protected":false},"featured_media":163957,"template":"","meta":{"_acf_changed":false},"product_brand":[],"product_cat":[4950],"product_tag":[],"class_list":{"0":"post-163958","1":"product","2":"type-product","3":"status-publish","4":"has-post-thumbnail","6":"product_cat-axis-domekameror","7":"pa_farg-silver","8":"tm-no-options","10":"first","11":"onbackorder","12":"sale","13":"taxable","14":"shipping-taxable","15":"purchasable","16":"product-type-simple"},"acf":[],"_links":{"self":[{"href":"https:\/\/secureus.se\/fr\/wp-json\/wp\/v2\/product\/163958","targetHints":{"allow":["GET"]}}],"collection":[{"href":"https:\/\/secureus.se\/fr\/wp-json\/wp\/v2\/product"}],"about":[{"href":"https:\/\/secureus.se\/fr\/wp-json\/wp\/v2\/types\/product"}],"wp:featuredmedia":[{"embeddable":true,"href":"https:\/\/secureus.se\/fr\/wp-json\/wp\/v2\/media\/163957"}],"wp:attachment":[{"href":"https:\/\/secureus.se\/fr\/wp-json\/wp\/v2\/media?parent=163958"}],"wp:term":[{"taxonomy":"product_brand","embeddable":true,"href":"https:\/\/secureus.se\/fr\/wp-json\/wp\/v2\/product_brand?post=163958"},{"taxonomy":"product_cat","embeddable":true,"href":"https:\/\/secureus.se\/fr\/wp-json\/wp\/v2\/product_cat?post=163958"},{"taxonomy":"product_tag","embeddable":true,"href":"https:\/\/secureus.se\/fr\/wp-json\/wp\/v2\/product_tag?post=163958"}],"curies":[{"name":"wp","href":"https:\/\/api.w.org\/{rel}","templated":true}]}}