{"id":163980,"date":"2026-04-01T15:47:39","date_gmt":"2026-04-01T13:47:39","guid":{"rendered":"https:\/\/secureus.se\/?post_type=product&#038;p=163980"},"modified":"2026-04-01T15:55:30","modified_gmt":"2026-04-01T13:55:30","slug":"axis-q9307-lv-ip-kupolkamera-med-multisensor-multi-megapixel-180-oversikt","status":"publish","type":"product","link":"https:\/\/secureus.se\/fr\/axis-q9307-lv-ip-kupolkamera-med-multisensor-multi-megapixel-180-oversikt\/","title":{"rendered":"Cam\u00e9ra d\u00f4me IP AXIS Q9307-LV avec multi-capteurs, multi-m\u00e9gapixels, vue d&#039;ensemble \u00e0 180\u00b0"},"content":{"rendered":"","protected":false},"excerpt":{"rendered":"<p>Cam\u00e9ra d\u00f4me IP multi-capteurs AXIS Q9307-LV 02487-001, multi-m\u00e9gapixels, vue d&#039;ensemble \u00e0 180\u00b0<\/p>","protected":false},"featured_media":163979,"template":"","meta":{"_acf_changed":false},"product_brand":[],"product_cat":[4950],"product_tag":[],"class_list":{"0":"post-163980","1":"product","2":"type-product","3":"status-publish","4":"has-post-thumbnail","6":"product_cat-axis-domekameror","7":"pa_farg-vit","8":"tm-no-options","10":"first","11":"onbackorder","12":"sale","13":"taxable","14":"shipping-taxable","15":"purchasable","16":"product-type-simple"},"acf":[],"_links":{"self":[{"href":"https:\/\/secureus.se\/fr\/wp-json\/wp\/v2\/product\/163980","targetHints":{"allow":["GET"]}}],"collection":[{"href":"https:\/\/secureus.se\/fr\/wp-json\/wp\/v2\/product"}],"about":[{"href":"https:\/\/secureus.se\/fr\/wp-json\/wp\/v2\/types\/product"}],"wp:featuredmedia":[{"embeddable":true,"href":"https:\/\/secureus.se\/fr\/wp-json\/wp\/v2\/media\/163979"}],"wp:attachment":[{"href":"https:\/\/secureus.se\/fr\/wp-json\/wp\/v2\/media?parent=163980"}],"wp:term":[{"taxonomy":"product_brand","embeddable":true,"href":"https:\/\/secureus.se\/fr\/wp-json\/wp\/v2\/product_brand?post=163980"},{"taxonomy":"product_cat","embeddable":true,"href":"https:\/\/secureus.se\/fr\/wp-json\/wp\/v2\/product_cat?post=163980"},{"taxonomy":"product_tag","embeddable":true,"href":"https:\/\/secureus.se\/fr\/wp-json\/wp\/v2\/product_tag?post=163980"}],"curies":[{"name":"wp","href":"https:\/\/api.w.org\/{rel}","templated":true}]}}