{"id":163982,"date":"2026-04-01T15:47:36","date_gmt":"2026-04-01T13:47:36","guid":{"rendered":"https:\/\/secureus.se\/?post_type=product&#038;p=163982"},"modified":"2026-04-01T15:51:51","modified_gmt":"2026-04-01T13:51:51","slug":"axis-p3905-r-mk-iii-p39-serien-2mp-zipstrea-inbyggd-ip-dome-kamera-36-mm-objektiv-ip67-m12-vit-10-pack","status":"publish","type":"product","link":"https:\/\/secureus.se\/fr\/axis-p3905-r-mk-iii-p39-serien-2mp-zipstrea-inbyggd-ip-dome-kamera-36-mm-objektiv-ip67-m12-vit-10-pack\/","title":{"rendered":"Cam\u00e9ra d\u00f4me IP int\u00e9gr\u00e9e AXIS P3905-R Mk III s\u00e9rie P39, 2 MP, Zipstrea, objectif 3,6 mm, IP67, M12, blanche, lot de 10"},"content":{"rendered":"","protected":false},"excerpt":{"rendered":"<p>Cam\u00e9ra d\u00f4me IP embarqu\u00e9e AXIS P3905-R Mk III s\u00e9rie P39, 2 MP, Zipstream, objectif 3,6 mm, IP67, M12, blanche, lot de 10<\/p>","protected":false},"featured_media":163981,"template":"","meta":{"_acf_changed":false},"product_brand":[],"product_cat":[4950],"product_tag":[],"class_list":{"0":"post-163982","1":"product","2":"type-product","3":"status-publish","4":"has-post-thumbnail","6":"product_cat-axis-domekameror","7":"pa_farg-vit","8":"tm-no-options","10":"first","11":"onbackorder","12":"sale","13":"taxable","14":"shipping-taxable","15":"purchasable","16":"product-type-simple"},"acf":[],"_links":{"self":[{"href":"https:\/\/secureus.se\/fr\/wp-json\/wp\/v2\/product\/163982","targetHints":{"allow":["GET"]}}],"collection":[{"href":"https:\/\/secureus.se\/fr\/wp-json\/wp\/v2\/product"}],"about":[{"href":"https:\/\/secureus.se\/fr\/wp-json\/wp\/v2\/types\/product"}],"wp:featuredmedia":[{"embeddable":true,"href":"https:\/\/secureus.se\/fr\/wp-json\/wp\/v2\/media\/163981"}],"wp:attachment":[{"href":"https:\/\/secureus.se\/fr\/wp-json\/wp\/v2\/media?parent=163982"}],"wp:term":[{"taxonomy":"product_brand","embeddable":true,"href":"https:\/\/secureus.se\/fr\/wp-json\/wp\/v2\/product_brand?post=163982"},{"taxonomy":"product_cat","embeddable":true,"href":"https:\/\/secureus.se\/fr\/wp-json\/wp\/v2\/product_cat?post=163982"},{"taxonomy":"product_tag","embeddable":true,"href":"https:\/\/secureus.se\/fr\/wp-json\/wp\/v2\/product_tag?post=163982"}],"curies":[{"name":"wp","href":"https:\/\/api.w.org\/{rel}","templated":true}]}}