{"id":164014,"date":"2026-04-01T15:47:37","date_gmt":"2026-04-01T13:47:37","guid":{"rendered":"https:\/\/secureus.se\/?post_type=product&#038;p=164014"},"modified":"2026-04-01T15:48:05","modified_gmt":"2026-04-01T13:48:05","slug":"axis-m5526-e-4mp-ptz-kamera-for-inomhus-och-utomhusbruk-med-10x-zoom-och-fokusaterkallning","status":"publish","type":"product","link":"https:\/\/secureus.se\/fr\/axis-m5526-e-4mp-ptz-kamera-for-inomhus-och-utomhusbruk-med-10x-zoom-och-fokusaterkallning\/","title":{"rendered":"AXIS M5526-E 4MP PTZ-kamera f\u00f6r inomhus- och utomhusbruk med 10x zoom och fokus\u00e5terkallning"},"content":{"rendered":"","protected":false},"excerpt":{"rendered":"<p>Cam\u00e9ra PTZ AXIS M5526-E 4MP pour int\u00e9rieur et ext\u00e9rieur avec zoom 10x et rappel de la mise au point<\/p>","protected":false},"featured_media":164013,"template":"","meta":{"_acf_changed":false},"product_brand":[],"product_cat":[4950],"product_tag":[],"class_list":{"0":"post-164014","1":"product","2":"type-product","3":"status-publish","4":"has-post-thumbnail","6":"product_cat-axis-domekameror","7":"pa_farg-vit","8":"tm-no-options","10":"first","11":"onbackorder","12":"sale","13":"taxable","14":"shipping-taxable","15":"purchasable","16":"product-type-simple"},"acf":[],"_links":{"self":[{"href":"https:\/\/secureus.se\/fr\/wp-json\/wp\/v2\/product\/164014","targetHints":{"allow":["GET"]}}],"collection":[{"href":"https:\/\/secureus.se\/fr\/wp-json\/wp\/v2\/product"}],"about":[{"href":"https:\/\/secureus.se\/fr\/wp-json\/wp\/v2\/types\/product"}],"wp:featuredmedia":[{"embeddable":true,"href":"https:\/\/secureus.se\/fr\/wp-json\/wp\/v2\/media\/164013"}],"wp:attachment":[{"href":"https:\/\/secureus.se\/fr\/wp-json\/wp\/v2\/media?parent=164014"}],"wp:term":[{"taxonomy":"product_brand","embeddable":true,"href":"https:\/\/secureus.se\/fr\/wp-json\/wp\/v2\/product_brand?post=164014"},{"taxonomy":"product_cat","embeddable":true,"href":"https:\/\/secureus.se\/fr\/wp-json\/wp\/v2\/product_cat?post=164014"},{"taxonomy":"product_tag","embeddable":true,"href":"https:\/\/secureus.se\/fr\/wp-json\/wp\/v2\/product_tag?post=164014"}],"curies":[{"name":"wp","href":"https:\/\/api.w.org\/{rel}","templated":true}]}}