{"id":164022,"date":"2026-04-01T15:47:37","date_gmt":"2026-04-01T13:47:37","guid":{"rendered":"https:\/\/secureus.se\/?post_type=product&#038;p=164022"},"modified":"2026-04-09T11:16:42","modified_gmt":"2026-04-09T09:16:42","slug":"axis-p3935-lr-p39-serien-wdr-ip66-2mp-28-mm-ip-minidome-kamera-med-fast-objektiv-vit","status":"publish","type":"product","link":"https:\/\/secureus.se\/fr\/axis-p3935-lr-p39-serien-wdr-ip66-2mp-28-mm-ip-minidome-kamera-med-fast-objektiv-vit\/","title":{"rendered":"Cam\u00e9ra minid\u00f4me IP AXIS P3935-LR s\u00e9rie P39 WDR IP66 2MP objectif fixe 2,8 mm blanche"},"content":{"rendered":"","protected":false},"excerpt":{"rendered":"<p>Cam\u00e9ra mini d\u00f4me IP AXIS P3935-LR s\u00e9rie P39, WDR IP66 2MP, objectif fixe 2,8 mm, blanche<\/p>","protected":false},"featured_media":164021,"template":"","meta":{"_acf_changed":false},"product_brand":[],"product_cat":[4950],"product_tag":[],"class_list":{"0":"post-164022","1":"product","2":"type-product","3":"status-publish","4":"has-post-thumbnail","6":"product_cat-axis-domekameror","7":"pa_farg-vit","8":"tm-no-options","10":"first","11":"onbackorder","12":"sale","13":"taxable","14":"shipping-taxable","15":"purchasable","16":"product-type-simple"},"acf":[],"_links":{"self":[{"href":"https:\/\/secureus.se\/fr\/wp-json\/wp\/v2\/product\/164022","targetHints":{"allow":["GET"]}}],"collection":[{"href":"https:\/\/secureus.se\/fr\/wp-json\/wp\/v2\/product"}],"about":[{"href":"https:\/\/secureus.se\/fr\/wp-json\/wp\/v2\/types\/product"}],"wp:featuredmedia":[{"embeddable":true,"href":"https:\/\/secureus.se\/fr\/wp-json\/wp\/v2\/media\/164021"}],"wp:attachment":[{"href":"https:\/\/secureus.se\/fr\/wp-json\/wp\/v2\/media?parent=164022"}],"wp:term":[{"taxonomy":"product_brand","embeddable":true,"href":"https:\/\/secureus.se\/fr\/wp-json\/wp\/v2\/product_brand?post=164022"},{"taxonomy":"product_cat","embeddable":true,"href":"https:\/\/secureus.se\/fr\/wp-json\/wp\/v2\/product_cat?post=164022"},{"taxonomy":"product_tag","embeddable":true,"href":"https:\/\/secureus.se\/fr\/wp-json\/wp\/v2\/product_tag?post=164022"}],"curies":[{"name":"wp","href":"https:\/\/api.w.org\/{rel}","templated":true}]}}