{"id":164034,"date":"2026-04-01T15:47:38","date_gmt":"2026-04-01T13:47:38","guid":{"rendered":"https:\/\/secureus.se\/?post_type=product&#038;p=164034"},"modified":"2026-04-01T15:54:01","modified_gmt":"2026-04-01T13:54:01","slug":"axis-m3088-v-m30-serien-8mp-zipstream-ip-minidomkamera-med-deep-learning-29-mm-objektiv-ip42","status":"publish","type":"product","link":"https:\/\/secureus.se\/fr\/axis-m3088-v-m30-serien-8mp-zipstream-ip-minidomkamera-med-deep-learning-29-mm-objektiv-ip42\/","title":{"rendered":"AXIS M3088-V M30-serien, 8MP Zipstream IP-minidomkamera med Deep-Learning, 2,9 mm objektiv, IP42"},"content":{"rendered":"","protected":false},"excerpt":{"rendered":"<p>Cam\u00e9ra mini d\u00f4me IP Zipstream 8 MP s\u00e9rie AXIS M3088-V M30 avec apprentissage profond, objectif 2,9 mm, IP42<\/p>","protected":false},"featured_media":164033,"template":"","meta":{"_acf_changed":false},"product_brand":[],"product_cat":[4950],"product_tag":[],"class_list":{"0":"post-164034","1":"product","2":"type-product","3":"status-publish","4":"has-post-thumbnail","6":"product_cat-axis-domekameror","7":"pa_farg-vit","8":"tm-no-options","10":"first","11":"onbackorder","12":"sale","13":"taxable","14":"shipping-taxable","15":"purchasable","16":"product-type-simple"},"acf":[],"_links":{"self":[{"href":"https:\/\/secureus.se\/fr\/wp-json\/wp\/v2\/product\/164034","targetHints":{"allow":["GET"]}}],"collection":[{"href":"https:\/\/secureus.se\/fr\/wp-json\/wp\/v2\/product"}],"about":[{"href":"https:\/\/secureus.se\/fr\/wp-json\/wp\/v2\/types\/product"}],"wp:featuredmedia":[{"embeddable":true,"href":"https:\/\/secureus.se\/fr\/wp-json\/wp\/v2\/media\/164033"}],"wp:attachment":[{"href":"https:\/\/secureus.se\/fr\/wp-json\/wp\/v2\/media?parent=164034"}],"wp:term":[{"taxonomy":"product_brand","embeddable":true,"href":"https:\/\/secureus.se\/fr\/wp-json\/wp\/v2\/product_brand?post=164034"},{"taxonomy":"product_cat","embeddable":true,"href":"https:\/\/secureus.se\/fr\/wp-json\/wp\/v2\/product_cat?post=164034"},{"taxonomy":"product_tag","embeddable":true,"href":"https:\/\/secureus.se\/fr\/wp-json\/wp\/v2\/product_tag?post=164034"}],"curies":[{"name":"wp","href":"https:\/\/api.w.org\/{rel}","templated":true}]}}