{"id":164051,"date":"2026-04-01T15:47:41","date_gmt":"2026-04-01T13:47:41","guid":{"rendered":"https:\/\/secureus.se\/?post_type=product&#038;p=164051"},"modified":"2026-04-09T11:10:22","modified_gmt":"2026-04-09T09:10:22","slug":"axis-m3085-v-m30-serien-2mp-ip-dome-kamera-31-mm-fast-objektiv-ip42-vit","status":"publish","type":"product","link":"https:\/\/secureus.se\/fr\/axis-m3085-v-m30-serien-2mp-ip-dome-kamera-31-mm-fast-objektiv-ip42-vit\/","title":{"rendered":"Cam\u00e9ra d\u00f4me IP AXIS M3085-V s\u00e9rie M30, 2 MP, objectif fixe 3,1 mm, IP42, blanche"},"content":{"rendered":"","protected":false},"excerpt":{"rendered":"<p>Cam\u00e9ra d\u00f4me IP AXIS M3085-V s\u00e9rie M30, 2 MP, objectif fixe 3,1 mm, IP42, blanche<\/p>","protected":false},"featured_media":164050,"template":"","meta":{"_acf_changed":false},"product_brand":[],"product_cat":[4950],"product_tag":[],"class_list":{"0":"post-164051","1":"product","2":"type-product","3":"status-publish","4":"has-post-thumbnail","6":"product_cat-axis-domekameror","7":"pa_farg-vit","8":"tm-no-options","10":"first","11":"instock","12":"sale","13":"taxable","14":"shipping-taxable","15":"purchasable","16":"product-type-simple"},"acf":[],"_links":{"self":[{"href":"https:\/\/secureus.se\/fr\/wp-json\/wp\/v2\/product\/164051","targetHints":{"allow":["GET"]}}],"collection":[{"href":"https:\/\/secureus.se\/fr\/wp-json\/wp\/v2\/product"}],"about":[{"href":"https:\/\/secureus.se\/fr\/wp-json\/wp\/v2\/types\/product"}],"wp:featuredmedia":[{"embeddable":true,"href":"https:\/\/secureus.se\/fr\/wp-json\/wp\/v2\/media\/164050"}],"wp:attachment":[{"href":"https:\/\/secureus.se\/fr\/wp-json\/wp\/v2\/media?parent=164051"}],"wp:term":[{"taxonomy":"product_brand","embeddable":true,"href":"https:\/\/secureus.se\/fr\/wp-json\/wp\/v2\/product_brand?post=164051"},{"taxonomy":"product_cat","embeddable":true,"href":"https:\/\/secureus.se\/fr\/wp-json\/wp\/v2\/product_cat?post=164051"},{"taxonomy":"product_tag","embeddable":true,"href":"https:\/\/secureus.se\/fr\/wp-json\/wp\/v2\/product_tag?post=164051"}],"curies":[{"name":"wp","href":"https:\/\/api.w.org\/{rel}","templated":true}]}}