{"id":164053,"date":"2026-04-01T15:47:42","date_gmt":"2026-04-01T13:47:42","guid":{"rendered":"https:\/\/secureus.se\/?post_type=product&#038;p=164053"},"modified":"2026-04-09T11:09:13","modified_gmt":"2026-04-09T09:09:13","slug":"axis-p1487-le-p14-serien-5mp-ip-kamera-for-utomhusbruk-3-9-mm-varifokalt-objektiv-ai-driven-optimizedir","status":"publish","type":"product","link":"https:\/\/secureus.se\/fr\/axis-p1487-le-p14-serien-5mp-ip-kamera-for-utomhusbruk-3-9-mm-varifokalt-objektiv-ai-driven-optimizedir\/","title":{"rendered":"Cam\u00e9ra IP ext\u00e9rieure AXIS P1487-LE s\u00e9rie P14, 5 MP, objectif varifocal 3-9 mm, intelligence artificielle, infrarouge optimis\u00e9"},"content":{"rendered":"","protected":false},"excerpt":{"rendered":"<p>Cam\u00e9ra IP ext\u00e9rieure AXIS P1487-LE s\u00e9rie P14, format bullet, 5 MP, objectif varifocal 3-9 mm, intelligence artificielle, infrarouge optimis\u00e9<\/p>","protected":false},"featured_media":164052,"template":"","meta":{"_acf_changed":false},"product_brand":[],"product_cat":[4949],"product_tag":[],"class_list":{"0":"post-164053","1":"product","2":"type-product","3":"status-publish","4":"has-post-thumbnail","6":"product_cat-axis-bulletkameror","7":"tm-no-options","9":"first","10":"onbackorder","11":"sale","12":"taxable","13":"shipping-taxable","14":"purchasable","15":"product-type-simple"},"acf":[],"_links":{"self":[{"href":"https:\/\/secureus.se\/fr\/wp-json\/wp\/v2\/product\/164053","targetHints":{"allow":["GET"]}}],"collection":[{"href":"https:\/\/secureus.se\/fr\/wp-json\/wp\/v2\/product"}],"about":[{"href":"https:\/\/secureus.se\/fr\/wp-json\/wp\/v2\/types\/product"}],"wp:featuredmedia":[{"embeddable":true,"href":"https:\/\/secureus.se\/fr\/wp-json\/wp\/v2\/media\/164052"}],"wp:attachment":[{"href":"https:\/\/secureus.se\/fr\/wp-json\/wp\/v2\/media?parent=164053"}],"wp:term":[{"taxonomy":"product_brand","embeddable":true,"href":"https:\/\/secureus.se\/fr\/wp-json\/wp\/v2\/product_brand?post=164053"},{"taxonomy":"product_cat","embeddable":true,"href":"https:\/\/secureus.se\/fr\/wp-json\/wp\/v2\/product_cat?post=164053"},{"taxonomy":"product_tag","embeddable":true,"href":"https:\/\/secureus.se\/fr\/wp-json\/wp\/v2\/product_tag?post=164053"}],"curies":[{"name":"wp","href":"https:\/\/api.w.org\/{rel}","templated":true}]}}