{"id":164165,"date":"2026-04-07T15:33:35","date_gmt":"2026-04-07T13:33:35","guid":{"rendered":"https:\/\/secureus.se\/?post_type=product&#038;p=164165"},"modified":"2026-04-08T16:05:38","modified_gmt":"2026-04-08T14:05:38","slug":"magicard-e-event-id-kortskrivare-dubbelsidig","status":"publish","type":"product","link":"https:\/\/secureus.se\/fr\/magicard-e-event-id-kortskrivare-dubbelsidig\/","title":{"rendered":"Magicard E+ Event ID-kortskrivare (Dubbelsidig)"},"content":{"rendered":"<h3 data-section-id=\"1m74xlo\" data-start=\"666\" data-end=\"770\">Magicard E+ Event ID-kortskrivare (Dubbelsidig) \u2013 Professionell kortproduktion f\u00f6r event och f\u00f6retag<\/h3>\n<p data-start=\"772\" data-end=\"976\">Magicard E+ Duo (P-MAG-4500-0021) \u00e4r en avancerad och p\u00e5litlig ID-kortskrivare utvecklad f\u00f6r att m\u00f6ta kraven vid event, m\u00e4ssor och organisationer d\u00e4r snabb, s\u00e4ker och flexibel kortproduktion \u00e4r avg\u00f6rande.<\/p>\n<p data-start=\"978\" data-end=\"1186\">Avec le soutien de <strong data-start=\"991\" data-end=\"1015\">dubbelsidig utskrift<\/strong>, h\u00f6g hastighet och m\u00f6jlighet att skriva ut <strong data-start=\"1059\" data-end=\"1095\">extra l\u00e5nga kort upp till 140 mm<\/strong>, \u00e4r detta en optimal l\u00f6sning f\u00f6r moderna eventpass och ID-kort med st\u00f6rre informationsyta.<\/p>\n<hr data-start=\"1188\" data-end=\"1191\" \/>\n<h3 data-section-id=\"r8biy4\" data-start=\"1193\" data-end=\"1249\">Skapa professionella eventkort med maximal synlighet<\/h3>\n<p data-start=\"1251\" data-end=\"1355\">Magicard E+ g\u00f6r det enkelt att producera kort som sticker ut. Den ut\u00f6kade kortl\u00e4ngden ger mer plats f\u00f6r:<\/p>\n<ul data-start=\"1357\" data-end=\"1497\">\n<li data-section-id=\"1f1ds52\" data-start=\"1357\" data-end=\"1383\">Logotyper och branding<\/li>\n<li data-section-id=\"6dpald\" data-start=\"1384\" data-end=\"1431\">QR-koder f\u00f6r snabb \u00e5tkomst till information<\/li>\n<li data-section-id=\"1ftxest\" data-start=\"1432\" data-end=\"1465\">Namn, roller och beh\u00f6righeter<\/li>\n<li data-section-id=\"5wazb2\" data-start=\"1466\" data-end=\"1497\">Sponsorer och eventdetaljer<\/li>\n<\/ul>\n<p data-start=\"1499\" data-end=\"1587\">Perfekt f\u00f6r konferenser, festivaler, m\u00e4ssor och f\u00f6retag d\u00e4r f\u00f6rsta intrycket \u00e4r viktigt.<\/p>\n<hr data-start=\"1628\" data-end=\"1631\" \/>\n<h3 data-section-id=\"1y69j9m\" data-start=\"1633\" data-end=\"1677\">Dubbelsidig utskrift f\u00f6r mer information<\/h3>\n<p data-start=\"1679\" data-end=\"1767\">Denna modell \u00e4r utrustad med <strong data-start=\"1708\" data-end=\"1743\">automatisk dubbelsidig utskrift<\/strong>, vilket g\u00f6r att du kan:<\/p>\n<ul data-start=\"1769\" data-end=\"1933\">\n<li data-section-id=\"184ej4q\" data-start=\"1769\" data-end=\"1811\">Placera design och grafik p\u00e5 framsidan<\/li>\n<li data-section-id=\"1lvxnrw\" data-start=\"1812\" data-end=\"1882\">L\u00e4gga till streckkoder, regler eller extra information p\u00e5 baksidan<\/li>\n<li data-section-id=\"16extbj\" data-start=\"1883\" data-end=\"1933\">Skapa mer professionella och kompletta ID-kort<\/li>\n<\/ul>\n<hr data-start=\"1935\" data-end=\"1938\" \/>\n<h3 data-section-id=\"1xylud1\" data-start=\"1940\" data-end=\"1973\">Snabb och effektiv produktion<\/h3>\n<p data-start=\"1975\" data-end=\"2031\">Magicard E+ \u00e4r byggd f\u00f6r h\u00f6g volym och tidseffektivitet:<\/p>\n<ul data-start=\"2033\" data-end=\"2171\">\n<li data-section-id=\"1ku1b3v\" data-start=\"2033\" data-end=\"2076\">F\u00e4rgkort p\u00e5 ca <strong data-start=\"2050\" data-end=\"2074\">23 sekunder per kort<\/strong><\/li>\n<li data-section-id=\"115slc2\" data-start=\"2077\" data-end=\"2125\">Monokroma kort p\u00e5 ca <strong data-start=\"2100\" data-end=\"2123\">6 sekunder per kort<\/strong><\/li>\n<li data-section-id=\"1te5jza\" data-start=\"2126\" data-end=\"2171\">Jusqu&#039;\u00e0 <strong data-start=\"2137\" data-end=\"2169\">100 kort i mataren samtidigt<\/strong><\/li>\n<\/ul>\n<p data-start=\"2173\" data-end=\"2268\">Perfekt n\u00e4r m\u00e5nga kort beh\u00f6ver produceras snabbt vid exempelvis incheckning eller registrering.<\/p>\n<hr data-start=\"2309\" data-end=\"2312\" \/>\n<h3 data-section-id=\"rywz0t\" data-start=\"2314\" data-end=\"2354\">Flexibel kortutskrift \u2013 flera format<\/h3>\n<p data-start=\"2356\" data-end=\"2391\">Skrivaren st\u00f6djer flera kortformat:<\/p>\n<ul data-start=\"2393\" data-end=\"2494\">\n<li data-section-id=\"ta69gl\" data-start=\"2393\" data-end=\"2425\">Standard CR80 (85,6 x 54 mm)<\/li>\n<li data-section-id=\"1qo9efe\" data-start=\"2426\" data-end=\"2452\">L\u00e5ngformat 109 x 54 mm<\/li>\n<li data-section-id=\"1q7cdud\" data-start=\"2453\" data-end=\"2494\">Extra l\u00e5nga kort upp till 140 x 54 mm<\/li>\n<\/ul>\n<p data-start=\"2496\" data-end=\"2513\">Du kan skriva ut:<\/p>\n<ul data-start=\"2515\" data-end=\"2571\">\n<li data-section-id=\"187xen1\" data-start=\"2515\" data-end=\"2532\">Fullf\u00e4rgskort<\/li>\n<li data-section-id=\"djw037\" data-start=\"2533\" data-end=\"2551\">Monokroma kort<\/li>\n<li data-section-id=\"15xejca\" data-start=\"2552\" data-end=\"2571\">F\u00f6rtryckta kort<\/li>\n<\/ul>\n<p data-start=\"2573\" data-end=\"2634\">Detta ger maximal flexibilitet beroende p\u00e5 anv\u00e4ndningsomr\u00e5de.<\/p>\n<hr data-start=\"2675\" data-end=\"2678\" \/>\n<h3 data-section-id=\"114v0oh\" data-start=\"2680\" data-end=\"2713\">Inbyggd s\u00e4kerhet med HoloKote<\/h3>\n<p data-start=\"2715\" data-end=\"2822\">Magicards unika <strong data-start=\"2731\" data-end=\"2750\">HoloKote-teknik<\/strong> l\u00e4gger automatiskt till en s\u00e4ker vattenst\u00e4mpel i kortet under utskrift:<\/p>\n<ul data-start=\"2824\" data-end=\"2943\">\n<li data-section-id=\"xuqrh9\" data-start=\"2824\" data-end=\"2866\">Skyddar mot kopiering och manipulation<\/li>\n<li data-section-id=\"1365591\" data-start=\"2867\" data-end=\"2909\">Kr\u00e4ver inga extra f\u00f6rbrukningsmaterial<\/li>\n<li data-section-id=\"15hyv03\" data-start=\"2910\" data-end=\"2943\">Kan anpassas med egen logotyp<\/li>\n<\/ul>\n<p data-start=\"2945\" data-end=\"2992\">En enkel och kostnadseffektiv s\u00e4kerhetsl\u00f6sning.<\/p>\n<hr data-start=\"3033\" data-end=\"3036\" \/>\n<h3 data-section-id=\"1luyh2b\" data-start=\"3038\" data-end=\"3083\">H\u00f6g utskriftskvalitet och f\u00e4rg\u00e5tergivning<\/h3>\n<p data-start=\"3085\" data-end=\"3135\">Med avancerade f\u00e4rgprofiler levererar Magicard E+:<\/p>\n<ul data-start=\"3137\" data-end=\"3211\">\n<li data-section-id=\"163apxz\" data-start=\"3137\" data-end=\"3156\">Skarpa detaljer<\/li>\n<li data-section-id=\"8cszvd\" data-start=\"3157\" data-end=\"3175\">Levande f\u00e4rger<\/li>\n<li data-section-id=\"l16hu0\" data-start=\"3176\" data-end=\"3211\">Perfekt f\u00f6r foton och logotyper<\/li>\n<\/ul>\n<p data-start=\"3213\" data-end=\"3296\">Resultatet blir professionella kort som representerar ditt varum\u00e4rke p\u00e5 b\u00e4sta s\u00e4tt.<\/p>\n<hr data-start=\"3298\" data-end=\"3301\" \/>\n<h3 data-section-id=\"of8lpj\" data-start=\"3303\" data-end=\"3341\">Enkel integration och n\u00e4tverksst\u00f6d<\/h3>\n<p data-start=\"3343\" data-end=\"3410\">Skrivaren \u00e4r l\u00e4tt att installera och integrera i befintliga system:<\/p>\n<ul data-start=\"3412\" data-end=\"3516\">\n<li data-section-id=\"142d0jd\" data-start=\"3412\" data-end=\"3432\">USB och Ethernet<\/li>\n<li data-section-id=\"1eqgdv8\" data-start=\"3433\" data-end=\"3474\">Kompatibel med Windows, Mac och Linux<\/li>\n<li data-section-id=\"8b641a\" data-start=\"3475\" data-end=\"3516\">N\u00e4tverks\u00f6vervakning och uppdateringar<\/li>\n<\/ul>\n<p data-start=\"3518\" data-end=\"3565\">Perfekt f\u00f6r b\u00e5de sm\u00e5 och st\u00f6rre organisationer.<\/p>\n<hr data-start=\"3606\" data-end=\"3609\" \/>\n<h3 data-section-id=\"12w8785\" data-start=\"3611\" data-end=\"3656\">Tekniska specifikationer (sammanfattning)<\/h3>\n<ul data-start=\"3658\" data-end=\"3931\">\n<li data-section-id=\"1ultxpe\" data-start=\"3658\" data-end=\"3703\">Modell: Magicard E+ Duo (P-MAG-4500-0021)<\/li>\n<li data-section-id=\"18cq1x7\" data-start=\"3704\" data-end=\"3738\">Utskrift: Dubbelsidig (duplex)<\/li>\n<li data-section-id=\"1upc6ko\" data-start=\"3739\" data-end=\"3784\">Teknik: F\u00e4rg (dye sublimation) + monokrom<\/li>\n<li data-section-id=\"on1r3v\" data-start=\"3785\" data-end=\"3818\">Kortkapacitet: 100 in \/ 70 ut<\/li>\n<li data-section-id=\"1w9mjx5\" data-start=\"3819\" data-end=\"3851\">Korttjocklek: 0,50 \u2013 1,27 mm<\/li>\n<li data-section-id=\"1p2yhyr\" data-start=\"3852\" data-end=\"3882\">Anslutning: USB + Ethernet<\/li>\n<li data-section-id=\"ldo4p2\" data-start=\"3883\" data-end=\"3903\">Vikt: ca 4,75 kg<\/li>\n<li data-section-id=\"52qytb\" data-start=\"3904\" data-end=\"3931\">Garanti: 3 \u00e5r MagiCover<\/li>\n<\/ul>\n<hr data-start=\"3972\" data-end=\"3975\" \/>\n<h3 data-section-id=\"1quc7ut\" data-start=\"3977\" data-end=\"3993\">Parfait pour\u00a0:<\/h3>\n<ul data-start=\"3995\" data-end=\"4128\">\n<li data-section-id=\"1lwy978\" data-start=\"3995\" data-end=\"4020\">Event och konferenser<\/li>\n<li data-section-id=\"1crl4be\" data-start=\"4021\" data-end=\"4043\">Entreprises et bureaux<\/li>\n<li data-section-id=\"1yzbj7j\" data-start=\"4044\" data-end=\"4070\">Bes\u00f6ks- och passerkort<\/li>\n<li data-section-id=\"jqzonu\" data-start=\"4071\" data-end=\"4102\">ID-kort och personalbrickor<\/li>\n<li data-section-id=\"y5xq0p\" data-start=\"4103\" data-end=\"4128\">M\u00e4ssor och festivaler<\/li>\n<\/ul>","protected":false},"excerpt":{"rendered":"<p data-start=\"206\" data-end=\"510\">Magicard E+ Event ID-kortskrivare (Dubbelsidig) \u00e4r en kraftfull och flexibel kortskrivare f\u00f6r event, konferenser och f\u00f6retag som beh\u00f6ver snabba, professionella ID-kort. Med dubbelsidig utskrift, h\u00f6g hastighet och st\u00f6d f\u00f6r extra l\u00e5nga kort upp till 140 mm f\u00e5r du maximal synlighet och effektiv produktion.<\/p>\n<p data-start=\"512\" data-end=\"613\">Perfekt f\u00f6r eventpass, bes\u00f6kskort och personal-ID med h\u00f6g kvalitet och inbyggd s\u00e4kerhet via HoloKote.<\/p>","protected":false},"featured_media":164159,"template":"","meta":{"_acf_changed":false},"product_brand":[],"product_cat":[3208],"product_tag":[],"class_list":{"0":"post-164165","1":"product","2":"type-product","3":"status-publish","4":"has-post-thumbnail","6":"product_cat-magicard","7":"pa_brands-magicard","8":"tm-no-options","10":"first","11":"instock","12":"sale","13":"taxable","14":"shipping-taxable","15":"purchasable","16":"product-type-simple"},"acf":[],"_links":{"self":[{"href":"https:\/\/secureus.se\/fr\/wp-json\/wp\/v2\/product\/164165","targetHints":{"allow":["GET"]}}],"collection":[{"href":"https:\/\/secureus.se\/fr\/wp-json\/wp\/v2\/product"}],"about":[{"href":"https:\/\/secureus.se\/fr\/wp-json\/wp\/v2\/types\/product"}],"wp:featuredmedia":[{"embeddable":true,"href":"https:\/\/secureus.se\/fr\/wp-json\/wp\/v2\/media\/164159"}],"wp:attachment":[{"href":"https:\/\/secureus.se\/fr\/wp-json\/wp\/v2\/media?parent=164165"}],"wp:term":[{"taxonomy":"product_brand","embeddable":true,"href":"https:\/\/secureus.se\/fr\/wp-json\/wp\/v2\/product_brand?post=164165"},{"taxonomy":"product_cat","embeddable":true,"href":"https:\/\/secureus.se\/fr\/wp-json\/wp\/v2\/product_cat?post=164165"},{"taxonomy":"product_tag","embeddable":true,"href":"https:\/\/secureus.se\/fr\/wp-json\/wp\/v2\/product_tag?post=164165"}],"curies":[{"name":"wp","href":"https:\/\/api.w.org\/{rel}","templated":true}]}}