{"id":164170,"date":"2026-04-07T15:41:25","date_gmt":"2026-04-07T13:41:25","guid":{"rendered":"https:\/\/secureus.se\/magicard-eventkort-140-x-54-mm-m9007-440-langformat-plastkort-100-pack\/"},"modified":"2026-04-08T16:09:18","modified_gmt":"2026-04-08T14:09:18","slug":"magicard-eventkort-140-x-54-mm-m9007-440-langformat-plastkort-100-pack","status":"publish","type":"product","link":"https:\/\/secureus.se\/fr\/magicard-eventkort-140-x-54-mm-m9007-440-langformat-plastkort-100-pack\/","title":{"rendered":"Carte Magicard M9007-440, format long 140 x 54 mm \u2013 100 unit\u00e9s"},"content":{"rendered":"<p data-start=\"389\" data-end=\"699\">Les cartes Magicard M9007-440 sont des cartes plastiques grand format (140 x 54 mm) de haute qualit\u00e9, con\u00e7ues pour l&#039;imprimante de cartes \u00e9v\u00e9nementielles Magicard E+. Elles constituent un excellent choix pour les \u00e9v\u00e9nements, salons et conf\u00e9rences o\u00f9 vous souhaitez cr\u00e9er des badges professionnels et attrayants, offrant plus d&#039;espace que les cartes standard.<\/p>\n<p data-start=\"701\" data-end=\"985\">Le format allong\u00e9 permet d&#039;inclure davantage d&#039;informations sur la carte, telles que des noms, des entreprises, des codes QR, des codes-barres, des logos de sponsors et des niveaux d&#039;acc\u00e8s. Il est ainsi particuli\u00e8rement adapt\u00e9 aux applications comme les laissez-passer VIP, les acc\u00e8s aux coulisses et les badges d&#039;acc\u00e8s, o\u00f9 la clart\u00e9 et le design sont essentiels.<\/p>\n<p data-start=\"987\" data-end=\"1173\">Le mat\u00e9riau plastique de ces cartes offre une solution nettement plus durable et professionnelle que les passeports papier traditionnels. Elles sont r\u00e9sistantes, robustes et conf\u00e8rent une impression d&#039;\u00e9l\u00e9gance \u00e0 leur utilisation.<\/p>\n<p data-start=\"1175\" data-end=\"1318\">La carte Magicard M9007-440 est enti\u00e8rement compatible avec la Magicard E+ et garantit une qualit\u00e9 d&#039;impression optimale et une utilisation sans probl\u00e8me avec votre imprimante de cartes.<\/p>\n<hr data-start=\"1320\" data-end=\"1323\" \/>\n<h3 data-section-id=\"174tte9\" data-start=\"1325\" data-end=\"1343\"><span role=\"text\"><strong data-start=\"1329\" data-end=\"1343\">Caract\u00e9ristiques<\/strong><\/span><\/h3>\n<ul data-start=\"1345\" data-end=\"1578\">\n<li data-section-id=\"1t8bn7j\" data-start=\"1345\" data-end=\"1376\">Carte format long : 140 x 54 mm<\/li>\n<li data-section-id=\"1sq427d\" data-start=\"1377\" data-end=\"1420\">Id\u00e9al pour les laissez-passer d&#039;\u00e9v\u00e9nements et les laissez-passer de conf\u00e9rences<\/li>\n<li data-section-id=\"1n9ah8l\" data-start=\"1421\" data-end=\"1463\">Plus d&#039;espace pour l&#039;information et le design<\/li>\n<li data-section-id=\"v49ea9\" data-start=\"1464\" data-end=\"1509\">mat\u00e9riau plastique de haute qualit\u00e9 et durable<\/li>\n<li data-section-id=\"5h45n1\" data-start=\"1510\" data-end=\"1552\">Adapt\u00e9 pour les imprimantes de cartes Magicard E+<\/li>\n<li data-section-id=\"3jmkwk\" data-start=\"1553\" data-end=\"1578\">Conditionnement : 100 cartes<\/li>\n<\/ul>\n<hr data-start=\"1580\" data-end=\"1583\" \/>\n<p data-start=\"1585\" data-end=\"1651\"><strong data-start=\"1585\" data-end=\"1614\">Num\u00e9ro de pi\u00e8ce du fabricant\u00a0:<\/strong> M9007-440<br data-start=\"1624\" data-end=\"1627\" \/><strong data-start=\"1627\" data-end=\"1643\">Poids du produit :<\/strong> 0,50 kg<\/p>","protected":false},"excerpt":{"rendered":"<p>Les cartes Magicard M9007-440 sont des cartes blanches grand format (140 x 54 mm) sp\u00e9cialement con\u00e7ues pour les imprimantes de cartes Magicard E+. Elles sont id\u00e9ales pour les badges d&#039;acc\u00e8s, les cartes de conf\u00e9rence et les cartes d&#039;identit\u00e9 n\u00e9cessitant un espace suppl\u00e9mentaire pour les informations et le design.<\/p>","protected":false},"featured_media":164168,"template":"","meta":{"_acf_changed":false},"product_brand":[],"product_cat":[4235],"product_tag":[],"class_list":{"0":"post-164170","1":"product","2":"type-product","3":"status-publish","4":"has-post-thumbnail","6":"product_cat-plastkort-utan-chip","7":"pa_brands-magicard","8":"tm-no-options","10":"first","11":"outofstock","12":"sale","13":"taxable","14":"shipping-taxable","15":"purchasable","16":"product-type-simple"},"acf":[],"_links":{"self":[{"href":"https:\/\/secureus.se\/fr\/wp-json\/wp\/v2\/product\/164170","targetHints":{"allow":["GET"]}}],"collection":[{"href":"https:\/\/secureus.se\/fr\/wp-json\/wp\/v2\/product"}],"about":[{"href":"https:\/\/secureus.se\/fr\/wp-json\/wp\/v2\/types\/product"}],"wp:featuredmedia":[{"embeddable":true,"href":"https:\/\/secureus.se\/fr\/wp-json\/wp\/v2\/media\/164168"}],"wp:attachment":[{"href":"https:\/\/secureus.se\/fr\/wp-json\/wp\/v2\/media?parent=164170"}],"wp:term":[{"taxonomy":"product_brand","embeddable":true,"href":"https:\/\/secureus.se\/fr\/wp-json\/wp\/v2\/product_brand?post=164170"},{"taxonomy":"product_cat","embeddable":true,"href":"https:\/\/secureus.se\/fr\/wp-json\/wp\/v2\/product_cat?post=164170"},{"taxonomy":"product_tag","embeddable":true,"href":"https:\/\/secureus.se\/fr\/wp-json\/wp\/v2\/product_tag?post=164170"}],"curies":[{"name":"wp","href":"https:\/\/api.w.org\/{rel}","templated":true}]}}