{"id":164184,"date":"2026-04-07T17:21:40","date_gmt":"2026-04-07T15:21:40","guid":{"rendered":"https:\/\/secureus.se\/?post_type=product&#038;p=164184"},"modified":"2026-04-08T16:08:37","modified_gmt":"2026-04-08T14:08:37","slug":"fargo-hdp6600-8500-rengoringskit-komplett-kit-med-rengoringspinnar-kort-pads-och-alkoholrengoring","status":"publish","type":"product","link":"https:\/\/secureus.se\/fr\/fargo-hdp6600-8500-rengoringskit-komplett-kit-med-rengoringspinnar-kort-pads-och-alkoholrengoring\/","title":{"rendered":"Kit de nettoyage Fargo HDP6600 \/ 8500 \u2013 Kit complet comprenant des \u00e9couvillons, des cartes, des tampons et des lingettes alcoolis\u00e9es pour le nettoyage"},"content":{"rendered":"<p>Le kit de nettoyage Fargo 88933 comprend\u00a0: quatre \u00e9couvillons pour le nettoyage des t\u00eates d\u2019impression, dix cartes de nettoyage, dix tampons de nettoyage et trois cartes de nettoyage \u00e0 l\u2019alcool. L\u2019utilisation conjointe de ces \u00e9l\u00e9ments permet de maintenir la Fargo HDP8500 propre et ainsi de garantir une production constante de cartes de haute qualit\u00e9.<\/p>\n<ul>\n<li>4 \u00e9couvillons de nettoyage pour t\u00eates d&#039;impression<\/li>\n<li>10x cartes de nettoyage<\/li>\n<li>10 tampons de nettoyage<\/li>\n<li>Nettoyage \u00e0 l&#039;alcool 3x<\/li>\n<li>Con\u00e7u pour \u00eatre utilis\u00e9 avec les mod\u00e8les Fargo HDP8500 et HDP6600<\/li>\n<li>Dur\u00e9e de conservation jusqu&#039;\u00e0 un an lorsqu&#039;il est stock\u00e9 dans des conditions appropri\u00e9es<\/li>\n<li>R\u00e9f\u00e9rence fabricant : 88933<\/li>\n<\/ul>\n<p>\u00a0<\/p>\n<p>\n <strong><br \/>\n Poids du produit :<br \/>\n 0,30kg<br \/>\n <\/strong>\n <\/p>","protected":false},"excerpt":{"rendered":"<p>The Fargo 88933 cleaning kit includes; four print head cleaning swabs, ten cleaning cards, ten cleaning pads, and three alcohol cleaning cards. All of these elements used together help to<\/p>","protected":false},"featured_media":164183,"template":"","meta":{"_acf_changed":false},"product_brand":[],"product_cat":[4807],"product_tag":[],"class_list":{"0":"post-164184","1":"product","2":"type-product","3":"status-publish","4":"has-post-thumbnail","6":"product_cat-rengoringskit","7":"product_shipping_class-postnord-varubrev","8":"pa_brands-fargo","9":"tm-no-options","11":"first","12":"instock","13":"taxable","14":"shipping-taxable","15":"purchasable","16":"product-type-simple"},"acf":[],"_links":{"self":[{"href":"https:\/\/secureus.se\/fr\/wp-json\/wp\/v2\/product\/164184","targetHints":{"allow":["GET"]}}],"collection":[{"href":"https:\/\/secureus.se\/fr\/wp-json\/wp\/v2\/product"}],"about":[{"href":"https:\/\/secureus.se\/fr\/wp-json\/wp\/v2\/types\/product"}],"wp:featuredmedia":[{"embeddable":true,"href":"https:\/\/secureus.se\/fr\/wp-json\/wp\/v2\/media\/164183"}],"wp:attachment":[{"href":"https:\/\/secureus.se\/fr\/wp-json\/wp\/v2\/media?parent=164184"}],"wp:term":[{"taxonomy":"product_brand","embeddable":true,"href":"https:\/\/secureus.se\/fr\/wp-json\/wp\/v2\/product_brand?post=164184"},{"taxonomy":"product_cat","embeddable":true,"href":"https:\/\/secureus.se\/fr\/wp-json\/wp\/v2\/product_cat?post=164184"},{"taxonomy":"product_tag","embeddable":true,"href":"https:\/\/secureus.se\/fr\/wp-json\/wp\/v2\/product_tag?post=164184"}],"curies":[{"name":"wp","href":"https:\/\/api.w.org\/{rel}","templated":true}]}}