{"id":164185,"date":"2026-04-07T17:21:39","date_gmt":"2026-04-07T15:21:39","guid":{"rendered":"https:\/\/secureus.se\/?post_type=product&#038;p=164185"},"modified":"2026-04-23T12:31:36","modified_gmt":"2026-04-23T10:31:36","slug":"fargo-dtc-hdp-rengoringskort-isopropylalkohol-10-pack-081233","status":"publish","type":"product","link":"https:\/\/secureus.se\/fr\/fargo-dtc-hdp-rengoringskort-isopropylalkohol-10-pack-081233\/","title":{"rendered":"Cartes de nettoyage Fargo DTC HDP \u00e0 l&#039;alcool isopropylique \u2013 paquet de 10 (081233)"},"content":{"rendered":"<p>Le kit Fargo 82133 comprend dix lingettes nettoyantes \u00e0 l&#039;alcool isopropylique. Ces lingettes permettent d&#039;\u00e9liminer la poussi\u00e8re, les d\u00e9bris, l&#039;huile et les r\u00e9sidus d&#039;encre des rouleaux d&#039;entra\u00eenement des imprimantes de cartes plastiques Fargo, contribuant ainsi \u00e0 prolonger la dur\u00e9e de vie de l&#039;imprimante et \u00e0 garantir une qualit\u00e9 d&#039;impression constante.<\/p>\n<ul>\n<li>Vendu en paquet de 10<\/li>\n<li>Compatible avec Fargo DTC1000, DTC300, DTC400, DTC4000, DTC400e, DTC4500, DTC500, DTC510, DTC515, DTC520, DTC525, DTC550 et le HDP5000.<\/li>\n<li>R\u00e9f\u00e9rence fabricant : 81233<\/li>\n<\/ul>\n<p>\n <strong><br \/>\n Poids du produit :<br \/>\n 0,40kg<br \/>\n <\/strong>\n <\/p>","protected":false},"excerpt":{"rendered":"<p>The Fargo 82133 kit includes ten alcohol isopropyl cleaning cards. The cards clean dust, debris, oil and ink residue from Fargo plastic card printer card rollers to help enhance the<\/p>","protected":false},"featured_media":164182,"template":"","meta":{"_acf_changed":false},"product_brand":[],"product_cat":[4807],"product_tag":[],"class_list":{"0":"post-164185","1":"product","2":"type-product","3":"status-publish","4":"has-post-thumbnail","6":"product_cat-rengoringskit","7":"product_shipping_class-postnord-varubrev","8":"pa_brands-fargo","9":"tm-no-options","11":"first","12":"outofstock","13":"taxable","14":"shipping-taxable","15":"purchasable","16":"product-type-simple"},"acf":[],"_links":{"self":[{"href":"https:\/\/secureus.se\/fr\/wp-json\/wp\/v2\/product\/164185","targetHints":{"allow":["GET"]}}],"collection":[{"href":"https:\/\/secureus.se\/fr\/wp-json\/wp\/v2\/product"}],"about":[{"href":"https:\/\/secureus.se\/fr\/wp-json\/wp\/v2\/types\/product"}],"wp:featuredmedia":[{"embeddable":true,"href":"https:\/\/secureus.se\/fr\/wp-json\/wp\/v2\/media\/164182"}],"wp:attachment":[{"href":"https:\/\/secureus.se\/fr\/wp-json\/wp\/v2\/media?parent=164185"}],"wp:term":[{"taxonomy":"product_brand","embeddable":true,"href":"https:\/\/secureus.se\/fr\/wp-json\/wp\/v2\/product_brand?post=164185"},{"taxonomy":"product_cat","embeddable":true,"href":"https:\/\/secureus.se\/fr\/wp-json\/wp\/v2\/product_cat?post=164185"},{"taxonomy":"product_tag","embeddable":true,"href":"https:\/\/secureus.se\/fr\/wp-json\/wp\/v2\/product_tag?post=164185"}],"curies":[{"name":"wp","href":"https:\/\/api.w.org\/{rel}","templated":true}]}}