{"id":164191,"date":"2026-04-07T17:21:40","date_gmt":"2026-04-07T15:21:40","guid":{"rendered":"https:\/\/secureus.se\/?post_type=product&#038;p=164191"},"modified":"2026-04-08T16:08:43","modified_gmt":"2026-04-08T14:08:43","slug":"magicard-pronto100-e9100-rengoringskit-10-kort-1-rengoringspenna","status":"publish","type":"product","link":"https:\/\/secureus.se\/fr\/magicard-pronto100-e9100-rengoringskit-10-kort-1-rengoringspenna\/","title":{"rendered":"Kit de nettoyage Magicard Pronto100 E9100 \u2013 10 cartes + 1 stylo de nettoyage"},"content":{"rendered":"<p>Le kit de nettoyage Magicard E91000 est le kit officiel de nettoyage de la Pronto100 et le seul produit recommand\u00e9 pour cette imprimante. Il contient 10 cartes de nettoyage, \u00e0 utiliser apr\u00e8s chaque changement de ruban. Un stylo de nettoyage est \u00e9galement fourni pour \u00e9liminer la poussi\u00e8re et les r\u00e9sidus \u00e0 l&#039;int\u00e9rieur de l&#039;imprimante, garantissant ainsi une qualit\u00e9 d&#039;impression optimale.<\/p>\n<ul>\n<li>10 cartes de nettoyage et un stylo de nettoyage<\/li>\n<li>Produit Magicard authentique<\/li>\n<li>Kit compatible uniquement avec le Pronto100<\/li>\n<\/ul>\n<p>\n <strong><br \/>\n Poids du produit :<br \/>\n 0,10 kg<br \/>\n <\/strong>\n <\/p>","protected":false},"excerpt":{"rendered":"<p>The Magicard E91000 is the official cleaning kit for the Pronto100 and the only recommended product for this printer. It includes 10 cleaning cards, with one to be used after<\/p>","protected":false},"featured_media":164190,"template":"","meta":{"_acf_changed":false},"product_brand":[],"product_cat":[4807],"product_tag":[],"class_list":{"0":"post-164191","1":"product","2":"type-product","3":"status-publish","4":"has-post-thumbnail","6":"product_cat-rengoringskit","7":"product_shipping_class-postnord-varubrev","8":"pa_brands-magicard","9":"tm-no-options","11":"first","12":"instock","13":"taxable","14":"shipping-taxable","15":"purchasable","16":"product-type-simple"},"acf":[],"_links":{"self":[{"href":"https:\/\/secureus.se\/fr\/wp-json\/wp\/v2\/product\/164191","targetHints":{"allow":["GET"]}}],"collection":[{"href":"https:\/\/secureus.se\/fr\/wp-json\/wp\/v2\/product"}],"about":[{"href":"https:\/\/secureus.se\/fr\/wp-json\/wp\/v2\/types\/product"}],"wp:featuredmedia":[{"embeddable":true,"href":"https:\/\/secureus.se\/fr\/wp-json\/wp\/v2\/media\/164190"}],"wp:attachment":[{"href":"https:\/\/secureus.se\/fr\/wp-json\/wp\/v2\/media?parent=164191"}],"wp:term":[{"taxonomy":"product_brand","embeddable":true,"href":"https:\/\/secureus.se\/fr\/wp-json\/wp\/v2\/product_brand?post=164191"},{"taxonomy":"product_cat","embeddable":true,"href":"https:\/\/secureus.se\/fr\/wp-json\/wp\/v2\/product_cat?post=164191"},{"taxonomy":"product_tag","embeddable":true,"href":"https:\/\/secureus.se\/fr\/wp-json\/wp\/v2\/product_tag?post=164191"}],"curies":[{"name":"wp","href":"https:\/\/api.w.org\/{rel}","templated":true}]}}