{"id":164193,"date":"2026-04-07T17:21:40","date_gmt":"2026-04-07T15:21:40","guid":{"rendered":"https:\/\/secureus.se\/?post_type=product&#038;p=164193"},"modified":"2026-04-23T12:31:16","modified_gmt":"2026-04-23T10:31:16","slug":"sunlight-044260-k3-rengoringsrullar-for-kortskrivare-3-pack","status":"publish","type":"product","link":"https:\/\/secureus.se\/fr\/sunlight-044260-k3-rengoringsrullar-for-kortskrivare-3-pack\/","title":{"rendered":"Rouleaux de nettoyage Sunlight 044260 K3 pour imprimantes de cartes \u2013 Lot de 3"},"content":{"rendered":"<p>Les rouleaux de nettoyage pour imprimantes Sunlight 044260 K3 contribuent \u00e0 am\u00e9liorer les performances de votre imprimante et \u00e0 produire des impressions de haute qualit\u00e9. Utilis\u00e9s r\u00e9guli\u00e8rement, ils permettent \u00e9galement de prolonger la dur\u00e9e de vie des imprimantes de cartes de vos clients.<\/p>\n<ul>\n<li>3 rouleaux de nettoyage adh\u00e9sifs<\/li>\n<li>Compatible avec les imprimantes de cartes Sunlight K3<\/li>\n<li>Code fabricant : 044260<\/li>\n<\/ul>\n<p>\n <strong><br \/>\n Poids du produit :<br \/>\n 0,05 kg<br \/>\n <\/strong>\n <\/p>","protected":false},"excerpt":{"rendered":"<p>The Sunlight 044260 K3 Printer Cleaning Rollers helps to enhance printer performance and produce high-quality print results. With regular use, it can also prolong the life of your customer\u2019s card<\/p>","protected":false},"featured_media":164192,"template":"","meta":{"_acf_changed":false},"product_brand":[],"product_cat":[4807],"product_tag":[],"class_list":{"0":"post-164193","1":"product","2":"type-product","3":"status-publish","4":"has-post-thumbnail","6":"product_cat-rengoringskit","7":"product_shipping_class-postnord-varubrev","8":"pa_brands-fargo","9":"tm-no-options","11":"first","12":"outofstock","13":"taxable","14":"shipping-taxable","15":"purchasable","16":"product-type-simple"},"acf":[],"_links":{"self":[{"href":"https:\/\/secureus.se\/fr\/wp-json\/wp\/v2\/product\/164193","targetHints":{"allow":["GET"]}}],"collection":[{"href":"https:\/\/secureus.se\/fr\/wp-json\/wp\/v2\/product"}],"about":[{"href":"https:\/\/secureus.se\/fr\/wp-json\/wp\/v2\/types\/product"}],"wp:featuredmedia":[{"embeddable":true,"href":"https:\/\/secureus.se\/fr\/wp-json\/wp\/v2\/media\/164192"}],"wp:attachment":[{"href":"https:\/\/secureus.se\/fr\/wp-json\/wp\/v2\/media?parent=164193"}],"wp:term":[{"taxonomy":"product_brand","embeddable":true,"href":"https:\/\/secureus.se\/fr\/wp-json\/wp\/v2\/product_brand?post=164193"},{"taxonomy":"product_cat","embeddable":true,"href":"https:\/\/secureus.se\/fr\/wp-json\/wp\/v2\/product_cat?post=164193"},{"taxonomy":"product_tag","embeddable":true,"href":"https:\/\/secureus.se\/fr\/wp-json\/wp\/v2\/product_tag?post=164193"}],"curies":[{"name":"wp","href":"https:\/\/api.w.org\/{rel}","templated":true}]}}