{"id":164239,"date":"2026-04-08T14:28:19","date_gmt":"2026-04-08T12:28:19","guid":{"rendered":"https:\/\/secureus.se\/magicard-600-duo-id-kortsskrivare-med-magnetremsa-dubbelsidig\/"},"modified":"2026-04-08T17:33:40","modified_gmt":"2026-04-08T15:33:40","slug":"magicard-600-duo-id-kortsskrivare-med-magnetremsa-dubbelsidig","status":"publish","type":"product","link":"https:\/\/secureus.se\/fr\/magicard-600-duo-id-kortsskrivare-med-magnetremsa-dubbelsidig\/","title":{"rendered":"Imprimante de cartes d&#039;identit\u00e9 Magicard 600 DUO avec encodeur \u00e0 bande magn\u00e9tique \u2013 Double face"},"content":{"rendered":"<h3 data-section-id=\"1e2igz0\" data-start=\"777\" data-end=\"858\">Magicard 600 DUO \u2013 Imprimante de cartes d&#039;identit\u00e9 \u00e0 bande magn\u00e9tique pour syst\u00e8mes professionnels<\/h3>\n<p data-start=\"860\" data-end=\"1095\">La Magicard 600 DUO (P-MAG-3652-5022) est une imprimante de cartes d&#039;identit\u00e9 puissante et s\u00e9curis\u00e9e avec encodage de bande magn\u00e9tique int\u00e9gr\u00e9, d\u00e9velopp\u00e9e pour les entreprises et les organisations qui ont besoin de produire des cartes fonctionnelles pour l&#039;identification et l&#039;int\u00e9gration au syst\u00e8me.<\/p>\n<p data-start=\"1097\" data-end=\"1249\">Elle est id\u00e9ale pour les environnements o\u00f9 les cartes sont utilis\u00e9es dans les syst\u00e8mes de contr\u00f4le d&#039;acc\u00e8s, de pointage du temps ou autres solutions o\u00f9 les bandes magn\u00e9tiques restent une norme importante.<\/p>\n<hr data-start=\"1251\" data-end=\"1254\" \/>\n<h3 data-section-id=\"364yw1\" data-start=\"1256\" data-end=\"1318\">Encodage sur bande magn\u00e9tique pour la compatibilit\u00e9 avec les syst\u00e8mes existants<\/h3>\n<p data-start=\"1320\" data-end=\"1417\">Ce mod\u00e8le est \u00e9quip\u00e9 d&#039;un codage magn\u00e9tique HiCo conforme \u00e0 la norme ISO, ce qui vous permet de cr\u00e9er\u00a0:<\/p>\n<ul data-start=\"1419\" data-end=\"1530\">\n<li data-section-id=\"1h53p7w\" data-start=\"1419\" data-end=\"1433\">Carte d&#039;acc\u00e8s<\/li>\n<li data-section-id=\"1hu0lpe\" data-start=\"1434\" data-end=\"1465\">Carte de personnel avec autorisation<\/li>\n<li data-section-id=\"vjf6bz\" data-start=\"1466\" data-end=\"1501\">Fiches du syst\u00e8me de pointage et de pr\u00e9sence<\/li>\n<li data-section-id=\"18ru7kn\" data-start=\"1502\" data-end=\"1530\">Carte de membre avec fonction<\/li>\n<\/ul>\n<p data-start=\"1532\" data-end=\"1602\">Une solution stable pour les entreprises qui utilisent des syst\u00e8mes de cartes \u00e9tablis.<\/p>\n<hr data-start=\"1604\" data-end=\"1607\" \/>\n<h3 data-section-id=\"hbd7md\" data-start=\"1609\" data-end=\"1663\">Impression haute r\u00e9solution et de qualit\u00e9 professionnelle<\/h3>\n<p data-start=\"1665\" data-end=\"1717\">Avec une r\u00e9solution de 600 x 300 ppp, la Magicard 600 offre\u00a0:<\/p>\n<ul data-start=\"1719\" data-end=\"1840\">\n<li data-section-id=\"139tkdq\" data-start=\"1719\" data-end=\"1754\">Texte net m\u00eame en petits caract\u00e8res<\/li>\n<li data-section-id=\"1ynzsk0\" data-start=\"1755\" data-end=\"1791\">Codes-barres et codes QR transparents<\/li>\n<li data-section-id=\"174t485\" data-start=\"1792\" data-end=\"1840\">Reproduction des couleurs de haute qualit\u00e9 pour les logos et les images<\/li>\n<\/ul>\n<p data-start=\"1842\" data-end=\"1899\">Id\u00e9al pour les cartes o\u00f9 le design et la fonctionnalit\u00e9 sont tous deux importants.<\/p>\n<hr data-start=\"1901\" data-end=\"1904\" \/>\n<h3 data-section-id=\"1y69j9m\" data-start=\"1906\" data-end=\"1950\">Impression recto verso pour plus d&#039;informations<\/h3>\n<p data-start=\"1952\" data-end=\"2021\">Gr\u00e2ce \u00e0 l&#039;impression recto verso automatique, vous pouvez utiliser toute la surface de la carte\u00a0:<\/p>\n<ul data-start=\"2023\" data-end=\"2118\">\n<li data-section-id=\"1o8z68t\" data-start=\"2023\" data-end=\"2061\">Recto : photo, nom et identit\u00e9<\/li>\n<li data-section-id=\"1wj62tl\" data-start=\"2062\" data-end=\"2118\">Au verso : r\u00e8gles, codes-barres ou informations suppl\u00e9mentaires<\/li>\n<\/ul>\n<p data-start=\"2120\" data-end=\"2176\">Fournit des cartes plus professionnelles et fonctionnelles au quotidien.<\/p>\n<hr data-start=\"2178\" data-end=\"2181\" \/>\n<h3 data-section-id=\"9wohmo\" data-start=\"2183\" data-end=\"2215\">Production rapide et \u00e0 grand volume<\/h3>\n<p data-start=\"2217\" data-end=\"2262\">La Magicard 600 DUO est con\u00e7ue pour un fonctionnement efficace\u00a0:<\/p>\n<ul data-start=\"2264\" data-end=\"2363\">\n<li data-section-id=\"d0p5ki\" data-start=\"2264\" data-end=\"2299\">Jusqu&#039;\u00e0 190 cartes couleur par heure<\/li>\n<li data-section-id=\"1m3q1f6\" data-start=\"2300\" data-end=\"2333\">Environ 18 \u00e0 20 secondes par carte<\/li>\n<li data-section-id=\"fqw5ly\" data-start=\"2334\" data-end=\"2363\">Fonctionnement stable et fiable<\/li>\n<\/ul>\n<p data-start=\"2365\" data-end=\"2422\">Id\u00e9al pour les entreprises qui produisent r\u00e9guli\u00e8rement des cartes.<\/p>\n<hr data-start=\"2424\" data-end=\"2427\" \/>\n<h3 data-section-id=\"1fdoess\" data-start=\"2429\" data-end=\"2480\">S\u00e9curit\u00e9 avanc\u00e9e \u2013 prot\u00e8ge la carte et les donn\u00e9es<\/h3>\n<p data-start=\"2482\" data-end=\"2530\">La Magicard 600 offre plusieurs fonctionnalit\u00e9s de s\u00e9curit\u00e9\u00a0:<\/p>\n<ul data-start=\"2532\" data-end=\"2700\">\n<li data-section-id=\"1hgdx4n\" data-start=\"2532\" data-end=\"2582\"><strong data-start=\"2534\" data-end=\"2561\">Filigrane HoloKote\u00ae<\/strong> pour la protection visuelle<\/li>\n<li data-section-id=\"sz6ym4\" data-start=\"2583\" data-end=\"2640\"><strong data-start=\"2585\" data-end=\"2606\">Destruction num\u00e9rique<\/strong> qui supprime les donn\u00e9es apr\u00e8s impression<\/li>\n<li data-section-id=\"dqmdn2\" data-start=\"2641\" data-end=\"2700\"><strong data-start=\"2643\" data-end=\"2666\">Analyse comparative des menaces<\/strong> pour une plateforme soumise \u00e0 un examen de s\u00e9curit\u00e9<\/li>\n<\/ul>\n<p data-start=\"2702\" data-end=\"2773\">Cela en fait un choix s\u00fbr, m\u00eame dans des environnements \u00e0 haut niveau de s\u00e9curit\u00e9.<\/p>\n<hr data-start=\"2775\" data-end=\"2778\" \/>\n<h3 data-section-id=\"ad0oan\" data-start=\"2780\" data-end=\"2825\">Int\u00e9gration facile et connectivit\u00e9 flexible<\/h3>\n<ul data-start=\"2827\" data-end=\"2908\">\n<li data-section-id=\"142d0jd\" data-start=\"2827\" data-end=\"2847\">USB et Ethernet<\/li>\n<li data-section-id=\"91a0vs\" data-start=\"2848\" data-end=\"2879\">Wi-Fi via la cl\u00e9 incluse<\/li>\n<li data-section-id=\"12m8nbp\" data-start=\"2880\" data-end=\"2908\">Installation Plug &amp; Play<\/li>\n<\/ul>\n<p data-start=\"2910\" data-end=\"2970\">L&#039;imprimante s&#039;int\u00e8gre facilement aux syst\u00e8mes et r\u00e9seaux existants.<\/p>\n<hr data-start=\"2972\" data-end=\"2975\" \/>\n<h3 data-section-id=\"1bq7pu6\" data-start=\"2977\" data-end=\"3004\">Garantie leader sur le march\u00e9<\/h3>\n<p data-start=\"3006\" data-end=\"3052\">La Magicard 600 est livr\u00e9e avec <strong data-start=\"3033\" data-end=\"3051\">Couverture magique Plus<\/strong>:<\/p>\n<ul data-start=\"3054\" data-end=\"3179\">\n<li data-section-id=\"l98imx\" data-start=\"3054\" data-end=\"3071\">Garantie de 3 ans<\/li>\n<li data-section-id=\"1ro0ct6\" data-start=\"3072\" data-end=\"3110\">T\u00eate d&#039;impression incluse sans frais suppl\u00e9mentaires<\/li>\n<li data-section-id=\"1yujaa5\" data-start=\"3111\" data-end=\"3148\">Imprimante de pr\u00eat\/\u00e9change \u00e0 chaud en cas de besoin<\/li>\n<li data-section-id=\"n39f82\" data-start=\"3149\" data-end=\"3179\">Possibilit\u00e9 d&#039;extension<\/li>\n<\/ul>\n<p data-start=\"3181\" data-end=\"3223\">Garantit un fonctionnement s\u00fbr et minimise les temps d&#039;arr\u00eat.<\/p>\n<hr data-start=\"3225\" data-end=\"3228\" \/>\n<h3 data-section-id=\"12w8785\" data-start=\"3230\" data-end=\"3275\">Sp\u00e9cifications techniques (r\u00e9sum\u00e9)<\/h3>\n<ul data-start=\"3277\" data-end=\"3629\">\n<li data-section-id=\"hmsro\" data-start=\"3277\" data-end=\"3309\">Mod\u00e8le : Magicard 600 DUO Mag<\/li>\n<li data-section-id=\"gdeltv\" data-start=\"3310\" data-end=\"3344\">Num\u00e9ro d&#039;article : P-MAG-3652-5022<\/li>\n<li data-section-id=\"1vn1bje\" data-start=\"3345\" data-end=\"3370\">Impression recto verso<\/li>\n<li data-section-id=\"5e1idc\" data-start=\"3371\" data-end=\"3400\">R\u00e9solution : 600 x 300 ppp<\/li>\n<li data-section-id=\"17nzkcu\" data-start=\"3401\" data-end=\"3439\">Vitesse : jusqu&#039;\u00e0 190 cartes\/heure<\/li>\n<li data-section-id=\"1qqnd8\" data-start=\"3440\" data-end=\"3471\">Encodage : Bande magn\u00e9tique (HiCo)<\/li>\n<li data-section-id=\"6qlhy1\" data-start=\"3472\" data-end=\"3501\">Capacit\u00e9 : 100 entr\u00e9es \/ 70 sorties<\/li>\n<li data-section-id=\"gg7zr9\" data-start=\"3502\" data-end=\"3539\">Format de carte : CR80 \/ CR79 (au choix)<\/li>\n<li data-section-id=\"2472fa\" data-start=\"3540\" data-end=\"3573\">Types de cartes\u00a0: PVC, PET, composite<\/li>\n<li data-section-id=\"16s8c15\" data-start=\"3574\" data-end=\"3609\">Connexion : USB, Ethernet, Wi-Fi<\/li>\n<li data-section-id=\"5s4j7b\" data-start=\"3610\" data-end=\"3629\">Poids : environ 7,0 kg<\/li>\n<\/ul>\n<hr data-start=\"3631\" data-end=\"3634\" \/>\n<h3 data-section-id=\"11hcs70\" data-start=\"3636\" data-end=\"3660\">Important \u00e0 consid\u00e9rer<\/h3>\n<ul data-start=\"3662\" data-end=\"3805\">\n<li data-section-id=\"ddg5am\" data-start=\"3662\" data-end=\"3683\">Ruban non inclus<\/li>\n<li data-section-id=\"1cpnj4x\" data-start=\"3684\" data-end=\"3743\">Il est recommand\u00e9 d&#039;utiliser les consommables Magicard d&#039;origine.<\/li>\n<li data-section-id=\"1rpa64r\" data-start=\"3744\" data-end=\"3805\">Un nettoyage r\u00e9gulier est n\u00e9cessaire pour un fonctionnement optimal et une plus grande long\u00e9vit\u00e9.<\/li>\n<\/ul>\n<hr data-start=\"3807\" data-end=\"3810\" \/>\n<h3 data-section-id=\"ethgyn\" data-start=\"3812\" data-end=\"3827\">Parfait pour<\/h3>\n<ul data-start=\"3829\" data-end=\"3974\">\n<li data-section-id=\"xat3aq\" data-start=\"3829\" data-end=\"3857\">Entreprises dot\u00e9es de syst\u00e8mes de contr\u00f4le d&#039;acc\u00e8s<\/li>\n<li data-section-id=\"1uy6lok\" data-start=\"3858\" data-end=\"3886\">H\u00f4tels et syst\u00e8mes d&#039;adh\u00e9sion<\/li>\n<li data-section-id=\"1n0vz01\" data-start=\"3887\" data-end=\"3919\">Inscription au temps et \u00e0 la pr\u00e9sence<\/li>\n<li data-section-id=\"1tpxwi7\" data-start=\"3920\" data-end=\"3949\">\u00c9coles et organisations<\/li>\n<li data-section-id=\"dm7cc6\" data-start=\"3950\" data-end=\"3974\">Cartes d&#039;identit\u00e9 et cartes du personnel<\/li>\n<\/ul>\n<p data-start=\"4034\" data-end=\"4069\">Voici le mod\u00e8le id\u00e9al pour vous qui :<\/p>\n<ul data-start=\"4070\" data-end=\"4173\">\n<li data-section-id=\"15munqe\" data-start=\"4070\" data-end=\"4096\">besoin <strong data-start=\"4080\" data-end=\"4094\">carte magn\u00e9tique<\/strong><\/li>\n<li data-section-id=\"1jezmt4\" data-start=\"4097\" data-end=\"4134\">vouloir <strong data-start=\"4107\" data-end=\"4132\">haute qualit\u00e9 d&#039;impression<\/strong><\/li>\n<li data-section-id=\"1p4yssu\" data-start=\"4135\" data-end=\"4173\">n\u00e9cessite <strong data-start=\"4144\" data-end=\"4173\">fonctionnement stable et s\u00e9curit\u00e9<\/strong><\/li>\n<\/ul>","protected":false},"excerpt":{"rendered":"<p data-start=\"277\" data-end=\"545\">L&#039;imprimante Magicard 600 DUO avec encodage de bande magn\u00e9tique est une imprimante de cartes d&#039;identit\u00e9 recto verso haute performance, id\u00e9ale pour la production professionnelle de cartes. Avec une r\u00e9solution de 600 dpi, une vitesse d&#039;impression allant jusqu&#039;\u00e0 190 cartes par heure et une s\u00e9curit\u00e9 avanc\u00e9e, elle est parfaitement adapt\u00e9e aux cartes d&#039;acc\u00e8s, aux cartes d&#039;identit\u00e9 et aux cartes de membre \u00e0 fonction magn\u00e9tique.<\/p>\n<ul data-start=\"547\" data-end=\"745\">\n<li data-section-id=\"1uls68x\" data-start=\"547\" data-end=\"580\">Impression recto verso (duplex)<\/li>\n<li data-section-id=\"1y3q4zb\" data-start=\"581\" data-end=\"609\">Encodage sur bande magn\u00e9tique (HiCo)<\/li>\n<li data-section-id=\"13nuq2a\" data-start=\"610\" data-end=\"649\">600 x 300 ppp pour une haute r\u00e9solution<\/li>\n<li data-section-id=\"h41vfp\" data-start=\"650\" data-end=\"681\">Jusqu&#039;\u00e0 190 cartes par heure<\/li>\n<li data-section-id=\"sg0mgt\" data-start=\"682\" data-end=\"718\">Filigrane de s\u00e9curit\u00e9 HoloKote\u00ae<\/li>\n<li data-section-id=\"1mvdtqc\" data-start=\"719\" data-end=\"745\">Wi-Fi, USB et Ethernet<\/li>\n<\/ul>","protected":false},"featured_media":164233,"template":"","meta":{"_acf_changed":false},"product_brand":[],"product_cat":[3208],"product_tag":[],"class_list":{"0":"post-164239","1":"product","2":"type-product","3":"status-publish","4":"has-post-thumbnail","6":"product_cat-magicard","7":"product_shipping_class-tunga-paket","8":"pa_brands-magicard","9":"tm-no-options","11":"first","12":"instock","13":"sale","14":"taxable","15":"shipping-taxable","16":"purchasable","17":"product-type-simple"},"acf":[],"_links":{"self":[{"href":"https:\/\/secureus.se\/fr\/wp-json\/wp\/v2\/product\/164239","targetHints":{"allow":["GET"]}}],"collection":[{"href":"https:\/\/secureus.se\/fr\/wp-json\/wp\/v2\/product"}],"about":[{"href":"https:\/\/secureus.se\/fr\/wp-json\/wp\/v2\/types\/product"}],"wp:featuredmedia":[{"embeddable":true,"href":"https:\/\/secureus.se\/fr\/wp-json\/wp\/v2\/media\/164233"}],"wp:attachment":[{"href":"https:\/\/secureus.se\/fr\/wp-json\/wp\/v2\/media?parent=164239"}],"wp:term":[{"taxonomy":"product_brand","embeddable":true,"href":"https:\/\/secureus.se\/fr\/wp-json\/wp\/v2\/product_brand?post=164239"},{"taxonomy":"product_cat","embeddable":true,"href":"https:\/\/secureus.se\/fr\/wp-json\/wp\/v2\/product_cat?post=164239"},{"taxonomy":"product_tag","embeddable":true,"href":"https:\/\/secureus.se\/fr\/wp-json\/wp\/v2\/product_tag?post=164239"}],"curies":[{"name":"wp","href":"https:\/\/api.w.org\/{rel}","templated":true}]}}