{"id":164246,"date":"2026-04-08T14:28:20","date_gmt":"2026-04-08T12:28:20","guid":{"rendered":"https:\/\/secureus.se\/magicard-600-duo-id-kortsskrivare-med-elatec-smartkortkodning-dubbelsidig\/"},"modified":"2026-04-23T12:29:33","modified_gmt":"2026-04-23T10:29:33","slug":"magicard-600-duo-id-kortsskrivare-med-elatec-smartkortkodning-dubbelsidig","status":"publish","type":"product","link":"https:\/\/secureus.se\/fr\/magicard-600-duo-id-kortsskrivare-med-elatec-smartkortkodning-dubbelsidig\/","title":{"rendered":"Imprimante de cartes d&#039;identit\u00e9 Magicard 600 DUO avec encodage de cartes \u00e0 puce Elatec \u2013 Double face"},"content":{"rendered":"<h3 data-section-id=\"vtzcj9\" data-start=\"806\" data-end=\"868\">Magicard 600 DUO - Imprimante de cartes d&#039;identit\u00e9 avec carte \u00e0 puce (Elatec)<\/h3>\n<p data-start=\"870\" data-end=\"1158\">L&#039;imprimante Magicard 600 DUO, avec encodage de cartes \u00e0 puce Elatec, est une solution performante et \u00e9volutive pour les organisations qui produisent des cartes d&#039;identit\u00e9 int\u00e9grant une puce ou la technologie RFID. Elle est particuli\u00e8rement adapt\u00e9e aux syst\u00e8mes de contr\u00f4le d&#039;acc\u00e8s modernes o\u00f9 les cartes servent \u00e0 la fois \u00e0 l&#039;identification et au contr\u00f4le d&#039;acc\u00e8s.<\/p>\n<p data-start=\"1160\" data-end=\"1329\">Gr\u00e2ce \u00e0 la prise en charge des technologies de cartes \u00e0 puce telles que MIFARE, DESFire et iClass, vous pouvez cr\u00e9er des solutions de cartes avanc\u00e9es qui fonctionnent dans tous les domaines, du contr\u00f4le d&#039;acc\u00e8s aux syst\u00e8mes de paiement et d&#039;adh\u00e9sion.<\/p>\n<hr data-start=\"1331\" data-end=\"1334\" \/>\n<h3 data-section-id=\"yhdfvv\" data-start=\"1336\" data-end=\"1384\">Encodage par carte \u00e0 puce pour les syst\u00e8mes de s\u00e9curit\u00e9 modernes<\/h3>\n<p data-start=\"1386\" data-end=\"1460\">Ce mod\u00e8le est \u00e9quip\u00e9 d&#039;un encodeur Elatec et prend en charge plusieurs technologies\u00a0:<\/p>\n<ul data-start=\"1462\" data-end=\"1533\">\n<li data-section-id=\"o133mk\" data-start=\"1462\" data-end=\"1472\">MIFARE<\/li>\n<li data-section-id=\"1hjdjxe\" data-start=\"1473\" data-end=\"1484\">DESFeu<\/li>\n<li data-section-id=\"1bfu70v\" data-start=\"1485\" data-end=\"1495\">iClass<\/li>\n<li data-section-id=\"3hwhh3\" data-start=\"1496\" data-end=\"1533\">Autres cartes RFID et \u00e0 puce<\/li>\n<\/ul>\n<p data-start=\"1535\" data-end=\"1566\">Cela rend l&#039;imprimante id\u00e9ale pour\u00a0:<\/p>\n<ul data-start=\"1568\" data-end=\"1696\">\n<li data-section-id=\"1hskxmw\" data-start=\"1568\" data-end=\"1603\">Contr\u00f4le d&#039;acc\u00e8s et syst\u00e8mes de contr\u00f4le d&#039;acc\u00e8s<\/li>\n<li data-section-id=\"3kjqaz\" data-start=\"1604\" data-end=\"1637\">Carte d&#039;entreprise avec autorisations<\/li>\n<li data-section-id=\"117akqm\" data-start=\"1638\" data-end=\"1667\">Carte de campus et carte d&#039;\u00e9tudiant<\/li>\n<li data-section-id=\"18ru7kn\" data-start=\"1668\" data-end=\"1696\">Carte de membre avec fonction<\/li>\n<\/ul>\n<p data-start=\"1698\" data-end=\"1773\">Une solution optimale pour les organisations qui souhaitent utiliser des cartes sans contact.<\/p>\n<hr data-start=\"1775\" data-end=\"1778\" \/>\n<h3 data-section-id=\"ivhira\" data-start=\"1780\" data-end=\"1825\">Haute r\u00e9solution et qualit\u00e9 professionnelle<\/h3>\n<p data-start=\"1827\" data-end=\"1889\">L&#039;imprimante Magicard 600 produit des impressions \u00e0 600 x 300 ppp, offrant\u00a0:<\/p>\n<ul data-start=\"1891\" data-end=\"2008\">\n<li data-section-id=\"139tkdq\" data-start=\"1891\" data-end=\"1926\">Texte net m\u00eame en petits caract\u00e8res<\/li>\n<li data-section-id=\"1ogffzk\" data-start=\"1927\" data-end=\"1963\">Codes QR et codes-barres clairs<\/li>\n<li data-section-id=\"1j0drns\" data-start=\"1964\" data-end=\"2008\">Niveau de d\u00e9tail \u00e9lev\u00e9 dans les images et les logos<\/li>\n<\/ul>\n<p data-start=\"2010\" data-end=\"2072\">Id\u00e9al pour les cartes d&#039;identit\u00e9 o\u00f9 le design et la fonction sont tous deux essentiels.<\/p>\n<hr data-start=\"2074\" data-end=\"2077\" \/>\n<h3 data-section-id=\"1y69j9m\" data-start=\"2079\" data-end=\"2123\">Impression recto verso pour plus d&#039;informations<\/h3>\n<p data-start=\"2125\" data-end=\"2189\">Gr\u00e2ce \u00e0 l&#039;impression recto verso automatique, vous pouvez maximiser la surface de la carte\u00a0:<\/p>\n<ul data-start=\"2191\" data-end=\"2282\">\n<li data-section-id=\"1o8z68t\" data-start=\"2191\" data-end=\"2229\">Recto : photo, nom et identit\u00e9<\/li>\n<li data-section-id=\"1fe1qeg\" data-start=\"2230\" data-end=\"2282\">Retour : r\u00e8gles, codage ou informations suppl\u00e9mentaires<\/li>\n<\/ul>\n<p data-start=\"2284\" data-end=\"2329\">Fournit des cartes plus professionnelles et fonctionnelles.<\/p>\n<hr data-start=\"2331\" data-end=\"2334\" \/>\n<h3 data-section-id=\"9wohmo\" data-start=\"2336\" data-end=\"2368\">Production rapide et \u00e0 grand volume<\/h3>\n<p data-start=\"2370\" data-end=\"2415\">La Magicard 600 DUO est con\u00e7ue pour un fonctionnement efficace\u00a0:<\/p>\n<ul data-start=\"2417\" data-end=\"2521\">\n<li data-section-id=\"d0p5ki\" data-start=\"2417\" data-end=\"2452\">Jusqu&#039;\u00e0 190 cartes couleur par heure<\/li>\n<li data-section-id=\"1m3q1f6\" data-start=\"2453\" data-end=\"2486\">Environ 18 \u00e0 20 secondes par carte<\/li>\n<li data-section-id=\"1do7c5c\" data-start=\"2487\" data-end=\"2521\">Production stable et fiable<\/li>\n<\/ul>\n<p data-start=\"2523\" data-end=\"2582\">Id\u00e9al pour les organisations produisant des cartes en continu.<\/p>\n<hr data-start=\"2584\" data-end=\"2587\" \/>\n<h3 data-section-id=\"1fdoess\" data-start=\"2589\" data-end=\"2640\">S\u00e9curit\u00e9 avanc\u00e9e \u2013 prot\u00e8ge la carte et les donn\u00e9es<\/h3>\n<p data-start=\"2642\" data-end=\"2698\">La Magicard 600 est l&#039;une des imprimantes les plus s\u00e9curis\u00e9es de sa cat\u00e9gorie\u00a0:<\/p>\n<ul data-start=\"2700\" data-end=\"2868\">\n<li data-section-id=\"1hgdx4n\" data-start=\"2700\" data-end=\"2750\"><strong data-start=\"2702\" data-end=\"2729\">Filigrane HoloKote\u00ae<\/strong> pour la protection visuelle<\/li>\n<li data-section-id=\"sz6ym4\" data-start=\"2751\" data-end=\"2808\"><strong data-start=\"2753\" data-end=\"2774\">Destruction num\u00e9rique<\/strong> qui supprime les donn\u00e9es apr\u00e8s impression<\/li>\n<li data-section-id=\"dqmdn2\" data-start=\"2809\" data-end=\"2868\"><strong data-start=\"2811\" data-end=\"2834\">Analyse comparative des menaces<\/strong> pour une plateforme soumise \u00e0 un examen de s\u00e9curit\u00e9<\/li>\n<\/ul>\n<p data-start=\"2870\" data-end=\"2928\">Assure le traitement s\u00e9curis\u00e9 des donn\u00e9es personnelles et la production de cartes.<\/p>\n<hr data-start=\"2930\" data-end=\"2933\" \/>\n<h3 data-section-id=\"ad0oan\" data-start=\"2935\" data-end=\"2980\">Int\u00e9gration facile et connectivit\u00e9 flexible<\/h3>\n<ul data-start=\"2982\" data-end=\"3063\">\n<li data-section-id=\"142d0jd\" data-start=\"2982\" data-end=\"3002\">USB et Ethernet<\/li>\n<li data-section-id=\"91a0vs\" data-start=\"3003\" data-end=\"3034\">Wi-Fi via la cl\u00e9 incluse<\/li>\n<li data-section-id=\"12m8nbp\" data-start=\"3035\" data-end=\"3063\">Installation Plug &amp; Play<\/li>\n<\/ul>\n<p data-start=\"3065\" data-end=\"3118\">Facile \u00e0 installer et \u00e0 utiliser dans les syst\u00e8mes existants.<\/p>\n<hr data-start=\"3120\" data-end=\"3123\" \/>\n<h3 data-section-id=\"1bq7pu6\" data-start=\"3125\" data-end=\"3152\">Garantie leader sur le march\u00e9<\/h3>\n<p data-start=\"3154\" data-end=\"3200\">La Magicard 600 est livr\u00e9e avec <strong data-start=\"3181\" data-end=\"3199\">Couverture magique Plus<\/strong>:<\/p>\n<ul data-start=\"3202\" data-end=\"3298\">\n<li data-section-id=\"l98imx\" data-start=\"3202\" data-end=\"3219\">Garantie de 3 ans<\/li>\n<li data-section-id=\"1u05asm\" data-start=\"3220\" data-end=\"3239\">T\u00eate d&#039;impression incluse<\/li>\n<li data-section-id=\"1q8zhc\" data-start=\"3240\" data-end=\"3267\">r\u00e9dacteur de pr\u00eats\/\u00e9changes \u00e0 chaud<\/li>\n<li data-section-id=\"n39f82\" data-start=\"3268\" data-end=\"3298\">Possibilit\u00e9 d&#039;extension<\/li>\n<\/ul>\n<p data-start=\"3300\" data-end=\"3338\">Assure un fonctionnement s\u00fbr et minimise les interruptions.<\/p>\n<hr data-start=\"3340\" data-end=\"3343\" \/>\n<h3 data-section-id=\"12w8785\" data-start=\"3345\" data-end=\"3390\">Sp\u00e9cifications techniques (r\u00e9sum\u00e9)<\/h3>\n<ul data-start=\"3392\" data-end=\"3711\">\n<li data-section-id=\"3ocq9i\" data-start=\"3392\" data-end=\"3426\">Mod\u00e8le : Magicard 600 DUO Smart<\/li>\n<li data-section-id=\"1vn1bje\" data-start=\"3427\" data-end=\"3452\">Impression recto verso<\/li>\n<li data-section-id=\"5e1idc\" data-start=\"3453\" data-end=\"3482\">R\u00e9solution : 600 x 300 ppp<\/li>\n<li data-section-id=\"17nzkcu\" data-start=\"3483\" data-end=\"3521\">Vitesse : jusqu&#039;\u00e0 190 cartes\/heure<\/li>\n<li data-section-id=\"zw1en0\" data-start=\"3522\" data-end=\"3553\">Encodage : Carte \u00e0 puce (Elatec)<\/li>\n<li data-section-id=\"gg7zr9\" data-start=\"3554\" data-end=\"3591\">Format de carte : CR80 \/ CR79 (au choix)<\/li>\n<li data-section-id=\"2472fa\" data-start=\"3592\" data-end=\"3625\">Types de cartes\u00a0: PVC, PET, composite<\/li>\n<li data-section-id=\"6qlhy1\" data-start=\"3626\" data-end=\"3655\">Capacit\u00e9 : 100 entr\u00e9es \/ 70 sorties<\/li>\n<li data-section-id=\"16s8c15\" data-start=\"3656\" data-end=\"3691\">Connexion : USB, Ethernet, Wi-Fi<\/li>\n<li data-section-id=\"5s4j7b\" data-start=\"3692\" data-end=\"3711\">Poids : environ 7,0 kg<\/li>\n<\/ul>\n<hr data-start=\"3713\" data-end=\"3716\" \/>\n<h3 data-section-id=\"11hcs70\" data-start=\"3718\" data-end=\"3742\">Important \u00e0 consid\u00e9rer<\/h3>\n<ul data-start=\"3744\" data-end=\"3863\">\n<li data-section-id=\"ddg5am\" data-start=\"3744\" data-end=\"3765\">Ruban non inclus<\/li>\n<li data-section-id=\"ul3fqp\" data-start=\"3766\" data-end=\"3813\">Consommables Magicard d&#039;origine recommand\u00e9s<\/li>\n<li data-section-id=\"1wlkmq0\" data-start=\"3814\" data-end=\"3863\">Un nettoyage r\u00e9gulier est n\u00e9cessaire pour un fonctionnement optimal.<\/li>\n<\/ul>\n<hr data-start=\"3865\" data-end=\"3868\" \/>\n<h3 data-section-id=\"ethgyn\" data-start=\"3870\" data-end=\"3885\">Parfait pour<\/h3>\n<ul data-start=\"3887\" data-end=\"4049\">\n<li data-section-id=\"jrnl2k\" data-start=\"3887\" data-end=\"3923\">Entreprises dot\u00e9es de syst\u00e8mes de contr\u00f4le d&#039;acc\u00e8s modernes<\/li>\n<li data-section-id=\"ei9hza\" data-start=\"3924\" data-end=\"3950\">\u00c9coles et universit\u00e9s<\/li>\n<li data-section-id=\"ybzfw\" data-start=\"3951\" data-end=\"3980\">Environnements classifi\u00e9s de s\u00e9curit\u00e9<\/li>\n<li data-section-id=\"nm32nw\" data-start=\"3981\" data-end=\"4008\">Cartes de membre et d&#039;acc\u00e8s<\/li>\n<li data-section-id=\"55y88r\" data-start=\"4009\" data-end=\"4049\">Solutions RFID et cartes \u00e0 puce<\/li>\n<\/ul>\n<p data-start=\"4084\" data-end=\"4117\">Ce mod\u00e8le est le bon choix si vous\u00a0:<\/p>\n<ul data-start=\"4118\" data-end=\"4259\">\n<li data-section-id=\"15hkcbh\" data-start=\"4118\" data-end=\"4150\">besoin <strong data-start=\"4128\" data-end=\"4148\">carte \u00e0 puce \/ RFID<\/strong><\/li>\n<li data-section-id=\"1ultewf\" data-start=\"4151\" data-end=\"4205\">vouloir <strong data-start=\"4161\" data-end=\"4203\">solution de haute s\u00e9curit\u00e9 et \u00e9volutive<\/strong><\/li>\n<li data-section-id=\"1m60g6n\" data-start=\"4206\" data-end=\"4259\">n\u00e9cessite <strong data-start=\"4215\" data-end=\"4259\">qualit\u00e9 professionnelle et haute vitesse<\/strong><\/li>\n<\/ul>","protected":false},"excerpt":{"rendered":"<p data-start=\"279\" data-end=\"557\">L&#039;imprimante Magicard 600 DUO, dot\u00e9e de l&#039;encodage de cartes \u00e0 puce Elatec, est une imprimante de cartes d&#039;identit\u00e9 recto verso de pointe, con\u00e7ue pour une production de cartes s\u00e9curis\u00e9e et professionnelle. Avec une r\u00e9solution de 600 dpi, une vitesse d&#039;impression allant jusqu&#039;\u00e0 190 cartes par heure et la compatibilit\u00e9 avec les cartes RFID et \u00e0 puce, elle est id\u00e9ale pour les syst\u00e8mes de contr\u00f4le d&#039;acc\u00e8s et les solutions de s\u00e9curit\u00e9 modernes.<\/p>\n<ul data-start=\"559\" data-end=\"774\">\n<li data-section-id=\"1uls68x\" data-start=\"559\" data-end=\"592\">Impression recto verso (duplex)<\/li>\n<li data-section-id=\"1qzgasc\" data-start=\"593\" data-end=\"638\">Codage de cartes \u00e0 puce via Elatec (RFID \/ puce)<\/li>\n<li data-section-id=\"13nuq2a\" data-start=\"639\" data-end=\"678\">600 x 300 ppp pour une haute r\u00e9solution<\/li>\n<li data-section-id=\"h41vfp\" data-start=\"679\" data-end=\"710\">Jusqu&#039;\u00e0 190 cartes par heure<\/li>\n<li data-section-id=\"sg0mgt\" data-start=\"711\" data-end=\"747\">Filigrane de s\u00e9curit\u00e9 HoloKote\u00ae<\/li>\n<li data-section-id=\"1mvdtqc\" data-start=\"748\" data-end=\"774\">Wi-Fi, USB et Ethernet<\/li>\n<\/ul>","protected":false},"featured_media":164240,"template":"","meta":{"_acf_changed":false},"product_brand":[],"product_cat":[3208],"product_tag":[],"class_list":{"0":"post-164246","1":"product","2":"type-product","3":"status-publish","4":"has-post-thumbnail","6":"product_cat-magicard","7":"product_shipping_class-tunga-paket","8":"pa_brands-magicard","9":"tm-no-options","11":"first","12":"instock","13":"sale","14":"taxable","15":"shipping-taxable","16":"purchasable","17":"product-type-simple"},"acf":[],"_links":{"self":[{"href":"https:\/\/secureus.se\/fr\/wp-json\/wp\/v2\/product\/164246","targetHints":{"allow":["GET"]}}],"collection":[{"href":"https:\/\/secureus.se\/fr\/wp-json\/wp\/v2\/product"}],"about":[{"href":"https:\/\/secureus.se\/fr\/wp-json\/wp\/v2\/types\/product"}],"wp:featuredmedia":[{"embeddable":true,"href":"https:\/\/secureus.se\/fr\/wp-json\/wp\/v2\/media\/164240"}],"wp:attachment":[{"href":"https:\/\/secureus.se\/fr\/wp-json\/wp\/v2\/media?parent=164246"}],"wp:term":[{"taxonomy":"product_brand","embeddable":true,"href":"https:\/\/secureus.se\/fr\/wp-json\/wp\/v2\/product_brand?post=164246"},{"taxonomy":"product_cat","embeddable":true,"href":"https:\/\/secureus.se\/fr\/wp-json\/wp\/v2\/product_cat?post=164246"},{"taxonomy":"product_tag","embeddable":true,"href":"https:\/\/secureus.se\/fr\/wp-json\/wp\/v2\/product_tag?post=164246"}],"curies":[{"name":"wp","href":"https:\/\/api.w.org\/{rel}","templated":true}]}}