{"id":164262,"date":"2026-04-08T16:17:10","date_gmt":"2026-04-08T14:17:10","guid":{"rendered":"https:\/\/secureus.se\/magicard-300-duo-id-kortsskrivare-med-kodare-for-magnetremsa-dubbelsidig\/"},"modified":"2026-04-23T12:29:01","modified_gmt":"2026-04-23T10:29:01","slug":"magicard-300-duo-id-kortsskrivare-med-kodare-for-magnetremsa-dubbelsidig","status":"publish","type":"product","link":"https:\/\/secureus.se\/fr\/magicard-300-duo-id-kortsskrivare-med-kodare-for-magnetremsa-dubbelsidig\/","title":{"rendered":"Imprimante de cartes d&#039;identit\u00e9 Magicard 300 DUO avec encodeur de bande magn\u00e9tique \u2013 Double face"},"content":{"rendered":"<h3 data-section-id=\"1p6qzav\" data-start=\"749\" data-end=\"826\">Magicard 300 DUO \u2013 Imprimante de cartes d&#039;identit\u00e9 \u00e0 bande magn\u00e9tique pour une utilisation quotidienne<\/h3>\n<p data-start=\"828\" data-end=\"1087\">L&#039;imprimante Magicard 300 DUO (P-MAG-3300-0022) est une solution flexible et \u00e9conomique pour l&#039;impression de cartes d&#039;identit\u00e9. Elle int\u00e8gre un encodage de bande magn\u00e9tique et est con\u00e7ue pour les entreprises, les \u00e9tablissements scolaires et les organisations qui ont besoin de produire des cartes fonctionnelles pour l&#039;identification et l&#039;utilisation de leurs syst\u00e8mes.<\/p>\n<p data-start=\"1089\" data-end=\"1275\">Il est id\u00e9al pour les environnements o\u00f9 les cartes sont utilis\u00e9es dans les syst\u00e8mes de contr\u00f4le d&#039;acc\u00e8s, les registres d&#039;adh\u00e9sion ou les syst\u00e8mes de gestion du temps et des pr\u00e9sences, et o\u00f9 la stabilit\u00e9 de fonctionnement et la facilit\u00e9 d&#039;utilisation sont plus importantes que les fonctionnalit\u00e9s d&#039;entreprise avanc\u00e9es.<\/p>\n<hr data-start=\"1277\" data-end=\"1280\" \/>\n<h3 data-section-id=\"1wm78rs\" data-start=\"1282\" data-end=\"1327\">Encodage sur bande magn\u00e9tique pour une large compatibilit\u00e9<\/h3>\n<p data-start=\"1329\" data-end=\"1438\">L&#039;imprimante est \u00e9quip\u00e9e d&#039;un codage magn\u00e9tique conforme aux normes ISO (HiCo et LoCo), ce qui vous permet de produire\u00a0:<\/p>\n<ul data-start=\"1440\" data-end=\"1538\">\n<li data-section-id=\"1h53p7w\" data-start=\"1440\" data-end=\"1454\">Carte d&#039;acc\u00e8s<\/li>\n<li data-section-id=\"1hu0lpe\" data-start=\"1455\" data-end=\"1486\">Carte de personnel avec autorisation<\/li>\n<li data-section-id=\"15h7qs1\" data-start=\"1487\" data-end=\"1502\">Carte de membre<\/li>\n<li data-section-id=\"vjf6bz\" data-start=\"1503\" data-end=\"1538\">Fiches du syst\u00e8me de pointage et de pr\u00e9sence<\/li>\n<\/ul>\n<p data-start=\"1540\" data-end=\"1611\">Une solution simple et \u00e9prouv\u00e9e, compatible avec de nombreux syst\u00e8mes existants.<\/p>\n<hr data-start=\"1613\" data-end=\"1616\" \/>\n<h3 data-section-id=\"vxhmmy\" data-start=\"1618\" data-end=\"1653\">Qualit\u00e9 d&#039;impression professionnelle<\/h3>\n<p data-start=\"1655\" data-end=\"1717\">La Magicard 300 produit des impressions \u00e0 300 x 300 ppp, offrant\u00a0:<\/p>\n<ul data-start=\"1719\" data-end=\"1787\">\n<li data-section-id=\"phpm8s\" data-start=\"1719\" data-end=\"1742\">Photos nettes<\/li>\n<li data-section-id=\"w9cw7n\" data-start=\"1743\" data-end=\"1763\">Logos Sharp<\/li>\n<li data-section-id=\"1u9ihby\" data-start=\"1764\" data-end=\"1787\">Bonne reproduction des couleurs<\/li>\n<\/ul>\n<p data-start=\"1789\" data-end=\"1932\">Id\u00e9al pour les organisations qui souhaitent des cartes \u00e9l\u00e9gantes et professionnelles sans pour autant opter pour le segment haut de gamme.<\/p>\n<hr data-start=\"1934\" data-end=\"1937\" \/>\n<h3 data-section-id=\"jeuuy4\" data-start=\"1939\" data-end=\"1980\">Impression recto verso pour plus de fonctionnalit\u00e9s<\/h3>\n<p data-start=\"1982\" data-end=\"2039\">L&#039;impression recto verso vous permet d&#039;utiliser les deux faces de la carte\u00a0:<\/p>\n<ul data-start=\"2041\" data-end=\"2122\">\n<li data-section-id=\"hm56il\" data-start=\"2041\" data-end=\"2073\">Recto : photo et identit\u00e9<\/li>\n<li data-section-id=\"uidnes\" data-start=\"2074\" data-end=\"2122\">Verso\u00a0: code-barres, r\u00e8gles ou informations<\/li>\n<\/ul>\n<p data-start=\"2124\" data-end=\"2165\">Fournit des cartes plus fonctionnelles et utiles.<\/p>\n<hr data-start=\"2167\" data-end=\"2170\" \/>\n<h3 data-section-id=\"1hx0kiy\" data-start=\"2172\" data-end=\"2210\">Production de cartes efficace et stable<\/h3>\n<p data-start=\"2212\" data-end=\"2256\">La Magicard 300 est con\u00e7ue pour un usage quotidien\u00a0:<\/p>\n<ul data-start=\"2258\" data-end=\"2363\">\n<li data-section-id=\"78jwjh\" data-start=\"2258\" data-end=\"2293\">Jusqu&#039;\u00e0 160 cartes de couleur par heure<\/li>\n<li data-section-id=\"1t4kpyp\" data-start=\"2294\" data-end=\"2335\">Jusqu&#039;\u00e0 720 cartes monochromes par heure<\/li>\n<li data-section-id=\"td1inv\" data-start=\"2336\" data-end=\"2363\">Environ 23 secondes par carte<\/li>\n<\/ul>\n<p data-start=\"2365\" data-end=\"2456\">Id\u00e9al pour les entreprises qui produisent en petites s\u00e9ries.<\/p>\n<hr data-start=\"2458\" data-end=\"2461\" \/>\n<h3 data-section-id=\"6vgjf0\" data-start=\"2463\" data-end=\"2483\">S\u00e9curit\u00e9 int\u00e9gr\u00e9e<\/h3>\n<ul data-start=\"2485\" data-end=\"2643\">\n<li data-section-id=\"m6s4sw\" data-start=\"2485\" data-end=\"2543\"><strong data-start=\"2487\" data-end=\"2514\">Filigrane HoloKote\u00ae<\/strong> prot\u00e8ge les cartes contre la copie<\/li>\n<li data-section-id=\"l5p6j2\" data-start=\"2544\" data-end=\"2581\">Possibilit\u00e9 d&#039;utiliser votre propre design<\/li>\n<li data-section-id=\"1oe6gbh\" data-start=\"2582\" data-end=\"2643\"><strong data-start=\"2584\" data-end=\"2605\">Destruction num\u00e9rique<\/strong> efface les donn\u00e9es sensibles apr\u00e8s impression<\/li>\n<\/ul>\n<p data-start=\"2645\" data-end=\"2724\">Offre une protection suppl\u00e9mentaire sans frais suppl\u00e9mentaires.<\/p>\n<hr data-start=\"2726\" data-end=\"2729\" \/>\n<h3 data-section-id=\"l8c361\" data-start=\"2731\" data-end=\"2769\">Installation et int\u00e9gration faciles<\/h3>\n<ul data-start=\"2771\" data-end=\"2855\">\n<li data-section-id=\"142d0jd\" data-start=\"2771\" data-end=\"2791\">USB et Ethernet<\/li>\n<li data-section-id=\"14vqazo\" data-start=\"2792\" data-end=\"2807\">Plug &amp; play<\/li>\n<li data-section-id=\"vh9oew\" data-start=\"2808\" data-end=\"2855\">Facile \u00e0 utiliser sans connaissances informatiques avanc\u00e9es<\/li>\n<\/ul>\n<p data-start=\"2857\" data-end=\"2912\">Id\u00e9al pour les organisations qui souhaitent d\u00e9marrer rapidement.<\/p>\n<hr data-start=\"2914\" data-end=\"2917\" \/>\n<h3 data-section-id=\"c4vq3j\" data-start=\"2919\" data-end=\"2954\">Fiable et \u00e9conomique<\/h3>\n<p data-start=\"2956\" data-end=\"3003\">La Magicard 300 est con\u00e7ue pour une utilisation \u00e0 long terme\u00a0:<\/p>\n<ul data-start=\"3005\" data-end=\"3081\">\n<li data-section-id=\"bk74no\" data-start=\"3005\" data-end=\"3028\">Construction stable<\/li>\n<li data-section-id=\"1ffk2yp\" data-start=\"3029\" data-end=\"3060\">Gestion efficace des rubans<\/li>\n<li data-section-id=\"1j0twub\" data-start=\"3061\" data-end=\"3081\">Faibles co\u00fbts d&#039;exploitation<\/li>\n<\/ul>\n<p data-start=\"3083\" data-end=\"3182\">L&#039;imprimante optimise \u00e9galement le ruban encreur afin de r\u00e9duire le gaspillage.<\/p>\n<hr data-start=\"3184\" data-end=\"3187\" \/>\n<h3 data-section-id=\"iwf276\" data-start=\"3189\" data-end=\"3213\">Garantie et s\u00e9curit\u00e9<\/h3>\n<ul data-start=\"3215\" data-end=\"3296\">\n<li data-section-id=\"l98imx\" data-start=\"3215\" data-end=\"3232\">Garantie de 3 ans<\/li>\n<li data-section-id=\"1dh68nb\" data-start=\"3233\" data-end=\"3265\">Acc\u00e8s au soutien mondial<\/li>\n<li data-section-id=\"n39f82\" data-start=\"3266\" data-end=\"3296\">Possibilit\u00e9 d&#039;extension<\/li>\n<\/ul>\n<p data-start=\"3298\" data-end=\"3403\">S&#039;applique en cas d&#039;utilisation de consommables d&#039;origine et d&#039;entretien appropri\u00e9.<\/p>\n<hr data-start=\"3405\" data-end=\"3408\" \/>\n<h3 data-section-id=\"12w8785\" data-start=\"3410\" data-end=\"3455\">Sp\u00e9cifications techniques (r\u00e9sum\u00e9)<\/h3>\n<ul data-start=\"3457\" data-end=\"3764\">\n<li data-section-id=\"1czvx41\" data-start=\"3457\" data-end=\"3489\">Mod\u00e8le : Magicard 300 DUO Mag<\/li>\n<li data-section-id=\"1qqs0g4\" data-start=\"3490\" data-end=\"3524\">Num\u00e9ro d&#039;article : P-MAG-3300-0022<\/li>\n<li data-section-id=\"1vn1bje\" data-start=\"3525\" data-end=\"3550\">Impression recto verso<\/li>\n<li data-section-id=\"1nsuhxh\" data-start=\"3551\" data-end=\"3580\">R\u00e9solution : 300 x 300 ppp<\/li>\n<li data-section-id=\"1c6m1mp\" data-start=\"3581\" data-end=\"3619\">Vitesse : jusqu&#039;\u00e0 160 cartes\/heure<\/li>\n<li data-section-id=\"1brngb0\" data-start=\"3620\" data-end=\"3658\">Codage : Bande magn\u00e9tique (HiCo \/ LoCo)<\/li>\n<li data-section-id=\"6qlhy1\" data-start=\"3659\" data-end=\"3688\">Capacit\u00e9 : 100 entr\u00e9es \/ 70 sorties<\/li>\n<li data-section-id=\"1fr1ygq\" data-start=\"3689\" data-end=\"3716\">Format de carte : CR80 \/ CR79<\/li>\n<li data-section-id=\"794tec\" data-start=\"3717\" data-end=\"3746\">Connexion : USB, Ethernet<\/li>\n<li data-section-id=\"qnevs9\" data-start=\"3747\" data-end=\"3764\">Poids : environ 5 kg<\/li>\n<\/ul>\n<hr data-start=\"3766\" data-end=\"3769\" \/>\n<h3 data-section-id=\"11hcs70\" data-start=\"3771\" data-end=\"3795\">Important \u00e0 consid\u00e9rer<\/h3>\n<ul data-start=\"3797\" data-end=\"3910\">\n<li data-section-id=\"ddg5am\" data-start=\"3797\" data-end=\"3818\">Ruban non inclus<\/li>\n<li data-section-id=\"1cpnj4x\" data-start=\"3819\" data-end=\"3878\">Il est recommand\u00e9 d&#039;utiliser les consommables Magicard d&#039;origine.<\/li>\n<li data-section-id=\"1wxbumd\" data-start=\"3879\" data-end=\"3910\">Nettoyage r\u00e9gulier requis<\/li>\n<\/ul>\n<hr data-start=\"3912\" data-end=\"3915\" \/>\n<h3 data-section-id=\"ethgyn\" data-start=\"3917\" data-end=\"3932\">Parfait pour<\/h3>\n<ul data-start=\"3934\" data-end=\"4078\">\n<li data-section-id=\"xat3aq\" data-start=\"3934\" data-end=\"3962\">Entreprises dot\u00e9es de syst\u00e8mes de contr\u00f4le d&#039;acc\u00e8s<\/li>\n<li data-section-id=\"15fzodf\" data-start=\"3963\" data-end=\"3991\">Cartes de membre et cartes de client<\/li>\n<li data-section-id=\"6jwi6n\" data-start=\"3992\" data-end=\"4018\">Syst\u00e8me de gestion du temps et des pr\u00e9sences<\/li>\n<li data-section-id=\"1tpxwi7\" data-start=\"4019\" data-end=\"4048\">\u00c9coles et organisations<\/li>\n<li data-section-id=\"ox6rg2\" data-start=\"4049\" data-end=\"4078\">Production quotidienne de cartes d&#039;identit\u00e9<\/li>\n<\/ul>\n<hr data-start=\"4080\" data-end=\"4083\" \/>\n<h2 data-section-id=\"1nhgcqf\" data-start=\"4085\" data-end=\"4111\"><span role=\"text\"><strong data-start=\"4088\" data-end=\"4111\">Positionnement rapide<\/strong><\/span><\/h2>\n<p data-start=\"4113\" data-end=\"4148\">Voici le mod\u00e8le id\u00e9al pour vous qui :<\/p>\n<ul data-start=\"4149\" data-end=\"4269\">\n<li data-section-id=\"15munqe\" data-start=\"4149\" data-end=\"4175\">besoin <strong data-start=\"4159\" data-end=\"4173\">carte magn\u00e9tique<\/strong><\/li>\n<li data-section-id=\"143dn4f\" data-start=\"4176\" data-end=\"4223\">J&#039;en veux un <strong data-start=\"4189\" data-end=\"4221\">Imprimante abordable et stable<\/strong><\/li>\n<li data-section-id=\"1tsstp7\" data-start=\"4224\" data-end=\"4269\">je recherche un <strong data-start=\"4235\" data-end=\"4269\">solution simple pour les op\u00e9rations quotidiennes<\/strong><\/li>\n<\/ul>","protected":false},"excerpt":{"rendered":"<p data-start=\"323\" data-end=\"518\">L&#039;imprimante Magicard 300 DUO, avec encodage de bande magn\u00e9tique, est une solution fiable et conviviale pour les cartes d&#039;identification des entreprises et des organisations. Elle est id\u00e9ale pour les cartes d&#039;acc\u00e8s et les cartes de membre \u00e0 fonction magn\u00e9tique utilis\u00e9es au quotidien.<\/p>\n<ul data-start=\"520\" data-end=\"717\">\n<li data-section-id=\"1uls68x\" data-start=\"520\" data-end=\"553\">Impression recto verso (duplex)<\/li>\n<li data-section-id=\"as5o0n\" data-start=\"554\" data-end=\"589\">Codage sur bande magn\u00e9tique (HiCo \/ LoCo)<\/li>\n<li data-section-id=\"192foqf\" data-start=\"590\" data-end=\"623\">300 x 300 ppp pour cartes nettes<\/li>\n<li data-section-id=\"78jwjh\" data-start=\"624\" data-end=\"659\">Jusqu&#039;\u00e0 160 cartes de couleur par heure<\/li>\n<li data-section-id=\"sg0mgt\" data-start=\"660\" data-end=\"696\">Filigrane de s\u00e9curit\u00e9 HoloKote\u00ae<\/li>\n<li data-section-id=\"142d0jd\" data-start=\"697\" data-end=\"717\">USB et Ethernet<\/li>\n<\/ul>","protected":false},"featured_media":164256,"template":"","meta":{"_acf_changed":false},"product_brand":[],"product_cat":[3208],"product_tag":[],"class_list":{"0":"post-164262","1":"product","2":"type-product","3":"status-publish","4":"has-post-thumbnail","6":"product_cat-magicard","7":"pa_brands-magicard","8":"tm-no-options","10":"first","11":"instock","12":"sale","13":"taxable","14":"shipping-taxable","15":"purchasable","16":"product-type-simple"},"acf":[],"_links":{"self":[{"href":"https:\/\/secureus.se\/fr\/wp-json\/wp\/v2\/product\/164262","targetHints":{"allow":["GET"]}}],"collection":[{"href":"https:\/\/secureus.se\/fr\/wp-json\/wp\/v2\/product"}],"about":[{"href":"https:\/\/secureus.se\/fr\/wp-json\/wp\/v2\/types\/product"}],"wp:featuredmedia":[{"embeddable":true,"href":"https:\/\/secureus.se\/fr\/wp-json\/wp\/v2\/media\/164256"}],"wp:attachment":[{"href":"https:\/\/secureus.se\/fr\/wp-json\/wp\/v2\/media?parent=164262"}],"wp:term":[{"taxonomy":"product_brand","embeddable":true,"href":"https:\/\/secureus.se\/fr\/wp-json\/wp\/v2\/product_brand?post=164262"},{"taxonomy":"product_cat","embeddable":true,"href":"https:\/\/secureus.se\/fr\/wp-json\/wp\/v2\/product_cat?post=164262"},{"taxonomy":"product_tag","embeddable":true,"href":"https:\/\/secureus.se\/fr\/wp-json\/wp\/v2\/product_tag?post=164262"}],"curies":[{"name":"wp","href":"https:\/\/api.w.org\/{rel}","templated":true}]}}